{"id":4395,"date":"2012-04-14T12:38:28","date_gmt":"2012-04-14T11:38:28","guid":{"rendered":"https:\/\/lubosluka.com\/tschechischer-komponist-geboren-am-13-september-1928-in-opocno-ostboehmen-nach-dem-besuch-des-realgymnasiums-in-rychnov-nad-kneznou-sechs-jahre-lang-arbeitete-er-in-der-druckerei-seines-vaters-in\/"},"modified":"2024-01-06T11:38:30","modified_gmt":"2024-01-06T10:38:30","slug":"lebenslauf","status":"publish","type":"page","link":"https:\/\/lubosluka.com\/de\/lebenslauf\/","title":{"rendered":"Biografie"},"content":{"rendered":"<p style=\"text-align: justify;\">Tschechischer Komponist, geb. 13. September 1928 in Opo\u010dno in Ostb\u00f6hmen.<br \/>\nNach dem Besuch des Realgymnasiums in Rychnov nad Kn\u011b\u017enou. Sechs Jahre lang arbeitete er in der Druckerei seines Vaters in Opo\u010dno. Nach dessen gewaltsamer Zerst\u00f6rung im Jahr 1950 ging er an das Prager Konservatorium, wo er drei Diplome in den F\u00e4chern Dirigieren bei Prof. \u0160pidra und A. Kl\u00edma (1954), Schlagzeug bei Prof. \u0160pa\u010dek und Komposition bei Prof. F. P\u00edcha und M. Krej\u010d\u00ed (1955) erwarb. An der Akademie der Darstellenden K\u00fcnste absolvierte er 1959 ein Kompositionsstudium bei Prof. J. \u0158\u00eddky und P. Bo\u0159kovec sowie ein Studium der Film- und B\u00fchnenmusik bei Prof. V. Trojan.<\/p>\n<p>Obwohl er die meiste Zeit seines Lebens als freischaffender Komponist t\u00e4tig war, hatte er auch mehrere wichtige Funktionen inne. Er war der Dramaturg der \u010cs. Fernsehen, Chefredakteur von Pantone, Vorsitzender der Vereinigung der Musikk\u00fcnstler und Wissenschaftler. Seit 1994 ist er Mitglied der Mondays.<br \/>\n1951 wurde er in Paris von Arthur Honegger als dessen Sch\u00fcler und von Georges Auric als dessen Assistent aufgenommen. Der Aufenthalt in Paris wurde ihm aus politischen Gr\u00fcnden verwehrt. Sluks Werk ist sehr umfangreich und vielf\u00e4ltig in seinem Genre. Es wird von Kammermusik dominiert (4 Streichquartette, Duos, Trios, Sonaten, von denen vor allem die Cellosonate weltweit bekannt wurde, was zweifellos Pablo Casals zu verdanken ist, der sie in seinen Kursen auff\u00fchrte).<\/p>\n<p>Seine Vokalwerke umfassen 14 Liederzyklen, eine Reihe von Ch\u00f6ren und vier Kantaten. Seine Werke f\u00fcr Kinder und Jugendliche (Piano School, Games and Dreams, Piano Breviary, Returns) sind hochgelobt. Die symphonische Musik ist mit 10 Kompositionen vertreten (Orava Ballad, Journey of Healing, From East Bohemia, Sinfonietta, Lento affabile). 85 Partituren f\u00fcr Filme aller Genres, 30 Fernsehproduktionen, 6 TV-Serien und mehr als 130 Chansons und popul\u00e4re Kompositionen zeigen das breite Spektrum von Slukas Schaffen. Seine Kompositionen, vor allem aus dem Bereich der klassischen Musik, sind auf mehr als 25 Schallplatten (auch in Russland, USA, Japan, Deutschland), 18 CDs (in Frankreich, Japan, Deutschland, Kanada, USA, Holland, Belgien, Schweiz) \u00fcberliefert und eine Gesamtausgabe von Slukas Gesamtwerk wird von EDITIO MUSICA HUMANA herausgegeben (bisher 106 B\u00e4nde).Eine Reihe von Slukas Kompositionen wurden mit verschiedenen Preisen in der Welt (Moskau, Warschau, Wien, Cannes, La Plata, Mailand) und im Inland (Preis des Prager Konservatoriums, Tschechischer Musikfonds, Panton, Kulturminister usw.) ausgezeichnet. Neben musikalischen Auszeichnungen wurde er mit der T. G. Masaryk-Ehrenmedaille geehrt und 2003 benannte die Internationale Astronomische Gesellschaft einen neu entdeckten Asteroiden nach ihm (LUBOSLUKA).<\/p>\n<p>Die Musik von L. Sluka hat sich nie den modernen Kompositionstechniken oder Trends unterworfen, sondern folgt bewusst den besten Traditionen einiger der klassischen Komponisten des 20. Jahrhunderts, von den tschechischen vor allem die \u00c4sthetik und Diktion von Leo\u0161 Jan\u00e1\u010dek und die tiefe und echte Sensibilit\u00e4t von Josef Suk und Bohuslav Martin\u016f. Sluka ist auch K\u00fcnstler und Schriftsteller (er hat drei Gedichtb\u00e4nde in der klassischen japanischen Haiku-Form ver\u00f6ffentlicht).<\/p>\n","protected":false},"excerpt":{"rendered":"<p>Tschechischer Komponist, geb. 13. September 1928 in Opo\u010dno in Ostb\u00f6hmen. Nach dem Besuch des Realgymnasiums in Rychnov nad Kn\u011b\u017enou. Sechs Jahre lang arbeitete er in der Druckerei seines Vaters in Opo\u010dno. Nach dessen gewaltsamer Zerst\u00f6rung im Jahr 1950 ging er &hellip; <a href=\"https:\/\/lubosluka.com\/de\/lebenslauf\/\">Continue reading <span class=\"meta-nav\">&rarr;<\/span><\/a><\/p>\n","protected":false},"author":6,"featured_media":0,"parent":0,"menu_order":0,"comment_status":"closed","ping_status":"open","template":"","meta":{"jetpack_post_was_ever_published":false,"footnotes":""},"class_list":["post-4395","page","type-page","status-publish","hentry"],"yoast_head":"<!-- This site is optimized with the Yoast SEO plugin v25.1 - https:\/\/yoast.com\/wordpress\/plugins\/seo\/ -->\n<title>Biografie | Lubo\u0161 Sluka<\/title>\n<meta name=\"robots\" content=\"index, follow, max-snippet:-1, max-image-preview:large, max-video-preview:-1\" \/>\n<link rel=\"canonical\" href=\"https:\/\/lubosluka.com\/de\/lebenslauf\/\" \/>\n<meta property=\"og:locale\" content=\"de_DE\" \/>\n<meta property=\"og:type\" content=\"article\" \/>\n<meta property=\"og:title\" content=\"Biografie | Lubo\u0161 Sluka\" \/>\n<meta property=\"og:description\" content=\"Tschechischer Komponist, geb. 13. September 1928 in Opo\u010dno in Ostb\u00f6hmen. Nach dem Besuch des Realgymnasiums in Rychnov nad Kn\u011b\u017enou. Sechs Jahre lang arbeitete er in der Druckerei seines Vaters in Opo\u010dno. Nach dessen gewaltsamer Zerst\u00f6rung im Jahr 1950 ging er &hellip; Continue reading &rarr;\" \/>\n<meta property=\"og:url\" content=\"https:\/\/lubosluka.com\/de\/lebenslauf\/\" \/>\n<meta property=\"og:site_name\" content=\"Lubo\u0161 Sluka\" \/>\n<meta property=\"article:modified_time\" content=\"2024-01-06T10:38:30+00:00\" \/>\n<meta name=\"twitter:label1\" content=\"Gesch\u00e4tzte Lesezeit\" \/>\n\t<meta name=\"twitter:data1\" content=\"3\u00a0Minuten\" \/>\n<script type=\"application\/ld+json\" class=\"yoast-schema-graph\">{\"@context\":\"https:\/\/schema.org\",\"@graph\":[{\"@type\":\"WebPage\",\"@id\":\"https:\/\/lubosluka.com\/de\/lebenslauf\/\",\"url\":\"https:\/\/lubosluka.com\/de\/lebenslauf\/\",\"name\":\"Biografie | Lubo\u0161 Sluka\",\"isPartOf\":{\"@id\":\"https:\/\/lubosluka.com\/de\/#website\"},\"datePublished\":\"2012-04-14T11:38:28+00:00\",\"dateModified\":\"2024-01-06T10:38:30+00:00\",\"breadcrumb\":{\"@id\":\"https:\/\/lubosluka.com\/de\/lebenslauf\/#breadcrumb\"},\"inLanguage\":\"de\",\"potentialAction\":[{\"@type\":\"ReadAction\",\"target\":[\"https:\/\/lubosluka.com\/de\/lebenslauf\/\"]}]},{\"@type\":\"BreadcrumbList\",\"@id\":\"https:\/\/lubosluka.com\/de\/lebenslauf\/#breadcrumb\",\"itemListElement\":[{\"@type\":\"ListItem\",\"position\":1,\"name\":\"Editio Musica Humana\",\"item\":\"https:\/\/lubosluka.com\/de\/editio-musica-humana\/\"},{\"@type\":\"ListItem\",\"position\":2,\"name\":\"Biografie\"}]},{\"@type\":\"WebSite\",\"@id\":\"https:\/\/lubosluka.com\/de\/#website\",\"url\":\"https:\/\/lubosluka.com\/de\/\",\"name\":\"Lubo\u0161 Sluka\",\"description\":\"hudebn\u00ed skladatel\",\"potentialAction\":[{\"@type\":\"SearchAction\",\"target\":{\"@type\":\"EntryPoint\",\"urlTemplate\":\"https:\/\/lubosluka.com\/de\/?s={search_term_string}\"},\"query-input\":{\"@type\":\"PropertyValueSpecification\",\"valueRequired\":true,\"valueName\":\"search_term_string\"}}],\"inLanguage\":\"de\"}]}<\/script>\n<!-- \/ Yoast SEO plugin. -->","yoast_head_json":{"title":"Biografie | Lubo\u0161 Sluka","robots":{"index":"index","follow":"follow","max-snippet":"max-snippet:-1","max-image-preview":"max-image-preview:large","max-video-preview":"max-video-preview:-1"},"canonical":"https:\/\/lubosluka.com\/de\/lebenslauf\/","og_locale":"de_DE","og_type":"article","og_title":"Biografie | Lubo\u0161 Sluka","og_description":"Tschechischer Komponist, geb. 13. September 1928 in Opo\u010dno in Ostb\u00f6hmen. Nach dem Besuch des Realgymnasiums in Rychnov nad Kn\u011b\u017enou. Sechs Jahre lang arbeitete er in der Druckerei seines Vaters in Opo\u010dno. Nach dessen gewaltsamer Zerst\u00f6rung im Jahr 1950 ging er &hellip; Continue reading &rarr;","og_url":"https:\/\/lubosluka.com\/de\/lebenslauf\/","og_site_name":"Lubo\u0161 Sluka","article_modified_time":"2024-01-06T10:38:30+00:00","twitter_misc":{"Gesch\u00e4tzte Lesezeit":"3\u00a0Minuten"},"schema":{"@context":"https:\/\/schema.org","@graph":[{"@type":"WebPage","@id":"https:\/\/lubosluka.com\/de\/lebenslauf\/","url":"https:\/\/lubosluka.com\/de\/lebenslauf\/","name":"Biografie | Lubo\u0161 Sluka","isPartOf":{"@id":"https:\/\/lubosluka.com\/de\/#website"},"datePublished":"2012-04-14T11:38:28+00:00","dateModified":"2024-01-06T10:38:30+00:00","breadcrumb":{"@id":"https:\/\/lubosluka.com\/de\/lebenslauf\/#breadcrumb"},"inLanguage":"de","potentialAction":[{"@type":"ReadAction","target":["https:\/\/lubosluka.com\/de\/lebenslauf\/"]}]},{"@type":"BreadcrumbList","@id":"https:\/\/lubosluka.com\/de\/lebenslauf\/#breadcrumb","itemListElement":[{"@type":"ListItem","position":1,"name":"Editio Musica Humana","item":"https:\/\/lubosluka.com\/de\/editio-musica-humana\/"},{"@type":"ListItem","position":2,"name":"Biografie"}]},{"@type":"WebSite","@id":"https:\/\/lubosluka.com\/de\/#website","url":"https:\/\/lubosluka.com\/de\/","name":"Lubo\u0161 Sluka","description":"hudebn\u00ed skladatel","potentialAction":[{"@type":"SearchAction","target":{"@type":"EntryPoint","urlTemplate":"https:\/\/lubosluka.com\/de\/?s={search_term_string}"},"query-input":{"@type":"PropertyValueSpecification","valueRequired":true,"valueName":"search_term_string"}}],"inLanguage":"de"}]}},"jetpack_shortlink":"https:\/\/wp.me\/P3sI4a-18T","jetpack_sharing_enabled":true,"_links":{"self":[{"href":"https:\/\/lubosluka.com\/de\/wp-json\/wp\/v2\/pages\/4395","targetHints":{"allow":["GET"]}}],"collection":[{"href":"https:\/\/lubosluka.com\/de\/wp-json\/wp\/v2\/pages"}],"about":[{"href":"https:\/\/lubosluka.com\/de\/wp-json\/wp\/v2\/types\/page"}],"author":[{"embeddable":true,"href":"https:\/\/lubosluka.com\/de\/wp-json\/wp\/v2\/users\/6"}],"replies":[{"embeddable":true,"href":"https:\/\/lubosluka.com\/de\/wp-json\/wp\/v2\/comments?post=4395"}],"version-history":[{"count":4,"href":"https:\/\/lubosluka.com\/de\/wp-json\/wp\/v2\/pages\/4395\/revisions"}],"predecessor-version":[{"id":4423,"href":"https:\/\/lubosluka.com\/de\/wp-json\/wp\/v2\/pages\/4395\/revisions\/4423"}],"wp:attachment":[{"href":"https:\/\/lubosluka.com\/de\/wp-json\/wp\/v2\/media?parent=4395"}],"curies":[{"name":"wp","href":"https:\/\/api.w.org\/{rel}","templated":true}]}}