{"id":4399,"date":"2012-04-14T13:41:26","date_gmt":"2012-04-14T12:41:26","guid":{"rendered":"https:\/\/lubosluka.com\/kontakt\/"},"modified":"2024-03-08T17:20:58","modified_gmt":"2024-03-08T16:20:58","slug":"kontakt","status":"publish","type":"page","link":"https:\/\/lubosluka.com\/de\/kontakt\/","title":{"rendered":"Kontakt"},"content":{"rendered":"<p><strong>Mgr. Lubo\u0161 Sluka<\/strong><br \/>\n<em>Komponist<\/em><\/p>\n<p>I\u010cO: 67650601<br \/>\nZ\u00e1meck\u00e9 schody 3\/191<br \/>\nPrag 1<br \/>\n118&nbsp;00<br \/>\nTschechische Republik<\/p>\n<p>Tel. +420&nbsp;732&nbsp;124&nbsp;416<br \/>\nE-Mail: sluka@lubosluka.com<\/p>\n<h2>Wenn Sie uns etwas mitteilen m\u00f6chten, ist hier der richtige Platz f\u00fcr Ihre Fragen.<\/h2>\n\n<div class=\"wpcf7 no-js\" id=\"wpcf7-f8063-o1\" lang=\"de-DE\" dir=\"ltr\" data-wpcf7-id=\"8063\">\n<div class=\"screen-reader-response\"><p role=\"status\" aria-live=\"polite\" aria-atomic=\"true\"><\/p> <ul><\/ul><\/div>\n<form action=\"\/de\/wp-json\/wp\/v2\/pages\/4399#wpcf7-f8063-o1\" method=\"post\" class=\"wpcf7-form init\" aria-label=\"Kontaktformular\" novalidate=\"novalidate\" data-status=\"init\">\n<div style=\"display: none;\">\n<input type=\"hidden\" name=\"_wpcf7\" value=\"8063\" \/>\n<input type=\"hidden\" name=\"_wpcf7_version\" value=\"6.0.6\" \/>\n<input type=\"hidden\" name=\"_wpcf7_locale\" value=\"de_DE\" \/>\n<input type=\"hidden\" name=\"_wpcf7_unit_tag\" value=\"wpcf7-f8063-o1\" \/>\n<input type=\"hidden\" name=\"_wpcf7_container_post\" value=\"0\" \/>\n<input type=\"hidden\" name=\"_wpcf7_posted_data_hash\" value=\"\" \/>\n<input type=\"hidden\" name=\"_wpcf7_recaptcha_response\" value=\"\" \/>\n<\/div>\n<p><label for=\"your-name\">Ihr Name (erforderlich)<\/label><br \/>\n<span class=\"wpcf7-form-control-wrap\" data-name=\"your-name\"><input size=\"40\" maxlength=\"400\" class=\"wpcf7-form-control wpcf7-text wpcf7-validates-as-required\" aria-required=\"true\" aria-invalid=\"false\" value=\"\" type=\"text\" name=\"your-name\" \/><\/span>\n<\/p>\n<p><label for=\"your-email\">Ihre E-Mail (erforderlich)<\/label><br \/>\n<span class=\"wpcf7-form-control-wrap\" data-name=\"your-email\"><input size=\"40\" maxlength=\"400\" class=\"wpcf7-form-control wpcf7-email wpcf7-validates-as-required wpcf7-text wpcf7-validates-as-email\" aria-required=\"true\" aria-invalid=\"false\" value=\"\" type=\"email\" name=\"your-email\" \/><\/span>\n<\/p>\n<p><label for=\"your-message\">Ihre Nachricht<\/label><br \/>\n<span class=\"wpcf7-form-control-wrap\" data-name=\"your-message\"><textarea cols=\"40\" rows=\"10\" maxlength=\"2000\" class=\"wpcf7-form-control wpcf7-textarea\" aria-invalid=\"false\" name=\"your-message\"><\/textarea><\/span>\n<\/p>\n\n<p><input class=\"wpcf7-form-control wpcf7-submit has-spinner\" type=\"submit\" value=\"Odeslat\" \/>\n<\/p><div class=\"wpcf7-response-output\" aria-hidden=\"true\"><\/div>\n<\/form>\n<\/div>\n\n","protected":false},"excerpt":{"rendered":"<p>Mgr. Lubo\u0161 Sluka Komponist I\u010cO: 67650601 Z\u00e1meck\u00e9 schody 3\/191 Prag 1&nbsp;118&nbsp;00 Tschechische Republik Tel. +420&nbsp;732&nbsp;124&nbsp;416 E-Mail: sluka@lubosluka.com Wenn Sie uns etwas mitteilen m\u00f6chten, ist hier der richtige Platz f\u00fcr Ihre Fragen.<\/p>\n","protected":false},"author":6,"featured_media":0,"parent":0,"menu_order":0,"comment_status":"closed","ping_status":"open","template":"","meta":{"jetpack_post_was_ever_published":false,"footnotes":""},"class_list":["post-4399","page","type-page","status-publish","hentry"],"yoast_head":"<!-- This site is optimized with the Yoast SEO plugin v25.1 - https:\/\/yoast.com\/wordpress\/plugins\/seo\/ -->\n<title>Ansprechpartner | Lubo\u0161 Sluka<\/title>\n<meta name=\"robots\" content=\"index, follow, max-snippet:-1, max-image-preview:large, max-video-preview:-1\" \/>\n<link rel=\"canonical\" href=\"https:\/\/lubosluka.com\/de\/kontakt\/\" \/>\n<meta property=\"og:locale\" content=\"de_DE\" \/>\n<meta property=\"og:type\" content=\"article\" \/>\n<meta property=\"og:title\" content=\"Ansprechpartner | Lubo\u0161 Sluka\" \/>\n<meta property=\"og:description\" content=\"Mgr. Lubo\u0161 Sluka Komponist I\u010cO: 67650601 Z\u00e1meck\u00e9 schody 3\/191 Prag 1 118&nbsp;00 Tschechische Republik Tel. +420&nbsp;732&nbsp;124&nbsp;416 E-Mail: sluka@lubosluka.com Wenn Sie uns etwas mitteilen m\u00f6chten, ist hier der richtige Platz f\u00fcr Ihre Fragen.\" \/>\n<meta property=\"og:url\" content=\"https:\/\/lubosluka.com\/de\/kontakt\/\" \/>\n<meta property=\"og:site_name\" content=\"Lubo\u0161 Sluka\" \/>\n<meta property=\"article:modified_time\" content=\"2024-03-08T16:20:58+00:00\" \/>\n<script type=\"application\/ld+json\" class=\"yoast-schema-graph\">{\"@context\":\"https:\/\/schema.org\",\"@graph\":[{\"@type\":\"WebPage\",\"@id\":\"https:\/\/lubosluka.com\/de\/kontakt\/\",\"url\":\"https:\/\/lubosluka.com\/de\/kontakt\/\",\"name\":\"Ansprechpartner | Lubo\u0161 Sluka\",\"isPartOf\":{\"@id\":\"https:\/\/lubosluka.com\/de\/#website\"},\"datePublished\":\"2012-04-14T12:41:26+00:00\",\"dateModified\":\"2024-03-08T16:20:58+00:00\",\"breadcrumb\":{\"@id\":\"https:\/\/lubosluka.com\/de\/kontakt\/#breadcrumb\"},\"inLanguage\":\"de\",\"potentialAction\":[{\"@type\":\"ReadAction\",\"target\":[\"https:\/\/lubosluka.com\/de\/kontakt\/\"]}]},{\"@type\":\"BreadcrumbList\",\"@id\":\"https:\/\/lubosluka.com\/de\/kontakt\/#breadcrumb\",\"itemListElement\":[{\"@type\":\"ListItem\",\"position\":1,\"name\":\"Editio Musica Humana\",\"item\":\"https:\/\/lubosluka.com\/de\/editio-musica-humana\/\"},{\"@type\":\"ListItem\",\"position\":2,\"name\":\"Kontakt\"}]},{\"@type\":\"WebSite\",\"@id\":\"https:\/\/lubosluka.com\/de\/#website\",\"url\":\"https:\/\/lubosluka.com\/de\/\",\"name\":\"Lubo\u0161 Sluka\",\"description\":\"hudebn\u00ed skladatel\",\"potentialAction\":[{\"@type\":\"SearchAction\",\"target\":{\"@type\":\"EntryPoint\",\"urlTemplate\":\"https:\/\/lubosluka.com\/de\/?s={search_term_string}\"},\"query-input\":{\"@type\":\"PropertyValueSpecification\",\"valueRequired\":true,\"valueName\":\"search_term_string\"}}],\"inLanguage\":\"de\"}]}<\/script>\n<!-- \/ Yoast SEO plugin. -->","yoast_head_json":{"title":"Ansprechpartner | Lubo\u0161 Sluka","robots":{"index":"index","follow":"follow","max-snippet":"max-snippet:-1","max-image-preview":"max-image-preview:large","max-video-preview":"max-video-preview:-1"},"canonical":"https:\/\/lubosluka.com\/de\/kontakt\/","og_locale":"de_DE","og_type":"article","og_title":"Ansprechpartner | Lubo\u0161 Sluka","og_description":"Mgr. Lubo\u0161 Sluka Komponist I\u010cO: 67650601 Z\u00e1meck\u00e9 schody 3\/191 Prag 1 118&nbsp;00 Tschechische Republik Tel. +420&nbsp;732&nbsp;124&nbsp;416 E-Mail: sluka@lubosluka.com Wenn Sie uns etwas mitteilen m\u00f6chten, ist hier der richtige Platz f\u00fcr Ihre Fragen.","og_url":"https:\/\/lubosluka.com\/de\/kontakt\/","og_site_name":"Lubo\u0161 Sluka","article_modified_time":"2024-03-08T16:20:58+00:00","schema":{"@context":"https:\/\/schema.org","@graph":[{"@type":"WebPage","@id":"https:\/\/lubosluka.com\/de\/kontakt\/","url":"https:\/\/lubosluka.com\/de\/kontakt\/","name":"Ansprechpartner | Lubo\u0161 Sluka","isPartOf":{"@id":"https:\/\/lubosluka.com\/de\/#website"},"datePublished":"2012-04-14T12:41:26+00:00","dateModified":"2024-03-08T16:20:58+00:00","breadcrumb":{"@id":"https:\/\/lubosluka.com\/de\/kontakt\/#breadcrumb"},"inLanguage":"de","potentialAction":[{"@type":"ReadAction","target":["https:\/\/lubosluka.com\/de\/kontakt\/"]}]},{"@type":"BreadcrumbList","@id":"https:\/\/lubosluka.com\/de\/kontakt\/#breadcrumb","itemListElement":[{"@type":"ListItem","position":1,"name":"Editio Musica Humana","item":"https:\/\/lubosluka.com\/de\/editio-musica-humana\/"},{"@type":"ListItem","position":2,"name":"Kontakt"}]},{"@type":"WebSite","@id":"https:\/\/lubosluka.com\/de\/#website","url":"https:\/\/lubosluka.com\/de\/","name":"Lubo\u0161 Sluka","description":"hudebn\u00ed skladatel","potentialAction":[{"@type":"SearchAction","target":{"@type":"EntryPoint","urlTemplate":"https:\/\/lubosluka.com\/de\/?s={search_term_string}"},"query-input":{"@type":"PropertyValueSpecification","valueRequired":true,"valueName":"search_term_string"}}],"inLanguage":"de"}]}},"jetpack_shortlink":"https:\/\/wp.me\/P3sI4a-18X","jetpack_sharing_enabled":true,"_links":{"self":[{"href":"https:\/\/lubosluka.com\/de\/wp-json\/wp\/v2\/pages\/4399","targetHints":{"allow":["GET"]}}],"collection":[{"href":"https:\/\/lubosluka.com\/de\/wp-json\/wp\/v2\/pages"}],"about":[{"href":"https:\/\/lubosluka.com\/de\/wp-json\/wp\/v2\/types\/page"}],"author":[{"embeddable":true,"href":"https:\/\/lubosluka.com\/de\/wp-json\/wp\/v2\/users\/6"}],"replies":[{"embeddable":true,"href":"https:\/\/lubosluka.com\/de\/wp-json\/wp\/v2\/comments?post=4399"}],"version-history":[{"count":1,"href":"https:\/\/lubosluka.com\/de\/wp-json\/wp\/v2\/pages\/4399\/revisions"}],"predecessor-version":[{"id":7969,"href":"https:\/\/lubosluka.com\/de\/wp-json\/wp\/v2\/pages\/4399\/revisions\/7969"}],"wp:attachment":[{"href":"https:\/\/lubosluka.com\/de\/wp-json\/wp\/v2\/media?parent=4399"}],"curies":[{"name":"wp","href":"https:\/\/api.w.org\/{rel}","templated":true}]}}