{"id":4418,"date":"2012-04-14T13:40:54","date_gmt":"2012-04-14T12:40:54","guid":{"rendered":"https:\/\/lubosluka.com\/editio-musica-humana\/"},"modified":"2012-04-14T13:40:54","modified_gmt":"2012-04-14T12:40:54","slug":"editio-musica-humana","status":"publish","type":"page","link":"https:\/\/lubosluka.com\/de\/","title":{"rendered":"Editio Musica Humana"},"content":{"rendered":"<p>Lubo\u0161 Sluka gr\u00fcndete 1990 den Musikverlag Editio Musica Humana. Derzeit haben wir 150 Titel ver\u00f6ffentlicht. Einen Katalog der ver\u00f6ffentlichten Musik finden Sie <a href=\"https:\/\/lubosluka.com\/de\/shop\/\">HIER<\/a>.<\/p>\n<p>Die ver\u00f6ffentlichten Kompositionen werden in das europ\u00e4ische ISMN-System aufgenommen.<\/p>\n<p>Wir bieten auch eine neue umweltfreundliche und nachhaltige Produktoption an. Nach der Bezahlung erhalten Sie einen Link zum Herunterladen der PDF-Datei.<\/p>\n<p>Zur leichteren Orientierung haben wir die Arbeiten in die folgenden Kategorien unterteilt:<\/p>\n<div class=\"noty\">\n<div class=\"container\">\n<div class=\"row\">\n<div class=\"col\">\n<ul>\n<li>\n<div class=\"noty_boxik\">\n<p><a title=\"Jugend und ZU\u0160\" href=\"https:\/\/lubosluka.com\/de\/note\/musikalische-fruherziehung\/\"><img decoding=\"async\" src=\"\/wp-content\/themes\/lubosluka\/images\/ikonky\/zus.jpg\" alt=\"Jugend und ZU\u0160\" width=\"150\" height=\"100\"><\/a><\/p>\n<div class=\"noty_boxik_text\">Jugend<br \/>\nund ZU\u0160<\/div>\n<\/div>\n<\/li>\n<li>\n<div class=\"noty_boxik\">\n<p><a title=\"Solo-Instrumente\" href=\"https:\/\/lubosluka.com\/de\/note\/solo-instrumente\/\"><img decoding=\"async\" src=\"\/wp-content\/themes\/lubosluka\/images\/ikonky\/solo.jpg\" alt=\"Solo-Instrumente\" width=\"150\" height=\"100\"><\/a><\/p>\n<div class=\"noty_boxik_text\">Solo<br \/>\nWerkzeuge<\/div>\n<\/div>\n<\/li>\n<li>\n<div class=\"noty_boxik\">\n<p><a title=\"Geistige Sch\u00f6pfung\" href=\"https:\/\/lubosluka.com\/de\/note\/spiritual-musik\/\"><img decoding=\"async\" src=\"\/wp-content\/themes\/lubosluka\/images\/ikonky\/duchovni.jpg\" alt=\"Geistige Sch\u00f6pfung\" width=\"150\" height=\"100\"><\/a><\/p>\n<div class=\"noty_boxik_text\">Spirituell<br \/>\nErstellung von<\/div>\n<\/div>\n<\/li>\n<\/ul>\n<\/div>\n<div class=\"col\">\n<ul>\n<li>\n<div class=\"noty_boxik\">\n<p><a title=\"Klavierwerke\" href=\"https:\/\/lubosluka.com\/de\/note\/klavier\/\"><img loading=\"lazy\" decoding=\"async\" src=\"\/wp-content\/themes\/lubosluka\/images\/ikonky\/piano.jpg\" alt=\"Symbol\" width=\"150\" height=\"100\"><\/a><\/p>\n<div class=\"noty_boxik_text\">Klavier<br \/>\nErstellung von<\/div>\n<\/div>\n<\/li>\n<li>\n<div class=\"noty_boxik\">\n<p><a title=\"Kammermusik\" href=\"https:\/\/lubosluka.com\/de\/note\/kammermusik\/\"><img loading=\"lazy\" decoding=\"async\" src=\"\/wp-content\/themes\/lubosluka\/images\/ikonky\/komorni.jpg\" alt=\"Kammermusik\" width=\"150\" height=\"100\"><\/a><\/p>\n<div class=\"noty_boxik_text\">Kammer<br \/>\nErstellung von<\/div>\n<\/div>\n<\/li>\n<li>\n<div class=\"noty_boxik\">\n<p><a title=\"Schaffung von Vahran\" href=\"https:\/\/lubosluka.com\/de\/note\/orgel-musik\/\"><img loading=\"lazy\" decoding=\"async\" src=\"\/wp-content\/themes\/lubosluka\/images\/ikonky\/varhany.jpg\" alt=\"Orgelmusik\" width=\"150\" height=\"100\"><\/a><\/p>\n<div class=\"noty_boxik_text\">Organ<br \/>\nErstellung von<\/div>\n<\/div>\n<\/li>\n<\/ul>\n<\/div>\n<div class=\"col\">\n<ul>\n<li>\n<div class=\"noty_boxik\">\n<p><a title=\"Singen\" href=\"https:\/\/lubosluka.com\/de\/note\/singen\/\"><img loading=\"lazy\" decoding=\"async\" src=\"\/wp-content\/themes\/lubosluka\/images\/ikonky\/zpev.jpg\" alt=\"Singen\" width=\"150\" height=\"100\"><\/a><\/p>\n<div class=\"noty_boxik_text\">Singen<\/div>\n<\/div>\n<\/li>\n<li>\n<div class=\"noty_boxik\">\n<p><a title=\"Orchestrale Werke\" href=\"https:\/\/lubosluka.com\/de\/note\/orchestrale-musik\/\"><img loading=\"lazy\" decoding=\"async\" src=\"\/wp-content\/themes\/lubosluka\/images\/ikonky\/orchestrialni.jpg\" alt=\"Orchester. Erstellung\" width=\"150\" height=\"100\"><\/a><\/p>\n<div class=\"noty_boxik_text\">Orchester.<br \/>\nErstellung von<\/div>\n<\/div>\n<\/li>\n<li>\n<div class=\"noty_boxik\">\n<p><a title=\"Sonstige Erstellung\" href=\"https:\/\/lubosluka.com\/de\/note\/andere-erstellung-von\/\"><img loading=\"lazy\" decoding=\"async\" src=\"\/wp-content\/themes\/lubosluka\/images\/ikonky\/ostatni-tvorba.jpg\" alt=\"Sonstige Erstellung\" width=\"150\" height=\"100\"><\/a><\/p>\n<div class=\"noty_boxik_text\">Andere<br \/>\nErstellung von<\/div>\n<\/div>\n<\/li>\n<\/ul>\n<\/div>\n<\/div>\n<\/div>\n<\/div>\n","protected":false},"excerpt":{"rendered":"<p>Lubo\u0161 Sluka gr\u00fcndete 1990 den Musikverlag Editio Musica Humana. Derzeit haben wir 150 Titel ver\u00f6ffentlicht. Einen Katalog der ver\u00f6ffentlichten Musik finden Sie HIER. Die ver\u00f6ffentlichten Kompositionen werden in das europ\u00e4ische ISMN-System aufgenommen. Wir bieten auch eine neue umweltfreundliche und nachhaltige &hellip; <a href=\"https:\/\/lubosluka.com\/de\/\">Continue reading <span class=\"meta-nav\">&rarr;<\/span><\/a><\/p>\n","protected":false},"author":6,"featured_media":0,"parent":0,"menu_order":0,"comment_status":"closed","ping_status":"open","template":"","meta":{"jetpack_post_was_ever_published":false,"footnotes":""},"class_list":["post-4418","page","type-page","status-publish","hentry"],"yoast_head":"<!-- This site is optimized with the Yoast SEO plugin v25.1 - https:\/\/yoast.com\/wordpress\/plugins\/seo\/ -->\n<title>Musikverlag Editio Musica Humana | Lubo\u0161 Sluka<\/title>\n<meta name=\"robots\" content=\"index, follow, max-snippet:-1, max-image-preview:large, max-video-preview:-1\" \/>\n<link rel=\"canonical\" href=\"https:\/\/lubosluka.com\/de\/\" \/>\n<meta property=\"og:locale\" content=\"de_DE\" \/>\n<meta property=\"og:type\" content=\"article\" \/>\n<meta property=\"og:title\" content=\"Musikverlag Editio Musica Humana | Lubo\u0161 Sluka\" \/>\n<meta property=\"og:description\" content=\"Lubo\u0161 Sluka gr\u00fcndete 1990 den Musikverlag Editio Musica Humana. Derzeit haben wir 150 Titel ver\u00f6ffentlicht. Einen Katalog der ver\u00f6ffentlichten Musik finden Sie HIER. Die ver\u00f6ffentlichten Kompositionen werden in das europ\u00e4ische ISMN-System aufgenommen. Wir bieten auch eine neue umweltfreundliche und nachhaltige &hellip; Continue reading &rarr;\" \/>\n<meta property=\"og:url\" content=\"https:\/\/lubosluka.com\/de\/\" \/>\n<meta property=\"og:site_name\" content=\"Lubo\u0161 Sluka\" \/>\n<script type=\"application\/ld+json\" class=\"yoast-schema-graph\">{\"@context\":\"https:\/\/schema.org\",\"@graph\":[{\"@type\":\"WebPage\",\"@id\":\"https:\/\/lubosluka.com\/de\/\",\"url\":\"https:\/\/lubosluka.com\/de\/\",\"name\":\"Musikverlag Editio Musica Humana | Lubo\u0161 Sluka\",\"isPartOf\":{\"@id\":\"https:\/\/lubosluka.com\/de\/#website\"},\"datePublished\":\"2012-04-14T12:40:54+00:00\",\"breadcrumb\":{\"@id\":\"https:\/\/lubosluka.com\/de\/#breadcrumb\"},\"inLanguage\":\"de\",\"potentialAction\":[{\"@type\":\"ReadAction\",\"target\":[\"https:\/\/lubosluka.com\/de\/\"]}]},{\"@type\":\"BreadcrumbList\",\"@id\":\"https:\/\/lubosluka.com\/de\/#breadcrumb\",\"itemListElement\":[{\"@type\":\"ListItem\",\"position\":1,\"name\":\"Editio Musica Humana\",\"item\":\"https:\/\/lubosluka.com\/de\/editio-musica-humana\/\"},{\"@type\":\"ListItem\",\"position\":2,\"name\":\"Editio Musica Humana\"}]},{\"@type\":\"WebSite\",\"@id\":\"https:\/\/lubosluka.com\/de\/#website\",\"url\":\"https:\/\/lubosluka.com\/de\/\",\"name\":\"Lubo\u0161 Sluka\",\"description\":\"hudebn\u00ed skladatel\",\"potentialAction\":[{\"@type\":\"SearchAction\",\"target\":{\"@type\":\"EntryPoint\",\"urlTemplate\":\"https:\/\/lubosluka.com\/de\/?s={search_term_string}\"},\"query-input\":{\"@type\":\"PropertyValueSpecification\",\"valueRequired\":true,\"valueName\":\"search_term_string\"}}],\"inLanguage\":\"de\"}]}<\/script>\n<!-- \/ Yoast SEO plugin. -->","yoast_head_json":{"title":"Musikverlag Editio Musica Humana | Lubo\u0161 Sluka","robots":{"index":"index","follow":"follow","max-snippet":"max-snippet:-1","max-image-preview":"max-image-preview:large","max-video-preview":"max-video-preview:-1"},"canonical":"https:\/\/lubosluka.com\/de\/","og_locale":"de_DE","og_type":"article","og_title":"Musikverlag Editio Musica Humana | Lubo\u0161 Sluka","og_description":"Lubo\u0161 Sluka gr\u00fcndete 1990 den Musikverlag Editio Musica Humana. Derzeit haben wir 150 Titel ver\u00f6ffentlicht. Einen Katalog der ver\u00f6ffentlichten Musik finden Sie HIER. Die ver\u00f6ffentlichten Kompositionen werden in das europ\u00e4ische ISMN-System aufgenommen. Wir bieten auch eine neue umweltfreundliche und nachhaltige &hellip; Continue reading &rarr;","og_url":"https:\/\/lubosluka.com\/de\/","og_site_name":"Lubo\u0161 Sluka","schema":{"@context":"https:\/\/schema.org","@graph":[{"@type":"WebPage","@id":"https:\/\/lubosluka.com\/de\/","url":"https:\/\/lubosluka.com\/de\/","name":"Musikverlag Editio Musica Humana | Lubo\u0161 Sluka","isPartOf":{"@id":"https:\/\/lubosluka.com\/de\/#website"},"datePublished":"2012-04-14T12:40:54+00:00","breadcrumb":{"@id":"https:\/\/lubosluka.com\/de\/#breadcrumb"},"inLanguage":"de","potentialAction":[{"@type":"ReadAction","target":["https:\/\/lubosluka.com\/de\/"]}]},{"@type":"BreadcrumbList","@id":"https:\/\/lubosluka.com\/de\/#breadcrumb","itemListElement":[{"@type":"ListItem","position":1,"name":"Editio Musica Humana","item":"https:\/\/lubosluka.com\/de\/editio-musica-humana\/"},{"@type":"ListItem","position":2,"name":"Editio Musica Humana"}]},{"@type":"WebSite","@id":"https:\/\/lubosluka.com\/de\/#website","url":"https:\/\/lubosluka.com\/de\/","name":"Lubo\u0161 Sluka","description":"hudebn\u00ed skladatel","potentialAction":[{"@type":"SearchAction","target":{"@type":"EntryPoint","urlTemplate":"https:\/\/lubosluka.com\/de\/?s={search_term_string}"},"query-input":{"@type":"PropertyValueSpecification","valueRequired":true,"valueName":"search_term_string"}}],"inLanguage":"de"}]}},"jetpack_shortlink":"https:\/\/wp.me\/P3sI4a-19g","jetpack_sharing_enabled":true,"_links":{"self":[{"href":"https:\/\/lubosluka.com\/de\/wp-json\/wp\/v2\/pages\/4418","targetHints":{"allow":["GET"]}}],"collection":[{"href":"https:\/\/lubosluka.com\/de\/wp-json\/wp\/v2\/pages"}],"about":[{"href":"https:\/\/lubosluka.com\/de\/wp-json\/wp\/v2\/types\/page"}],"author":[{"embeddable":true,"href":"https:\/\/lubosluka.com\/de\/wp-json\/wp\/v2\/users\/6"}],"replies":[{"embeddable":true,"href":"https:\/\/lubosluka.com\/de\/wp-json\/wp\/v2\/comments?post=4418"}],"version-history":[{"count":0,"href":"https:\/\/lubosluka.com\/de\/wp-json\/wp\/v2\/pages\/4418\/revisions"}],"wp:attachment":[{"href":"https:\/\/lubosluka.com\/de\/wp-json\/wp\/v2\/media?parent=4418"}],"curies":[{"name":"wp","href":"https:\/\/api.w.org\/{rel}","templated":true}]}}