{"id":7990,"date":"2014-02-17T21:05:38","date_gmt":"2014-02-17T20:05:38","guid":{"rendered":"https:\/\/lubosluka.com\/bedingungen-und-konditionen\/"},"modified":"2014-02-17T21:05:38","modified_gmt":"2014-02-17T20:05:38","slug":"bedingungen-und-konditionen","status":"publish","type":"page","link":"https:\/\/lubosluka.com\/de\/bedingungen-und-konditionen\/","title":{"rendered":"Bedingungen und Konditionen"},"content":{"rendered":"<h2>1) ALLGEMEINE BESTIMMUNGEN<\/h2>\n<p>Mit einer verbindlichen Bestellung best\u00e4tigt der K\u00e4ufer, dass er die vom Verk\u00e4ufer bekannt gegebenen Bedingungen f\u00fcr die Lieferung von Waren akzeptiert. Die Beziehungen zwischen dem K\u00e4ufer und dem Verk\u00e4ufer werden durch diese Bedingungen geregelt, die auch f\u00fcr beide Parteien verbindlich sind. G\u00fcltigkeit der Allgemeinen Gesch\u00e4ftsbedingungen vom 1.&nbsp;1.&nbsp;2013<\/p>\n<h2>2) BESTELLUNG VON WAREN UND DIENSTLEISTUNGEN<\/h2>\n<p>Wir bieten Ihnen die M\u00f6glichkeit, von zu Hause aus einzukaufen, wo Sie rund um die Uhr einkaufen k\u00f6nnen. Sie k\u00f6nnen einfach und bequem \u00fcber den Warenkorb, telefonisch, per E-Mail oder schriftlich an unsere Adresse bestellen.<\/p>\n<p>Vertragsgegenstand ist nur die im Kaufvertrag &#8211; Bestellung &#8211; genannte Ware.<br \/>\nWir verpflichten uns, unseren Kunden nur Waren in einwandfreiem Zustand und in \u00dcbereinstimmung mit den f\u00fcr die Art der Ware \u00fcblichen Spezifikationen oder Eigenschaften zu liefern, die den in der Tschechischen Republik geltenden Normen, Vorschriften und Regelungen entsprechen.<\/p>\n<p>Voraussetzung f\u00fcr die G\u00fcltigkeit unserer elektronischen Bestellung ist das Ausf\u00fcllen aller erforderlichen Daten und Angaben, die im Bestellformular angegeben sind. Die Bestellung ist auch ein Vorschlag f\u00fcr einen Kaufvertrag, wobei der Kaufvertrag selbst erst durch die Lieferung der Ware zustande kommt. Zum Abschluss des Kaufvertrags ist eine f\u00f6rmliche Best\u00e4tigung der Bestellung durch den Verk\u00e4ufer erforderlich. In Einzelf\u00e4llen, insbesondere bei teureren Artikeln, beh\u00e4lt sich der Verk\u00e4ufer vor, den Vertrag durch eine pers\u00f6nliche oder telefonische Auftragsbest\u00e4tigung und eine finanzielle Anzahlung des K\u00e4ufers zustande zu bringen.<\/p>\n<p>Wenn die Ware dem Spediteur (Tschechische Post, GLS, Ulo\u017eenka) \u00fcbergeben wird und der Kunde sie nicht abnimmt, wird eine Geb\u00fchr f\u00fcr die entstandenen Kosten verlangt, genannt. Vertragsstrafe (Porto + Verpackung + Stornierung) in H\u00f6he von 150K\u010d (310K\u010d im Falle einer Sendung in die Slowakei). Bei Nichtabholung des Pakets in Ulo\u017eenka (pers\u00f6nliche Abholung) wird eine Geb\u00fchr von 50,-CZK erhoben.<\/p>\n<p> <strong> HINWEIS:<\/strong> Jede Bestellung ist verbindlich (B\u00fcrgerliches Gesetzbuch \u00a7 1724 -1730, Gesetz Nr. 89\/2012 Slg.) gem\u00e4\u00df unseren allgemeinen Gesch\u00e4ftsbedingungen. Wird eine per Nachnahme versandte Bestellung vom Kunden nicht angenommen, verlangen wir die Zahlung der Kosten f\u00fcr den Versand der Ware und eine Bearbeitungsgeb\u00fchr (sog. Vertragsstrafe) von bis zu 350 CZK. Mit dem Absenden Ihrer Bestellung erkl\u00e4ren Sie sich mit unseren Allgemeinen Gesch\u00e4ftsbedingungen und der Vertragsstrafe in dieser H\u00f6he einverstanden. Bitte beachten Sie, dass alle ausstehenden Forderungen (unbezahlte Vertragsstrafen) einschlie\u00dflich aller damit verbundenen Kosten eingezogen werden. Au\u00dferdem lassen wir Sie als Schuldner in das Zentrale Schuldnerverzeichnis eintragen. Ich danke Ihnen f\u00fcr Ihr Verst\u00e4ndnis.<\/p>\n<h2>3) AUFTRAGSBEST\u00c4TIGUNG<\/h2>\n<p>Die Bestellung geht innerhalb von 24 Stunden ein, die Auftragsbest\u00e4tigung wird Ihnen per E-Mail zugesandt, auch \u00fcber den Versand werden Sie per E-Mail informiert. Wenn Sie sich nicht sicher sind, werden wir Sie selbstverst\u00e4ndlich kontaktieren.<\/p>\n<h2>4) STORNIERUNG DER BESTELLUNG<\/h2>\n<p>Sie k\u00f6nnen jede Bestellung innerhalb von 2 Stunden telefonisch oder per E-Mail ohne Angabe von Gr\u00fcnden stornieren. Geben Sie einfach Ihren Namen, Ihre E-Mail-Adresse und eine Beschreibung der bestellten Waren oder Dienstleistungen an. Im Falle einer Stornierung nach mehr als 2 Stunden kann der eShop eine Stornogeb\u00fchr von 150,- verlangen.<\/p>\n<h2>5) VERPACKUNG UND VERSAND, BEZAHLUNG<\/h2>\n<p>Wir senden Ihnen die bestellte Ware mit der Tschechischen Post oder mit unserem eigenen Transport. Die Bezahlung erfolgt per Nachnahme, Online-Zahlung oder Vorauskasse auf unser Konto. F\u00fcr aktuelle Transport- und Zahlungsm\u00f6glichkeiten klicken Sie bitte hier.<\/p>\n<h2>6) LIEFERFRIST<\/h2>\n<p>Die Lieferzeit betr\u00e4gt 2 &#8211; 21 Tage, sofern nicht anders angegeben. Waren, die als vorr\u00e4tig gekennzeichnet sind, werden innerhalb von 24 Stunden versandt (ausgenommen Wochenenden und Feiertage, eventuelle Ferien, die auf unserer Website angegeben sind). Weiterleitung bedeutet die \u00dcbergabe der Waren an den Frachtf\u00fchrer. Die Lieferzeit h\u00e4ngt von der gew\u00e4hlten Transportart oder dem Ort der pers\u00f6nlichen Abholung ab.<\/p>\n<h2>7) AUSTAUSCH VON WAREN<\/h2>\n<p>Gegebenenfalls tauschen wir unbenutzte und unbesch\u00e4digte Ware gegen einen anderen Typ aus. Senden Sie die Ware einfach per Einschreiben (nicht per Nachnahme) an unsere Adresse zusammen mit der Originalrechnung. Der K\u00e4ufer tr\u00e4gt die vollen Kosten f\u00fcr den Umtausch.<\/p>\n<h2>8) R\u00dcCKERSTATTUNGEN<\/h2>\n<p>Sie haben Anspruch auf eine vollst\u00e4ndige R\u00fcckerstattung innerhalb von 14 Tagen nach Erhalt des Pakets. Senden Sie die Ware einfach per Einschreiben (nicht per Nachnahme) an unsere Adresse, zusammen mit der Originalrechnung und der Kontonummer, auf die der Betrag \u00fcberwiesen werden soll.<\/p>\n<h2>9) ANSPR\u00dcCHE UND GARANTIE<\/h2>\n<p>Wir werden alle Anspr\u00fcche in individueller Absprache mit Ihnen und in \u00dcbereinstimmung mit dem geltenden Recht zu Ihrer Zufriedenheit regeln. Der K\u00e4ufer ist verpflichtet, die Ware nach der \u00dcbernahme zu pr\u00fcfen, um eventuelle M\u00e4ngel und Sch\u00e4den festzustellen. Der K\u00e4ufer ist verpflichtet, etwaige M\u00e4ngel unverz\u00fcglich an unser Unternehmen zu melden. Wir sind nicht verantwortlich f\u00fcr M\u00e4ngel, die durch den Spediteur verursacht werden.<br \/>\nF\u00fcr alle Waren gilt, sofern nicht anders angegeben, eine gesetzliche Frist von 24 Monaten. Die Garantie deckt nur Herstellungsfehler ab.<br \/>\nDie Garantie deckt nicht ab:<br \/>\n(a) M\u00e4ngel, die bei normalem Gebrauch auftreten<br \/>\n(b) missbr\u00e4uchliche Verwendung des Produkts<br \/>\n(c) unsachgem\u00e4\u00dfe Lagerung<\/p>\n<h3>BESCHWERDEVERFAHREN:<\/h3>\n<p>1) uns telefonisch, per E-Mail oder schriftlich \u00fcber die Beschwerde zu informieren<br \/>\n2) die Ware als eingeschriebenes Paket (nicht per Nachnahme) an unsere Adresse schicken<br \/>\n3) Geben Sie den Grund f\u00fcr die Beschwerde und Ihre Adresse an<br \/>\n4) Nachweis \u00fcber den Kauf der reklamierten Waren in unserem Gesch\u00e4ft<br \/>\nWir werden Ihre Reklamation so schnell wie m\u00f6glich bearbeiten, sp\u00e4testens jedoch 30 Tage nach ihrem Auftreten, d.h. nach \u00dcbernahme der Ware durch unser Unternehmen. Bei l\u00e4ngeren Beschwerden wie z. B.. Laptops, werden wir Sie unverz\u00fcglich \u00fcber den Stand der Beschwerde informieren.<\/p>\n<h3>Gesetze und Vorschriften:<\/h3>\n<p>&#8211; Gesetz Nr. 455\/1991 Slg. \u00fcber das Handelsgesch\u00e4ft<br \/>\n&#8211; Gesetz Nr. 89\/2012 Slg., Zivilgesetzbuch<br \/>\n&#8211; Nein. \u010d. 101\/2000 Slg. zum Schutz personenbezogener Daten<\/p>\n","protected":false},"excerpt":{"rendered":"<p>1) ALLGEMEINE BESTIMMUNGEN Mit einer verbindlichen Bestellung best\u00e4tigt der K\u00e4ufer, dass er die vom Verk\u00e4ufer bekannt gegebenen Bedingungen f\u00fcr die Lieferung von Waren akzeptiert. Die Beziehungen zwischen dem K\u00e4ufer und dem Verk\u00e4ufer werden durch diese Bedingungen geregelt, die auch f\u00fcr &hellip; <a href=\"https:\/\/lubosluka.com\/de\/bedingungen-und-konditionen\/\">Continue reading <span class=\"meta-nav\">&rarr;<\/span><\/a><\/p>\n","protected":false},"author":6,"featured_media":0,"parent":0,"menu_order":0,"comment_status":"closed","ping_status":"open","template":"sidebar-page.php","meta":{"jetpack_post_was_ever_published":false,"footnotes":""},"class_list":["post-7990","page","type-page","status-publish","hentry"],"yoast_head":"<!-- This site is optimized with the Yoast SEO plugin v25.1 - https:\/\/yoast.com\/wordpress\/plugins\/seo\/ -->\n<title>Bedingungen und Konditionen | Lubo\u0161 Sluka<\/title>\n<meta name=\"robots\" content=\"index, follow, max-snippet:-1, max-image-preview:large, max-video-preview:-1\" \/>\n<link rel=\"canonical\" href=\"https:\/\/lubosluka.com\/de\/bedingungen-und-konditionen\/\" \/>\n<meta property=\"og:locale\" content=\"de_DE\" \/>\n<meta property=\"og:type\" content=\"article\" \/>\n<meta property=\"og:title\" content=\"Bedingungen und Konditionen | Lubo\u0161 Sluka\" \/>\n<meta property=\"og:description\" content=\"1) ALLGEMEINE BESTIMMUNGEN Mit einer verbindlichen Bestellung best\u00e4tigt der K\u00e4ufer, dass er die vom Verk\u00e4ufer bekannt gegebenen Bedingungen f\u00fcr die Lieferung von Waren akzeptiert. Die Beziehungen zwischen dem K\u00e4ufer und dem Verk\u00e4ufer werden durch diese Bedingungen geregelt, die auch f\u00fcr &hellip; Continue reading &rarr;\" \/>\n<meta property=\"og:url\" content=\"https:\/\/lubosluka.com\/de\/bedingungen-und-konditionen\/\" \/>\n<meta property=\"og:site_name\" content=\"Lubo\u0161 Sluka\" \/>\n<meta name=\"twitter:label1\" content=\"Gesch\u00e4tzte Lesezeit\" \/>\n\t<meta name=\"twitter:data1\" content=\"5\u00a0Minuten\" \/>\n<script type=\"application\/ld+json\" class=\"yoast-schema-graph\">{\"@context\":\"https:\/\/schema.org\",\"@graph\":[{\"@type\":\"WebPage\",\"@id\":\"https:\/\/lubosluka.com\/de\/bedingungen-und-konditionen\/\",\"url\":\"https:\/\/lubosluka.com\/de\/bedingungen-und-konditionen\/\",\"name\":\"Bedingungen und Konditionen | Lubo\u0161 Sluka\",\"isPartOf\":{\"@id\":\"https:\/\/lubosluka.com\/de\/#website\"},\"datePublished\":\"2014-02-17T20:05:38+00:00\",\"breadcrumb\":{\"@id\":\"https:\/\/lubosluka.com\/de\/bedingungen-und-konditionen\/#breadcrumb\"},\"inLanguage\":\"de\",\"potentialAction\":[{\"@type\":\"ReadAction\",\"target\":[\"https:\/\/lubosluka.com\/de\/bedingungen-und-konditionen\/\"]}]},{\"@type\":\"BreadcrumbList\",\"@id\":\"https:\/\/lubosluka.com\/de\/bedingungen-und-konditionen\/#breadcrumb\",\"itemListElement\":[{\"@type\":\"ListItem\",\"position\":1,\"name\":\"Editio Musica Humana\",\"item\":\"https:\/\/lubosluka.com\/de\/editio-musica-humana\/\"},{\"@type\":\"ListItem\",\"position\":2,\"name\":\"Bedingungen und Konditionen\"}]},{\"@type\":\"WebSite\",\"@id\":\"https:\/\/lubosluka.com\/de\/#website\",\"url\":\"https:\/\/lubosluka.com\/de\/\",\"name\":\"Lubo\u0161 Sluka\",\"description\":\"hudebn\u00ed skladatel\",\"potentialAction\":[{\"@type\":\"SearchAction\",\"target\":{\"@type\":\"EntryPoint\",\"urlTemplate\":\"https:\/\/lubosluka.com\/de\/?s={search_term_string}\"},\"query-input\":{\"@type\":\"PropertyValueSpecification\",\"valueRequired\":true,\"valueName\":\"search_term_string\"}}],\"inLanguage\":\"de\"}]}<\/script>\n<!-- \/ Yoast SEO plugin. -->","yoast_head_json":{"title":"Bedingungen und Konditionen | Lubo\u0161 Sluka","robots":{"index":"index","follow":"follow","max-snippet":"max-snippet:-1","max-image-preview":"max-image-preview:large","max-video-preview":"max-video-preview:-1"},"canonical":"https:\/\/lubosluka.com\/de\/bedingungen-und-konditionen\/","og_locale":"de_DE","og_type":"article","og_title":"Bedingungen und Konditionen | Lubo\u0161 Sluka","og_description":"1) ALLGEMEINE BESTIMMUNGEN Mit einer verbindlichen Bestellung best\u00e4tigt der K\u00e4ufer, dass er die vom Verk\u00e4ufer bekannt gegebenen Bedingungen f\u00fcr die Lieferung von Waren akzeptiert. Die Beziehungen zwischen dem K\u00e4ufer und dem Verk\u00e4ufer werden durch diese Bedingungen geregelt, die auch f\u00fcr &hellip; Continue reading &rarr;","og_url":"https:\/\/lubosluka.com\/de\/bedingungen-und-konditionen\/","og_site_name":"Lubo\u0161 Sluka","twitter_misc":{"Gesch\u00e4tzte Lesezeit":"5\u00a0Minuten"},"schema":{"@context":"https:\/\/schema.org","@graph":[{"@type":"WebPage","@id":"https:\/\/lubosluka.com\/de\/bedingungen-und-konditionen\/","url":"https:\/\/lubosluka.com\/de\/bedingungen-und-konditionen\/","name":"Bedingungen und Konditionen | Lubo\u0161 Sluka","isPartOf":{"@id":"https:\/\/lubosluka.com\/de\/#website"},"datePublished":"2014-02-17T20:05:38+00:00","breadcrumb":{"@id":"https:\/\/lubosluka.com\/de\/bedingungen-und-konditionen\/#breadcrumb"},"inLanguage":"de","potentialAction":[{"@type":"ReadAction","target":["https:\/\/lubosluka.com\/de\/bedingungen-und-konditionen\/"]}]},{"@type":"BreadcrumbList","@id":"https:\/\/lubosluka.com\/de\/bedingungen-und-konditionen\/#breadcrumb","itemListElement":[{"@type":"ListItem","position":1,"name":"Editio Musica Humana","item":"https:\/\/lubosluka.com\/de\/editio-musica-humana\/"},{"@type":"ListItem","position":2,"name":"Bedingungen und Konditionen"}]},{"@type":"WebSite","@id":"https:\/\/lubosluka.com\/de\/#website","url":"https:\/\/lubosluka.com\/de\/","name":"Lubo\u0161 Sluka","description":"hudebn\u00ed skladatel","potentialAction":[{"@type":"SearchAction","target":{"@type":"EntryPoint","urlTemplate":"https:\/\/lubosluka.com\/de\/?s={search_term_string}"},"query-input":{"@type":"PropertyValueSpecification","valueRequired":true,"valueName":"search_term_string"}}],"inLanguage":"de"}]}},"jetpack_shortlink":"https:\/\/wp.me\/P3sI4a-24S","jetpack_sharing_enabled":true,"_links":{"self":[{"href":"https:\/\/lubosluka.com\/de\/wp-json\/wp\/v2\/pages\/7990","targetHints":{"allow":["GET"]}}],"collection":[{"href":"https:\/\/lubosluka.com\/de\/wp-json\/wp\/v2\/pages"}],"about":[{"href":"https:\/\/lubosluka.com\/de\/wp-json\/wp\/v2\/types\/page"}],"author":[{"embeddable":true,"href":"https:\/\/lubosluka.com\/de\/wp-json\/wp\/v2\/users\/6"}],"replies":[{"embeddable":true,"href":"https:\/\/lubosluka.com\/de\/wp-json\/wp\/v2\/comments?post=7990"}],"version-history":[{"count":0,"href":"https:\/\/lubosluka.com\/de\/wp-json\/wp\/v2\/pages\/7990\/revisions"}],"wp:attachment":[{"href":"https:\/\/lubosluka.com\/de\/wp-json\/wp\/v2\/media?parent=7990"}],"curies":[{"name":"wp","href":"https:\/\/api.w.org\/{rel}","templated":true}]}}