{"id":8059,"date":"2024-01-07T10:30:32","date_gmt":"2024-01-07T09:30:32","guid":{"rendered":"https:\/\/lubosluka.com\/datenschutzbestimmungen\/"},"modified":"2024-03-08T17:31:12","modified_gmt":"2024-03-08T16:31:12","slug":"datenschutzbestimmungen","status":"publish","type":"page","link":"https:\/\/lubosluka.com\/de\/datenschutzbestimmungen\/","title":{"rendered":"Datenschutzbestimmungen"},"content":{"rendered":"<h2 class=\"wp-block-heading\">Wer wir sind<\/h2><p>Unsere Internetadresse lautet: https:\/\/lubosluka.com.<\/p><h2 class=\"wp-block-heading\">Kommentare<\/h2><p>Wenn Besucher einen Kommentar auf dieser Website abgeben, werden die im Kommentarformular angezeigten Daten sowie die IP-Adresse des Besuchers und der User-Agent-String, der den Browser definiert, erfasst, was zur Erkennung von Spam beitr\u00e4gt.<\/p><p>Dem Gravatar-Dienst kann eine anonyme Zeichenfolge aus Ihrer E-Mail-Adresse (auch Hash genannt) zur Verf\u00fcgung gestellt werden, mit der festgestellt werden kann, ob Sie den Dienst nutzen. Die Datenschutzbestimmungen von Gravatar finden Sie hier: https:\/\/automattic.com\/privacy\/. Sobald Ihr Kommentar genehmigt wurde, ist Ihr Profilbild im Kontext Ihres Kommentars f\u00fcr die \u00d6ffentlichkeit sichtbar.<\/p><h2 class=\"wp-block-heading\">Medien<\/h2><p>Wenn Sie Bilder auf diese Website hochladen, sollten Sie das Hochladen von Bildern mit eingebetteten Standortdaten (EXIF-GPS) vermeiden. Die Besucher der Website k\u00f6nnen alle Standortdaten von den Bildern auf der Website herunterladen und anzeigen.<\/p><h2 class=\"wp-block-heading\">Cookies<\/h2><p>Wenn Sie einen Kommentar auf unserer Website abgeben, k\u00f6nnen Sie der Speicherung Ihres Namens, Ihrer E-Mail-Adresse und Ihrer Website in Cookies zustimmen. Auf diese Weise versuchen wir, Ihre Bequemlichkeit zu erh\u00f6hen. Wenn Sie einen neuen Kommentar abgeben, m\u00fcssen Sie die Informationen nicht erneut ausf\u00fcllen. Diese Cookies haben eine Lebensdauer von einem Jahr.<\/p><p>Wenn Sie unsere Anmeldeseite besuchen, setzen wir tempor\u00e4re Cookies, um zu pr\u00fcfen, ob Ihr Browser Cookies akzeptiert. Dieses Cookie enth\u00e4lt keine pers\u00f6nlichen Daten und wird gel\u00f6scht, wenn Sie Ihren Browser schlie\u00dfen.<\/p><p>Wenn Sie sich anmelden, setzen wir auch eine Reihe von Cookies, um Ihre Anmeldedaten zu speichern und Ihre Bildschirmanzeige einzustellen. Login-Cookies haben eine Lebensdauer von zwei Tagen und Display-Cookies haben eine Lebensdauer von einem Jahr. Wenn Sie die Option &#8222;Angemeldet bleiben&#8220; best\u00e4tigen, dauert Ihre Anmeldung zwei Wochen. Wenn Sie sich von Ihrem Konto abmelden, werden die Anmelde-Cookies entfernt.<\/p><p>Wenn Sie einen Artikel bearbeiten oder ver\u00f6ffentlichen, wird ein zus\u00e4tzliches Cookie in Ihrem Browser gespeichert. Dieser Cookie enth\u00e4lt keine pers\u00f6nlichen Daten, sondern zeigt lediglich die ID des Beitrags an, den Sie gerade bearbeitet haben. Er verf\u00e4llt nach 1 Tag.<\/p><h2 class=\"wp-block-heading\">Eingebettete Inhalte von anderen Websites<\/h2><p>Die Beitr\u00e4ge auf dieser Website k\u00f6nnen eingebettete Inhalte (wie Videos, Bilder, Artikel usw.) enthalten. Eingebettete Inhalte von anderen Websites verhalten sich so, als ob der Besucher eine andere Website besucht h\u00e4tte.<\/p><p>Diese Website kann Daten \u00fcber Sie sammeln, Cookies verwenden, zus\u00e4tzliche Verfolgungen von Dritten einbetten und Ihre Interaktion mit diesen eingebetteten Inhalten verfolgen, einschlie\u00dflich der Verfolgung Ihrer Interaktion mit eingebetteten Inhalten, wenn Sie ein Konto haben und bei der Website angemeldet sind.<\/p><h2 class=\"wp-block-heading\">Mit wem wir Ihre Daten teilen<\/h2><p>Wenn Sie eine Passwortr\u00fccksetzung anfordern, wird Ihre IP-Adresse in der E-Mail zur Passwortr\u00fccksetzung angegeben.<\/p><h2 class=\"wp-block-heading\">Wie lange wir Ihre Daten aufbewahren<\/h2><p>Wenn Sie einen Kommentar hinzuf\u00fcgen, werden der Kommentar und seine Metadaten auf unbestimmte Zeit gespeichert. Die Daten werden gespeichert, um alle nachfolgenden Kommentare automatisch zu erkennen und zu genehmigen, anstatt sie in der Moderationswarteschlange zu halten.<\/p><p>Bei Nutzern, die sich auf dieser Website registrieren (sofern sie diese M\u00f6glichkeit haben), speichern wir auch die von ihnen angegebenen personenbezogenen Daten in ihrem Nutzerprofil. Alle Nutzer k\u00f6nnen ihre pers\u00f6nlichen Daten jederzeit einsehen, bearbeiten oder l\u00f6schen (au\u00dfer dass sie ihren Benutzernamen nicht \u00e4ndern k\u00f6nnen). Auch Website-Administratoren k\u00f6nnen diese Informationen einsehen und bearbeiten.<\/p><h2 class=\"wp-block-heading\">Welche Rechte haben Sie?<\/h2><p>Wenn Sie ein Konto auf dieser Website haben oder hier Kommentare gepostet haben, k\u00f6nnen Sie eine Exportdatei der personenbezogenen Daten anfordern, die wir \u00fcber Sie gespeichert haben, einschlie\u00dflich aller Daten, die Sie uns zur Verf\u00fcgung gestellt haben. Sie k\u00f6nnen auch die L\u00f6schung aller personenbezogenen Daten verlangen, die wir \u00fcber Sie gespeichert haben. Diese Option umfasst keine Daten, die wir aus administrativen, rechtlichen oder Sicherheitsgr\u00fcnden aufbewahren m\u00fcssen.<\/p><h2 class=\"wp-block-heading\">Wohin Ihre Daten gesendet werden<\/h2><p><strong class=\"privacy-policy-tutorial\">Vorgeschlagener Text: <\/strong>Besucherkommentare k\u00f6nnen von einem automatischen Spam-Erkennungsdienst \u00fcberpr\u00fcft werden, der sich im Ausland befinden kann.<\/p><p>Wir sammeln Informationen \u00fcber Sie, w\u00e4hrend Sie Ihre Bestellung in unserem E-Shop abschlie\u00dfen.<\/p><h2 class=\"wp-block-heading\">Welche Daten wir sammeln und speichern<\/h2><p>W\u00e4hrend Ihres Besuchs auf unserer Website werden wir \u00fcberwachen:<\/p><ul class=\"wp-block-list\"><li>Bereits angesehene Produkte: Wir k\u00f6nnen diese Informationen nutzen, um bereits angesehene Produkte anzuzeigen.<\/li>\n\n<li>Standort, IP-Adresse und Browser-Typ: Wir verwenden diese Daten zum Beispiel. zur Berechnung von Steuern und Porto<\/li>\n\n<li>Lieferanschrift: Wir bitten Sie, diese Angaben zur vorl\u00e4ufigen Berechnung des Versandpreises einzugeben, bevor Sie eine Bestellung aufgeben und die Ware an Sie versandt wird!<\/li><\/ul><p>Wir verwenden Cookies auch, um den Inhalt Ihres Warenkorbs zu speichern, w\u00e4hrend Sie auf unserer Website surfen.<\/p><p>Hinweis: M\u00f6glicherweise m\u00f6chten Sie die Cookie-Richtlinie detaillierter festlegen und auf diesen Abschnitt verweisen.<\/p><p>Wenn Sie bei uns einkaufen, fragen wir Sie nach Informationen wie Ihrem Namen, Ihrer Rechnungsadresse, Ihrer Lieferadresse, Ihrer E-Mail-Adresse, Ihrer Telefonnummer, Ihren Kreditkarten-\/Zahlungsinformationen sowie nach optionalen Kontoinformationen wie Benutzername und Passwort. Diese Informationen werden verwendet, damit wir zum Beispiel:<\/p><ul class=\"wp-block-list\"><li>Senden Sie Ihre Konto- und Bestellinformationen<\/li>\n\n<li>Beantwortung Ihrer Anfragen, einschlie\u00dflich Erstattungen und Reklamationen<\/li>\n\n<li>Zahlungen verarbeiten und Betrug verhindern<\/li>\n\n<li>Richten Sie Ihr Konto in unserem Shop ein<\/li>\n\n<li>Erf\u00fcllung der f\u00fcr uns geltenden gesetzlichen Verpflichtungen, wie z. B. die Berechnung von Steuern<\/li>\n\n<li>Verbesserung des Angebots in unseren Gesch\u00e4ften<\/li>\n\n<li>Versenden von Marketingnachrichten, wenn Sie sich daf\u00fcr entscheiden, diese zu abonnieren<\/li><\/ul><p>Wenn Sie ein Konto anlegen, speichern wir Ihren Namen, Ihre Adresse, Ihre E-Mail-Adresse und Ihre Telefonnummer, um sie in Zukunft f\u00fcr die Bef\u00fcllung der Kassenseite zu verwenden.<\/p><p>In der Regel bewahren wir Ihre Daten so lange auf, wie wir sie f\u00fcr die Zwecke, f\u00fcr die wir sie erheben und verwenden, ben\u00f6tigen, bzw. wie wir verpflichtet sind, sie aufzubewahren. Zum Beispiel bewahren wir Bestelldaten f\u00fcr Steuer- und Buchhaltungszwecke 10 Jahre lang auf. Zu diesen Daten geh\u00f6ren Ihr Name, Ihre E-Mail-Adresse sowie Ihre Rechnungs- und Lieferadresse.<\/p><p>Wir werden auch Kommentare oder Bewertungen aufbewahren, wenn Sie diese ver\u00f6ffentlichen m\u00f6chten.<\/p><h2 class=\"wp-block-heading\">Wer in unserem Team hat Zugang<\/h2><p>Die Mitglieder unseres Teams haben Zugang zu den Informationen, die Sie uns zur Verf\u00fcgung stellen. Zum Beispiel haben sowohl Administratoren als auch Filialleiter Zugriff darauf:<\/p><ul class=\"wp-block-list\"><li>Bestellinformationen, z. B. was gekauft wurde, wann es gekauft wurde und wohin die Waren geschickt werden sollen, und<\/li>\n\n<li>Kundeninformationen wie Ihr Name, Ihre E-Mail-Adresse, Rechnungs- und Lieferadresse.<\/li><\/ul><p>Unsere Teammitglieder haben Zugang zu diesen Informationen, um Bestellungen und R\u00fcckerstattungen zu bearbeiten und Kundensupport zu leisten.<\/p><h2 class=\"wp-block-heading\">Was wir mit anderen teilen<\/h2><p>Wir geben Informationen an Dritte weiter, um uns bei der Bearbeitung Ihrer Bestellungen und der Erbringung unserer Dienstleistungen zu unterst\u00fctzen, wie z.B. &#8212;<\/p><h2 class=\"wp-block-heading\">Zahlungen<\/h2><p>Wir akzeptieren Zahlungen \u00fcber PayPal. Bei der Abwicklung einer Zahlung werden einige Ihrer Daten an PayPal weitergegeben, darunter auch Informationen, die f\u00fcr die Abwicklung oder Unterst\u00fctzung der Zahlung erforderlich sind, wie z. B. Informationen \u00fcber den Gesamtbetrag des Verkaufs oder Rechnungsinformationen.<\/p><p>Weitere Informationen finden Sie in den <a href=\"https:\/\/www.paypal.com\/us\/webapps\/mpp\/ua\/privacy-full\">PayPal-Datenschutzbestimmungen<\/a>.<\/p><h2 class=\"wp-block-heading\">WPML<\/h2><p>WPML verwendet Cookies, um die aktuelle Sprache des Besuchers, die zuletzt besuchte Sprache und die Sprache der eingeloggten Benutzer zu identifizieren.<\/p><p>W\u00e4hrend Sie das Plugin verwenden, gibt WPML \u00fcber den Installer Daten \u00fcber die Website weiter. Die Daten des Nutzers selbst werden nicht weitergegeben.<\/p>","protected":false},"excerpt":{"rendered":"<p>Wer wir sind Unsere Internetadresse lautet: https:\/\/lubosluka.com. Kommentare Wenn Besucher einen Kommentar auf dieser Website abgeben, werden die im Kommentarformular angezeigten Daten sowie die IP-Adresse des Besuchers und der User-Agent-String, der den Browser definiert, erfasst, was zur Erkennung von Spam &hellip; <a href=\"https:\/\/lubosluka.com\/de\/datenschutzbestimmungen\/\">Continue reading <span class=\"meta-nav\">&rarr;<\/span><\/a><\/p>\n","protected":false},"author":6,"featured_media":0,"parent":0,"menu_order":0,"comment_status":"closed","ping_status":"closed","template":"","meta":{"jetpack_post_was_ever_published":false,"footnotes":""},"class_list":["post-8059","page","type-page","status-publish","hentry"],"yoast_head":"<!-- This site is optimized with the Yoast SEO plugin v25.1 - https:\/\/yoast.com\/wordpress\/plugins\/seo\/ -->\n<title>Datenschutzbestimmungen | Lubo\u0161 Sluka<\/title>\n<meta name=\"robots\" content=\"index, follow, max-snippet:-1, max-image-preview:large, max-video-preview:-1\" \/>\n<link rel=\"canonical\" href=\"https:\/\/lubosluka.com\/de\/datenschutzbestimmungen\/\" \/>\n<meta property=\"og:locale\" content=\"de_DE\" \/>\n<meta property=\"og:type\" content=\"article\" \/>\n<meta property=\"og:title\" content=\"Datenschutzbestimmungen | Lubo\u0161 Sluka\" \/>\n<meta property=\"og:description\" content=\"Wer wir sind Unsere Internetadresse lautet: https:\/\/lubosluka.com. Kommentare Wenn Besucher einen Kommentar auf dieser Website abgeben, werden die im Kommentarformular angezeigten Daten sowie die IP-Adresse des Besuchers und der User-Agent-String, der den Browser definiert, erfasst, was zur Erkennung von Spam &hellip; Continue reading &rarr;\" \/>\n<meta property=\"og:url\" content=\"https:\/\/lubosluka.com\/de\/datenschutzbestimmungen\/\" \/>\n<meta property=\"og:site_name\" content=\"Lubo\u0161 Sluka\" \/>\n<meta property=\"article:modified_time\" content=\"2024-03-08T16:31:12+00:00\" \/>\n<meta name=\"twitter:label1\" content=\"Gesch\u00e4tzte Lesezeit\" \/>\n\t<meta name=\"twitter:data1\" content=\"6\u00a0Minuten\" \/>\n<script type=\"application\/ld+json\" class=\"yoast-schema-graph\">{\"@context\":\"https:\/\/schema.org\",\"@graph\":[{\"@type\":\"WebPage\",\"@id\":\"https:\/\/lubosluka.com\/de\/datenschutzbestimmungen\/\",\"url\":\"https:\/\/lubosluka.com\/de\/datenschutzbestimmungen\/\",\"name\":\"Datenschutzbestimmungen | Lubo\u0161 Sluka\",\"isPartOf\":{\"@id\":\"https:\/\/lubosluka.com\/de\/#website\"},\"datePublished\":\"2024-01-07T09:30:32+00:00\",\"dateModified\":\"2024-03-08T16:31:12+00:00\",\"breadcrumb\":{\"@id\":\"https:\/\/lubosluka.com\/de\/datenschutzbestimmungen\/#breadcrumb\"},\"inLanguage\":\"de\",\"potentialAction\":[{\"@type\":\"ReadAction\",\"target\":[\"https:\/\/lubosluka.com\/de\/datenschutzbestimmungen\/\"]}]},{\"@type\":\"BreadcrumbList\",\"@id\":\"https:\/\/lubosluka.com\/de\/datenschutzbestimmungen\/#breadcrumb\",\"itemListElement\":[{\"@type\":\"ListItem\",\"position\":1,\"name\":\"Editio Musica Humana\",\"item\":\"https:\/\/lubosluka.com\/de\/editio-musica-humana\/\"},{\"@type\":\"ListItem\",\"position\":2,\"name\":\"Datenschutzbestimmungen\"}]},{\"@type\":\"WebSite\",\"@id\":\"https:\/\/lubosluka.com\/de\/#website\",\"url\":\"https:\/\/lubosluka.com\/de\/\",\"name\":\"Lubo\u0161 Sluka\",\"description\":\"hudebn\u00ed skladatel\",\"potentialAction\":[{\"@type\":\"SearchAction\",\"target\":{\"@type\":\"EntryPoint\",\"urlTemplate\":\"https:\/\/lubosluka.com\/de\/?s={search_term_string}\"},\"query-input\":{\"@type\":\"PropertyValueSpecification\",\"valueRequired\":true,\"valueName\":\"search_term_string\"}}],\"inLanguage\":\"de\"}]}<\/script>\n<!-- \/ Yoast SEO plugin. -->","yoast_head_json":{"title":"Datenschutzbestimmungen | Lubo\u0161 Sluka","robots":{"index":"index","follow":"follow","max-snippet":"max-snippet:-1","max-image-preview":"max-image-preview:large","max-video-preview":"max-video-preview:-1"},"canonical":"https:\/\/lubosluka.com\/de\/datenschutzbestimmungen\/","og_locale":"de_DE","og_type":"article","og_title":"Datenschutzbestimmungen | Lubo\u0161 Sluka","og_description":"Wer wir sind Unsere Internetadresse lautet: https:\/\/lubosluka.com. Kommentare Wenn Besucher einen Kommentar auf dieser Website abgeben, werden die im Kommentarformular angezeigten Daten sowie die IP-Adresse des Besuchers und der User-Agent-String, der den Browser definiert, erfasst, was zur Erkennung von Spam &hellip; Continue reading &rarr;","og_url":"https:\/\/lubosluka.com\/de\/datenschutzbestimmungen\/","og_site_name":"Lubo\u0161 Sluka","article_modified_time":"2024-03-08T16:31:12+00:00","twitter_misc":{"Gesch\u00e4tzte Lesezeit":"6\u00a0Minuten"},"schema":{"@context":"https:\/\/schema.org","@graph":[{"@type":"WebPage","@id":"https:\/\/lubosluka.com\/de\/datenschutzbestimmungen\/","url":"https:\/\/lubosluka.com\/de\/datenschutzbestimmungen\/","name":"Datenschutzbestimmungen | Lubo\u0161 Sluka","isPartOf":{"@id":"https:\/\/lubosluka.com\/de\/#website"},"datePublished":"2024-01-07T09:30:32+00:00","dateModified":"2024-03-08T16:31:12+00:00","breadcrumb":{"@id":"https:\/\/lubosluka.com\/de\/datenschutzbestimmungen\/#breadcrumb"},"inLanguage":"de","potentialAction":[{"@type":"ReadAction","target":["https:\/\/lubosluka.com\/de\/datenschutzbestimmungen\/"]}]},{"@type":"BreadcrumbList","@id":"https:\/\/lubosluka.com\/de\/datenschutzbestimmungen\/#breadcrumb","itemListElement":[{"@type":"ListItem","position":1,"name":"Editio Musica Humana","item":"https:\/\/lubosluka.com\/de\/editio-musica-humana\/"},{"@type":"ListItem","position":2,"name":"Datenschutzbestimmungen"}]},{"@type":"WebSite","@id":"https:\/\/lubosluka.com\/de\/#website","url":"https:\/\/lubosluka.com\/de\/","name":"Lubo\u0161 Sluka","description":"hudebn\u00ed skladatel","potentialAction":[{"@type":"SearchAction","target":{"@type":"EntryPoint","urlTemplate":"https:\/\/lubosluka.com\/de\/?s={search_term_string}"},"query-input":{"@type":"PropertyValueSpecification","valueRequired":true,"valueName":"search_term_string"}}],"inLanguage":"de"}]}},"jetpack_shortlink":"https:\/\/wp.me\/P3sI4a-25Z","jetpack_sharing_enabled":true,"_links":{"self":[{"href":"https:\/\/lubosluka.com\/de\/wp-json\/wp\/v2\/pages\/8059","targetHints":{"allow":["GET"]}}],"collection":[{"href":"https:\/\/lubosluka.com\/de\/wp-json\/wp\/v2\/pages"}],"about":[{"href":"https:\/\/lubosluka.com\/de\/wp-json\/wp\/v2\/types\/page"}],"author":[{"embeddable":true,"href":"https:\/\/lubosluka.com\/de\/wp-json\/wp\/v2\/users\/6"}],"replies":[{"embeddable":true,"href":"https:\/\/lubosluka.com\/de\/wp-json\/wp\/v2\/comments?post=8059"}],"version-history":[{"count":1,"href":"https:\/\/lubosluka.com\/de\/wp-json\/wp\/v2\/pages\/8059\/revisions"}],"predecessor-version":[{"id":8064,"href":"https:\/\/lubosluka.com\/de\/wp-json\/wp\/v2\/pages\/8059\/revisions\/8064"}],"wp:attachment":[{"href":"https:\/\/lubosluka.com\/de\/wp-json\/wp\/v2\/media?parent=8059"}],"curies":[{"name":"wp","href":"https:\/\/api.w.org\/{rel}","templated":true}]}}