{"id":8251,"date":"2024-02-24T16:03:07","date_gmt":"2024-02-24T15:03:07","guid":{"rendered":"https:\/\/lubosluka.com\/prodej-not\/pastorels-fuer-mittlere-stimme-oder-doppelstimme-kinderchor-und-orgel-oder-klavier\/"},"modified":"2024-03-10T09:02:43","modified_gmt":"2024-03-10T08:02:43","slug":"pastorels-fuer-mittlere-stimme-oder-doppelstimme-kinderchor-und-orgel-oder-klavier","status":"publish","type":"product","link":"https:\/\/lubosluka.com\/de\/prodej-not\/pastorels-fuer-mittlere-stimme-oder-doppelstimme-kinderchor-und-orgel-oder-klavier\/","title":{"rendered":"PASTORELS f\u00fcr mittlere Stimme (oder Doppelstimme, Kinderchor) und Orgel (oder Klavier)"},"content":{"rendered":"<p>zu Texten der m\u00e4hrischen und tschechischen Volksdichtung f\u00fcr mittlere Stimme (oder zweistimmig, Kinderchor) und Orgel (oder Klavier)<\/p>\n<p>(2014)<\/p>\n<p>1.&nbsp;der Herr wird geboren 3<br \/>\n2. Sag mir, lieber Christus, der Herr 6<br \/>\n3.&nbsp;der Sohn Gottes ist uns geboren 8<br \/>\n4. In Bethlehem heute Maria 9<br \/>\n5. Kuku, kuku 11<br \/>\n6. Freut euch, freut euch! 12<br \/>\n7.&nbsp;hey, Puppe 14<\/p>\n<p>Durata ca. 21&#8217;40&#8220;<\/p>\n<p>26 Seiten<\/p>\n<p>ISMN 979-0-706554-05-1<\/p>\n","protected":false},"excerpt":{"rendered":"<p>zu Texten der m\u00e4hrischen und tschechischen Volksdichtung f\u00fcr mittlere Stimme (oder zweistimmig, Kinderchor) und Orgel (oder Klavier) (2014) 1.&nbsp;der Herr wird geboren 3&nbsp;2. Sag mir, lieber Christus, der Herr 6&nbsp;3.&nbsp;der Sohn Gottes ist uns geboren 8&nbsp;4. In &hellip; <a href=\"https:\/\/lubosluka.com\/de\/prodej-not\/pastorels-fuer-mittlere-stimme-oder-doppelstimme-kinderchor-und-orgel-oder-klavier\/\">Continue reading <span class=\"meta-nav\">&rarr;<\/span><\/a><\/p>\n","protected":false},"featured_media":7082,"template":"","meta":{"jetpack_post_was_ever_published":false,"jetpack_publicize_message":"","jetpack_publicize_feature_enabled":true,"jetpack_social_post_already_shared":true,"jetpack_social_options":{"image_generator_settings":{"template":"highway","enabled":false},"version":2}},"product_brand":[],"product_cat":[196,103,94],"product_tag":[],"class_list":{"0":"post-8251","1":"product","2":"type-product","3":"status-publish","4":"has-post-thumbnail","6":"product_cat-kinderchor","7":"product_cat-singen","8":"product_cat-spiritual-musik","10":"first","11":"instock","12":"shipping-taxable","13":"purchasable","14":"product-type-variable"},"jetpack_publicize_connections":[],"yoast_head":"<!-- This site is optimized with the Yoast SEO plugin v25.1 - https:\/\/yoast.com\/wordpress\/plugins\/seo\/ -->\n<title>PASTORELS f\u00fcr mittlere Stimme (oder Doppelstimme, Kinderchor) und Orgel (oder Klavier) | Lubo\u0161 Sluka<\/title>\n<meta name=\"robots\" content=\"index, follow, max-snippet:-1, max-image-preview:large, max-video-preview:-1\" \/>\n<link rel=\"canonical\" href=\"https:\/\/lubosluka.com\/de\/prodej-not\/pastorels-fuer-mittlere-stimme-oder-doppelstimme-kinderchor-und-orgel-oder-klavier\/\" \/>\n<meta property=\"og:locale\" content=\"de_DE\" \/>\n<meta property=\"og:type\" content=\"article\" \/>\n<meta property=\"og:title\" content=\"PASTORELS f\u00fcr mittlere Stimme (oder Doppelstimme, Kinderchor) und Orgel (oder Klavier) | Lubo\u0161 Sluka\" \/>\n<meta property=\"og:description\" content=\"zu Texten der m\u00e4hrischen und tschechischen Volksdichtung f\u00fcr mittlere Stimme (oder zweistimmig, Kinderchor) und Orgel (oder Klavier) (2014) 1.&nbsp;der Herr wird geboren 3 2. Sag mir, lieber Christus, der Herr 6 3.&nbsp;der Sohn Gottes ist uns geboren 8 4. In &hellip; Continue reading &rarr;\" \/>\n<meta property=\"og:url\" content=\"https:\/\/lubosluka.com\/de\/prodej-not\/pastorels-fuer-mittlere-stimme-oder-doppelstimme-kinderchor-und-orgel-oder-klavier\/\" \/>\n<meta property=\"og:site_name\" content=\"Lubo\u0161 Sluka\" \/>\n<meta property=\"article:modified_time\" content=\"2024-03-10T08:02:43+00:00\" \/>\n<meta property=\"og:image\" content=\"https:\/\/lubosluka.com\/wp-content\/uploads\/2024\/02\/0120_obalka.png\" \/>\n\t<meta property=\"og:image:width\" content=\"2486\" \/>\n\t<meta property=\"og:image:height\" content=\"3509\" \/>\n\t<meta property=\"og:image:type\" content=\"image\/png\" \/>\n<script type=\"application\/ld+json\" class=\"yoast-schema-graph\">{\"@context\":\"https:\/\/schema.org\",\"@graph\":[{\"@type\":\"WebPage\",\"@id\":\"https:\/\/lubosluka.com\/de\/prodej-not\/pastorels-fuer-mittlere-stimme-oder-doppelstimme-kinderchor-und-orgel-oder-klavier\/\",\"url\":\"https:\/\/lubosluka.com\/de\/prodej-not\/pastorels-fuer-mittlere-stimme-oder-doppelstimme-kinderchor-und-orgel-oder-klavier\/\",\"name\":\"PASTORELS f\u00fcr mittlere Stimme (oder Doppelstimme, Kinderchor) und Orgel (oder Klavier) | Lubo\u0161 Sluka\",\"isPartOf\":{\"@id\":\"https:\/\/lubosluka.com\/de\/#website\"},\"primaryImageOfPage\":{\"@id\":\"https:\/\/lubosluka.com\/de\/prodej-not\/pastorels-fuer-mittlere-stimme-oder-doppelstimme-kinderchor-und-orgel-oder-klavier\/#primaryimage\"},\"image\":{\"@id\":\"https:\/\/lubosluka.com\/de\/prodej-not\/pastorels-fuer-mittlere-stimme-oder-doppelstimme-kinderchor-und-orgel-oder-klavier\/#primaryimage\"},\"thumbnailUrl\":\"https:\/\/lubosluka.com\/wp-content\/uploads\/2024\/02\/0120_obalka.png\",\"datePublished\":\"2024-02-24T15:03:07+00:00\",\"dateModified\":\"2024-03-10T08:02:43+00:00\",\"breadcrumb\":{\"@id\":\"https:\/\/lubosluka.com\/de\/prodej-not\/pastorels-fuer-mittlere-stimme-oder-doppelstimme-kinderchor-und-orgel-oder-klavier\/#breadcrumb\"},\"inLanguage\":\"de\",\"potentialAction\":[{\"@type\":\"ReadAction\",\"target\":[\"https:\/\/lubosluka.com\/de\/prodej-not\/pastorels-fuer-mittlere-stimme-oder-doppelstimme-kinderchor-und-orgel-oder-klavier\/\"]}]},{\"@type\":\"ImageObject\",\"inLanguage\":\"de\",\"@id\":\"https:\/\/lubosluka.com\/de\/prodej-not\/pastorels-fuer-mittlere-stimme-oder-doppelstimme-kinderchor-und-orgel-oder-klavier\/#primaryimage\",\"url\":\"https:\/\/lubosluka.com\/wp-content\/uploads\/2024\/02\/0120_obalka.png\",\"contentUrl\":\"https:\/\/lubosluka.com\/wp-content\/uploads\/2024\/02\/0120_obalka.png\",\"width\":2486,\"height\":3509},{\"@type\":\"BreadcrumbList\",\"@id\":\"https:\/\/lubosluka.com\/de\/prodej-not\/pastorels-fuer-mittlere-stimme-oder-doppelstimme-kinderchor-und-orgel-oder-klavier\/#breadcrumb\",\"itemListElement\":[{\"@type\":\"ListItem\",\"position\":1,\"name\":\"Editio Musica Humana\",\"item\":\"https:\/\/lubosluka.com\/de\/editio-musica-humana\/\"},{\"@type\":\"ListItem\",\"position\":2,\"name\":\"Shop\",\"item\":\"https:\/\/lubosluka.com\/de\/shop\/\"},{\"@type\":\"ListItem\",\"position\":3,\"name\":\"Spiritual musik\",\"item\":\"https:\/\/lubosluka.com\/de\/note\/spiritual-musik\/\"},{\"@type\":\"ListItem\",\"position\":4,\"name\":\"PASTORELS f\u00fcr mittlere Stimme (oder Doppelstimme, Kinderchor) und Orgel (oder Klavier)\"}]},{\"@type\":\"WebSite\",\"@id\":\"https:\/\/lubosluka.com\/de\/#website\",\"url\":\"https:\/\/lubosluka.com\/de\/\",\"name\":\"Lubo\u0161 Sluka\",\"description\":\"hudebn\u00ed skladatel\",\"potentialAction\":[{\"@type\":\"SearchAction\",\"target\":{\"@type\":\"EntryPoint\",\"urlTemplate\":\"https:\/\/lubosluka.com\/de\/?s={search_term_string}\"},\"query-input\":{\"@type\":\"PropertyValueSpecification\",\"valueRequired\":true,\"valueName\":\"search_term_string\"}}],\"inLanguage\":\"de\"}]}<\/script>\n<!-- \/ Yoast SEO plugin. -->","yoast_head_json":{"title":"PASTORELS f\u00fcr mittlere Stimme (oder Doppelstimme, Kinderchor) und Orgel (oder Klavier) | Lubo\u0161 Sluka","robots":{"index":"index","follow":"follow","max-snippet":"max-snippet:-1","max-image-preview":"max-image-preview:large","max-video-preview":"max-video-preview:-1"},"canonical":"https:\/\/lubosluka.com\/de\/prodej-not\/pastorels-fuer-mittlere-stimme-oder-doppelstimme-kinderchor-und-orgel-oder-klavier\/","og_locale":"de_DE","og_type":"article","og_title":"PASTORELS f\u00fcr mittlere Stimme (oder Doppelstimme, Kinderchor) und Orgel (oder Klavier) | Lubo\u0161 Sluka","og_description":"zu Texten der m\u00e4hrischen und tschechischen Volksdichtung f\u00fcr mittlere Stimme (oder zweistimmig, Kinderchor) und Orgel (oder Klavier) (2014) 1.&nbsp;der Herr wird geboren 3 2. Sag mir, lieber Christus, der Herr 6 3.&nbsp;der Sohn Gottes ist uns geboren 8 4. In &hellip; Continue reading &rarr;","og_url":"https:\/\/lubosluka.com\/de\/prodej-not\/pastorels-fuer-mittlere-stimme-oder-doppelstimme-kinderchor-und-orgel-oder-klavier\/","og_site_name":"Lubo\u0161 Sluka","article_modified_time":"2024-03-10T08:02:43+00:00","og_image":[{"width":2486,"height":3509,"url":"https:\/\/lubosluka.com\/wp-content\/uploads\/2024\/02\/0120_obalka.png","type":"image\/png"}],"schema":{"@context":"https:\/\/schema.org","@graph":[{"@type":"WebPage","@id":"https:\/\/lubosluka.com\/de\/prodej-not\/pastorels-fuer-mittlere-stimme-oder-doppelstimme-kinderchor-und-orgel-oder-klavier\/","url":"https:\/\/lubosluka.com\/de\/prodej-not\/pastorels-fuer-mittlere-stimme-oder-doppelstimme-kinderchor-und-orgel-oder-klavier\/","name":"PASTORELS f\u00fcr mittlere Stimme (oder Doppelstimme, Kinderchor) und Orgel (oder Klavier) | Lubo\u0161 Sluka","isPartOf":{"@id":"https:\/\/lubosluka.com\/de\/#website"},"primaryImageOfPage":{"@id":"https:\/\/lubosluka.com\/de\/prodej-not\/pastorels-fuer-mittlere-stimme-oder-doppelstimme-kinderchor-und-orgel-oder-klavier\/#primaryimage"},"image":{"@id":"https:\/\/lubosluka.com\/de\/prodej-not\/pastorels-fuer-mittlere-stimme-oder-doppelstimme-kinderchor-und-orgel-oder-klavier\/#primaryimage"},"thumbnailUrl":"https:\/\/lubosluka.com\/wp-content\/uploads\/2024\/02\/0120_obalka.png","datePublished":"2024-02-24T15:03:07+00:00","dateModified":"2024-03-10T08:02:43+00:00","breadcrumb":{"@id":"https:\/\/lubosluka.com\/de\/prodej-not\/pastorels-fuer-mittlere-stimme-oder-doppelstimme-kinderchor-und-orgel-oder-klavier\/#breadcrumb"},"inLanguage":"de","potentialAction":[{"@type":"ReadAction","target":["https:\/\/lubosluka.com\/de\/prodej-not\/pastorels-fuer-mittlere-stimme-oder-doppelstimme-kinderchor-und-orgel-oder-klavier\/"]}]},{"@type":"ImageObject","inLanguage":"de","@id":"https:\/\/lubosluka.com\/de\/prodej-not\/pastorels-fuer-mittlere-stimme-oder-doppelstimme-kinderchor-und-orgel-oder-klavier\/#primaryimage","url":"https:\/\/lubosluka.com\/wp-content\/uploads\/2024\/02\/0120_obalka.png","contentUrl":"https:\/\/lubosluka.com\/wp-content\/uploads\/2024\/02\/0120_obalka.png","width":2486,"height":3509},{"@type":"BreadcrumbList","@id":"https:\/\/lubosluka.com\/de\/prodej-not\/pastorels-fuer-mittlere-stimme-oder-doppelstimme-kinderchor-und-orgel-oder-klavier\/#breadcrumb","itemListElement":[{"@type":"ListItem","position":1,"name":"Editio Musica Humana","item":"https:\/\/lubosluka.com\/de\/editio-musica-humana\/"},{"@type":"ListItem","position":2,"name":"Shop","item":"https:\/\/lubosluka.com\/de\/shop\/"},{"@type":"ListItem","position":3,"name":"Spiritual musik","item":"https:\/\/lubosluka.com\/de\/note\/spiritual-musik\/"},{"@type":"ListItem","position":4,"name":"PASTORELS f\u00fcr mittlere Stimme (oder Doppelstimme, Kinderchor) und Orgel (oder Klavier)"}]},{"@type":"WebSite","@id":"https:\/\/lubosluka.com\/de\/#website","url":"https:\/\/lubosluka.com\/de\/","name":"Lubo\u0161 Sluka","description":"hudebn\u00ed skladatel","potentialAction":[{"@type":"SearchAction","target":{"@type":"EntryPoint","urlTemplate":"https:\/\/lubosluka.com\/de\/?s={search_term_string}"},"query-input":{"@type":"PropertyValueSpecification","valueRequired":true,"valueName":"search_term_string"}}],"inLanguage":"de"}]}},"jetpack_sharing_enabled":true,"_links":{"self":[{"href":"https:\/\/lubosluka.com\/de\/wp-json\/wp\/v2\/product\/8251","targetHints":{"allow":["GET"]}}],"collection":[{"href":"https:\/\/lubosluka.com\/de\/wp-json\/wp\/v2\/product"}],"about":[{"href":"https:\/\/lubosluka.com\/de\/wp-json\/wp\/v2\/types\/product"}],"version-history":[{"count":1,"href":"https:\/\/lubosluka.com\/de\/wp-json\/wp\/v2\/product\/8251\/revisions"}],"predecessor-version":[{"id":8260,"href":"https:\/\/lubosluka.com\/de\/wp-json\/wp\/v2\/product\/8251\/revisions\/8260"}],"wp:featuredmedia":[{"embeddable":true,"href":"https:\/\/lubosluka.com\/de\/wp-json\/wp\/v2\/media\/7082"}],"wp:attachment":[{"href":"https:\/\/lubosluka.com\/de\/wp-json\/wp\/v2\/media?parent=8251"}],"wp:term":[{"taxonomy":"product_brand","embeddable":true,"href":"https:\/\/lubosluka.com\/de\/wp-json\/wp\/v2\/product_brand?post=8251"},{"taxonomy":"product_cat","embeddable":true,"href":"https:\/\/lubosluka.com\/de\/wp-json\/wp\/v2\/product_cat?post=8251"},{"taxonomy":"product_tag","embeddable":true,"href":"https:\/\/lubosluka.com\/de\/wp-json\/wp\/v2\/product_tag?post=8251"}],"curies":[{"name":"wp","href":"https:\/\/api.w.org\/{rel}","templated":true}]}}