{"id":8280,"date":"2024-02-20T22:37:39","date_gmt":"2024-02-20T21:37:39","guid":{"rendered":"https:\/\/lubosluka.com\/prodej-not\/iii-quartetto-darchi\/"},"modified":"2024-02-20T22:37:39","modified_gmt":"2024-02-20T21:37:39","slug":"iii-quartetto-darchi","status":"publish","type":"product","link":"https:\/\/lubosluka.com\/de\/prodej-not\/iii-quartetto-darchi\/","title":{"rendered":"III. QUARTETTO d&#8217;archi"},"content":{"rendered":"<p>(PUTOV\u00c1N\u00cd \u017dIVOTEM &#8211; LEBENSREISE)<br \/>\n(1992-2003)<br \/>\nPARTITUR UND STIMMEN<\/p>\n<p>62 Seiten<\/p>\n<p>ISMN 979-0-706554-22-8<\/p>\n","protected":false},"excerpt":{"rendered":"<p>(PUTOV\u00c1N\u00cd \u017dIVOTEM &#8211; LEBENSREISE) (1992-2003) PARTITUR UND STIMMEN 62 Seiten ISMN 979-0-706554-22-8<\/p>\n","protected":false},"featured_media":6487,"template":"","meta":{"jetpack_post_was_ever_published":false,"jetpack_publicize_message":"","jetpack_publicize_feature_enabled":true,"jetpack_social_post_already_shared":true,"jetpack_social_options":{"image_generator_settings":{"template":"highway","enabled":false},"version":2}},"product_brand":[],"product_cat":[96],"product_tag":[],"class_list":{"0":"post-8280","1":"product","2":"type-product","3":"status-publish","4":"has-post-thumbnail","6":"product_cat-kammermusik","8":"first","9":"instock","10":"shipping-taxable","11":"purchasable","12":"product-type-variable"},"jetpack_publicize_connections":[],"yoast_head":"<!-- This site is optimized with the Yoast SEO plugin v25.1 - https:\/\/yoast.com\/wordpress\/plugins\/seo\/ -->\n<title>III. QUARTETTO d&#039;archi | Lubo\u0161 Sluka<\/title>\n<meta name=\"robots\" content=\"index, follow, max-snippet:-1, max-image-preview:large, max-video-preview:-1\" \/>\n<link rel=\"canonical\" href=\"https:\/\/lubosluka.com\/de\/prodej-not\/iii-quartetto-darchi\/\" \/>\n<meta property=\"og:locale\" content=\"de_DE\" \/>\n<meta property=\"og:type\" content=\"article\" \/>\n<meta property=\"og:title\" content=\"III. QUARTETTO d&#039;archi | Lubo\u0161 Sluka\" \/>\n<meta property=\"og:description\" content=\"(PUTOV\u00c1N\u00cd \u017dIVOTEM &#8211; LEBENSREISE) (1992-2003) PARTITUR UND STIMMEN 62 Seiten ISMN 979-0-706554-22-8\" \/>\n<meta property=\"og:url\" content=\"https:\/\/lubosluka.com\/de\/prodej-not\/iii-quartetto-darchi\/\" \/>\n<meta property=\"og:site_name\" content=\"Lubo\u0161 Sluka\" \/>\n<meta property=\"og:image\" content=\"https:\/\/lubosluka.com\/wp-content\/uploads\/2024\/02\/0088_obalka-725x1024.png\" \/>\n\t<meta property=\"og:image:width\" content=\"725\" \/>\n\t<meta property=\"og:image:height\" content=\"1024\" \/>\n\t<meta property=\"og:image:type\" content=\"image\/png\" \/>\n<script type=\"application\/ld+json\" class=\"yoast-schema-graph\">{\"@context\":\"https:\/\/schema.org\",\"@graph\":[{\"@type\":\"WebPage\",\"@id\":\"https:\/\/lubosluka.com\/de\/prodej-not\/iii-quartetto-darchi\/\",\"url\":\"https:\/\/lubosluka.com\/de\/prodej-not\/iii-quartetto-darchi\/\",\"name\":\"III. QUARTETTO d'archi | Lubo\u0161 Sluka\",\"isPartOf\":{\"@id\":\"https:\/\/lubosluka.com\/de\/#website\"},\"primaryImageOfPage\":{\"@id\":\"https:\/\/lubosluka.com\/de\/prodej-not\/iii-quartetto-darchi\/#primaryimage\"},\"image\":{\"@id\":\"https:\/\/lubosluka.com\/de\/prodej-not\/iii-quartetto-darchi\/#primaryimage\"},\"thumbnailUrl\":\"https:\/\/lubosluka.com\/wp-content\/uploads\/2024\/02\/0088_obalka.png\",\"datePublished\":\"2024-02-20T21:37:39+00:00\",\"breadcrumb\":{\"@id\":\"https:\/\/lubosluka.com\/de\/prodej-not\/iii-quartetto-darchi\/#breadcrumb\"},\"inLanguage\":\"de\",\"potentialAction\":[{\"@type\":\"ReadAction\",\"target\":[\"https:\/\/lubosluka.com\/de\/prodej-not\/iii-quartetto-darchi\/\"]}]},{\"@type\":\"ImageObject\",\"inLanguage\":\"de\",\"@id\":\"https:\/\/lubosluka.com\/de\/prodej-not\/iii-quartetto-darchi\/#primaryimage\",\"url\":\"https:\/\/lubosluka.com\/wp-content\/uploads\/2024\/02\/0088_obalka.png\",\"contentUrl\":\"https:\/\/lubosluka.com\/wp-content\/uploads\/2024\/02\/0088_obalka.png\",\"width\":2485,\"height\":3509},{\"@type\":\"BreadcrumbList\",\"@id\":\"https:\/\/lubosluka.com\/de\/prodej-not\/iii-quartetto-darchi\/#breadcrumb\",\"itemListElement\":[{\"@type\":\"ListItem\",\"position\":1,\"name\":\"Editio Musica Humana\",\"item\":\"https:\/\/lubosluka.com\/de\/editio-musica-humana\/\"},{\"@type\":\"ListItem\",\"position\":2,\"name\":\"Shop\",\"item\":\"https:\/\/lubosluka.com\/de\/shop\/\"},{\"@type\":\"ListItem\",\"position\":3,\"name\":\"III. QUARTETTO d&#8217;archi\"}]},{\"@type\":\"WebSite\",\"@id\":\"https:\/\/lubosluka.com\/de\/#website\",\"url\":\"https:\/\/lubosluka.com\/de\/\",\"name\":\"Lubo\u0161 Sluka\",\"description\":\"hudebn\u00ed skladatel\",\"potentialAction\":[{\"@type\":\"SearchAction\",\"target\":{\"@type\":\"EntryPoint\",\"urlTemplate\":\"https:\/\/lubosluka.com\/de\/?s={search_term_string}\"},\"query-input\":{\"@type\":\"PropertyValueSpecification\",\"valueRequired\":true,\"valueName\":\"search_term_string\"}}],\"inLanguage\":\"de\"}]}<\/script>\n<!-- \/ Yoast SEO plugin. -->","yoast_head_json":{"title":"III. QUARTETTO d'archi | Lubo\u0161 Sluka","robots":{"index":"index","follow":"follow","max-snippet":"max-snippet:-1","max-image-preview":"max-image-preview:large","max-video-preview":"max-video-preview:-1"},"canonical":"https:\/\/lubosluka.com\/de\/prodej-not\/iii-quartetto-darchi\/","og_locale":"de_DE","og_type":"article","og_title":"III. QUARTETTO d'archi | Lubo\u0161 Sluka","og_description":"(PUTOV\u00c1N\u00cd \u017dIVOTEM &#8211; LEBENSREISE) (1992-2003) PARTITUR UND STIMMEN 62 Seiten ISMN 979-0-706554-22-8","og_url":"https:\/\/lubosluka.com\/de\/prodej-not\/iii-quartetto-darchi\/","og_site_name":"Lubo\u0161 Sluka","og_image":[{"width":725,"height":1024,"url":"https:\/\/lubosluka.com\/wp-content\/uploads\/2024\/02\/0088_obalka-725x1024.png","type":"image\/png"}],"schema":{"@context":"https:\/\/schema.org","@graph":[{"@type":"WebPage","@id":"https:\/\/lubosluka.com\/de\/prodej-not\/iii-quartetto-darchi\/","url":"https:\/\/lubosluka.com\/de\/prodej-not\/iii-quartetto-darchi\/","name":"III. QUARTETTO d'archi | Lubo\u0161 Sluka","isPartOf":{"@id":"https:\/\/lubosluka.com\/de\/#website"},"primaryImageOfPage":{"@id":"https:\/\/lubosluka.com\/de\/prodej-not\/iii-quartetto-darchi\/#primaryimage"},"image":{"@id":"https:\/\/lubosluka.com\/de\/prodej-not\/iii-quartetto-darchi\/#primaryimage"},"thumbnailUrl":"https:\/\/lubosluka.com\/wp-content\/uploads\/2024\/02\/0088_obalka.png","datePublished":"2024-02-20T21:37:39+00:00","breadcrumb":{"@id":"https:\/\/lubosluka.com\/de\/prodej-not\/iii-quartetto-darchi\/#breadcrumb"},"inLanguage":"de","potentialAction":[{"@type":"ReadAction","target":["https:\/\/lubosluka.com\/de\/prodej-not\/iii-quartetto-darchi\/"]}]},{"@type":"ImageObject","inLanguage":"de","@id":"https:\/\/lubosluka.com\/de\/prodej-not\/iii-quartetto-darchi\/#primaryimage","url":"https:\/\/lubosluka.com\/wp-content\/uploads\/2024\/02\/0088_obalka.png","contentUrl":"https:\/\/lubosluka.com\/wp-content\/uploads\/2024\/02\/0088_obalka.png","width":2485,"height":3509},{"@type":"BreadcrumbList","@id":"https:\/\/lubosluka.com\/de\/prodej-not\/iii-quartetto-darchi\/#breadcrumb","itemListElement":[{"@type":"ListItem","position":1,"name":"Editio Musica Humana","item":"https:\/\/lubosluka.com\/de\/editio-musica-humana\/"},{"@type":"ListItem","position":2,"name":"Shop","item":"https:\/\/lubosluka.com\/de\/shop\/"},{"@type":"ListItem","position":3,"name":"III. QUARTETTO d&#8217;archi"}]},{"@type":"WebSite","@id":"https:\/\/lubosluka.com\/de\/#website","url":"https:\/\/lubosluka.com\/de\/","name":"Lubo\u0161 Sluka","description":"hudebn\u00ed skladatel","potentialAction":[{"@type":"SearchAction","target":{"@type":"EntryPoint","urlTemplate":"https:\/\/lubosluka.com\/de\/?s={search_term_string}"},"query-input":{"@type":"PropertyValueSpecification","valueRequired":true,"valueName":"search_term_string"}}],"inLanguage":"de"}]}},"jetpack_sharing_enabled":true,"_links":{"self":[{"href":"https:\/\/lubosluka.com\/de\/wp-json\/wp\/v2\/product\/8280","targetHints":{"allow":["GET"]}}],"collection":[{"href":"https:\/\/lubosluka.com\/de\/wp-json\/wp\/v2\/product"}],"about":[{"href":"https:\/\/lubosluka.com\/de\/wp-json\/wp\/v2\/types\/product"}],"version-history":[{"count":0,"href":"https:\/\/lubosluka.com\/de\/wp-json\/wp\/v2\/product\/8280\/revisions"}],"wp:featuredmedia":[{"embeddable":true,"href":"https:\/\/lubosluka.com\/de\/wp-json\/wp\/v2\/media\/6487"}],"wp:attachment":[{"href":"https:\/\/lubosluka.com\/de\/wp-json\/wp\/v2\/media?parent=8280"}],"wp:term":[{"taxonomy":"product_brand","embeddable":true,"href":"https:\/\/lubosluka.com\/de\/wp-json\/wp\/v2\/product_brand?post=8280"},{"taxonomy":"product_cat","embeddable":true,"href":"https:\/\/lubosluka.com\/de\/wp-json\/wp\/v2\/product_cat?post=8280"},{"taxonomy":"product_tag","embeddable":true,"href":"https:\/\/lubosluka.com\/de\/wp-json\/wp\/v2\/product_tag?post=8280"}],"curies":[{"name":"wp","href":"https:\/\/api.w.org\/{rel}","templated":true}]}}