{"id":8431,"date":"2014-10-02T20:11:17","date_gmt":"2014-10-02T19:11:17","guid":{"rendered":"https:\/\/lubosluka.com\/prodej-not\/tre-composizioni-per-clarinetto-basso-e-pianoforte\/"},"modified":"2024-03-24T16:45:33","modified_gmt":"2024-03-24T15:45:33","slug":"tre-composizioni-per-clarinetto-basso-e-pianoforte","status":"publish","type":"product","link":"https:\/\/lubosluka.com\/de\/prodej-not\/tre-composizioni-per-clarinetto-basso-e-pianoforte\/","title":{"rendered":"TRE COMPOSIZIONI f\u00fcr Bassklarinette und Pianoforte"},"content":{"rendered":"<h2>f\u00fcr Bassklarinette und Pianoforte<\/h2>\n<p><em>Gewidmet Josef Hor\u00e1k und Emma Kov\u00e1rnov\u00e1 von der Tschechischen Philharmonie Due Boemi di Praga!<\/em><\/p>\n<p>(1987)<\/p>\n<p>Pfr. Prof. Josef Hor\u00e1k<\/p>\n<p>I. Animato<br \/>\nII. Andante<br \/>\nIII. Allegretto<\/p>\n<p>Durata ca. 11 min.<\/p>\n<p>28 Seiten<\/p>\n<p>ISMN 979-0-706546-67-4<\/p>\n","protected":false},"excerpt":{"rendered":"<p>f\u00fcr Bassklarinette und Pianoforte Gewidmet Josef Hor\u00e1k und Emma Kov\u00e1rnov\u00e1 von der Tschechischen Philharmonie Due Boemi di Praga! (1987) Pfr. Prof. Josef Hor\u00e1k I. Animato II. Andante III. Allegretto Durata ca. 11 min. 28 Seiten ISMN 979-0-706546-67-4<\/p>\n","protected":false},"featured_media":4784,"template":"","meta":{"jetpack_post_was_ever_published":false,"jetpack_publicize_message":"","jetpack_publicize_feature_enabled":true,"jetpack_social_post_already_shared":true,"jetpack_social_options":{"image_generator_settings":{"template":"highway","enabled":false},"version":2}},"product_brand":[],"product_cat":[159,90,101],"product_tag":[],"class_list":{"0":"post-8431","1":"product","2":"type-product","3":"status-publish","4":"has-post-thumbnail","6":"product_cat-bassklarinette","7":"product_cat-klavier","8":"product_cat-solo-instrumente","10":"first","11":"instock","12":"shipping-taxable","13":"purchasable","14":"product-type-variable"},"jetpack_publicize_connections":[],"yoast_head":"<!-- This site is optimized with the Yoast SEO plugin v25.1 - https:\/\/yoast.com\/wordpress\/plugins\/seo\/ -->\n<title>TRE COMPOSIZIONI f\u00fcr Bassklarinette und Pianoforte | Lubo\u0161 Sluka<\/title>\n<meta name=\"robots\" content=\"index, follow, max-snippet:-1, max-image-preview:large, max-video-preview:-1\" \/>\n<link rel=\"canonical\" href=\"https:\/\/lubosluka.com\/de\/prodej-not\/tre-composizioni-per-clarinetto-basso-e-pianoforte\/\" \/>\n<meta property=\"og:locale\" content=\"de_DE\" \/>\n<meta property=\"og:type\" content=\"article\" \/>\n<meta property=\"og:title\" content=\"TRE COMPOSIZIONI f\u00fcr Bassklarinette und Pianoforte | Lubo\u0161 Sluka\" \/>\n<meta property=\"og:description\" content=\"f\u00fcr Bassklarinette und Pianoforte Gewidmet Josef Hor\u00e1k und Emma Kov\u00e1rnov\u00e1 von der Tschechischen Philharmonie Due Boemi di Praga! (1987) Pfr. Prof. Josef Hor\u00e1k I. Animato II. Andante III. Allegretto Durata ca. 11 min. 28 Seiten ISMN 979-0-706546-67-4\" \/>\n<meta property=\"og:url\" content=\"https:\/\/lubosluka.com\/de\/prodej-not\/tre-composizioni-per-clarinetto-basso-e-pianoforte\/\" \/>\n<meta property=\"og:site_name\" content=\"Lubo\u0161 Sluka\" \/>\n<meta property=\"article:modified_time\" content=\"2024-03-24T15:45:33+00:00\" \/>\n<meta property=\"og:image\" content=\"https:\/\/lubosluka.com\/wp-content\/uploads\/2014\/10\/0034_obalka-725x1024.png\" \/>\n\t<meta property=\"og:image:width\" content=\"725\" \/>\n\t<meta property=\"og:image:height\" content=\"1024\" \/>\n\t<meta property=\"og:image:type\" content=\"image\/png\" \/>\n<script type=\"application\/ld+json\" class=\"yoast-schema-graph\">{\"@context\":\"https:\/\/schema.org\",\"@graph\":[{\"@type\":\"WebPage\",\"@id\":\"https:\/\/lubosluka.com\/de\/prodej-not\/tre-composizioni-per-clarinetto-basso-e-pianoforte\/\",\"url\":\"https:\/\/lubosluka.com\/de\/prodej-not\/tre-composizioni-per-clarinetto-basso-e-pianoforte\/\",\"name\":\"TRE COMPOSIZIONI f\u00fcr Bassklarinette und Pianoforte | Lubo\u0161 Sluka\",\"isPartOf\":{\"@id\":\"https:\/\/lubosluka.com\/de\/#website\"},\"primaryImageOfPage\":{\"@id\":\"https:\/\/lubosluka.com\/de\/prodej-not\/tre-composizioni-per-clarinetto-basso-e-pianoforte\/#primaryimage\"},\"image\":{\"@id\":\"https:\/\/lubosluka.com\/de\/prodej-not\/tre-composizioni-per-clarinetto-basso-e-pianoforte\/#primaryimage\"},\"thumbnailUrl\":\"https:\/\/lubosluka.com\/wp-content\/uploads\/2014\/10\/0034_obalka.png\",\"datePublished\":\"2014-10-02T19:11:17+00:00\",\"dateModified\":\"2024-03-24T15:45:33+00:00\",\"breadcrumb\":{\"@id\":\"https:\/\/lubosluka.com\/de\/prodej-not\/tre-composizioni-per-clarinetto-basso-e-pianoforte\/#breadcrumb\"},\"inLanguage\":\"de\",\"potentialAction\":[{\"@type\":\"ReadAction\",\"target\":[\"https:\/\/lubosluka.com\/de\/prodej-not\/tre-composizioni-per-clarinetto-basso-e-pianoforte\/\"]}]},{\"@type\":\"ImageObject\",\"inLanguage\":\"de\",\"@id\":\"https:\/\/lubosluka.com\/de\/prodej-not\/tre-composizioni-per-clarinetto-basso-e-pianoforte\/#primaryimage\",\"url\":\"https:\/\/lubosluka.com\/wp-content\/uploads\/2014\/10\/0034_obalka.png\",\"contentUrl\":\"https:\/\/lubosluka.com\/wp-content\/uploads\/2014\/10\/0034_obalka.png\",\"width\":2486,\"height\":3509},{\"@type\":\"BreadcrumbList\",\"@id\":\"https:\/\/lubosluka.com\/de\/prodej-not\/tre-composizioni-per-clarinetto-basso-e-pianoforte\/#breadcrumb\",\"itemListElement\":[{\"@type\":\"ListItem\",\"position\":1,\"name\":\"Editio Musica Humana\",\"item\":\"https:\/\/lubosluka.com\/de\/editio-musica-humana\/\"},{\"@type\":\"ListItem\",\"position\":2,\"name\":\"Shop\",\"item\":\"https:\/\/lubosluka.com\/de\/shop\/\"},{\"@type\":\"ListItem\",\"position\":3,\"name\":\"Solo Instrumente\",\"item\":\"https:\/\/lubosluka.com\/de\/note\/solo-instrumente\/\"},{\"@type\":\"ListItem\",\"position\":4,\"name\":\"TRE COMPOSIZIONI f\u00fcr Bassklarinette und Pianoforte\"}]},{\"@type\":\"WebSite\",\"@id\":\"https:\/\/lubosluka.com\/de\/#website\",\"url\":\"https:\/\/lubosluka.com\/de\/\",\"name\":\"Lubo\u0161 Sluka\",\"description\":\"hudebn\u00ed skladatel\",\"potentialAction\":[{\"@type\":\"SearchAction\",\"target\":{\"@type\":\"EntryPoint\",\"urlTemplate\":\"https:\/\/lubosluka.com\/de\/?s={search_term_string}\"},\"query-input\":{\"@type\":\"PropertyValueSpecification\",\"valueRequired\":true,\"valueName\":\"search_term_string\"}}],\"inLanguage\":\"de\"}]}<\/script>\n<!-- \/ Yoast SEO plugin. -->","yoast_head_json":{"title":"TRE COMPOSIZIONI f\u00fcr Bassklarinette und Pianoforte | Lubo\u0161 Sluka","robots":{"index":"index","follow":"follow","max-snippet":"max-snippet:-1","max-image-preview":"max-image-preview:large","max-video-preview":"max-video-preview:-1"},"canonical":"https:\/\/lubosluka.com\/de\/prodej-not\/tre-composizioni-per-clarinetto-basso-e-pianoforte\/","og_locale":"de_DE","og_type":"article","og_title":"TRE COMPOSIZIONI f\u00fcr Bassklarinette und Pianoforte | Lubo\u0161 Sluka","og_description":"f\u00fcr Bassklarinette und Pianoforte Gewidmet Josef Hor\u00e1k und Emma Kov\u00e1rnov\u00e1 von der Tschechischen Philharmonie Due Boemi di Praga! (1987) Pfr. Prof. Josef Hor\u00e1k I. Animato II. Andante III. Allegretto Durata ca. 11 min. 28 Seiten ISMN 979-0-706546-67-4","og_url":"https:\/\/lubosluka.com\/de\/prodej-not\/tre-composizioni-per-clarinetto-basso-e-pianoforte\/","og_site_name":"Lubo\u0161 Sluka","article_modified_time":"2024-03-24T15:45:33+00:00","og_image":[{"width":725,"height":1024,"url":"https:\/\/lubosluka.com\/wp-content\/uploads\/2014\/10\/0034_obalka-725x1024.png","type":"image\/png"}],"schema":{"@context":"https:\/\/schema.org","@graph":[{"@type":"WebPage","@id":"https:\/\/lubosluka.com\/de\/prodej-not\/tre-composizioni-per-clarinetto-basso-e-pianoforte\/","url":"https:\/\/lubosluka.com\/de\/prodej-not\/tre-composizioni-per-clarinetto-basso-e-pianoforte\/","name":"TRE COMPOSIZIONI f\u00fcr Bassklarinette und Pianoforte | Lubo\u0161 Sluka","isPartOf":{"@id":"https:\/\/lubosluka.com\/de\/#website"},"primaryImageOfPage":{"@id":"https:\/\/lubosluka.com\/de\/prodej-not\/tre-composizioni-per-clarinetto-basso-e-pianoforte\/#primaryimage"},"image":{"@id":"https:\/\/lubosluka.com\/de\/prodej-not\/tre-composizioni-per-clarinetto-basso-e-pianoforte\/#primaryimage"},"thumbnailUrl":"https:\/\/lubosluka.com\/wp-content\/uploads\/2014\/10\/0034_obalka.png","datePublished":"2014-10-02T19:11:17+00:00","dateModified":"2024-03-24T15:45:33+00:00","breadcrumb":{"@id":"https:\/\/lubosluka.com\/de\/prodej-not\/tre-composizioni-per-clarinetto-basso-e-pianoforte\/#breadcrumb"},"inLanguage":"de","potentialAction":[{"@type":"ReadAction","target":["https:\/\/lubosluka.com\/de\/prodej-not\/tre-composizioni-per-clarinetto-basso-e-pianoforte\/"]}]},{"@type":"ImageObject","inLanguage":"de","@id":"https:\/\/lubosluka.com\/de\/prodej-not\/tre-composizioni-per-clarinetto-basso-e-pianoforte\/#primaryimage","url":"https:\/\/lubosluka.com\/wp-content\/uploads\/2014\/10\/0034_obalka.png","contentUrl":"https:\/\/lubosluka.com\/wp-content\/uploads\/2014\/10\/0034_obalka.png","width":2486,"height":3509},{"@type":"BreadcrumbList","@id":"https:\/\/lubosluka.com\/de\/prodej-not\/tre-composizioni-per-clarinetto-basso-e-pianoforte\/#breadcrumb","itemListElement":[{"@type":"ListItem","position":1,"name":"Editio Musica Humana","item":"https:\/\/lubosluka.com\/de\/editio-musica-humana\/"},{"@type":"ListItem","position":2,"name":"Shop","item":"https:\/\/lubosluka.com\/de\/shop\/"},{"@type":"ListItem","position":3,"name":"Solo Instrumente","item":"https:\/\/lubosluka.com\/de\/note\/solo-instrumente\/"},{"@type":"ListItem","position":4,"name":"TRE COMPOSIZIONI f\u00fcr Bassklarinette und Pianoforte"}]},{"@type":"WebSite","@id":"https:\/\/lubosluka.com\/de\/#website","url":"https:\/\/lubosluka.com\/de\/","name":"Lubo\u0161 Sluka","description":"hudebn\u00ed skladatel","potentialAction":[{"@type":"SearchAction","target":{"@type":"EntryPoint","urlTemplate":"https:\/\/lubosluka.com\/de\/?s={search_term_string}"},"query-input":{"@type":"PropertyValueSpecification","valueRequired":true,"valueName":"search_term_string"}}],"inLanguage":"de"}]}},"jetpack_sharing_enabled":true,"_links":{"self":[{"href":"https:\/\/lubosluka.com\/de\/wp-json\/wp\/v2\/product\/8431","targetHints":{"allow":["GET"]}}],"collection":[{"href":"https:\/\/lubosluka.com\/de\/wp-json\/wp\/v2\/product"}],"about":[{"href":"https:\/\/lubosluka.com\/de\/wp-json\/wp\/v2\/types\/product"}],"version-history":[{"count":1,"href":"https:\/\/lubosluka.com\/de\/wp-json\/wp\/v2\/product\/8431\/revisions"}],"predecessor-version":[{"id":9603,"href":"https:\/\/lubosluka.com\/de\/wp-json\/wp\/v2\/product\/8431\/revisions\/9603"}],"wp:featuredmedia":[{"embeddable":true,"href":"https:\/\/lubosluka.com\/de\/wp-json\/wp\/v2\/media\/4784"}],"wp:attachment":[{"href":"https:\/\/lubosluka.com\/de\/wp-json\/wp\/v2\/media?parent=8431"}],"wp:term":[{"taxonomy":"product_brand","embeddable":true,"href":"https:\/\/lubosluka.com\/de\/wp-json\/wp\/v2\/product_brand?post=8431"},{"taxonomy":"product_cat","embeddable":true,"href":"https:\/\/lubosluka.com\/de\/wp-json\/wp\/v2\/product_cat?post=8431"},{"taxonomy":"product_tag","embeddable":true,"href":"https:\/\/lubosluka.com\/de\/wp-json\/wp\/v2\/product_tag?post=8431"}],"curies":[{"name":"wp","href":"https:\/\/api.w.org\/{rel}","templated":true}]}}