{"id":8494,"date":"2014-10-02T19:39:52","date_gmt":"2014-10-02T18:39:52","guid":{"rendered":"https:\/\/lubosluka.com\/prodej-not\/partita-per-tre-flauti-ossia-flauto-clarinetto-e-oboe\/"},"modified":"2024-03-24T16:37:07","modified_gmt":"2024-03-24T15:37:07","slug":"partita-per-tre-flauti-ossia-flauto-clarinetto-e-oboe","status":"publish","type":"product","link":"https:\/\/lubosluka.com\/de\/prodej-not\/partita-per-tre-flauti-ossia-flauto-clarinetto-e-oboe\/","title":{"rendered":"PARTITA f\u00fcr drei Fl\u00f6ten (d.h. Fl\u00f6te, Klarinette und Oboe)"},"content":{"rendered":"<h2>f\u00fcr drei Fl\u00f6ten<br \/>\n<span style=\"color: #000000;\">(d.h. Fl\u00f6te, Klarinette und Oboe)<\/span><\/h2>\n<p><em>D\u00e9di\u00e9e au Trio Nuithonie: Michelle Greder &#8211; Ducotterd, Jarmila Jenecek, Francois Aebischer de Fribourg, Suisse.<\/em><\/p>\n<p>(1996)<\/p>\n<p>I. Giocoso<br \/>\nII. Pastorale<br \/>\nIII. Schezando<br \/>\nIV. Arietta<br \/>\nV. Nella natura<br \/>\nVI. Giocoso giusto<\/p>\n<p>22 Seiten<\/p>\n<p>ISMN 979-0-706546-93-3<\/p>\n","protected":false},"excerpt":{"rendered":"<p>f\u00fcr drei Fl\u00f6ten (d.h. Fl\u00f6te, Klarinette und Oboe) D\u00e9di\u00e9e au Trio Nuithonie: Michelle Greder &#8211; Ducotterd, Jarmila Jenecek, Francois Aebischer de Fribourg, Suisse. (1996) I. Giocoso II. Pastorale III. Schezando IV. Arietta V. Nella natura VI. Giocoso giusto 22 Seiten &hellip; <a href=\"https:\/\/lubosluka.com\/de\/prodej-not\/partita-per-tre-flauti-ossia-flauto-clarinetto-e-oboe\/\">Continue reading <span class=\"meta-nav\">&rarr;<\/span><\/a><\/p>\n","protected":false},"featured_media":4586,"template":"","meta":{"jetpack_post_was_ever_published":false,"jetpack_publicize_message":"","jetpack_publicize_feature_enabled":true,"jetpack_social_post_already_shared":true,"jetpack_social_options":{"image_generator_settings":{"template":"highway","enabled":false},"version":2}},"product_brand":[],"product_cat":[165,96,177,171],"product_tag":[],"class_list":{"0":"post-8494","1":"product","2":"type-product","3":"status-publish","4":"has-post-thumbnail","6":"product_cat-flote","7":"product_cat-kammermusik","8":"product_cat-klarinette","9":"product_cat-oboe-de","11":"first","12":"instock","13":"shipping-taxable","14":"purchasable","15":"product-type-variable"},"jetpack_publicize_connections":[],"yoast_head":"<!-- This site is optimized with the Yoast SEO plugin v25.1 - https:\/\/yoast.com\/wordpress\/plugins\/seo\/ -->\n<title>PARTITA f\u00fcr drei Fl\u00f6ten (d.h. Fl\u00f6te, Klarinette und Oboe) | Lubo\u0161 Sluka<\/title>\n<meta name=\"robots\" content=\"index, follow, max-snippet:-1, max-image-preview:large, max-video-preview:-1\" \/>\n<link rel=\"canonical\" href=\"https:\/\/lubosluka.com\/de\/prodej-not\/partita-per-tre-flauti-ossia-flauto-clarinetto-e-oboe\/\" \/>\n<meta property=\"og:locale\" content=\"de_DE\" \/>\n<meta property=\"og:type\" content=\"article\" \/>\n<meta property=\"og:title\" content=\"PARTITA f\u00fcr drei Fl\u00f6ten (d.h. Fl\u00f6te, Klarinette und Oboe) | Lubo\u0161 Sluka\" \/>\n<meta property=\"og:description\" content=\"f\u00fcr drei Fl\u00f6ten (d.h. Fl\u00f6te, Klarinette und Oboe) D\u00e9di\u00e9e au Trio Nuithonie: Michelle Greder &#8211; Ducotterd, Jarmila Jenecek, Francois Aebischer de Fribourg, Suisse. (1996) I. Giocoso II. Pastorale III. Schezando IV. Arietta V. Nella natura VI. Giocoso giusto 22 Seiten &hellip; Continue reading &rarr;\" \/>\n<meta property=\"og:url\" content=\"https:\/\/lubosluka.com\/de\/prodej-not\/partita-per-tre-flauti-ossia-flauto-clarinetto-e-oboe\/\" \/>\n<meta property=\"og:site_name\" content=\"Lubo\u0161 Sluka\" \/>\n<meta property=\"article:modified_time\" content=\"2024-03-24T15:37:07+00:00\" \/>\n<meta property=\"og:image\" content=\"https:\/\/lubosluka.com\/wp-content\/uploads\/2014\/10\/0017_obalka.png\" \/>\n\t<meta property=\"og:image:width\" content=\"994\" \/>\n\t<meta property=\"og:image:height\" content=\"1403\" \/>\n\t<meta property=\"og:image:type\" content=\"image\/png\" \/>\n<script type=\"application\/ld+json\" class=\"yoast-schema-graph\">{\"@context\":\"https:\/\/schema.org\",\"@graph\":[{\"@type\":\"WebPage\",\"@id\":\"https:\/\/lubosluka.com\/de\/prodej-not\/partita-per-tre-flauti-ossia-flauto-clarinetto-e-oboe\/\",\"url\":\"https:\/\/lubosluka.com\/de\/prodej-not\/partita-per-tre-flauti-ossia-flauto-clarinetto-e-oboe\/\",\"name\":\"PARTITA f\u00fcr drei Fl\u00f6ten (d.h. Fl\u00f6te, Klarinette und Oboe) | Lubo\u0161 Sluka\",\"isPartOf\":{\"@id\":\"https:\/\/lubosluka.com\/de\/#website\"},\"primaryImageOfPage\":{\"@id\":\"https:\/\/lubosluka.com\/de\/prodej-not\/partita-per-tre-flauti-ossia-flauto-clarinetto-e-oboe\/#primaryimage\"},\"image\":{\"@id\":\"https:\/\/lubosluka.com\/de\/prodej-not\/partita-per-tre-flauti-ossia-flauto-clarinetto-e-oboe\/#primaryimage\"},\"thumbnailUrl\":\"https:\/\/lubosluka.com\/wp-content\/uploads\/2014\/10\/0017_obalka.png\",\"datePublished\":\"2014-10-02T18:39:52+00:00\",\"dateModified\":\"2024-03-24T15:37:07+00:00\",\"breadcrumb\":{\"@id\":\"https:\/\/lubosluka.com\/de\/prodej-not\/partita-per-tre-flauti-ossia-flauto-clarinetto-e-oboe\/#breadcrumb\"},\"inLanguage\":\"de\",\"potentialAction\":[{\"@type\":\"ReadAction\",\"target\":[\"https:\/\/lubosluka.com\/de\/prodej-not\/partita-per-tre-flauti-ossia-flauto-clarinetto-e-oboe\/\"]}]},{\"@type\":\"ImageObject\",\"inLanguage\":\"de\",\"@id\":\"https:\/\/lubosluka.com\/de\/prodej-not\/partita-per-tre-flauti-ossia-flauto-clarinetto-e-oboe\/#primaryimage\",\"url\":\"https:\/\/lubosluka.com\/wp-content\/uploads\/2014\/10\/0017_obalka.png\",\"contentUrl\":\"https:\/\/lubosluka.com\/wp-content\/uploads\/2014\/10\/0017_obalka.png\",\"width\":994,\"height\":1403},{\"@type\":\"BreadcrumbList\",\"@id\":\"https:\/\/lubosluka.com\/de\/prodej-not\/partita-per-tre-flauti-ossia-flauto-clarinetto-e-oboe\/#breadcrumb\",\"itemListElement\":[{\"@type\":\"ListItem\",\"position\":1,\"name\":\"Editio Musica Humana\",\"item\":\"https:\/\/lubosluka.com\/de\/editio-musica-humana\/\"},{\"@type\":\"ListItem\",\"position\":2,\"name\":\"Shop\",\"item\":\"https:\/\/lubosluka.com\/de\/shop\/\"},{\"@type\":\"ListItem\",\"position\":3,\"name\":\"Kammermusik\",\"item\":\"https:\/\/lubosluka.com\/de\/note\/kammermusik\/\"},{\"@type\":\"ListItem\",\"position\":4,\"name\":\"PARTITA f\u00fcr drei Fl\u00f6ten (d.h. Fl\u00f6te, Klarinette und Oboe)\"}]},{\"@type\":\"WebSite\",\"@id\":\"https:\/\/lubosluka.com\/de\/#website\",\"url\":\"https:\/\/lubosluka.com\/de\/\",\"name\":\"Lubo\u0161 Sluka\",\"description\":\"hudebn\u00ed skladatel\",\"potentialAction\":[{\"@type\":\"SearchAction\",\"target\":{\"@type\":\"EntryPoint\",\"urlTemplate\":\"https:\/\/lubosluka.com\/de\/?s={search_term_string}\"},\"query-input\":{\"@type\":\"PropertyValueSpecification\",\"valueRequired\":true,\"valueName\":\"search_term_string\"}}],\"inLanguage\":\"de\"}]}<\/script>\n<!-- \/ Yoast SEO plugin. -->","yoast_head_json":{"title":"PARTITA f\u00fcr drei Fl\u00f6ten (d.h. Fl\u00f6te, Klarinette und Oboe) | Lubo\u0161 Sluka","robots":{"index":"index","follow":"follow","max-snippet":"max-snippet:-1","max-image-preview":"max-image-preview:large","max-video-preview":"max-video-preview:-1"},"canonical":"https:\/\/lubosluka.com\/de\/prodej-not\/partita-per-tre-flauti-ossia-flauto-clarinetto-e-oboe\/","og_locale":"de_DE","og_type":"article","og_title":"PARTITA f\u00fcr drei Fl\u00f6ten (d.h. Fl\u00f6te, Klarinette und Oboe) | Lubo\u0161 Sluka","og_description":"f\u00fcr drei Fl\u00f6ten (d.h. Fl\u00f6te, Klarinette und Oboe) D\u00e9di\u00e9e au Trio Nuithonie: Michelle Greder &#8211; Ducotterd, Jarmila Jenecek, Francois Aebischer de Fribourg, Suisse. (1996) I. Giocoso II. Pastorale III. Schezando IV. Arietta V. Nella natura VI. Giocoso giusto 22 Seiten &hellip; Continue reading &rarr;","og_url":"https:\/\/lubosluka.com\/de\/prodej-not\/partita-per-tre-flauti-ossia-flauto-clarinetto-e-oboe\/","og_site_name":"Lubo\u0161 Sluka","article_modified_time":"2024-03-24T15:37:07+00:00","og_image":[{"width":994,"height":1403,"url":"https:\/\/lubosluka.com\/wp-content\/uploads\/2014\/10\/0017_obalka.png","type":"image\/png"}],"schema":{"@context":"https:\/\/schema.org","@graph":[{"@type":"WebPage","@id":"https:\/\/lubosluka.com\/de\/prodej-not\/partita-per-tre-flauti-ossia-flauto-clarinetto-e-oboe\/","url":"https:\/\/lubosluka.com\/de\/prodej-not\/partita-per-tre-flauti-ossia-flauto-clarinetto-e-oboe\/","name":"PARTITA f\u00fcr drei Fl\u00f6ten (d.h. Fl\u00f6te, Klarinette und Oboe) | Lubo\u0161 Sluka","isPartOf":{"@id":"https:\/\/lubosluka.com\/de\/#website"},"primaryImageOfPage":{"@id":"https:\/\/lubosluka.com\/de\/prodej-not\/partita-per-tre-flauti-ossia-flauto-clarinetto-e-oboe\/#primaryimage"},"image":{"@id":"https:\/\/lubosluka.com\/de\/prodej-not\/partita-per-tre-flauti-ossia-flauto-clarinetto-e-oboe\/#primaryimage"},"thumbnailUrl":"https:\/\/lubosluka.com\/wp-content\/uploads\/2014\/10\/0017_obalka.png","datePublished":"2014-10-02T18:39:52+00:00","dateModified":"2024-03-24T15:37:07+00:00","breadcrumb":{"@id":"https:\/\/lubosluka.com\/de\/prodej-not\/partita-per-tre-flauti-ossia-flauto-clarinetto-e-oboe\/#breadcrumb"},"inLanguage":"de","potentialAction":[{"@type":"ReadAction","target":["https:\/\/lubosluka.com\/de\/prodej-not\/partita-per-tre-flauti-ossia-flauto-clarinetto-e-oboe\/"]}]},{"@type":"ImageObject","inLanguage":"de","@id":"https:\/\/lubosluka.com\/de\/prodej-not\/partita-per-tre-flauti-ossia-flauto-clarinetto-e-oboe\/#primaryimage","url":"https:\/\/lubosluka.com\/wp-content\/uploads\/2014\/10\/0017_obalka.png","contentUrl":"https:\/\/lubosluka.com\/wp-content\/uploads\/2014\/10\/0017_obalka.png","width":994,"height":1403},{"@type":"BreadcrumbList","@id":"https:\/\/lubosluka.com\/de\/prodej-not\/partita-per-tre-flauti-ossia-flauto-clarinetto-e-oboe\/#breadcrumb","itemListElement":[{"@type":"ListItem","position":1,"name":"Editio Musica Humana","item":"https:\/\/lubosluka.com\/de\/editio-musica-humana\/"},{"@type":"ListItem","position":2,"name":"Shop","item":"https:\/\/lubosluka.com\/de\/shop\/"},{"@type":"ListItem","position":3,"name":"Kammermusik","item":"https:\/\/lubosluka.com\/de\/note\/kammermusik\/"},{"@type":"ListItem","position":4,"name":"PARTITA f\u00fcr drei Fl\u00f6ten (d.h. Fl\u00f6te, Klarinette und Oboe)"}]},{"@type":"WebSite","@id":"https:\/\/lubosluka.com\/de\/#website","url":"https:\/\/lubosluka.com\/de\/","name":"Lubo\u0161 Sluka","description":"hudebn\u00ed skladatel","potentialAction":[{"@type":"SearchAction","target":{"@type":"EntryPoint","urlTemplate":"https:\/\/lubosluka.com\/de\/?s={search_term_string}"},"query-input":{"@type":"PropertyValueSpecification","valueRequired":true,"valueName":"search_term_string"}}],"inLanguage":"de"}]}},"jetpack_sharing_enabled":true,"_links":{"self":[{"href":"https:\/\/lubosluka.com\/de\/wp-json\/wp\/v2\/product\/8494","targetHints":{"allow":["GET"]}}],"collection":[{"href":"https:\/\/lubosluka.com\/de\/wp-json\/wp\/v2\/product"}],"about":[{"href":"https:\/\/lubosluka.com\/de\/wp-json\/wp\/v2\/types\/product"}],"version-history":[{"count":1,"href":"https:\/\/lubosluka.com\/de\/wp-json\/wp\/v2\/product\/8494\/revisions"}],"predecessor-version":[{"id":9600,"href":"https:\/\/lubosluka.com\/de\/wp-json\/wp\/v2\/product\/8494\/revisions\/9600"}],"wp:featuredmedia":[{"embeddable":true,"href":"https:\/\/lubosluka.com\/de\/wp-json\/wp\/v2\/media\/4586"}],"wp:attachment":[{"href":"https:\/\/lubosluka.com\/de\/wp-json\/wp\/v2\/media?parent=8494"}],"wp:term":[{"taxonomy":"product_brand","embeddable":true,"href":"https:\/\/lubosluka.com\/de\/wp-json\/wp\/v2\/product_brand?post=8494"},{"taxonomy":"product_cat","embeddable":true,"href":"https:\/\/lubosluka.com\/de\/wp-json\/wp\/v2\/product_cat?post=8494"},{"taxonomy":"product_tag","embeddable":true,"href":"https:\/\/lubosluka.com\/de\/wp-json\/wp\/v2\/product_tag?post=8494"}],"curies":[{"name":"wp","href":"https:\/\/api.w.org\/{rel}","templated":true}]}}