{"id":8584,"date":"2014-10-08T22:30:38","date_gmt":"2014-10-08T21:30:38","guid":{"rendered":"https:\/\/lubosluka.com\/prodej-not\/porcinkule-fuer-4-floeten\/"},"modified":"2024-03-10T09:03:56","modified_gmt":"2024-03-10T08:03:56","slug":"porcinkule-fuer-4-floeten","status":"publish","type":"product","link":"https:\/\/lubosluka.com\/de\/prodej-not\/porcinkule-fuer-4-floeten\/","title":{"rendered":"PORCINKULE f\u00fcr 4 Fl\u00f6ten"},"content":{"rendered":"<h2>pro 4 Fl\u00f6ten<\/h2>\n<p>48 Seiten<\/p>\n<p>ISMN 979-0-706546-57-5<\/p>\n","protected":false},"excerpt":{"rendered":"<p>pro 4 Fl\u00f6ten 48 Seiten ISMN 979-0-706546-57-5<\/p>\n","protected":false},"featured_media":6601,"template":"","meta":{"jetpack_post_was_ever_published":false,"jetpack_publicize_message":"","jetpack_publicize_feature_enabled":true,"jetpack_social_post_already_shared":true,"jetpack_social_options":{"image_generator_settings":{"template":"highway","enabled":false},"version":2}},"product_brand":[],"product_cat":[165,96],"product_tag":[],"class_list":{"0":"post-8584","1":"product","2":"type-product","3":"status-publish","4":"has-post-thumbnail","6":"product_cat-flote","7":"product_cat-kammermusik","9":"first","10":"instock","11":"shipping-taxable","12":"purchasable","13":"product-type-variable"},"jetpack_publicize_connections":[],"yoast_head":"<!-- This site is optimized with the Yoast SEO plugin v25.1 - https:\/\/yoast.com\/wordpress\/plugins\/seo\/ -->\n<title>PORCINKULE f\u00fcr 4 Fl\u00f6ten | Lubo\u0161 Sluka<\/title>\n<meta name=\"robots\" content=\"index, follow, max-snippet:-1, max-image-preview:large, max-video-preview:-1\" \/>\n<link rel=\"canonical\" href=\"https:\/\/lubosluka.com\/de\/prodej-not\/porcinkule-fuer-4-floeten\/\" \/>\n<meta property=\"og:locale\" content=\"de_DE\" \/>\n<meta property=\"og:type\" content=\"article\" \/>\n<meta property=\"og:title\" content=\"PORCINKULE f\u00fcr 4 Fl\u00f6ten | Lubo\u0161 Sluka\" \/>\n<meta property=\"og:description\" content=\"pro 4 Fl\u00f6ten 48 Seiten ISMN 979-0-706546-57-5\" \/>\n<meta property=\"og:url\" content=\"https:\/\/lubosluka.com\/de\/prodej-not\/porcinkule-fuer-4-floeten\/\" \/>\n<meta property=\"og:site_name\" content=\"Lubo\u0161 Sluka\" \/>\n<meta property=\"article:modified_time\" content=\"2024-03-10T08:03:56+00:00\" \/>\n<meta property=\"og:image\" content=\"https:\/\/lubosluka.com\/wp-content\/uploads\/2014\/10\/0099_obalka-725x1024.png\" \/>\n\t<meta property=\"og:image:width\" content=\"725\" \/>\n\t<meta property=\"og:image:height\" content=\"1024\" \/>\n\t<meta property=\"og:image:type\" content=\"image\/png\" \/>\n<script type=\"application\/ld+json\" class=\"yoast-schema-graph\">{\"@context\":\"https:\/\/schema.org\",\"@graph\":[{\"@type\":\"WebPage\",\"@id\":\"https:\/\/lubosluka.com\/de\/prodej-not\/porcinkule-fuer-4-floeten\/\",\"url\":\"https:\/\/lubosluka.com\/de\/prodej-not\/porcinkule-fuer-4-floeten\/\",\"name\":\"PORCINKULE f\u00fcr 4 Fl\u00f6ten | Lubo\u0161 Sluka\",\"isPartOf\":{\"@id\":\"https:\/\/lubosluka.com\/de\/#website\"},\"primaryImageOfPage\":{\"@id\":\"https:\/\/lubosluka.com\/de\/prodej-not\/porcinkule-fuer-4-floeten\/#primaryimage\"},\"image\":{\"@id\":\"https:\/\/lubosluka.com\/de\/prodej-not\/porcinkule-fuer-4-floeten\/#primaryimage\"},\"thumbnailUrl\":\"https:\/\/lubosluka.com\/wp-content\/uploads\/2014\/10\/0099_obalka.png\",\"datePublished\":\"2014-10-08T21:30:38+00:00\",\"dateModified\":\"2024-03-10T08:03:56+00:00\",\"breadcrumb\":{\"@id\":\"https:\/\/lubosluka.com\/de\/prodej-not\/porcinkule-fuer-4-floeten\/#breadcrumb\"},\"inLanguage\":\"de\",\"potentialAction\":[{\"@type\":\"ReadAction\",\"target\":[\"https:\/\/lubosluka.com\/de\/prodej-not\/porcinkule-fuer-4-floeten\/\"]}]},{\"@type\":\"ImageObject\",\"inLanguage\":\"de\",\"@id\":\"https:\/\/lubosluka.com\/de\/prodej-not\/porcinkule-fuer-4-floeten\/#primaryimage\",\"url\":\"https:\/\/lubosluka.com\/wp-content\/uploads\/2014\/10\/0099_obalka.png\",\"contentUrl\":\"https:\/\/lubosluka.com\/wp-content\/uploads\/2014\/10\/0099_obalka.png\",\"width\":2486,\"height\":3509},{\"@type\":\"BreadcrumbList\",\"@id\":\"https:\/\/lubosluka.com\/de\/prodej-not\/porcinkule-fuer-4-floeten\/#breadcrumb\",\"itemListElement\":[{\"@type\":\"ListItem\",\"position\":1,\"name\":\"Editio Musica Humana\",\"item\":\"https:\/\/lubosluka.com\/de\/editio-musica-humana\/\"},{\"@type\":\"ListItem\",\"position\":2,\"name\":\"Shop\",\"item\":\"https:\/\/lubosluka.com\/de\/shop\/\"},{\"@type\":\"ListItem\",\"position\":3,\"name\":\"Kammermusik\",\"item\":\"https:\/\/lubosluka.com\/de\/note\/kammermusik\/\"},{\"@type\":\"ListItem\",\"position\":4,\"name\":\"PORCINKULE f\u00fcr 4 Fl\u00f6ten\"}]},{\"@type\":\"WebSite\",\"@id\":\"https:\/\/lubosluka.com\/de\/#website\",\"url\":\"https:\/\/lubosluka.com\/de\/\",\"name\":\"Lubo\u0161 Sluka\",\"description\":\"hudebn\u00ed skladatel\",\"potentialAction\":[{\"@type\":\"SearchAction\",\"target\":{\"@type\":\"EntryPoint\",\"urlTemplate\":\"https:\/\/lubosluka.com\/de\/?s={search_term_string}\"},\"query-input\":{\"@type\":\"PropertyValueSpecification\",\"valueRequired\":true,\"valueName\":\"search_term_string\"}}],\"inLanguage\":\"de\"}]}<\/script>\n<!-- \/ Yoast SEO plugin. -->","yoast_head_json":{"title":"PORCINKULE f\u00fcr 4 Fl\u00f6ten | Lubo\u0161 Sluka","robots":{"index":"index","follow":"follow","max-snippet":"max-snippet:-1","max-image-preview":"max-image-preview:large","max-video-preview":"max-video-preview:-1"},"canonical":"https:\/\/lubosluka.com\/de\/prodej-not\/porcinkule-fuer-4-floeten\/","og_locale":"de_DE","og_type":"article","og_title":"PORCINKULE f\u00fcr 4 Fl\u00f6ten | Lubo\u0161 Sluka","og_description":"pro 4 Fl\u00f6ten 48 Seiten ISMN 979-0-706546-57-5","og_url":"https:\/\/lubosluka.com\/de\/prodej-not\/porcinkule-fuer-4-floeten\/","og_site_name":"Lubo\u0161 Sluka","article_modified_time":"2024-03-10T08:03:56+00:00","og_image":[{"width":725,"height":1024,"url":"https:\/\/lubosluka.com\/wp-content\/uploads\/2014\/10\/0099_obalka-725x1024.png","type":"image\/png"}],"schema":{"@context":"https:\/\/schema.org","@graph":[{"@type":"WebPage","@id":"https:\/\/lubosluka.com\/de\/prodej-not\/porcinkule-fuer-4-floeten\/","url":"https:\/\/lubosluka.com\/de\/prodej-not\/porcinkule-fuer-4-floeten\/","name":"PORCINKULE f\u00fcr 4 Fl\u00f6ten | Lubo\u0161 Sluka","isPartOf":{"@id":"https:\/\/lubosluka.com\/de\/#website"},"primaryImageOfPage":{"@id":"https:\/\/lubosluka.com\/de\/prodej-not\/porcinkule-fuer-4-floeten\/#primaryimage"},"image":{"@id":"https:\/\/lubosluka.com\/de\/prodej-not\/porcinkule-fuer-4-floeten\/#primaryimage"},"thumbnailUrl":"https:\/\/lubosluka.com\/wp-content\/uploads\/2014\/10\/0099_obalka.png","datePublished":"2014-10-08T21:30:38+00:00","dateModified":"2024-03-10T08:03:56+00:00","breadcrumb":{"@id":"https:\/\/lubosluka.com\/de\/prodej-not\/porcinkule-fuer-4-floeten\/#breadcrumb"},"inLanguage":"de","potentialAction":[{"@type":"ReadAction","target":["https:\/\/lubosluka.com\/de\/prodej-not\/porcinkule-fuer-4-floeten\/"]}]},{"@type":"ImageObject","inLanguage":"de","@id":"https:\/\/lubosluka.com\/de\/prodej-not\/porcinkule-fuer-4-floeten\/#primaryimage","url":"https:\/\/lubosluka.com\/wp-content\/uploads\/2014\/10\/0099_obalka.png","contentUrl":"https:\/\/lubosluka.com\/wp-content\/uploads\/2014\/10\/0099_obalka.png","width":2486,"height":3509},{"@type":"BreadcrumbList","@id":"https:\/\/lubosluka.com\/de\/prodej-not\/porcinkule-fuer-4-floeten\/#breadcrumb","itemListElement":[{"@type":"ListItem","position":1,"name":"Editio Musica Humana","item":"https:\/\/lubosluka.com\/de\/editio-musica-humana\/"},{"@type":"ListItem","position":2,"name":"Shop","item":"https:\/\/lubosluka.com\/de\/shop\/"},{"@type":"ListItem","position":3,"name":"Kammermusik","item":"https:\/\/lubosluka.com\/de\/note\/kammermusik\/"},{"@type":"ListItem","position":4,"name":"PORCINKULE f\u00fcr 4 Fl\u00f6ten"}]},{"@type":"WebSite","@id":"https:\/\/lubosluka.com\/de\/#website","url":"https:\/\/lubosluka.com\/de\/","name":"Lubo\u0161 Sluka","description":"hudebn\u00ed skladatel","potentialAction":[{"@type":"SearchAction","target":{"@type":"EntryPoint","urlTemplate":"https:\/\/lubosluka.com\/de\/?s={search_term_string}"},"query-input":{"@type":"PropertyValueSpecification","valueRequired":true,"valueName":"search_term_string"}}],"inLanguage":"de"}]}},"jetpack_sharing_enabled":true,"_links":{"self":[{"href":"https:\/\/lubosluka.com\/de\/wp-json\/wp\/v2\/product\/8584","targetHints":{"allow":["GET"]}}],"collection":[{"href":"https:\/\/lubosluka.com\/de\/wp-json\/wp\/v2\/product"}],"about":[{"href":"https:\/\/lubosluka.com\/de\/wp-json\/wp\/v2\/types\/product"}],"version-history":[{"count":1,"href":"https:\/\/lubosluka.com\/de\/wp-json\/wp\/v2\/product\/8584\/revisions"}],"predecessor-version":[{"id":8611,"href":"https:\/\/lubosluka.com\/de\/wp-json\/wp\/v2\/product\/8584\/revisions\/8611"}],"wp:featuredmedia":[{"embeddable":true,"href":"https:\/\/lubosluka.com\/de\/wp-json\/wp\/v2\/media\/6601"}],"wp:attachment":[{"href":"https:\/\/lubosluka.com\/de\/wp-json\/wp\/v2\/media?parent=8584"}],"wp:term":[{"taxonomy":"product_brand","embeddable":true,"href":"https:\/\/lubosluka.com\/de\/wp-json\/wp\/v2\/product_brand?post=8584"},{"taxonomy":"product_cat","embeddable":true,"href":"https:\/\/lubosluka.com\/de\/wp-json\/wp\/v2\/product_cat?post=8584"},{"taxonomy":"product_tag","embeddable":true,"href":"https:\/\/lubosluka.com\/de\/wp-json\/wp\/v2\/product_tag?post=8584"}],"curies":[{"name":"wp","href":"https:\/\/api.w.org\/{rel}","templated":true}]}}