{"id":8660,"date":"2014-10-08T21:38:57","date_gmt":"2014-10-08T20:38:57","guid":{"rendered":"https:\/\/lubosluka.com\/prodej-not\/as-tehdy-8-lieder-fuer-mezzosopran-und-klavier\/"},"modified":"2014-10-08T21:38:57","modified_gmt":"2014-10-08T20:38:57","slug":"as-tehdy-8-lieder-fuer-mezzosopran-und-klavier","status":"publish","type":"product","link":"https:\/\/lubosluka.com\/de\/prodej-not\/as-tehdy-8-lieder-fuer-mezzosopran-und-klavier\/","title":{"rendered":"AS TEHDY 8 Lieder f\u00fcr Mezzosopran und Klavier"},"content":{"rendered":"<h2>8 Lieder f\u00fcr Mezzosopran und Klavier<\/h2>\n<p>(1944-1950)<\/p>\n<p>20 Seiten<\/p>\n<p>ISMN 979-0-706546-43-8<\/p>\n","protected":false},"excerpt":{"rendered":"<p>8 Lieder f\u00fcr Mezzosopran und Klavier (1944-1950) 20 Seiten ISMN 979-0-706546-43-8<\/p>\n","protected":false},"featured_media":6162,"template":"","meta":{"jetpack_post_was_ever_published":false,"jetpack_publicize_message":"","jetpack_publicize_feature_enabled":true,"jetpack_social_post_already_shared":true,"jetpack_social_options":{"image_generator_settings":{"template":"highway","enabled":false},"version":2}},"product_brand":[],"product_cat":[103],"product_tag":[],"class_list":{"0":"post-8660","1":"product","2":"type-product","3":"status-publish","4":"has-post-thumbnail","6":"product_cat-singen","8":"first","9":"instock","10":"shipping-taxable","11":"purchasable","12":"product-type-variable"},"jetpack_publicize_connections":[],"yoast_head":"<!-- This site is optimized with the Yoast SEO plugin v25.1 - https:\/\/yoast.com\/wordpress\/plugins\/seo\/ -->\n<title>AS TEHDY 8 Lieder f\u00fcr Mezzosopran und Klavier | Lubo\u0161 Sluka<\/title>\n<meta name=\"robots\" content=\"index, follow, max-snippet:-1, max-image-preview:large, max-video-preview:-1\" \/>\n<link rel=\"canonical\" href=\"https:\/\/lubosluka.com\/de\/prodej-not\/as-tehdy-8-lieder-fuer-mezzosopran-und-klavier\/\" \/>\n<meta property=\"og:locale\" content=\"de_DE\" \/>\n<meta property=\"og:type\" content=\"article\" \/>\n<meta property=\"og:title\" content=\"AS TEHDY 8 Lieder f\u00fcr Mezzosopran und Klavier | Lubo\u0161 Sluka\" \/>\n<meta property=\"og:description\" content=\"8 Lieder f\u00fcr Mezzosopran und Klavier (1944-1950) 20 Seiten ISMN 979-0-706546-43-8\" \/>\n<meta property=\"og:url\" content=\"https:\/\/lubosluka.com\/de\/prodej-not\/as-tehdy-8-lieder-fuer-mezzosopran-und-klavier\/\" \/>\n<meta property=\"og:site_name\" content=\"Lubo\u0161 Sluka\" \/>\n<meta property=\"og:image\" content=\"https:\/\/lubosluka.com\/wp-content\/uploads\/2014\/10\/0084_obalka.png\" \/>\n\t<meta property=\"og:image:width\" content=\"2482\" \/>\n\t<meta property=\"og:image:height\" content=\"3504\" \/>\n\t<meta property=\"og:image:type\" content=\"image\/png\" \/>\n<script type=\"application\/ld+json\" class=\"yoast-schema-graph\">{\"@context\":\"https:\/\/schema.org\",\"@graph\":[{\"@type\":\"WebPage\",\"@id\":\"https:\/\/lubosluka.com\/de\/prodej-not\/as-tehdy-8-lieder-fuer-mezzosopran-und-klavier\/\",\"url\":\"https:\/\/lubosluka.com\/de\/prodej-not\/as-tehdy-8-lieder-fuer-mezzosopran-und-klavier\/\",\"name\":\"AS TEHDY 8 Lieder f\u00fcr Mezzosopran und Klavier | Lubo\u0161 Sluka\",\"isPartOf\":{\"@id\":\"https:\/\/lubosluka.com\/de\/#website\"},\"primaryImageOfPage\":{\"@id\":\"https:\/\/lubosluka.com\/de\/prodej-not\/as-tehdy-8-lieder-fuer-mezzosopran-und-klavier\/#primaryimage\"},\"image\":{\"@id\":\"https:\/\/lubosluka.com\/de\/prodej-not\/as-tehdy-8-lieder-fuer-mezzosopran-und-klavier\/#primaryimage\"},\"thumbnailUrl\":\"https:\/\/lubosluka.com\/wp-content\/uploads\/2014\/10\/0084_obalka.png\",\"datePublished\":\"2014-10-08T20:38:57+00:00\",\"breadcrumb\":{\"@id\":\"https:\/\/lubosluka.com\/de\/prodej-not\/as-tehdy-8-lieder-fuer-mezzosopran-und-klavier\/#breadcrumb\"},\"inLanguage\":\"de\",\"potentialAction\":[{\"@type\":\"ReadAction\",\"target\":[\"https:\/\/lubosluka.com\/de\/prodej-not\/as-tehdy-8-lieder-fuer-mezzosopran-und-klavier\/\"]}]},{\"@type\":\"ImageObject\",\"inLanguage\":\"de\",\"@id\":\"https:\/\/lubosluka.com\/de\/prodej-not\/as-tehdy-8-lieder-fuer-mezzosopran-und-klavier\/#primaryimage\",\"url\":\"https:\/\/lubosluka.com\/wp-content\/uploads\/2014\/10\/0084_obalka.png\",\"contentUrl\":\"https:\/\/lubosluka.com\/wp-content\/uploads\/2014\/10\/0084_obalka.png\",\"width\":2482,\"height\":3504},{\"@type\":\"BreadcrumbList\",\"@id\":\"https:\/\/lubosluka.com\/de\/prodej-not\/as-tehdy-8-lieder-fuer-mezzosopran-und-klavier\/#breadcrumb\",\"itemListElement\":[{\"@type\":\"ListItem\",\"position\":1,\"name\":\"Editio Musica Humana\",\"item\":\"https:\/\/lubosluka.com\/de\/editio-musica-humana\/\"},{\"@type\":\"ListItem\",\"position\":2,\"name\":\"Shop\",\"item\":\"https:\/\/lubosluka.com\/de\/shop\/\"},{\"@type\":\"ListItem\",\"position\":3,\"name\":\"AS TEHDY 8 Lieder f\u00fcr Mezzosopran und Klavier\"}]},{\"@type\":\"WebSite\",\"@id\":\"https:\/\/lubosluka.com\/de\/#website\",\"url\":\"https:\/\/lubosluka.com\/de\/\",\"name\":\"Lubo\u0161 Sluka\",\"description\":\"hudebn\u00ed skladatel\",\"potentialAction\":[{\"@type\":\"SearchAction\",\"target\":{\"@type\":\"EntryPoint\",\"urlTemplate\":\"https:\/\/lubosluka.com\/de\/?s={search_term_string}\"},\"query-input\":{\"@type\":\"PropertyValueSpecification\",\"valueRequired\":true,\"valueName\":\"search_term_string\"}}],\"inLanguage\":\"de\"}]}<\/script>\n<!-- \/ Yoast SEO plugin. -->","yoast_head_json":{"title":"AS TEHDY 8 Lieder f\u00fcr Mezzosopran und Klavier | Lubo\u0161 Sluka","robots":{"index":"index","follow":"follow","max-snippet":"max-snippet:-1","max-image-preview":"max-image-preview:large","max-video-preview":"max-video-preview:-1"},"canonical":"https:\/\/lubosluka.com\/de\/prodej-not\/as-tehdy-8-lieder-fuer-mezzosopran-und-klavier\/","og_locale":"de_DE","og_type":"article","og_title":"AS TEHDY 8 Lieder f\u00fcr Mezzosopran und Klavier | Lubo\u0161 Sluka","og_description":"8 Lieder f\u00fcr Mezzosopran und Klavier (1944-1950) 20 Seiten ISMN 979-0-706546-43-8","og_url":"https:\/\/lubosluka.com\/de\/prodej-not\/as-tehdy-8-lieder-fuer-mezzosopran-und-klavier\/","og_site_name":"Lubo\u0161 Sluka","og_image":[{"width":2482,"height":3504,"url":"https:\/\/lubosluka.com\/wp-content\/uploads\/2014\/10\/0084_obalka.png","type":"image\/png"}],"schema":{"@context":"https:\/\/schema.org","@graph":[{"@type":"WebPage","@id":"https:\/\/lubosluka.com\/de\/prodej-not\/as-tehdy-8-lieder-fuer-mezzosopran-und-klavier\/","url":"https:\/\/lubosluka.com\/de\/prodej-not\/as-tehdy-8-lieder-fuer-mezzosopran-und-klavier\/","name":"AS TEHDY 8 Lieder f\u00fcr Mezzosopran und Klavier | Lubo\u0161 Sluka","isPartOf":{"@id":"https:\/\/lubosluka.com\/de\/#website"},"primaryImageOfPage":{"@id":"https:\/\/lubosluka.com\/de\/prodej-not\/as-tehdy-8-lieder-fuer-mezzosopran-und-klavier\/#primaryimage"},"image":{"@id":"https:\/\/lubosluka.com\/de\/prodej-not\/as-tehdy-8-lieder-fuer-mezzosopran-und-klavier\/#primaryimage"},"thumbnailUrl":"https:\/\/lubosluka.com\/wp-content\/uploads\/2014\/10\/0084_obalka.png","datePublished":"2014-10-08T20:38:57+00:00","breadcrumb":{"@id":"https:\/\/lubosluka.com\/de\/prodej-not\/as-tehdy-8-lieder-fuer-mezzosopran-und-klavier\/#breadcrumb"},"inLanguage":"de","potentialAction":[{"@type":"ReadAction","target":["https:\/\/lubosluka.com\/de\/prodej-not\/as-tehdy-8-lieder-fuer-mezzosopran-und-klavier\/"]}]},{"@type":"ImageObject","inLanguage":"de","@id":"https:\/\/lubosluka.com\/de\/prodej-not\/as-tehdy-8-lieder-fuer-mezzosopran-und-klavier\/#primaryimage","url":"https:\/\/lubosluka.com\/wp-content\/uploads\/2014\/10\/0084_obalka.png","contentUrl":"https:\/\/lubosluka.com\/wp-content\/uploads\/2014\/10\/0084_obalka.png","width":2482,"height":3504},{"@type":"BreadcrumbList","@id":"https:\/\/lubosluka.com\/de\/prodej-not\/as-tehdy-8-lieder-fuer-mezzosopran-und-klavier\/#breadcrumb","itemListElement":[{"@type":"ListItem","position":1,"name":"Editio Musica Humana","item":"https:\/\/lubosluka.com\/de\/editio-musica-humana\/"},{"@type":"ListItem","position":2,"name":"Shop","item":"https:\/\/lubosluka.com\/de\/shop\/"},{"@type":"ListItem","position":3,"name":"AS TEHDY 8 Lieder f\u00fcr Mezzosopran und Klavier"}]},{"@type":"WebSite","@id":"https:\/\/lubosluka.com\/de\/#website","url":"https:\/\/lubosluka.com\/de\/","name":"Lubo\u0161 Sluka","description":"hudebn\u00ed skladatel","potentialAction":[{"@type":"SearchAction","target":{"@type":"EntryPoint","urlTemplate":"https:\/\/lubosluka.com\/de\/?s={search_term_string}"},"query-input":{"@type":"PropertyValueSpecification","valueRequired":true,"valueName":"search_term_string"}}],"inLanguage":"de"}]}},"jetpack_sharing_enabled":true,"_links":{"self":[{"href":"https:\/\/lubosluka.com\/de\/wp-json\/wp\/v2\/product\/8660","targetHints":{"allow":["GET"]}}],"collection":[{"href":"https:\/\/lubosluka.com\/de\/wp-json\/wp\/v2\/product"}],"about":[{"href":"https:\/\/lubosluka.com\/de\/wp-json\/wp\/v2\/types\/product"}],"version-history":[{"count":0,"href":"https:\/\/lubosluka.com\/de\/wp-json\/wp\/v2\/product\/8660\/revisions"}],"wp:featuredmedia":[{"embeddable":true,"href":"https:\/\/lubosluka.com\/de\/wp-json\/wp\/v2\/media\/6162"}],"wp:attachment":[{"href":"https:\/\/lubosluka.com\/de\/wp-json\/wp\/v2\/media?parent=8660"}],"wp:term":[{"taxonomy":"product_brand","embeddable":true,"href":"https:\/\/lubosluka.com\/de\/wp-json\/wp\/v2\/product_brand?post=8660"},{"taxonomy":"product_cat","embeddable":true,"href":"https:\/\/lubosluka.com\/de\/wp-json\/wp\/v2\/product_cat?post=8660"},{"taxonomy":"product_tag","embeddable":true,"href":"https:\/\/lubosluka.com\/de\/wp-json\/wp\/v2\/product_tag?post=8660"}],"curies":[{"name":"wp","href":"https:\/\/api.w.org\/{rel}","templated":true}]}}