{"id":8766,"date":"2018-12-24T13:39:31","date_gmt":"2018-12-24T12:39:31","guid":{"rendered":"https:\/\/lubosluka.com\/prodej-not\/5-haiku-buecher-geschenkset\/"},"modified":"2024-03-10T09:04:32","modified_gmt":"2024-03-10T08:04:32","slug":"5-haiku-buecher-geschenkset","status":"publish","type":"product","link":"https:\/\/lubosluka.com\/de\/prodej-not\/5-haiku-buecher-geschenkset\/","title":{"rendered":"5 HAIKU-B\u00dcCHER &#8211; GESCHENKSET"},"content":{"rendered":"<p>1.&nbsp;ich werde in den Himmel aufsteigen<br \/>\n2. Wenn ich nicht hier bin<br \/>\n3. Ich werde zur\u00fcckkommen<br \/>\n4. Violoncella<br \/>\n5. Um es besser zu machen<\/p>\n","protected":false},"excerpt":{"rendered":"<p>1.&nbsp;ich werde in den Himmel aufsteigen 2. Wenn ich nicht hier bin 3. Ich werde zur\u00fcckkommen 4. Violoncella 5. Um es besser zu machen<\/p>\n","protected":false},"featured_media":3498,"template":"","meta":{"jetpack_post_was_ever_published":false,"jetpack_publicize_message":"","jetpack_publicize_feature_enabled":true,"jetpack_social_post_already_shared":true,"jetpack_social_options":{"image_generator_settings":{"template":"highway","enabled":false},"version":2}},"product_brand":[],"product_cat":[155],"product_tag":[],"class_list":{"0":"post-8766","1":"product","2":"type-product","3":"status-publish","4":"has-post-thumbnail","6":"product_cat-andere-erstellung-von","8":"first","9":"instock","10":"shipping-taxable","11":"purchasable","12":"product-type-simple"},"jetpack_publicize_connections":[],"yoast_head":"<!-- This site is optimized with the Yoast SEO plugin v25.1 - https:\/\/yoast.com\/wordpress\/plugins\/seo\/ -->\n<title>5 HAIKU-B\u00dcCHER - GESCHENKSET | Lubo\u0161 Sluka<\/title>\n<meta name=\"robots\" content=\"index, follow, max-snippet:-1, max-image-preview:large, max-video-preview:-1\" \/>\n<link rel=\"canonical\" href=\"https:\/\/lubosluka.com\/de\/prodej-not\/5-haiku-buecher-geschenkset\/\" \/>\n<meta property=\"og:locale\" content=\"de_DE\" \/>\n<meta property=\"og:type\" content=\"article\" \/>\n<meta property=\"og:title\" content=\"5 HAIKU-B\u00dcCHER - GESCHENKSET | Lubo\u0161 Sluka\" \/>\n<meta property=\"og:description\" content=\"1.&nbsp;ich werde in den Himmel aufsteigen 2. Wenn ich nicht hier bin 3. Ich werde zur\u00fcckkommen 4. Violoncella 5. Um es besser zu machen\" \/>\n<meta property=\"og:url\" content=\"https:\/\/lubosluka.com\/de\/prodej-not\/5-haiku-buecher-geschenkset\/\" \/>\n<meta property=\"og:site_name\" content=\"Lubo\u0161 Sluka\" \/>\n<meta property=\"article:modified_time\" content=\"2024-03-10T08:04:32+00:00\" \/>\n<meta property=\"og:image\" content=\"https:\/\/lubosluka.com\/wp-content\/uploads\/2018\/12\/IMG_2504-scaled.jpg\" \/>\n\t<meta property=\"og:image:width\" content=\"1897\" \/>\n\t<meta property=\"og:image:height\" content=\"2560\" \/>\n\t<meta property=\"og:image:type\" content=\"image\/jpeg\" \/>\n<script type=\"application\/ld+json\" class=\"yoast-schema-graph\">{\"@context\":\"https:\/\/schema.org\",\"@graph\":[{\"@type\":\"WebPage\",\"@id\":\"https:\/\/lubosluka.com\/de\/prodej-not\/5-haiku-buecher-geschenkset\/\",\"url\":\"https:\/\/lubosluka.com\/de\/prodej-not\/5-haiku-buecher-geschenkset\/\",\"name\":\"5 HAIKU-B\u00dcCHER - GESCHENKSET | Lubo\u0161 Sluka\",\"isPartOf\":{\"@id\":\"https:\/\/lubosluka.com\/de\/#website\"},\"primaryImageOfPage\":{\"@id\":\"https:\/\/lubosluka.com\/de\/prodej-not\/5-haiku-buecher-geschenkset\/#primaryimage\"},\"image\":{\"@id\":\"https:\/\/lubosluka.com\/de\/prodej-not\/5-haiku-buecher-geschenkset\/#primaryimage\"},\"thumbnailUrl\":\"https:\/\/lubosluka.com\/wp-content\/uploads\/2018\/12\/IMG_2504-scaled.jpg\",\"datePublished\":\"2018-12-24T12:39:31+00:00\",\"dateModified\":\"2024-03-10T08:04:32+00:00\",\"breadcrumb\":{\"@id\":\"https:\/\/lubosluka.com\/de\/prodej-not\/5-haiku-buecher-geschenkset\/#breadcrumb\"},\"inLanguage\":\"de\",\"potentialAction\":[{\"@type\":\"ReadAction\",\"target\":[\"https:\/\/lubosluka.com\/de\/prodej-not\/5-haiku-buecher-geschenkset\/\"]}]},{\"@type\":\"ImageObject\",\"inLanguage\":\"de\",\"@id\":\"https:\/\/lubosluka.com\/de\/prodej-not\/5-haiku-buecher-geschenkset\/#primaryimage\",\"url\":\"https:\/\/lubosluka.com\/wp-content\/uploads\/2018\/12\/IMG_2504-scaled.jpg\",\"contentUrl\":\"https:\/\/lubosluka.com\/wp-content\/uploads\/2018\/12\/IMG_2504-scaled.jpg\",\"width\":1897,\"height\":2560},{\"@type\":\"BreadcrumbList\",\"@id\":\"https:\/\/lubosluka.com\/de\/prodej-not\/5-haiku-buecher-geschenkset\/#breadcrumb\",\"itemListElement\":[{\"@type\":\"ListItem\",\"position\":1,\"name\":\"Editio Musica Humana\",\"item\":\"https:\/\/lubosluka.com\/de\/editio-musica-humana\/\"},{\"@type\":\"ListItem\",\"position\":2,\"name\":\"Shop\",\"item\":\"https:\/\/lubosluka.com\/de\/shop\/\"},{\"@type\":\"ListItem\",\"position\":3,\"name\":\"Andere Erstellung von\",\"item\":\"https:\/\/lubosluka.com\/de\/note\/andere-erstellung-von\/\"},{\"@type\":\"ListItem\",\"position\":4,\"name\":\"5 HAIKU-B\u00dcCHER &#8211; GESCHENKSET\"}]},{\"@type\":\"WebSite\",\"@id\":\"https:\/\/lubosluka.com\/de\/#website\",\"url\":\"https:\/\/lubosluka.com\/de\/\",\"name\":\"Lubo\u0161 Sluka\",\"description\":\"hudebn\u00ed skladatel\",\"potentialAction\":[{\"@type\":\"SearchAction\",\"target\":{\"@type\":\"EntryPoint\",\"urlTemplate\":\"https:\/\/lubosluka.com\/de\/?s={search_term_string}\"},\"query-input\":{\"@type\":\"PropertyValueSpecification\",\"valueRequired\":true,\"valueName\":\"search_term_string\"}}],\"inLanguage\":\"de\"}]}<\/script>\n<!-- \/ Yoast SEO plugin. -->","yoast_head_json":{"title":"5 HAIKU-B\u00dcCHER - GESCHENKSET | Lubo\u0161 Sluka","robots":{"index":"index","follow":"follow","max-snippet":"max-snippet:-1","max-image-preview":"max-image-preview:large","max-video-preview":"max-video-preview:-1"},"canonical":"https:\/\/lubosluka.com\/de\/prodej-not\/5-haiku-buecher-geschenkset\/","og_locale":"de_DE","og_type":"article","og_title":"5 HAIKU-B\u00dcCHER - GESCHENKSET | Lubo\u0161 Sluka","og_description":"1.&nbsp;ich werde in den Himmel aufsteigen 2. Wenn ich nicht hier bin 3. Ich werde zur\u00fcckkommen 4. Violoncella 5. Um es besser zu machen","og_url":"https:\/\/lubosluka.com\/de\/prodej-not\/5-haiku-buecher-geschenkset\/","og_site_name":"Lubo\u0161 Sluka","article_modified_time":"2024-03-10T08:04:32+00:00","og_image":[{"width":1897,"height":2560,"url":"https:\/\/lubosluka.com\/wp-content\/uploads\/2018\/12\/IMG_2504-scaled.jpg","type":"image\/jpeg"}],"schema":{"@context":"https:\/\/schema.org","@graph":[{"@type":"WebPage","@id":"https:\/\/lubosluka.com\/de\/prodej-not\/5-haiku-buecher-geschenkset\/","url":"https:\/\/lubosluka.com\/de\/prodej-not\/5-haiku-buecher-geschenkset\/","name":"5 HAIKU-B\u00dcCHER - GESCHENKSET | Lubo\u0161 Sluka","isPartOf":{"@id":"https:\/\/lubosluka.com\/de\/#website"},"primaryImageOfPage":{"@id":"https:\/\/lubosluka.com\/de\/prodej-not\/5-haiku-buecher-geschenkset\/#primaryimage"},"image":{"@id":"https:\/\/lubosluka.com\/de\/prodej-not\/5-haiku-buecher-geschenkset\/#primaryimage"},"thumbnailUrl":"https:\/\/lubosluka.com\/wp-content\/uploads\/2018\/12\/IMG_2504-scaled.jpg","datePublished":"2018-12-24T12:39:31+00:00","dateModified":"2024-03-10T08:04:32+00:00","breadcrumb":{"@id":"https:\/\/lubosluka.com\/de\/prodej-not\/5-haiku-buecher-geschenkset\/#breadcrumb"},"inLanguage":"de","potentialAction":[{"@type":"ReadAction","target":["https:\/\/lubosluka.com\/de\/prodej-not\/5-haiku-buecher-geschenkset\/"]}]},{"@type":"ImageObject","inLanguage":"de","@id":"https:\/\/lubosluka.com\/de\/prodej-not\/5-haiku-buecher-geschenkset\/#primaryimage","url":"https:\/\/lubosluka.com\/wp-content\/uploads\/2018\/12\/IMG_2504-scaled.jpg","contentUrl":"https:\/\/lubosluka.com\/wp-content\/uploads\/2018\/12\/IMG_2504-scaled.jpg","width":1897,"height":2560},{"@type":"BreadcrumbList","@id":"https:\/\/lubosluka.com\/de\/prodej-not\/5-haiku-buecher-geschenkset\/#breadcrumb","itemListElement":[{"@type":"ListItem","position":1,"name":"Editio Musica Humana","item":"https:\/\/lubosluka.com\/de\/editio-musica-humana\/"},{"@type":"ListItem","position":2,"name":"Shop","item":"https:\/\/lubosluka.com\/de\/shop\/"},{"@type":"ListItem","position":3,"name":"Andere Erstellung von","item":"https:\/\/lubosluka.com\/de\/note\/andere-erstellung-von\/"},{"@type":"ListItem","position":4,"name":"5 HAIKU-B\u00dcCHER &#8211; GESCHENKSET"}]},{"@type":"WebSite","@id":"https:\/\/lubosluka.com\/de\/#website","url":"https:\/\/lubosluka.com\/de\/","name":"Lubo\u0161 Sluka","description":"hudebn\u00ed skladatel","potentialAction":[{"@type":"SearchAction","target":{"@type":"EntryPoint","urlTemplate":"https:\/\/lubosluka.com\/de\/?s={search_term_string}"},"query-input":{"@type":"PropertyValueSpecification","valueRequired":true,"valueName":"search_term_string"}}],"inLanguage":"de"}]}},"jetpack_sharing_enabled":true,"_links":{"self":[{"href":"https:\/\/lubosluka.com\/de\/wp-json\/wp\/v2\/product\/8766","targetHints":{"allow":["GET"]}}],"collection":[{"href":"https:\/\/lubosluka.com\/de\/wp-json\/wp\/v2\/product"}],"about":[{"href":"https:\/\/lubosluka.com\/de\/wp-json\/wp\/v2\/types\/product"}],"version-history":[{"count":1,"href":"https:\/\/lubosluka.com\/de\/wp-json\/wp\/v2\/product\/8766\/revisions"}],"predecessor-version":[{"id":8775,"href":"https:\/\/lubosluka.com\/de\/wp-json\/wp\/v2\/product\/8766\/revisions\/8775"}],"wp:featuredmedia":[{"embeddable":true,"href":"https:\/\/lubosluka.com\/de\/wp-json\/wp\/v2\/media\/3498"}],"wp:attachment":[{"href":"https:\/\/lubosluka.com\/de\/wp-json\/wp\/v2\/media?parent=8766"}],"wp:term":[{"taxonomy":"product_brand","embeddable":true,"href":"https:\/\/lubosluka.com\/de\/wp-json\/wp\/v2\/product_brand?post=8766"},{"taxonomy":"product_cat","embeddable":true,"href":"https:\/\/lubosluka.com\/de\/wp-json\/wp\/v2\/product_cat?post=8766"},{"taxonomy":"product_tag","embeddable":true,"href":"https:\/\/lubosluka.com\/de\/wp-json\/wp\/v2\/product_tag?post=8766"}],"curies":[{"name":"wp","href":"https:\/\/api.w.org\/{rel}","templated":true}]}}