{"id":8885,"date":"2015-11-19T17:22:35","date_gmt":"2015-11-19T16:22:35","guid":{"rendered":"https:\/\/lubosluka.com\/prodej-not\/4-ave-maria-o-sanctissima-fuer-gemischten-chor-und-orgel\/"},"modified":"2015-11-19T17:22:35","modified_gmt":"2015-11-19T16:22:35","slug":"4-ave-maria-o-sanctissima-fuer-gemischten-chor-und-orgel","status":"publish","type":"product","link":"https:\/\/lubosluka.com\/de\/prodej-not\/4-ave-maria-o-sanctissima-fuer-gemischten-chor-und-orgel\/","title":{"rendered":"4 AVE MARIA, O&nbsp;SANCTISSIMA f\u00fcr gemischten Chor und Orgel"},"content":{"rendered":"<p><strong>f\u00fcr gemischten Chor und Orgel (oder Pianoforte)<\/strong><\/p>\n<p>20 Seiten<\/p>\n<p>ISMN 979-0-706554-07-5<\/p>\n","protected":false},"excerpt":{"rendered":"<p>f\u00fcr gemischten Chor und Orgel (oder Pianoforte) 20 Seiten ISMN 979-0-706554-07-5<\/p>\n","protected":false},"featured_media":6104,"template":"","meta":{"jetpack_post_was_ever_published":false,"jetpack_publicize_message":"","jetpack_publicize_feature_enabled":true,"jetpack_social_post_already_shared":false,"jetpack_social_options":{"image_generator_settings":{"template":"highway","enabled":false},"version":2}},"product_brand":[],"product_cat":[103,94],"product_tag":[],"class_list":{"0":"post-8885","1":"product","2":"type-product","3":"status-publish","4":"has-post-thumbnail","6":"product_cat-singen","7":"product_cat-spiritual-musik","9":"first","10":"instock","11":"shipping-taxable","12":"purchasable","13":"product-type-variable"},"jetpack_publicize_connections":[],"yoast_head":"<!-- This site is optimized with the Yoast SEO plugin v25.1 - https:\/\/yoast.com\/wordpress\/plugins\/seo\/ -->\n<title>4 AVE MARIA, O SANCTISSIMA f\u00fcr gemischten Chor und Orgel | Lubo\u0161 Sluka<\/title>\n<meta name=\"robots\" content=\"index, follow, max-snippet:-1, max-image-preview:large, max-video-preview:-1\" \/>\n<link rel=\"canonical\" href=\"https:\/\/lubosluka.com\/de\/prodej-not\/4-ave-maria-o-sanctissima-fuer-gemischten-chor-und-orgel\/\" \/>\n<meta property=\"og:locale\" content=\"de_DE\" \/>\n<meta property=\"og:type\" content=\"article\" \/>\n<meta property=\"og:title\" content=\"4 AVE MARIA, O SANCTISSIMA f\u00fcr gemischten Chor und Orgel | Lubo\u0161 Sluka\" \/>\n<meta property=\"og:description\" content=\"f\u00fcr gemischten Chor und Orgel (oder Pianoforte) 20 Seiten ISMN 979-0-706554-07-5\" \/>\n<meta property=\"og:url\" content=\"https:\/\/lubosluka.com\/de\/prodej-not\/4-ave-maria-o-sanctissima-fuer-gemischten-chor-und-orgel\/\" \/>\n<meta property=\"og:site_name\" content=\"Lubo\u0161 Sluka\" \/>\n<meta property=\"og:image\" content=\"https:\/\/lubosluka.com\/wp-content\/uploads\/2015\/11\/0081b_obalka.png\" \/>\n\t<meta property=\"og:image:width\" content=\"2482\" \/>\n\t<meta property=\"og:image:height\" content=\"3510\" \/>\n\t<meta property=\"og:image:type\" content=\"image\/png\" \/>\n<script type=\"application\/ld+json\" class=\"yoast-schema-graph\">{\"@context\":\"https:\/\/schema.org\",\"@graph\":[{\"@type\":\"WebPage\",\"@id\":\"https:\/\/lubosluka.com\/de\/prodej-not\/4-ave-maria-o-sanctissima-fuer-gemischten-chor-und-orgel\/\",\"url\":\"https:\/\/lubosluka.com\/de\/prodej-not\/4-ave-maria-o-sanctissima-fuer-gemischten-chor-und-orgel\/\",\"name\":\"4 AVE MARIA, O SANCTISSIMA f\u00fcr gemischten Chor und Orgel | Lubo\u0161 Sluka\",\"isPartOf\":{\"@id\":\"https:\/\/lubosluka.com\/de\/#website\"},\"primaryImageOfPage\":{\"@id\":\"https:\/\/lubosluka.com\/de\/prodej-not\/4-ave-maria-o-sanctissima-fuer-gemischten-chor-und-orgel\/#primaryimage\"},\"image\":{\"@id\":\"https:\/\/lubosluka.com\/de\/prodej-not\/4-ave-maria-o-sanctissima-fuer-gemischten-chor-und-orgel\/#primaryimage\"},\"thumbnailUrl\":\"https:\/\/lubosluka.com\/wp-content\/uploads\/2015\/11\/0081b_obalka.png\",\"datePublished\":\"2015-11-19T16:22:35+00:00\",\"breadcrumb\":{\"@id\":\"https:\/\/lubosluka.com\/de\/prodej-not\/4-ave-maria-o-sanctissima-fuer-gemischten-chor-und-orgel\/#breadcrumb\"},\"inLanguage\":\"de\",\"potentialAction\":[{\"@type\":\"ReadAction\",\"target\":[\"https:\/\/lubosluka.com\/de\/prodej-not\/4-ave-maria-o-sanctissima-fuer-gemischten-chor-und-orgel\/\"]}]},{\"@type\":\"ImageObject\",\"inLanguage\":\"de\",\"@id\":\"https:\/\/lubosluka.com\/de\/prodej-not\/4-ave-maria-o-sanctissima-fuer-gemischten-chor-und-orgel\/#primaryimage\",\"url\":\"https:\/\/lubosluka.com\/wp-content\/uploads\/2015\/11\/0081b_obalka.png\",\"contentUrl\":\"https:\/\/lubosluka.com\/wp-content\/uploads\/2015\/11\/0081b_obalka.png\",\"width\":2482,\"height\":3510},{\"@type\":\"BreadcrumbList\",\"@id\":\"https:\/\/lubosluka.com\/de\/prodej-not\/4-ave-maria-o-sanctissima-fuer-gemischten-chor-und-orgel\/#breadcrumb\",\"itemListElement\":[{\"@type\":\"ListItem\",\"position\":1,\"name\":\"Editio Musica Humana\",\"item\":\"https:\/\/lubosluka.com\/de\/editio-musica-humana\/\"},{\"@type\":\"ListItem\",\"position\":2,\"name\":\"Shop\",\"item\":\"https:\/\/lubosluka.com\/de\/shop\/\"},{\"@type\":\"ListItem\",\"position\":3,\"name\":\"4 AVE MARIA, O&nbsp;SANCTISSIMA f\u00fcr gemischten Chor und Orgel\"}]},{\"@type\":\"WebSite\",\"@id\":\"https:\/\/lubosluka.com\/de\/#website\",\"url\":\"https:\/\/lubosluka.com\/de\/\",\"name\":\"Lubo\u0161 Sluka\",\"description\":\"hudebn\u00ed skladatel\",\"potentialAction\":[{\"@type\":\"SearchAction\",\"target\":{\"@type\":\"EntryPoint\",\"urlTemplate\":\"https:\/\/lubosluka.com\/de\/?s={search_term_string}\"},\"query-input\":{\"@type\":\"PropertyValueSpecification\",\"valueRequired\":true,\"valueName\":\"search_term_string\"}}],\"inLanguage\":\"de\"}]}<\/script>\n<!-- \/ Yoast SEO plugin. -->","yoast_head_json":{"title":"4 AVE MARIA, O SANCTISSIMA f\u00fcr gemischten Chor und Orgel | Lubo\u0161 Sluka","robots":{"index":"index","follow":"follow","max-snippet":"max-snippet:-1","max-image-preview":"max-image-preview:large","max-video-preview":"max-video-preview:-1"},"canonical":"https:\/\/lubosluka.com\/de\/prodej-not\/4-ave-maria-o-sanctissima-fuer-gemischten-chor-und-orgel\/","og_locale":"de_DE","og_type":"article","og_title":"4 AVE MARIA, O SANCTISSIMA f\u00fcr gemischten Chor und Orgel | Lubo\u0161 Sluka","og_description":"f\u00fcr gemischten Chor und Orgel (oder Pianoforte) 20 Seiten ISMN 979-0-706554-07-5","og_url":"https:\/\/lubosluka.com\/de\/prodej-not\/4-ave-maria-o-sanctissima-fuer-gemischten-chor-und-orgel\/","og_site_name":"Lubo\u0161 Sluka","og_image":[{"width":2482,"height":3510,"url":"https:\/\/lubosluka.com\/wp-content\/uploads\/2015\/11\/0081b_obalka.png","type":"image\/png"}],"schema":{"@context":"https:\/\/schema.org","@graph":[{"@type":"WebPage","@id":"https:\/\/lubosluka.com\/de\/prodej-not\/4-ave-maria-o-sanctissima-fuer-gemischten-chor-und-orgel\/","url":"https:\/\/lubosluka.com\/de\/prodej-not\/4-ave-maria-o-sanctissima-fuer-gemischten-chor-und-orgel\/","name":"4 AVE MARIA, O SANCTISSIMA f\u00fcr gemischten Chor und Orgel | Lubo\u0161 Sluka","isPartOf":{"@id":"https:\/\/lubosluka.com\/de\/#website"},"primaryImageOfPage":{"@id":"https:\/\/lubosluka.com\/de\/prodej-not\/4-ave-maria-o-sanctissima-fuer-gemischten-chor-und-orgel\/#primaryimage"},"image":{"@id":"https:\/\/lubosluka.com\/de\/prodej-not\/4-ave-maria-o-sanctissima-fuer-gemischten-chor-und-orgel\/#primaryimage"},"thumbnailUrl":"https:\/\/lubosluka.com\/wp-content\/uploads\/2015\/11\/0081b_obalka.png","datePublished":"2015-11-19T16:22:35+00:00","breadcrumb":{"@id":"https:\/\/lubosluka.com\/de\/prodej-not\/4-ave-maria-o-sanctissima-fuer-gemischten-chor-und-orgel\/#breadcrumb"},"inLanguage":"de","potentialAction":[{"@type":"ReadAction","target":["https:\/\/lubosluka.com\/de\/prodej-not\/4-ave-maria-o-sanctissima-fuer-gemischten-chor-und-orgel\/"]}]},{"@type":"ImageObject","inLanguage":"de","@id":"https:\/\/lubosluka.com\/de\/prodej-not\/4-ave-maria-o-sanctissima-fuer-gemischten-chor-und-orgel\/#primaryimage","url":"https:\/\/lubosluka.com\/wp-content\/uploads\/2015\/11\/0081b_obalka.png","contentUrl":"https:\/\/lubosluka.com\/wp-content\/uploads\/2015\/11\/0081b_obalka.png","width":2482,"height":3510},{"@type":"BreadcrumbList","@id":"https:\/\/lubosluka.com\/de\/prodej-not\/4-ave-maria-o-sanctissima-fuer-gemischten-chor-und-orgel\/#breadcrumb","itemListElement":[{"@type":"ListItem","position":1,"name":"Editio Musica Humana","item":"https:\/\/lubosluka.com\/de\/editio-musica-humana\/"},{"@type":"ListItem","position":2,"name":"Shop","item":"https:\/\/lubosluka.com\/de\/shop\/"},{"@type":"ListItem","position":3,"name":"4 AVE MARIA, O&nbsp;SANCTISSIMA f\u00fcr gemischten Chor und Orgel"}]},{"@type":"WebSite","@id":"https:\/\/lubosluka.com\/de\/#website","url":"https:\/\/lubosluka.com\/de\/","name":"Lubo\u0161 Sluka","description":"hudebn\u00ed skladatel","potentialAction":[{"@type":"SearchAction","target":{"@type":"EntryPoint","urlTemplate":"https:\/\/lubosluka.com\/de\/?s={search_term_string}"},"query-input":{"@type":"PropertyValueSpecification","valueRequired":true,"valueName":"search_term_string"}}],"inLanguage":"de"}]}},"jetpack_sharing_enabled":true,"_links":{"self":[{"href":"https:\/\/lubosluka.com\/de\/wp-json\/wp\/v2\/product\/8885","targetHints":{"allow":["GET"]}}],"collection":[{"href":"https:\/\/lubosluka.com\/de\/wp-json\/wp\/v2\/product"}],"about":[{"href":"https:\/\/lubosluka.com\/de\/wp-json\/wp\/v2\/types\/product"}],"version-history":[{"count":0,"href":"https:\/\/lubosluka.com\/de\/wp-json\/wp\/v2\/product\/8885\/revisions"}],"wp:featuredmedia":[{"embeddable":true,"href":"https:\/\/lubosluka.com\/de\/wp-json\/wp\/v2\/media\/6104"}],"wp:attachment":[{"href":"https:\/\/lubosluka.com\/de\/wp-json\/wp\/v2\/media?parent=8885"}],"wp:term":[{"taxonomy":"product_brand","embeddable":true,"href":"https:\/\/lubosluka.com\/de\/wp-json\/wp\/v2\/product_brand?post=8885"},{"taxonomy":"product_cat","embeddable":true,"href":"https:\/\/lubosluka.com\/de\/wp-json\/wp\/v2\/product_cat?post=8885"},{"taxonomy":"product_tag","embeddable":true,"href":"https:\/\/lubosluka.com\/de\/wp-json\/wp\/v2\/product_tag?post=8885"}],"curies":[{"name":"wp","href":"https:\/\/api.w.org\/{rel}","templated":true}]}}