{"id":8965,"date":"2014-10-08T19:34:44","date_gmt":"2014-10-08T18:34:44","guid":{"rendered":"https:\/\/lubosluka.com\/prodej-not\/flower-melody-liederzyklus-fuer-mittlere-stimme-und-klavier\/"},"modified":"2024-03-10T09:05:14","modified_gmt":"2024-03-10T08:05:14","slug":"flower-melody-liederzyklus-fuer-mittlere-stimme-und-klavier","status":"publish","type":"product","link":"https:\/\/lubosluka.com\/de\/prodej-not\/flower-melody-liederzyklus-fuer-mittlere-stimme-und-klavier\/","title":{"rendered":"FLOWER MELODY Liederzyklus f\u00fcr mittlere Stimme und Klavier"},"content":{"rendered":"<h2>Liederzyklus f\u00fcr mittlere Stimme und Klavier<\/h2>\n<p>zu den Worten von Robert Desnos in einem freien Gedicht von Kamil Bednar<\/p>\n<p><em>Liederzyklus f\u00fcr mittlere Stimme und Klavier nach Versen von Robert Desnos.<\/em><br \/>\n<em>Freie deutsche Nachdichtung zur gegebenen Musik von Adolf Langer<\/em><\/p>\n<p>22 Seiten<\/p>\n<p>ISMN 979-0-706546-39-1<\/p>\n<p>&nbsp;<\/p>\n","protected":false},"excerpt":{"rendered":"<p>Liederzyklus f\u00fcr mittlere Stimme und Klavier zu den Worten von Robert Desnos in einem freien Gedicht von Kamil Bednar Liederzyklus f\u00fcr mittlere Stimme und Klavier nach Versen von Robert Desnos. Freie deutsche Nachdichtung zur gegebenen Musik von Adolf Langer 22 &hellip; <a href=\"https:\/\/lubosluka.com\/de\/prodej-not\/flower-melody-liederzyklus-fuer-mittlere-stimme-und-klavier\/\">Continue reading <span class=\"meta-nav\">&rarr;<\/span><\/a><\/p>\n","protected":false},"featured_media":5942,"template":"","meta":{"jetpack_post_was_ever_published":false,"jetpack_publicize_message":"","jetpack_publicize_feature_enabled":true,"jetpack_social_post_already_shared":true,"jetpack_social_options":{"image_generator_settings":{"template":"highway","enabled":false},"version":2}},"product_brand":[],"product_cat":[103],"product_tag":[],"class_list":{"0":"post-8965","1":"product","2":"type-product","3":"status-publish","4":"has-post-thumbnail","6":"product_cat-singen","8":"first","9":"instock","10":"shipping-taxable","11":"purchasable","12":"product-type-variable"},"jetpack_publicize_connections":[],"yoast_head":"<!-- This site is optimized with the Yoast SEO plugin v25.1 - https:\/\/yoast.com\/wordpress\/plugins\/seo\/ -->\n<title>FLOWER MELODY Liederzyklus f\u00fcr mittlere Stimme und Klavier | Lubo\u0161 Sluka<\/title>\n<meta name=\"robots\" content=\"index, follow, max-snippet:-1, max-image-preview:large, max-video-preview:-1\" \/>\n<link rel=\"canonical\" href=\"https:\/\/lubosluka.com\/de\/prodej-not\/flower-melody-liederzyklus-fuer-mittlere-stimme-und-klavier\/\" \/>\n<meta property=\"og:locale\" content=\"de_DE\" \/>\n<meta property=\"og:type\" content=\"article\" \/>\n<meta property=\"og:title\" content=\"FLOWER MELODY Liederzyklus f\u00fcr mittlere Stimme und Klavier | Lubo\u0161 Sluka\" \/>\n<meta property=\"og:description\" content=\"Liederzyklus f\u00fcr mittlere Stimme und Klavier zu den Worten von Robert Desnos in einem freien Gedicht von Kamil Bednar Liederzyklus f\u00fcr mittlere Stimme und Klavier nach Versen von Robert Desnos. Freie deutsche Nachdichtung zur gegebenen Musik von Adolf Langer 22 &hellip; Continue reading &rarr;\" \/>\n<meta property=\"og:url\" content=\"https:\/\/lubosluka.com\/de\/prodej-not\/flower-melody-liederzyklus-fuer-mittlere-stimme-und-klavier\/\" \/>\n<meta property=\"og:site_name\" content=\"Lubo\u0161 Sluka\" \/>\n<meta property=\"article:modified_time\" content=\"2024-03-10T08:05:14+00:00\" \/>\n<meta property=\"og:image\" content=\"https:\/\/lubosluka.com\/wp-content\/uploads\/2014\/10\/0074_obalka.png\" \/>\n\t<meta property=\"og:image:width\" content=\"2486\" \/>\n\t<meta property=\"og:image:height\" content=\"3509\" \/>\n\t<meta property=\"og:image:type\" content=\"image\/png\" \/>\n<script type=\"application\/ld+json\" class=\"yoast-schema-graph\">{\"@context\":\"https:\/\/schema.org\",\"@graph\":[{\"@type\":\"WebPage\",\"@id\":\"https:\/\/lubosluka.com\/de\/prodej-not\/flower-melody-liederzyklus-fuer-mittlere-stimme-und-klavier\/\",\"url\":\"https:\/\/lubosluka.com\/de\/prodej-not\/flower-melody-liederzyklus-fuer-mittlere-stimme-und-klavier\/\",\"name\":\"FLOWER MELODY Liederzyklus f\u00fcr mittlere Stimme und Klavier | Lubo\u0161 Sluka\",\"isPartOf\":{\"@id\":\"https:\/\/lubosluka.com\/de\/#website\"},\"primaryImageOfPage\":{\"@id\":\"https:\/\/lubosluka.com\/de\/prodej-not\/flower-melody-liederzyklus-fuer-mittlere-stimme-und-klavier\/#primaryimage\"},\"image\":{\"@id\":\"https:\/\/lubosluka.com\/de\/prodej-not\/flower-melody-liederzyklus-fuer-mittlere-stimme-und-klavier\/#primaryimage\"},\"thumbnailUrl\":\"https:\/\/lubosluka.com\/wp-content\/uploads\/2014\/10\/0074_obalka.png\",\"datePublished\":\"2014-10-08T18:34:44+00:00\",\"dateModified\":\"2024-03-10T08:05:14+00:00\",\"breadcrumb\":{\"@id\":\"https:\/\/lubosluka.com\/de\/prodej-not\/flower-melody-liederzyklus-fuer-mittlere-stimme-und-klavier\/#breadcrumb\"},\"inLanguage\":\"de\",\"potentialAction\":[{\"@type\":\"ReadAction\",\"target\":[\"https:\/\/lubosluka.com\/de\/prodej-not\/flower-melody-liederzyklus-fuer-mittlere-stimme-und-klavier\/\"]}]},{\"@type\":\"ImageObject\",\"inLanguage\":\"de\",\"@id\":\"https:\/\/lubosluka.com\/de\/prodej-not\/flower-melody-liederzyklus-fuer-mittlere-stimme-und-klavier\/#primaryimage\",\"url\":\"https:\/\/lubosluka.com\/wp-content\/uploads\/2014\/10\/0074_obalka.png\",\"contentUrl\":\"https:\/\/lubosluka.com\/wp-content\/uploads\/2014\/10\/0074_obalka.png\",\"width\":2486,\"height\":3509},{\"@type\":\"BreadcrumbList\",\"@id\":\"https:\/\/lubosluka.com\/de\/prodej-not\/flower-melody-liederzyklus-fuer-mittlere-stimme-und-klavier\/#breadcrumb\",\"itemListElement\":[{\"@type\":\"ListItem\",\"position\":1,\"name\":\"Editio Musica Humana\",\"item\":\"https:\/\/lubosluka.com\/de\/editio-musica-humana\/\"},{\"@type\":\"ListItem\",\"position\":2,\"name\":\"Shop\",\"item\":\"https:\/\/lubosluka.com\/de\/shop\/\"},{\"@type\":\"ListItem\",\"position\":3,\"name\":\"Singen\",\"item\":\"https:\/\/lubosluka.com\/de\/note\/singen\/\"},{\"@type\":\"ListItem\",\"position\":4,\"name\":\"FLOWER MELODY Liederzyklus f\u00fcr mittlere Stimme und Klavier\"}]},{\"@type\":\"WebSite\",\"@id\":\"https:\/\/lubosluka.com\/de\/#website\",\"url\":\"https:\/\/lubosluka.com\/de\/\",\"name\":\"Lubo\u0161 Sluka\",\"description\":\"hudebn\u00ed skladatel\",\"potentialAction\":[{\"@type\":\"SearchAction\",\"target\":{\"@type\":\"EntryPoint\",\"urlTemplate\":\"https:\/\/lubosluka.com\/de\/?s={search_term_string}\"},\"query-input\":{\"@type\":\"PropertyValueSpecification\",\"valueRequired\":true,\"valueName\":\"search_term_string\"}}],\"inLanguage\":\"de\"}]}<\/script>\n<!-- \/ Yoast SEO plugin. -->","yoast_head_json":{"title":"FLOWER MELODY Liederzyklus f\u00fcr mittlere Stimme und Klavier | Lubo\u0161 Sluka","robots":{"index":"index","follow":"follow","max-snippet":"max-snippet:-1","max-image-preview":"max-image-preview:large","max-video-preview":"max-video-preview:-1"},"canonical":"https:\/\/lubosluka.com\/de\/prodej-not\/flower-melody-liederzyklus-fuer-mittlere-stimme-und-klavier\/","og_locale":"de_DE","og_type":"article","og_title":"FLOWER MELODY Liederzyklus f\u00fcr mittlere Stimme und Klavier | Lubo\u0161 Sluka","og_description":"Liederzyklus f\u00fcr mittlere Stimme und Klavier zu den Worten von Robert Desnos in einem freien Gedicht von Kamil Bednar Liederzyklus f\u00fcr mittlere Stimme und Klavier nach Versen von Robert Desnos. Freie deutsche Nachdichtung zur gegebenen Musik von Adolf Langer 22 &hellip; Continue reading &rarr;","og_url":"https:\/\/lubosluka.com\/de\/prodej-not\/flower-melody-liederzyklus-fuer-mittlere-stimme-und-klavier\/","og_site_name":"Lubo\u0161 Sluka","article_modified_time":"2024-03-10T08:05:14+00:00","og_image":[{"width":2486,"height":3509,"url":"https:\/\/lubosluka.com\/wp-content\/uploads\/2014\/10\/0074_obalka.png","type":"image\/png"}],"schema":{"@context":"https:\/\/schema.org","@graph":[{"@type":"WebPage","@id":"https:\/\/lubosluka.com\/de\/prodej-not\/flower-melody-liederzyklus-fuer-mittlere-stimme-und-klavier\/","url":"https:\/\/lubosluka.com\/de\/prodej-not\/flower-melody-liederzyklus-fuer-mittlere-stimme-und-klavier\/","name":"FLOWER MELODY Liederzyklus f\u00fcr mittlere Stimme und Klavier | Lubo\u0161 Sluka","isPartOf":{"@id":"https:\/\/lubosluka.com\/de\/#website"},"primaryImageOfPage":{"@id":"https:\/\/lubosluka.com\/de\/prodej-not\/flower-melody-liederzyklus-fuer-mittlere-stimme-und-klavier\/#primaryimage"},"image":{"@id":"https:\/\/lubosluka.com\/de\/prodej-not\/flower-melody-liederzyklus-fuer-mittlere-stimme-und-klavier\/#primaryimage"},"thumbnailUrl":"https:\/\/lubosluka.com\/wp-content\/uploads\/2014\/10\/0074_obalka.png","datePublished":"2014-10-08T18:34:44+00:00","dateModified":"2024-03-10T08:05:14+00:00","breadcrumb":{"@id":"https:\/\/lubosluka.com\/de\/prodej-not\/flower-melody-liederzyklus-fuer-mittlere-stimme-und-klavier\/#breadcrumb"},"inLanguage":"de","potentialAction":[{"@type":"ReadAction","target":["https:\/\/lubosluka.com\/de\/prodej-not\/flower-melody-liederzyklus-fuer-mittlere-stimme-und-klavier\/"]}]},{"@type":"ImageObject","inLanguage":"de","@id":"https:\/\/lubosluka.com\/de\/prodej-not\/flower-melody-liederzyklus-fuer-mittlere-stimme-und-klavier\/#primaryimage","url":"https:\/\/lubosluka.com\/wp-content\/uploads\/2014\/10\/0074_obalka.png","contentUrl":"https:\/\/lubosluka.com\/wp-content\/uploads\/2014\/10\/0074_obalka.png","width":2486,"height":3509},{"@type":"BreadcrumbList","@id":"https:\/\/lubosluka.com\/de\/prodej-not\/flower-melody-liederzyklus-fuer-mittlere-stimme-und-klavier\/#breadcrumb","itemListElement":[{"@type":"ListItem","position":1,"name":"Editio Musica Humana","item":"https:\/\/lubosluka.com\/de\/editio-musica-humana\/"},{"@type":"ListItem","position":2,"name":"Shop","item":"https:\/\/lubosluka.com\/de\/shop\/"},{"@type":"ListItem","position":3,"name":"Singen","item":"https:\/\/lubosluka.com\/de\/note\/singen\/"},{"@type":"ListItem","position":4,"name":"FLOWER MELODY Liederzyklus f\u00fcr mittlere Stimme und Klavier"}]},{"@type":"WebSite","@id":"https:\/\/lubosluka.com\/de\/#website","url":"https:\/\/lubosluka.com\/de\/","name":"Lubo\u0161 Sluka","description":"hudebn\u00ed skladatel","potentialAction":[{"@type":"SearchAction","target":{"@type":"EntryPoint","urlTemplate":"https:\/\/lubosluka.com\/de\/?s={search_term_string}"},"query-input":{"@type":"PropertyValueSpecification","valueRequired":true,"valueName":"search_term_string"}}],"inLanguage":"de"}]}},"jetpack_sharing_enabled":true,"_links":{"self":[{"href":"https:\/\/lubosluka.com\/de\/wp-json\/wp\/v2\/product\/8965","targetHints":{"allow":["GET"]}}],"collection":[{"href":"https:\/\/lubosluka.com\/de\/wp-json\/wp\/v2\/product"}],"about":[{"href":"https:\/\/lubosluka.com\/de\/wp-json\/wp\/v2\/types\/product"}],"version-history":[{"count":1,"href":"https:\/\/lubosluka.com\/de\/wp-json\/wp\/v2\/product\/8965\/revisions"}],"predecessor-version":[{"id":8981,"href":"https:\/\/lubosluka.com\/de\/wp-json\/wp\/v2\/product\/8965\/revisions\/8981"}],"wp:featuredmedia":[{"embeddable":true,"href":"https:\/\/lubosluka.com\/de\/wp-json\/wp\/v2\/media\/5942"}],"wp:attachment":[{"href":"https:\/\/lubosluka.com\/de\/wp-json\/wp\/v2\/media?parent=8965"}],"wp:term":[{"taxonomy":"product_brand","embeddable":true,"href":"https:\/\/lubosluka.com\/de\/wp-json\/wp\/v2\/product_brand?post=8965"},{"taxonomy":"product_cat","embeddable":true,"href":"https:\/\/lubosluka.com\/de\/wp-json\/wp\/v2\/product_cat?post=8965"},{"taxonomy":"product_tag","embeddable":true,"href":"https:\/\/lubosluka.com\/de\/wp-json\/wp\/v2\/product_tag?post=8965"}],"curies":[{"name":"wp","href":"https:\/\/api.w.org\/{rel}","templated":true}]}}