{"id":8968,"date":"2014-10-08T09:55:54","date_gmt":"2014-10-08T08:55:54","guid":{"rendered":"https:\/\/lubosluka.com\/prodej-not\/renaissance-songs-fuer-mittlere-stimme-und-klavier\/"},"modified":"2024-03-10T09:05:15","modified_gmt":"2024-03-10T08:05:15","slug":"renaissance-songs-fuer-mittlere-stimme-und-klavier","status":"publish","type":"product","link":"https:\/\/lubosluka.com\/de\/prodej-not\/renaissance-songs-fuer-mittlere-stimme-und-klavier\/","title":{"rendered":"RENAISSANCE SONGS f\u00fcr mittlere Stimme und Klavier"},"content":{"rendered":"<h2>f\u00fcr mittlere Stimme und Klavier<\/h2>\n<p>(Angelo Poliziano, Tarquato Tasso, Michelangelo Buonarroti)<br \/>\n\u00fcbersetzt von Jan Vladislav<\/p>\n<p>Rennaissancelieder f\u00fcr mittlere Stimme und Klavier<br \/>\n(Angelo Poliziano, Tarquato Tasso, Michelangelo Buonarroti)<br \/>\nDeutsche \u00dcbersetzung von Bedrich Eben<\/p>\n<p>(1957)<\/p>\n<p>10 Seiten<\/p>\n<p>ISMN 979-0-706546-00-1<\/p>\n","protected":false},"excerpt":{"rendered":"<p>f\u00fcr mittlere Stimme und Klavier (Angelo Poliziano, Tarquato Tasso, Michelangelo Buonarroti) \u00fcbersetzt von Jan Vladislav Rennaissancelieder f\u00fcr mittlere Stimme und Klavier (Angelo Poliziano, Tarquato Tasso, Michelangelo Buonarroti) Deutsche \u00dcbersetzung von Bedrich Eben (1957) 10 Seiten ISMN 979-0-706546-00-1<\/p>\n","protected":false},"featured_media":5789,"template":"","meta":{"jetpack_post_was_ever_published":false,"jetpack_publicize_message":"","jetpack_publicize_feature_enabled":true,"jetpack_social_post_already_shared":true,"jetpack_social_options":{"image_generator_settings":{"template":"highway","enabled":false},"version":2}},"product_brand":[],"product_cat":[90,103],"product_tag":[],"class_list":{"0":"post-8968","1":"product","2":"type-product","3":"status-publish","4":"has-post-thumbnail","6":"product_cat-klavier","7":"product_cat-singen","9":"first","10":"instock","11":"shipping-taxable","12":"purchasable","13":"product-type-variable"},"jetpack_publicize_connections":[],"yoast_head":"<!-- This site is optimized with the Yoast SEO plugin v25.1 - https:\/\/yoast.com\/wordpress\/plugins\/seo\/ -->\n<title>RENAISSANCE SONGS f\u00fcr mittlere Stimme und Klavier | Lubo\u0161 Sluka<\/title>\n<meta name=\"robots\" content=\"index, follow, max-snippet:-1, max-image-preview:large, max-video-preview:-1\" \/>\n<link rel=\"canonical\" href=\"https:\/\/lubosluka.com\/de\/prodej-not\/renaissance-songs-fuer-mittlere-stimme-und-klavier\/\" \/>\n<meta property=\"og:locale\" content=\"de_DE\" \/>\n<meta property=\"og:type\" content=\"article\" \/>\n<meta property=\"og:title\" content=\"RENAISSANCE SONGS f\u00fcr mittlere Stimme und Klavier | Lubo\u0161 Sluka\" \/>\n<meta property=\"og:description\" content=\"f\u00fcr mittlere Stimme und Klavier (Angelo Poliziano, Tarquato Tasso, Michelangelo Buonarroti) \u00fcbersetzt von Jan Vladislav Rennaissancelieder f\u00fcr mittlere Stimme und Klavier (Angelo Poliziano, Tarquato Tasso, Michelangelo Buonarroti) Deutsche \u00dcbersetzung von Bedrich Eben (1957) 10 Seiten ISMN 979-0-706546-00-1\" \/>\n<meta property=\"og:url\" content=\"https:\/\/lubosluka.com\/de\/prodej-not\/renaissance-songs-fuer-mittlere-stimme-und-klavier\/\" \/>\n<meta property=\"og:site_name\" content=\"Lubo\u0161 Sluka\" \/>\n<meta property=\"article:modified_time\" content=\"2024-03-10T08:05:15+00:00\" \/>\n<meta property=\"og:image\" content=\"https:\/\/lubosluka.com\/wp-content\/uploads\/2014\/10\/0072_obalka.png\" \/>\n\t<meta property=\"og:image:width\" content=\"2480\" \/>\n\t<meta property=\"og:image:height\" content=\"3509\" \/>\n\t<meta property=\"og:image:type\" content=\"image\/png\" \/>\n<script type=\"application\/ld+json\" class=\"yoast-schema-graph\">{\"@context\":\"https:\/\/schema.org\",\"@graph\":[{\"@type\":\"WebPage\",\"@id\":\"https:\/\/lubosluka.com\/de\/prodej-not\/renaissance-songs-fuer-mittlere-stimme-und-klavier\/\",\"url\":\"https:\/\/lubosluka.com\/de\/prodej-not\/renaissance-songs-fuer-mittlere-stimme-und-klavier\/\",\"name\":\"RENAISSANCE SONGS f\u00fcr mittlere Stimme und Klavier | Lubo\u0161 Sluka\",\"isPartOf\":{\"@id\":\"https:\/\/lubosluka.com\/de\/#website\"},\"primaryImageOfPage\":{\"@id\":\"https:\/\/lubosluka.com\/de\/prodej-not\/renaissance-songs-fuer-mittlere-stimme-und-klavier\/#primaryimage\"},\"image\":{\"@id\":\"https:\/\/lubosluka.com\/de\/prodej-not\/renaissance-songs-fuer-mittlere-stimme-und-klavier\/#primaryimage\"},\"thumbnailUrl\":\"https:\/\/lubosluka.com\/wp-content\/uploads\/2014\/10\/0072_obalka.png\",\"datePublished\":\"2014-10-08T08:55:54+00:00\",\"dateModified\":\"2024-03-10T08:05:15+00:00\",\"breadcrumb\":{\"@id\":\"https:\/\/lubosluka.com\/de\/prodej-not\/renaissance-songs-fuer-mittlere-stimme-und-klavier\/#breadcrumb\"},\"inLanguage\":\"de\",\"potentialAction\":[{\"@type\":\"ReadAction\",\"target\":[\"https:\/\/lubosluka.com\/de\/prodej-not\/renaissance-songs-fuer-mittlere-stimme-und-klavier\/\"]}]},{\"@type\":\"ImageObject\",\"inLanguage\":\"de\",\"@id\":\"https:\/\/lubosluka.com\/de\/prodej-not\/renaissance-songs-fuer-mittlere-stimme-und-klavier\/#primaryimage\",\"url\":\"https:\/\/lubosluka.com\/wp-content\/uploads\/2014\/10\/0072_obalka.png\",\"contentUrl\":\"https:\/\/lubosluka.com\/wp-content\/uploads\/2014\/10\/0072_obalka.png\",\"width\":2480,\"height\":3509},{\"@type\":\"BreadcrumbList\",\"@id\":\"https:\/\/lubosluka.com\/de\/prodej-not\/renaissance-songs-fuer-mittlere-stimme-und-klavier\/#breadcrumb\",\"itemListElement\":[{\"@type\":\"ListItem\",\"position\":1,\"name\":\"Editio Musica Humana\",\"item\":\"https:\/\/lubosluka.com\/de\/editio-musica-humana\/\"},{\"@type\":\"ListItem\",\"position\":2,\"name\":\"Shop\",\"item\":\"https:\/\/lubosluka.com\/de\/shop\/\"},{\"@type\":\"ListItem\",\"position\":3,\"name\":\"Klavier\",\"item\":\"https:\/\/lubosluka.com\/de\/note\/klavier\/\"},{\"@type\":\"ListItem\",\"position\":4,\"name\":\"RENAISSANCE SONGS f\u00fcr mittlere Stimme und Klavier\"}]},{\"@type\":\"WebSite\",\"@id\":\"https:\/\/lubosluka.com\/de\/#website\",\"url\":\"https:\/\/lubosluka.com\/de\/\",\"name\":\"Lubo\u0161 Sluka\",\"description\":\"hudebn\u00ed skladatel\",\"potentialAction\":[{\"@type\":\"SearchAction\",\"target\":{\"@type\":\"EntryPoint\",\"urlTemplate\":\"https:\/\/lubosluka.com\/de\/?s={search_term_string}\"},\"query-input\":{\"@type\":\"PropertyValueSpecification\",\"valueRequired\":true,\"valueName\":\"search_term_string\"}}],\"inLanguage\":\"de\"}]}<\/script>\n<!-- \/ Yoast SEO plugin. -->","yoast_head_json":{"title":"RENAISSANCE SONGS f\u00fcr mittlere Stimme und Klavier | Lubo\u0161 Sluka","robots":{"index":"index","follow":"follow","max-snippet":"max-snippet:-1","max-image-preview":"max-image-preview:large","max-video-preview":"max-video-preview:-1"},"canonical":"https:\/\/lubosluka.com\/de\/prodej-not\/renaissance-songs-fuer-mittlere-stimme-und-klavier\/","og_locale":"de_DE","og_type":"article","og_title":"RENAISSANCE SONGS f\u00fcr mittlere Stimme und Klavier | Lubo\u0161 Sluka","og_description":"f\u00fcr mittlere Stimme und Klavier (Angelo Poliziano, Tarquato Tasso, Michelangelo Buonarroti) \u00fcbersetzt von Jan Vladislav Rennaissancelieder f\u00fcr mittlere Stimme und Klavier (Angelo Poliziano, Tarquato Tasso, Michelangelo Buonarroti) Deutsche \u00dcbersetzung von Bedrich Eben (1957) 10 Seiten ISMN 979-0-706546-00-1","og_url":"https:\/\/lubosluka.com\/de\/prodej-not\/renaissance-songs-fuer-mittlere-stimme-und-klavier\/","og_site_name":"Lubo\u0161 Sluka","article_modified_time":"2024-03-10T08:05:15+00:00","og_image":[{"width":2480,"height":3509,"url":"https:\/\/lubosluka.com\/wp-content\/uploads\/2014\/10\/0072_obalka.png","type":"image\/png"}],"schema":{"@context":"https:\/\/schema.org","@graph":[{"@type":"WebPage","@id":"https:\/\/lubosluka.com\/de\/prodej-not\/renaissance-songs-fuer-mittlere-stimme-und-klavier\/","url":"https:\/\/lubosluka.com\/de\/prodej-not\/renaissance-songs-fuer-mittlere-stimme-und-klavier\/","name":"RENAISSANCE SONGS f\u00fcr mittlere Stimme und Klavier | Lubo\u0161 Sluka","isPartOf":{"@id":"https:\/\/lubosluka.com\/de\/#website"},"primaryImageOfPage":{"@id":"https:\/\/lubosluka.com\/de\/prodej-not\/renaissance-songs-fuer-mittlere-stimme-und-klavier\/#primaryimage"},"image":{"@id":"https:\/\/lubosluka.com\/de\/prodej-not\/renaissance-songs-fuer-mittlere-stimme-und-klavier\/#primaryimage"},"thumbnailUrl":"https:\/\/lubosluka.com\/wp-content\/uploads\/2014\/10\/0072_obalka.png","datePublished":"2014-10-08T08:55:54+00:00","dateModified":"2024-03-10T08:05:15+00:00","breadcrumb":{"@id":"https:\/\/lubosluka.com\/de\/prodej-not\/renaissance-songs-fuer-mittlere-stimme-und-klavier\/#breadcrumb"},"inLanguage":"de","potentialAction":[{"@type":"ReadAction","target":["https:\/\/lubosluka.com\/de\/prodej-not\/renaissance-songs-fuer-mittlere-stimme-und-klavier\/"]}]},{"@type":"ImageObject","inLanguage":"de","@id":"https:\/\/lubosluka.com\/de\/prodej-not\/renaissance-songs-fuer-mittlere-stimme-und-klavier\/#primaryimage","url":"https:\/\/lubosluka.com\/wp-content\/uploads\/2014\/10\/0072_obalka.png","contentUrl":"https:\/\/lubosluka.com\/wp-content\/uploads\/2014\/10\/0072_obalka.png","width":2480,"height":3509},{"@type":"BreadcrumbList","@id":"https:\/\/lubosluka.com\/de\/prodej-not\/renaissance-songs-fuer-mittlere-stimme-und-klavier\/#breadcrumb","itemListElement":[{"@type":"ListItem","position":1,"name":"Editio Musica Humana","item":"https:\/\/lubosluka.com\/de\/editio-musica-humana\/"},{"@type":"ListItem","position":2,"name":"Shop","item":"https:\/\/lubosluka.com\/de\/shop\/"},{"@type":"ListItem","position":3,"name":"Klavier","item":"https:\/\/lubosluka.com\/de\/note\/klavier\/"},{"@type":"ListItem","position":4,"name":"RENAISSANCE SONGS f\u00fcr mittlere Stimme und Klavier"}]},{"@type":"WebSite","@id":"https:\/\/lubosluka.com\/de\/#website","url":"https:\/\/lubosluka.com\/de\/","name":"Lubo\u0161 Sluka","description":"hudebn\u00ed skladatel","potentialAction":[{"@type":"SearchAction","target":{"@type":"EntryPoint","urlTemplate":"https:\/\/lubosluka.com\/de\/?s={search_term_string}"},"query-input":{"@type":"PropertyValueSpecification","valueRequired":true,"valueName":"search_term_string"}}],"inLanguage":"de"}]}},"jetpack_sharing_enabled":true,"_links":{"self":[{"href":"https:\/\/lubosluka.com\/de\/wp-json\/wp\/v2\/product\/8968","targetHints":{"allow":["GET"]}}],"collection":[{"href":"https:\/\/lubosluka.com\/de\/wp-json\/wp\/v2\/product"}],"about":[{"href":"https:\/\/lubosluka.com\/de\/wp-json\/wp\/v2\/types\/product"}],"version-history":[{"count":1,"href":"https:\/\/lubosluka.com\/de\/wp-json\/wp\/v2\/product\/8968\/revisions"}],"predecessor-version":[{"id":8982,"href":"https:\/\/lubosluka.com\/de\/wp-json\/wp\/v2\/product\/8968\/revisions\/8982"}],"wp:featuredmedia":[{"embeddable":true,"href":"https:\/\/lubosluka.com\/de\/wp-json\/wp\/v2\/media\/5789"}],"wp:attachment":[{"href":"https:\/\/lubosluka.com\/de\/wp-json\/wp\/v2\/media?parent=8968"}],"wp:term":[{"taxonomy":"product_brand","embeddable":true,"href":"https:\/\/lubosluka.com\/de\/wp-json\/wp\/v2\/product_brand?post=8968"},{"taxonomy":"product_cat","embeddable":true,"href":"https:\/\/lubosluka.com\/de\/wp-json\/wp\/v2\/product_cat?post=8968"},{"taxonomy":"product_tag","embeddable":true,"href":"https:\/\/lubosluka.com\/de\/wp-json\/wp\/v2\/product_tag?post=8968"}],"curies":[{"name":"wp","href":"https:\/\/api.w.org\/{rel}","templated":true}]}}