{"id":8987,"date":"2014-10-03T15:25:55","date_gmt":"2014-10-03T14:25:55","guid":{"rendered":"https:\/\/lubosluka.com\/prodej-not\/duettini-per-flauto-ossia-violino-e-fagotto-ossia-violoncello\/"},"modified":"2024-03-24T16:40:12","modified_gmt":"2024-03-24T15:40:12","slug":"duettini-per-flauto-ossia-violino-e-fagotto-ossia-violoncello","status":"publish","type":"product","link":"https:\/\/lubosluka.com\/de\/prodej-not\/duettini-per-flauto-ossia-violino-e-fagotto-ossia-violoncello\/","title":{"rendered":"DUETTINI f\u00fcr Fl\u00f6te (z. B. Violine) und Fagott (z. B. Cello)"},"content":{"rendered":"<h2>f\u00fcr Fl\u00f6te (Blockfl\u00f6te, Klarinette bzw. Violine) und Fagott (bzw. Cello)<\/h2>\n<p>(1995)<\/p>\n<p>12 Seiten<\/p>\n<p>ISMN 979-0-706546-30-8<\/p>\n","protected":false},"excerpt":{"rendered":"<p>f\u00fcr Fl\u00f6te (Blockfl\u00f6te, Klarinette bzw. Violine) und Fagott (bzw. Cello) (1995) 12 Seiten ISMN 979-0-706546-30-8<\/p>\n","protected":false},"featured_media":5295,"template":"","meta":{"jetpack_post_was_ever_published":false,"jetpack_publicize_message":"","jetpack_publicize_feature_enabled":true,"jetpack_social_post_already_shared":true,"jetpack_social_options":{"image_generator_settings":{"template":"highway","enabled":false},"version":2}},"product_brand":[],"product_cat":[136,162,165,177,91,171,174],"product_tag":[],"class_list":{"0":"post-8987","1":"product","2":"type-product","3":"status-publish","4":"has-post-thumbnail","6":"product_cat-cello","7":"product_cat-fagott","8":"product_cat-flote","9":"product_cat-klarinette","10":"product_cat-musikalische-fruherziehung","11":"product_cat-oboe-de","12":"product_cat-violine","14":"first","15":"instock","16":"shipping-taxable","17":"purchasable","18":"product-type-variable"},"jetpack_publicize_connections":[],"yoast_head":"<!-- This site is optimized with the Yoast SEO plugin v25.1 - https:\/\/yoast.com\/wordpress\/plugins\/seo\/ -->\n<title>DUETTINI f\u00fcr Fl\u00f6te (z. B. Violine) und Fagott (z. B. Cello) | Lubo\u0161 Sluka<\/title>\n<meta name=\"robots\" content=\"index, follow, max-snippet:-1, max-image-preview:large, max-video-preview:-1\" \/>\n<link rel=\"canonical\" href=\"https:\/\/lubosluka.com\/de\/prodej-not\/duettini-per-flauto-ossia-violino-e-fagotto-ossia-violoncello\/\" \/>\n<meta property=\"og:locale\" content=\"de_DE\" \/>\n<meta property=\"og:type\" content=\"article\" \/>\n<meta property=\"og:title\" content=\"DUETTINI f\u00fcr Fl\u00f6te (z. B. Violine) und Fagott (z. B. Cello) | Lubo\u0161 Sluka\" \/>\n<meta property=\"og:description\" content=\"f\u00fcr Fl\u00f6te (Blockfl\u00f6te, Klarinette bzw. Violine) und Fagott (bzw. Cello) (1995) 12 Seiten ISMN 979-0-706546-30-8\" \/>\n<meta property=\"og:url\" content=\"https:\/\/lubosluka.com\/de\/prodej-not\/duettini-per-flauto-ossia-violino-e-fagotto-ossia-violoncello\/\" \/>\n<meta property=\"og:site_name\" content=\"Lubo\u0161 Sluka\" \/>\n<meta property=\"article:modified_time\" content=\"2024-03-24T15:40:12+00:00\" \/>\n<meta property=\"og:image\" content=\"https:\/\/lubosluka.com\/wp-content\/uploads\/2014\/10\/0055b_obalka-725x1024.png\" \/>\n\t<meta property=\"og:image:width\" content=\"725\" \/>\n\t<meta property=\"og:image:height\" content=\"1024\" \/>\n\t<meta property=\"og:image:type\" content=\"image\/png\" \/>\n<script type=\"application\/ld+json\" class=\"yoast-schema-graph\">{\"@context\":\"https:\/\/schema.org\",\"@graph\":[{\"@type\":\"WebPage\",\"@id\":\"https:\/\/lubosluka.com\/de\/prodej-not\/duettini-per-flauto-ossia-violino-e-fagotto-ossia-violoncello\/\",\"url\":\"https:\/\/lubosluka.com\/de\/prodej-not\/duettini-per-flauto-ossia-violino-e-fagotto-ossia-violoncello\/\",\"name\":\"DUETTINI f\u00fcr Fl\u00f6te (z. B. Violine) und Fagott (z. B. Cello) | Lubo\u0161 Sluka\",\"isPartOf\":{\"@id\":\"https:\/\/lubosluka.com\/de\/#website\"},\"primaryImageOfPage\":{\"@id\":\"https:\/\/lubosluka.com\/de\/prodej-not\/duettini-per-flauto-ossia-violino-e-fagotto-ossia-violoncello\/#primaryimage\"},\"image\":{\"@id\":\"https:\/\/lubosluka.com\/de\/prodej-not\/duettini-per-flauto-ossia-violino-e-fagotto-ossia-violoncello\/#primaryimage\"},\"thumbnailUrl\":\"https:\/\/lubosluka.com\/wp-content\/uploads\/2014\/10\/0055b_obalka.png\",\"datePublished\":\"2014-10-03T14:25:55+00:00\",\"dateModified\":\"2024-03-24T15:40:12+00:00\",\"breadcrumb\":{\"@id\":\"https:\/\/lubosluka.com\/de\/prodej-not\/duettini-per-flauto-ossia-violino-e-fagotto-ossia-violoncello\/#breadcrumb\"},\"inLanguage\":\"de\",\"potentialAction\":[{\"@type\":\"ReadAction\",\"target\":[\"https:\/\/lubosluka.com\/de\/prodej-not\/duettini-per-flauto-ossia-violino-e-fagotto-ossia-violoncello\/\"]}]},{\"@type\":\"ImageObject\",\"inLanguage\":\"de\",\"@id\":\"https:\/\/lubosluka.com\/de\/prodej-not\/duettini-per-flauto-ossia-violino-e-fagotto-ossia-violoncello\/#primaryimage\",\"url\":\"https:\/\/lubosluka.com\/wp-content\/uploads\/2014\/10\/0055b_obalka.png\",\"contentUrl\":\"https:\/\/lubosluka.com\/wp-content\/uploads\/2014\/10\/0055b_obalka.png\",\"width\":2486,\"height\":3509},{\"@type\":\"BreadcrumbList\",\"@id\":\"https:\/\/lubosluka.com\/de\/prodej-not\/duettini-per-flauto-ossia-violino-e-fagotto-ossia-violoncello\/#breadcrumb\",\"itemListElement\":[{\"@type\":\"ListItem\",\"position\":1,\"name\":\"Editio Musica Humana\",\"item\":\"https:\/\/lubosluka.com\/de\/editio-musica-humana\/\"},{\"@type\":\"ListItem\",\"position\":2,\"name\":\"Shop\",\"item\":\"https:\/\/lubosluka.com\/de\/shop\/\"},{\"@type\":\"ListItem\",\"position\":3,\"name\":\"Musikalische Fr\u00fcherziehung\",\"item\":\"https:\/\/lubosluka.com\/de\/note\/musikalische-fruherziehung\/\"},{\"@type\":\"ListItem\",\"position\":4,\"name\":\"DUETTINI f\u00fcr Fl\u00f6te (z. B. Violine) und Fagott (z. B. Cello)\"}]},{\"@type\":\"WebSite\",\"@id\":\"https:\/\/lubosluka.com\/de\/#website\",\"url\":\"https:\/\/lubosluka.com\/de\/\",\"name\":\"Lubo\u0161 Sluka\",\"description\":\"hudebn\u00ed skladatel\",\"potentialAction\":[{\"@type\":\"SearchAction\",\"target\":{\"@type\":\"EntryPoint\",\"urlTemplate\":\"https:\/\/lubosluka.com\/de\/?s={search_term_string}\"},\"query-input\":{\"@type\":\"PropertyValueSpecification\",\"valueRequired\":true,\"valueName\":\"search_term_string\"}}],\"inLanguage\":\"de\"}]}<\/script>\n<!-- \/ Yoast SEO plugin. -->","yoast_head_json":{"title":"DUETTINI f\u00fcr Fl\u00f6te (z. B. Violine) und Fagott (z. B. Cello) | Lubo\u0161 Sluka","robots":{"index":"index","follow":"follow","max-snippet":"max-snippet:-1","max-image-preview":"max-image-preview:large","max-video-preview":"max-video-preview:-1"},"canonical":"https:\/\/lubosluka.com\/de\/prodej-not\/duettini-per-flauto-ossia-violino-e-fagotto-ossia-violoncello\/","og_locale":"de_DE","og_type":"article","og_title":"DUETTINI f\u00fcr Fl\u00f6te (z. B. Violine) und Fagott (z. B. Cello) | Lubo\u0161 Sluka","og_description":"f\u00fcr Fl\u00f6te (Blockfl\u00f6te, Klarinette bzw. Violine) und Fagott (bzw. Cello) (1995) 12 Seiten ISMN 979-0-706546-30-8","og_url":"https:\/\/lubosluka.com\/de\/prodej-not\/duettini-per-flauto-ossia-violino-e-fagotto-ossia-violoncello\/","og_site_name":"Lubo\u0161 Sluka","article_modified_time":"2024-03-24T15:40:12+00:00","og_image":[{"width":725,"height":1024,"url":"https:\/\/lubosluka.com\/wp-content\/uploads\/2014\/10\/0055b_obalka-725x1024.png","type":"image\/png"}],"schema":{"@context":"https:\/\/schema.org","@graph":[{"@type":"WebPage","@id":"https:\/\/lubosluka.com\/de\/prodej-not\/duettini-per-flauto-ossia-violino-e-fagotto-ossia-violoncello\/","url":"https:\/\/lubosluka.com\/de\/prodej-not\/duettini-per-flauto-ossia-violino-e-fagotto-ossia-violoncello\/","name":"DUETTINI f\u00fcr Fl\u00f6te (z. B. Violine) und Fagott (z. B. Cello) | Lubo\u0161 Sluka","isPartOf":{"@id":"https:\/\/lubosluka.com\/de\/#website"},"primaryImageOfPage":{"@id":"https:\/\/lubosluka.com\/de\/prodej-not\/duettini-per-flauto-ossia-violino-e-fagotto-ossia-violoncello\/#primaryimage"},"image":{"@id":"https:\/\/lubosluka.com\/de\/prodej-not\/duettini-per-flauto-ossia-violino-e-fagotto-ossia-violoncello\/#primaryimage"},"thumbnailUrl":"https:\/\/lubosluka.com\/wp-content\/uploads\/2014\/10\/0055b_obalka.png","datePublished":"2014-10-03T14:25:55+00:00","dateModified":"2024-03-24T15:40:12+00:00","breadcrumb":{"@id":"https:\/\/lubosluka.com\/de\/prodej-not\/duettini-per-flauto-ossia-violino-e-fagotto-ossia-violoncello\/#breadcrumb"},"inLanguage":"de","potentialAction":[{"@type":"ReadAction","target":["https:\/\/lubosluka.com\/de\/prodej-not\/duettini-per-flauto-ossia-violino-e-fagotto-ossia-violoncello\/"]}]},{"@type":"ImageObject","inLanguage":"de","@id":"https:\/\/lubosluka.com\/de\/prodej-not\/duettini-per-flauto-ossia-violino-e-fagotto-ossia-violoncello\/#primaryimage","url":"https:\/\/lubosluka.com\/wp-content\/uploads\/2014\/10\/0055b_obalka.png","contentUrl":"https:\/\/lubosluka.com\/wp-content\/uploads\/2014\/10\/0055b_obalka.png","width":2486,"height":3509},{"@type":"BreadcrumbList","@id":"https:\/\/lubosluka.com\/de\/prodej-not\/duettini-per-flauto-ossia-violino-e-fagotto-ossia-violoncello\/#breadcrumb","itemListElement":[{"@type":"ListItem","position":1,"name":"Editio Musica Humana","item":"https:\/\/lubosluka.com\/de\/editio-musica-humana\/"},{"@type":"ListItem","position":2,"name":"Shop","item":"https:\/\/lubosluka.com\/de\/shop\/"},{"@type":"ListItem","position":3,"name":"Musikalische Fr\u00fcherziehung","item":"https:\/\/lubosluka.com\/de\/note\/musikalische-fruherziehung\/"},{"@type":"ListItem","position":4,"name":"DUETTINI f\u00fcr Fl\u00f6te (z. B. Violine) und Fagott (z. B. Cello)"}]},{"@type":"WebSite","@id":"https:\/\/lubosluka.com\/de\/#website","url":"https:\/\/lubosluka.com\/de\/","name":"Lubo\u0161 Sluka","description":"hudebn\u00ed skladatel","potentialAction":[{"@type":"SearchAction","target":{"@type":"EntryPoint","urlTemplate":"https:\/\/lubosluka.com\/de\/?s={search_term_string}"},"query-input":{"@type":"PropertyValueSpecification","valueRequired":true,"valueName":"search_term_string"}}],"inLanguage":"de"}]}},"jetpack_sharing_enabled":true,"_links":{"self":[{"href":"https:\/\/lubosluka.com\/de\/wp-json\/wp\/v2\/product\/8987","targetHints":{"allow":["GET"]}}],"collection":[{"href":"https:\/\/lubosluka.com\/de\/wp-json\/wp\/v2\/product"}],"about":[{"href":"https:\/\/lubosluka.com\/de\/wp-json\/wp\/v2\/types\/product"}],"version-history":[{"count":1,"href":"https:\/\/lubosluka.com\/de\/wp-json\/wp\/v2\/product\/8987\/revisions"}],"predecessor-version":[{"id":9601,"href":"https:\/\/lubosluka.com\/de\/wp-json\/wp\/v2\/product\/8987\/revisions\/9601"}],"wp:featuredmedia":[{"embeddable":true,"href":"https:\/\/lubosluka.com\/de\/wp-json\/wp\/v2\/media\/5295"}],"wp:attachment":[{"href":"https:\/\/lubosluka.com\/de\/wp-json\/wp\/v2\/media?parent=8987"}],"wp:term":[{"taxonomy":"product_brand","embeddable":true,"href":"https:\/\/lubosluka.com\/de\/wp-json\/wp\/v2\/product_brand?post=8987"},{"taxonomy":"product_cat","embeddable":true,"href":"https:\/\/lubosluka.com\/de\/wp-json\/wp\/v2\/product_cat?post=8987"},{"taxonomy":"product_tag","embeddable":true,"href":"https:\/\/lubosluka.com\/de\/wp-json\/wp\/v2\/product_tag?post=8987"}],"curies":[{"name":"wp","href":"https:\/\/api.w.org\/{rel}","templated":true}]}}