{"id":8995,"date":"2019-07-29T11:10:38","date_gmt":"2019-07-29T10:10:38","guid":{"rendered":"https:\/\/lubosluka.com\/prodej-not\/songs-auf-worte-der-volksdichtung-von-clades-fuer-mittlere-stimme-und-klavier\/"},"modified":"2019-07-29T11:10:38","modified_gmt":"2019-07-29T10:10:38","slug":"songs-auf-worte-der-volksdichtung-von-clades-fuer-mittlere-stimme-und-klavier","status":"publish","type":"product","link":"https:\/\/lubosluka.com\/de\/prodej-not\/songs-auf-worte-der-volksdichtung-von-clades-fuer-mittlere-stimme-und-klavier\/","title":{"rendered":"SONGS auf Worte der Volksdichtung von Clades f\u00fcr mittlere Stimme und Klavier"},"content":{"rendered":"<p>f\u00fcr mittlere Stimme und Klavier zu Texten der Volksdichtung von Kladsko aus der Sammlung von Josef \u0160tefan Kub\u00edn<\/p>\n<p><em>Auf meine liebe Frau Hana!<\/em><\/p>\n<p>INHALT:<br \/>\nVorwort<br \/>\n1.&nbsp;was machen deine Eltern (Bukowina)<br \/>\n2. Herr Parson (Bukowina)<br \/>\n3.&nbsp;die Strou\u017eencky-Puppen (Bukowina)<br \/>\n4.&nbsp;in Prag rekrutieren sie f\u00fcr den Krieg (Bukowina)<br \/>\n5. Sagte der Bauer zum Bauern (N\u011bmeck\u00e1 \u010cermn\u00e1)<br \/>\n6. Die Stra\u00dfe hinauf (Bukowina)<br \/>\n7. Als ich aus der Kneipe in Kostelec (N\u011bmeck\u00e1 \u010cermn\u00e1) kam<\/p>\n<p>DURATA ca. 16 min.<\/p>\n<p>(2016)<\/p>\n<p>24 Seiten<\/p>\n<p>ISMN 979-0-706554-31-0<\/p>\n","protected":false},"excerpt":{"rendered":"<p>f\u00fcr mittlere Stimme und Klavier zu Texten der Volksdichtung von Kladsko aus der Sammlung von Josef \u0160tefan Kub\u00edn Auf meine liebe Frau Hana! INHALT: Vorwort 1.&nbsp;was machen deine Eltern (Bukowina) 2. Herr Parson (Bukowina) 3.&nbsp;die Strou\u017eencky-Puppen (Bukowina) 4.&nbsp;in Prag rekrutieren &hellip; <a href=\"https:\/\/lubosluka.com\/de\/prodej-not\/songs-auf-worte-der-volksdichtung-von-clades-fuer-mittlere-stimme-und-klavier\/\">Continue reading <span class=\"meta-nav\">&rarr;<\/span><\/a><\/p>\n","protected":false},"featured_media":7216,"template":"","meta":{"jetpack_post_was_ever_published":false,"jetpack_publicize_message":"","jetpack_publicize_feature_enabled":true,"jetpack_social_post_already_shared":true,"jetpack_social_options":{"image_generator_settings":{"template":"highway","enabled":false},"version":2}},"product_brand":[],"product_cat":[103],"product_tag":[],"class_list":{"0":"post-8995","1":"product","2":"type-product","3":"status-publish","4":"has-post-thumbnail","6":"product_cat-singen","8":"first","9":"instock","10":"shipping-taxable","11":"purchasable","12":"product-type-variable"},"jetpack_publicize_connections":[],"yoast_head":"<!-- This site is optimized with the Yoast SEO plugin v25.1 - https:\/\/yoast.com\/wordpress\/plugins\/seo\/ -->\n<title>SONGS auf Worte der Volksdichtung von Clades f\u00fcr mittlere Stimme und Klavier | Lubo\u0161 Sluka<\/title>\n<meta name=\"robots\" content=\"index, follow, max-snippet:-1, max-image-preview:large, max-video-preview:-1\" \/>\n<link rel=\"canonical\" href=\"https:\/\/lubosluka.com\/de\/prodej-not\/songs-auf-worte-der-volksdichtung-von-clades-fuer-mittlere-stimme-und-klavier\/\" \/>\n<meta property=\"og:locale\" content=\"de_DE\" \/>\n<meta property=\"og:type\" content=\"article\" \/>\n<meta property=\"og:title\" content=\"SONGS auf Worte der Volksdichtung von Clades f\u00fcr mittlere Stimme und Klavier | Lubo\u0161 Sluka\" \/>\n<meta property=\"og:description\" content=\"f\u00fcr mittlere Stimme und Klavier zu Texten der Volksdichtung von Kladsko aus der Sammlung von Josef \u0160tefan Kub\u00edn Auf meine liebe Frau Hana! INHALT: Vorwort 1.&nbsp;was machen deine Eltern (Bukowina) 2. Herr Parson (Bukowina) 3.&nbsp;die Strou\u017eencky-Puppen (Bukowina) 4.&nbsp;in Prag rekrutieren &hellip; Continue reading &rarr;\" \/>\n<meta property=\"og:url\" content=\"https:\/\/lubosluka.com\/de\/prodej-not\/songs-auf-worte-der-volksdichtung-von-clades-fuer-mittlere-stimme-und-klavier\/\" \/>\n<meta property=\"og:site_name\" content=\"Lubo\u0161 Sluka\" \/>\n<meta property=\"og:image\" content=\"https:\/\/lubosluka.com\/wp-content\/uploads\/2019\/07\/0127_obalka.png\" \/>\n\t<meta property=\"og:image:width\" content=\"2486\" \/>\n\t<meta property=\"og:image:height\" content=\"3509\" \/>\n\t<meta property=\"og:image:type\" content=\"image\/png\" \/>\n<script type=\"application\/ld+json\" class=\"yoast-schema-graph\">{\"@context\":\"https:\/\/schema.org\",\"@graph\":[{\"@type\":\"WebPage\",\"@id\":\"https:\/\/lubosluka.com\/de\/prodej-not\/songs-auf-worte-der-volksdichtung-von-clades-fuer-mittlere-stimme-und-klavier\/\",\"url\":\"https:\/\/lubosluka.com\/de\/prodej-not\/songs-auf-worte-der-volksdichtung-von-clades-fuer-mittlere-stimme-und-klavier\/\",\"name\":\"SONGS auf Worte der Volksdichtung von Clades f\u00fcr mittlere Stimme und Klavier | Lubo\u0161 Sluka\",\"isPartOf\":{\"@id\":\"https:\/\/lubosluka.com\/de\/#website\"},\"primaryImageOfPage\":{\"@id\":\"https:\/\/lubosluka.com\/de\/prodej-not\/songs-auf-worte-der-volksdichtung-von-clades-fuer-mittlere-stimme-und-klavier\/#primaryimage\"},\"image\":{\"@id\":\"https:\/\/lubosluka.com\/de\/prodej-not\/songs-auf-worte-der-volksdichtung-von-clades-fuer-mittlere-stimme-und-klavier\/#primaryimage\"},\"thumbnailUrl\":\"https:\/\/lubosluka.com\/wp-content\/uploads\/2019\/07\/0127_obalka.png\",\"datePublished\":\"2019-07-29T10:10:38+00:00\",\"breadcrumb\":{\"@id\":\"https:\/\/lubosluka.com\/de\/prodej-not\/songs-auf-worte-der-volksdichtung-von-clades-fuer-mittlere-stimme-und-klavier\/#breadcrumb\"},\"inLanguage\":\"de\",\"potentialAction\":[{\"@type\":\"ReadAction\",\"target\":[\"https:\/\/lubosluka.com\/de\/prodej-not\/songs-auf-worte-der-volksdichtung-von-clades-fuer-mittlere-stimme-und-klavier\/\"]}]},{\"@type\":\"ImageObject\",\"inLanguage\":\"de\",\"@id\":\"https:\/\/lubosluka.com\/de\/prodej-not\/songs-auf-worte-der-volksdichtung-von-clades-fuer-mittlere-stimme-und-klavier\/#primaryimage\",\"url\":\"https:\/\/lubosluka.com\/wp-content\/uploads\/2019\/07\/0127_obalka.png\",\"contentUrl\":\"https:\/\/lubosluka.com\/wp-content\/uploads\/2019\/07\/0127_obalka.png\",\"width\":2486,\"height\":3509},{\"@type\":\"BreadcrumbList\",\"@id\":\"https:\/\/lubosluka.com\/de\/prodej-not\/songs-auf-worte-der-volksdichtung-von-clades-fuer-mittlere-stimme-und-klavier\/#breadcrumb\",\"itemListElement\":[{\"@type\":\"ListItem\",\"position\":1,\"name\":\"Editio Musica Humana\",\"item\":\"https:\/\/lubosluka.com\/de\/editio-musica-humana\/\"},{\"@type\":\"ListItem\",\"position\":2,\"name\":\"Shop\",\"item\":\"https:\/\/lubosluka.com\/de\/shop\/\"},{\"@type\":\"ListItem\",\"position\":3,\"name\":\"SONGS auf Worte der Volksdichtung von Clades f\u00fcr mittlere Stimme und Klavier\"}]},{\"@type\":\"WebSite\",\"@id\":\"https:\/\/lubosluka.com\/de\/#website\",\"url\":\"https:\/\/lubosluka.com\/de\/\",\"name\":\"Lubo\u0161 Sluka\",\"description\":\"hudebn\u00ed skladatel\",\"potentialAction\":[{\"@type\":\"SearchAction\",\"target\":{\"@type\":\"EntryPoint\",\"urlTemplate\":\"https:\/\/lubosluka.com\/de\/?s={search_term_string}\"},\"query-input\":{\"@type\":\"PropertyValueSpecification\",\"valueRequired\":true,\"valueName\":\"search_term_string\"}}],\"inLanguage\":\"de\"}]}<\/script>\n<!-- \/ Yoast SEO plugin. -->","yoast_head_json":{"title":"SONGS auf Worte der Volksdichtung von Clades f\u00fcr mittlere Stimme und Klavier | Lubo\u0161 Sluka","robots":{"index":"index","follow":"follow","max-snippet":"max-snippet:-1","max-image-preview":"max-image-preview:large","max-video-preview":"max-video-preview:-1"},"canonical":"https:\/\/lubosluka.com\/de\/prodej-not\/songs-auf-worte-der-volksdichtung-von-clades-fuer-mittlere-stimme-und-klavier\/","og_locale":"de_DE","og_type":"article","og_title":"SONGS auf Worte der Volksdichtung von Clades f\u00fcr mittlere Stimme und Klavier | Lubo\u0161 Sluka","og_description":"f\u00fcr mittlere Stimme und Klavier zu Texten der Volksdichtung von Kladsko aus der Sammlung von Josef \u0160tefan Kub\u00edn Auf meine liebe Frau Hana! INHALT: Vorwort 1.&nbsp;was machen deine Eltern (Bukowina) 2. Herr Parson (Bukowina) 3.&nbsp;die Strou\u017eencky-Puppen (Bukowina) 4.&nbsp;in Prag rekrutieren &hellip; Continue reading &rarr;","og_url":"https:\/\/lubosluka.com\/de\/prodej-not\/songs-auf-worte-der-volksdichtung-von-clades-fuer-mittlere-stimme-und-klavier\/","og_site_name":"Lubo\u0161 Sluka","og_image":[{"width":2486,"height":3509,"url":"https:\/\/lubosluka.com\/wp-content\/uploads\/2019\/07\/0127_obalka.png","type":"image\/png"}],"schema":{"@context":"https:\/\/schema.org","@graph":[{"@type":"WebPage","@id":"https:\/\/lubosluka.com\/de\/prodej-not\/songs-auf-worte-der-volksdichtung-von-clades-fuer-mittlere-stimme-und-klavier\/","url":"https:\/\/lubosluka.com\/de\/prodej-not\/songs-auf-worte-der-volksdichtung-von-clades-fuer-mittlere-stimme-und-klavier\/","name":"SONGS auf Worte der Volksdichtung von Clades f\u00fcr mittlere Stimme und Klavier | Lubo\u0161 Sluka","isPartOf":{"@id":"https:\/\/lubosluka.com\/de\/#website"},"primaryImageOfPage":{"@id":"https:\/\/lubosluka.com\/de\/prodej-not\/songs-auf-worte-der-volksdichtung-von-clades-fuer-mittlere-stimme-und-klavier\/#primaryimage"},"image":{"@id":"https:\/\/lubosluka.com\/de\/prodej-not\/songs-auf-worte-der-volksdichtung-von-clades-fuer-mittlere-stimme-und-klavier\/#primaryimage"},"thumbnailUrl":"https:\/\/lubosluka.com\/wp-content\/uploads\/2019\/07\/0127_obalka.png","datePublished":"2019-07-29T10:10:38+00:00","breadcrumb":{"@id":"https:\/\/lubosluka.com\/de\/prodej-not\/songs-auf-worte-der-volksdichtung-von-clades-fuer-mittlere-stimme-und-klavier\/#breadcrumb"},"inLanguage":"de","potentialAction":[{"@type":"ReadAction","target":["https:\/\/lubosluka.com\/de\/prodej-not\/songs-auf-worte-der-volksdichtung-von-clades-fuer-mittlere-stimme-und-klavier\/"]}]},{"@type":"ImageObject","inLanguage":"de","@id":"https:\/\/lubosluka.com\/de\/prodej-not\/songs-auf-worte-der-volksdichtung-von-clades-fuer-mittlere-stimme-und-klavier\/#primaryimage","url":"https:\/\/lubosluka.com\/wp-content\/uploads\/2019\/07\/0127_obalka.png","contentUrl":"https:\/\/lubosluka.com\/wp-content\/uploads\/2019\/07\/0127_obalka.png","width":2486,"height":3509},{"@type":"BreadcrumbList","@id":"https:\/\/lubosluka.com\/de\/prodej-not\/songs-auf-worte-der-volksdichtung-von-clades-fuer-mittlere-stimme-und-klavier\/#breadcrumb","itemListElement":[{"@type":"ListItem","position":1,"name":"Editio Musica Humana","item":"https:\/\/lubosluka.com\/de\/editio-musica-humana\/"},{"@type":"ListItem","position":2,"name":"Shop","item":"https:\/\/lubosluka.com\/de\/shop\/"},{"@type":"ListItem","position":3,"name":"SONGS auf Worte der Volksdichtung von Clades f\u00fcr mittlere Stimme und Klavier"}]},{"@type":"WebSite","@id":"https:\/\/lubosluka.com\/de\/#website","url":"https:\/\/lubosluka.com\/de\/","name":"Lubo\u0161 Sluka","description":"hudebn\u00ed skladatel","potentialAction":[{"@type":"SearchAction","target":{"@type":"EntryPoint","urlTemplate":"https:\/\/lubosluka.com\/de\/?s={search_term_string}"},"query-input":{"@type":"PropertyValueSpecification","valueRequired":true,"valueName":"search_term_string"}}],"inLanguage":"de"}]}},"jetpack_sharing_enabled":true,"_links":{"self":[{"href":"https:\/\/lubosluka.com\/de\/wp-json\/wp\/v2\/product\/8995","targetHints":{"allow":["GET"]}}],"collection":[{"href":"https:\/\/lubosluka.com\/de\/wp-json\/wp\/v2\/product"}],"about":[{"href":"https:\/\/lubosluka.com\/de\/wp-json\/wp\/v2\/types\/product"}],"version-history":[{"count":0,"href":"https:\/\/lubosluka.com\/de\/wp-json\/wp\/v2\/product\/8995\/revisions"}],"wp:featuredmedia":[{"embeddable":true,"href":"https:\/\/lubosluka.com\/de\/wp-json\/wp\/v2\/media\/7216"}],"wp:attachment":[{"href":"https:\/\/lubosluka.com\/de\/wp-json\/wp\/v2\/media?parent=8995"}],"wp:term":[{"taxonomy":"product_brand","embeddable":true,"href":"https:\/\/lubosluka.com\/de\/wp-json\/wp\/v2\/product_brand?post=8995"},{"taxonomy":"product_cat","embeddable":true,"href":"https:\/\/lubosluka.com\/de\/wp-json\/wp\/v2\/product_cat?post=8995"},{"taxonomy":"product_tag","embeddable":true,"href":"https:\/\/lubosluka.com\/de\/wp-json\/wp\/v2\/product_tag?post=8995"}],"curies":[{"name":"wp","href":"https:\/\/api.w.org\/{rel}","templated":true}]}}