{"id":9249,"date":"2014-10-08T22:51:07","date_gmt":"2014-10-08T21:51:07","guid":{"rendered":"https:\/\/lubosluka.com\/prodej-not\/completes-fuer-mittlere-stimme-und-klavier\/"},"modified":"2014-10-08T22:51:07","modified_gmt":"2014-10-08T21:51:07","slug":"completes-fuer-mittlere-stimme-und-klavier","status":"publish","type":"product","link":"https:\/\/lubosluka.com\/de\/prodej-not\/completes-fuer-mittlere-stimme-und-klavier\/","title":{"rendered":"COMPLETES f\u00fcr mittlere Stimme und Klavier"},"content":{"rendered":"<h2>f\u00fcr mittlere Stimme und Klavier<\/h2>\n<p><em>1) Jakoubeks Wiegenlied (an Jakub Sluk)<\/em><br \/>\n<em>2) Eli\u0161ka Wiegenlied (f\u00fcr Eli\u0161ka Anna Kordov\u00e1)<\/em><br \/>\n<em>3) Jeden Tag mit einem M\u00e4rchen in den Armen einschlafen (Adina Netopilova)<\/em><br \/>\n<em>4) Blaue Augen (Synce Kodetov\u00e9)<\/em><br \/>\n<em>5) Wenn es dunkel wird (an Albert P\u0159\u00edhoda)<\/em><br \/>\n<em>6) Wiegenlied f\u00fcr die kleine Fi\u0161\u00e1rka (Ane\u017eka Fi\u0161\u00e1rkov\u00e1)<\/em><br \/>\n<em>7) Gute Nacht<\/em><br \/>\n<em>8) Wiegenlied f\u00fcr Hugo (Hugo Sluka)<\/em><\/p>\n<p>Durata ca. 25 Minuten<\/p>\n<p>22 Seiten<\/p>\n<p>ISMN 979-0-706546-47-6<\/p>\n","protected":false},"excerpt":{"rendered":"<p>f\u00fcr mittlere Stimme und Klavier 1) Jakoubeks Wiegenlied (an Jakub Sluk) 2) Eli\u0161ka Wiegenlied (f\u00fcr Eli\u0161ka Anna Kordov\u00e1) 3) Jeden Tag mit einem M\u00e4rchen in den Armen einschlafen (Adina Netopilova) 4) Blaue Augen (Synce Kodetov\u00e9) 5) Wenn es dunkel wird &hellip; <a href=\"https:\/\/lubosluka.com\/de\/prodej-not\/completes-fuer-mittlere-stimme-und-klavier\/\">Continue reading <span class=\"meta-nav\">&rarr;<\/span><\/a><\/p>\n","protected":false},"featured_media":6810,"template":"","meta":{"jetpack_post_was_ever_published":false,"jetpack_publicize_message":"","jetpack_publicize_feature_enabled":true,"jetpack_social_post_already_shared":true,"jetpack_social_options":{"image_generator_settings":{"template":"highway","enabled":false},"version":2}},"product_brand":[],"product_cat":[103],"product_tag":[],"class_list":{"0":"post-9249","1":"product","2":"type-product","3":"status-publish","4":"has-post-thumbnail","6":"product_cat-singen","8":"first","9":"instock","10":"shipping-taxable","11":"purchasable","12":"product-type-variable"},"jetpack_publicize_connections":[],"yoast_head":"<!-- This site is optimized with the Yoast SEO plugin v25.1 - https:\/\/yoast.com\/wordpress\/plugins\/seo\/ -->\n<title>COMPLETES f\u00fcr mittlere Stimme und Klavier | Lubo\u0161 Sluka<\/title>\n<meta name=\"robots\" content=\"index, follow, max-snippet:-1, max-image-preview:large, max-video-preview:-1\" \/>\n<link rel=\"canonical\" href=\"https:\/\/lubosluka.com\/de\/prodej-not\/completes-fuer-mittlere-stimme-und-klavier\/\" \/>\n<meta property=\"og:locale\" content=\"de_DE\" \/>\n<meta property=\"og:type\" content=\"article\" \/>\n<meta property=\"og:title\" content=\"COMPLETES f\u00fcr mittlere Stimme und Klavier | Lubo\u0161 Sluka\" \/>\n<meta property=\"og:description\" content=\"f\u00fcr mittlere Stimme und Klavier 1) Jakoubeks Wiegenlied (an Jakub Sluk) 2) Eli\u0161ka Wiegenlied (f\u00fcr Eli\u0161ka Anna Kordov\u00e1) 3) Jeden Tag mit einem M\u00e4rchen in den Armen einschlafen (Adina Netopilova) 4) Blaue Augen (Synce Kodetov\u00e9) 5) Wenn es dunkel wird &hellip; Continue reading &rarr;\" \/>\n<meta property=\"og:url\" content=\"https:\/\/lubosluka.com\/de\/prodej-not\/completes-fuer-mittlere-stimme-und-klavier\/\" \/>\n<meta property=\"og:site_name\" content=\"Lubo\u0161 Sluka\" \/>\n<meta property=\"og:image\" content=\"https:\/\/lubosluka.com\/wp-content\/uploads\/2014\/10\/0107_obalka.png\" \/>\n\t<meta property=\"og:image:width\" content=\"2486\" \/>\n\t<meta property=\"og:image:height\" content=\"3509\" \/>\n\t<meta property=\"og:image:type\" content=\"image\/png\" \/>\n<script type=\"application\/ld+json\" class=\"yoast-schema-graph\">{\"@context\":\"https:\/\/schema.org\",\"@graph\":[{\"@type\":\"WebPage\",\"@id\":\"https:\/\/lubosluka.com\/de\/prodej-not\/completes-fuer-mittlere-stimme-und-klavier\/\",\"url\":\"https:\/\/lubosluka.com\/de\/prodej-not\/completes-fuer-mittlere-stimme-und-klavier\/\",\"name\":\"COMPLETES f\u00fcr mittlere Stimme und Klavier | Lubo\u0161 Sluka\",\"isPartOf\":{\"@id\":\"https:\/\/lubosluka.com\/de\/#website\"},\"primaryImageOfPage\":{\"@id\":\"https:\/\/lubosluka.com\/de\/prodej-not\/completes-fuer-mittlere-stimme-und-klavier\/#primaryimage\"},\"image\":{\"@id\":\"https:\/\/lubosluka.com\/de\/prodej-not\/completes-fuer-mittlere-stimme-und-klavier\/#primaryimage\"},\"thumbnailUrl\":\"https:\/\/lubosluka.com\/wp-content\/uploads\/2014\/10\/0107_obalka.png\",\"datePublished\":\"2014-10-08T21:51:07+00:00\",\"breadcrumb\":{\"@id\":\"https:\/\/lubosluka.com\/de\/prodej-not\/completes-fuer-mittlere-stimme-und-klavier\/#breadcrumb\"},\"inLanguage\":\"de\",\"potentialAction\":[{\"@type\":\"ReadAction\",\"target\":[\"https:\/\/lubosluka.com\/de\/prodej-not\/completes-fuer-mittlere-stimme-und-klavier\/\"]}]},{\"@type\":\"ImageObject\",\"inLanguage\":\"de\",\"@id\":\"https:\/\/lubosluka.com\/de\/prodej-not\/completes-fuer-mittlere-stimme-und-klavier\/#primaryimage\",\"url\":\"https:\/\/lubosluka.com\/wp-content\/uploads\/2014\/10\/0107_obalka.png\",\"contentUrl\":\"https:\/\/lubosluka.com\/wp-content\/uploads\/2014\/10\/0107_obalka.png\",\"width\":2486,\"height\":3509},{\"@type\":\"BreadcrumbList\",\"@id\":\"https:\/\/lubosluka.com\/de\/prodej-not\/completes-fuer-mittlere-stimme-und-klavier\/#breadcrumb\",\"itemListElement\":[{\"@type\":\"ListItem\",\"position\":1,\"name\":\"Editio Musica Humana\",\"item\":\"https:\/\/lubosluka.com\/de\/editio-musica-humana\/\"},{\"@type\":\"ListItem\",\"position\":2,\"name\":\"Shop\",\"item\":\"https:\/\/lubosluka.com\/de\/shop\/\"},{\"@type\":\"ListItem\",\"position\":3,\"name\":\"COMPLETES f\u00fcr mittlere Stimme und Klavier\"}]},{\"@type\":\"WebSite\",\"@id\":\"https:\/\/lubosluka.com\/de\/#website\",\"url\":\"https:\/\/lubosluka.com\/de\/\",\"name\":\"Lubo\u0161 Sluka\",\"description\":\"hudebn\u00ed skladatel\",\"potentialAction\":[{\"@type\":\"SearchAction\",\"target\":{\"@type\":\"EntryPoint\",\"urlTemplate\":\"https:\/\/lubosluka.com\/de\/?s={search_term_string}\"},\"query-input\":{\"@type\":\"PropertyValueSpecification\",\"valueRequired\":true,\"valueName\":\"search_term_string\"}}],\"inLanguage\":\"de\"}]}<\/script>\n<!-- \/ Yoast SEO plugin. -->","yoast_head_json":{"title":"COMPLETES f\u00fcr mittlere Stimme und Klavier | Lubo\u0161 Sluka","robots":{"index":"index","follow":"follow","max-snippet":"max-snippet:-1","max-image-preview":"max-image-preview:large","max-video-preview":"max-video-preview:-1"},"canonical":"https:\/\/lubosluka.com\/de\/prodej-not\/completes-fuer-mittlere-stimme-und-klavier\/","og_locale":"de_DE","og_type":"article","og_title":"COMPLETES f\u00fcr mittlere Stimme und Klavier | Lubo\u0161 Sluka","og_description":"f\u00fcr mittlere Stimme und Klavier 1) Jakoubeks Wiegenlied (an Jakub Sluk) 2) Eli\u0161ka Wiegenlied (f\u00fcr Eli\u0161ka Anna Kordov\u00e1) 3) Jeden Tag mit einem M\u00e4rchen in den Armen einschlafen (Adina Netopilova) 4) Blaue Augen (Synce Kodetov\u00e9) 5) Wenn es dunkel wird &hellip; Continue reading &rarr;","og_url":"https:\/\/lubosluka.com\/de\/prodej-not\/completes-fuer-mittlere-stimme-und-klavier\/","og_site_name":"Lubo\u0161 Sluka","og_image":[{"width":2486,"height":3509,"url":"https:\/\/lubosluka.com\/wp-content\/uploads\/2014\/10\/0107_obalka.png","type":"image\/png"}],"schema":{"@context":"https:\/\/schema.org","@graph":[{"@type":"WebPage","@id":"https:\/\/lubosluka.com\/de\/prodej-not\/completes-fuer-mittlere-stimme-und-klavier\/","url":"https:\/\/lubosluka.com\/de\/prodej-not\/completes-fuer-mittlere-stimme-und-klavier\/","name":"COMPLETES f\u00fcr mittlere Stimme und Klavier | Lubo\u0161 Sluka","isPartOf":{"@id":"https:\/\/lubosluka.com\/de\/#website"},"primaryImageOfPage":{"@id":"https:\/\/lubosluka.com\/de\/prodej-not\/completes-fuer-mittlere-stimme-und-klavier\/#primaryimage"},"image":{"@id":"https:\/\/lubosluka.com\/de\/prodej-not\/completes-fuer-mittlere-stimme-und-klavier\/#primaryimage"},"thumbnailUrl":"https:\/\/lubosluka.com\/wp-content\/uploads\/2014\/10\/0107_obalka.png","datePublished":"2014-10-08T21:51:07+00:00","breadcrumb":{"@id":"https:\/\/lubosluka.com\/de\/prodej-not\/completes-fuer-mittlere-stimme-und-klavier\/#breadcrumb"},"inLanguage":"de","potentialAction":[{"@type":"ReadAction","target":["https:\/\/lubosluka.com\/de\/prodej-not\/completes-fuer-mittlere-stimme-und-klavier\/"]}]},{"@type":"ImageObject","inLanguage":"de","@id":"https:\/\/lubosluka.com\/de\/prodej-not\/completes-fuer-mittlere-stimme-und-klavier\/#primaryimage","url":"https:\/\/lubosluka.com\/wp-content\/uploads\/2014\/10\/0107_obalka.png","contentUrl":"https:\/\/lubosluka.com\/wp-content\/uploads\/2014\/10\/0107_obalka.png","width":2486,"height":3509},{"@type":"BreadcrumbList","@id":"https:\/\/lubosluka.com\/de\/prodej-not\/completes-fuer-mittlere-stimme-und-klavier\/#breadcrumb","itemListElement":[{"@type":"ListItem","position":1,"name":"Editio Musica Humana","item":"https:\/\/lubosluka.com\/de\/editio-musica-humana\/"},{"@type":"ListItem","position":2,"name":"Shop","item":"https:\/\/lubosluka.com\/de\/shop\/"},{"@type":"ListItem","position":3,"name":"COMPLETES f\u00fcr mittlere Stimme und Klavier"}]},{"@type":"WebSite","@id":"https:\/\/lubosluka.com\/de\/#website","url":"https:\/\/lubosluka.com\/de\/","name":"Lubo\u0161 Sluka","description":"hudebn\u00ed skladatel","potentialAction":[{"@type":"SearchAction","target":{"@type":"EntryPoint","urlTemplate":"https:\/\/lubosluka.com\/de\/?s={search_term_string}"},"query-input":{"@type":"PropertyValueSpecification","valueRequired":true,"valueName":"search_term_string"}}],"inLanguage":"de"}]}},"jetpack_sharing_enabled":true,"_links":{"self":[{"href":"https:\/\/lubosluka.com\/de\/wp-json\/wp\/v2\/product\/9249","targetHints":{"allow":["GET"]}}],"collection":[{"href":"https:\/\/lubosluka.com\/de\/wp-json\/wp\/v2\/product"}],"about":[{"href":"https:\/\/lubosluka.com\/de\/wp-json\/wp\/v2\/types\/product"}],"version-history":[{"count":0,"href":"https:\/\/lubosluka.com\/de\/wp-json\/wp\/v2\/product\/9249\/revisions"}],"wp:featuredmedia":[{"embeddable":true,"href":"https:\/\/lubosluka.com\/de\/wp-json\/wp\/v2\/media\/6810"}],"wp:attachment":[{"href":"https:\/\/lubosluka.com\/de\/wp-json\/wp\/v2\/media?parent=9249"}],"wp:term":[{"taxonomy":"product_brand","embeddable":true,"href":"https:\/\/lubosluka.com\/de\/wp-json\/wp\/v2\/product_brand?post=9249"},{"taxonomy":"product_cat","embeddable":true,"href":"https:\/\/lubosluka.com\/de\/wp-json\/wp\/v2\/product_cat?post=9249"},{"taxonomy":"product_tag","embeddable":true,"href":"https:\/\/lubosluka.com\/de\/wp-json\/wp\/v2\/product_tag?post=9249"}],"curies":[{"name":"wp","href":"https:\/\/api.w.org\/{rel}","templated":true}]}}