{"id":9271,"date":"2014-10-07T10:38:51","date_gmt":"2014-10-07T09:38:51","guid":{"rendered":"https:\/\/lubosluka.com\/prodej-not\/prag-tokio-kantate-fuer-kinderfrauenchor-und-klavier\/"},"modified":"2014-10-07T10:38:51","modified_gmt":"2014-10-07T09:38:51","slug":"prag-tokio-kantate-fuer-kinderfrauenchor-und-klavier","status":"publish","type":"product","link":"https:\/\/lubosluka.com\/de\/prodej-not\/prag-tokio-kantate-fuer-kinderfrauenchor-und-klavier\/","title":{"rendered":"PRAG &#8211; TOKIO Kantate f\u00fcr Kinder(frauen)chor und Klavier"},"content":{"rendered":"<h2>Kantate f\u00fcr Kinder(frauen)chor und Klavier<\/h2>\n<p>\u30ab\u30f3\u30bf\u30fc\u30bf<br \/>\n\u5b50\u4f9b\uff5b\u5973\u6027\uff5d\u306e\u305f\u3081\u306e\u5408\u5531 \u30d4\u30a2\u30ce\u4f34\u594f\u4ed8\u304d<\/p>\n<p>Japanische \u00dcbersetzung<br \/>\nPavel Nov\u00e1k, \u8a33\u8a5e: \u83c5\u5c3e \u9ebb\u7d00 (Maki Sugao)<\/p>\n<p>(1983)<\/p>\n<p>26 Seiten<\/p>\n<p>ISMN 979-0-706554-03-7<\/p>\n","protected":false},"excerpt":{"rendered":"<p>Kantate f\u00fcr Kinder(frauen)chor und Klavier \u30ab\u30f3\u30bf\u30fc\u30bf \u5b50\u4f9b\uff5b\u5973\u6027\uff5d\u306e\u305f\u3081\u306e\u5408\u5531 \u30d4\u30a2\u30ce\u4f34\u594f\u4ed8\u304d Japanische \u00dcbersetzung Pavel Nov\u00e1k, \u8a33\u8a5e: \u83c5\u5c3e \u9ebb\u7d00 (Maki Sugao) (1983) 26 Seiten ISMN 979-0-706554-03-7<\/p>\n","protected":false},"featured_media":5728,"template":"","meta":{"jetpack_post_was_ever_published":false,"jetpack_publicize_message":"","jetpack_publicize_feature_enabled":true,"jetpack_social_post_already_shared":true,"jetpack_social_options":{"image_generator_settings":{"template":"highway","enabled":false},"version":2}},"product_brand":[],"product_cat":[196,90,103],"product_tag":[],"class_list":{"0":"post-9271","1":"product","2":"type-product","3":"status-publish","4":"has-post-thumbnail","6":"product_cat-kinderchor","7":"product_cat-klavier","8":"product_cat-singen","10":"first","11":"instock","12":"shipping-taxable","13":"purchasable","14":"product-type-variable"},"jetpack_publicize_connections":[],"yoast_head":"<!-- This site is optimized with the Yoast SEO plugin v25.1 - https:\/\/yoast.com\/wordpress\/plugins\/seo\/ -->\n<title>PRAG - TOKIO Kantate f\u00fcr Kinder(frauen)chor und Klavier | Lubo\u0161 Sluka<\/title>\n<meta name=\"robots\" content=\"index, follow, max-snippet:-1, max-image-preview:large, max-video-preview:-1\" \/>\n<link rel=\"canonical\" href=\"https:\/\/lubosluka.com\/de\/prodej-not\/prag-tokio-kantate-fuer-kinderfrauenchor-und-klavier\/\" \/>\n<meta property=\"og:locale\" content=\"de_DE\" \/>\n<meta property=\"og:type\" content=\"article\" \/>\n<meta property=\"og:title\" content=\"PRAG - TOKIO Kantate f\u00fcr Kinder(frauen)chor und Klavier | Lubo\u0161 Sluka\" \/>\n<meta property=\"og:description\" content=\"Kantate f\u00fcr Kinder(frauen)chor und Klavier \u30ab\u30f3\u30bf\u30fc\u30bf \u5b50\u4f9b\uff5b\u5973\u6027\uff5d\u306e\u305f\u3081\u306e\u5408\u5531 \u30d4\u30a2\u30ce\u4f34\u594f\u4ed8\u304d Japanische \u00dcbersetzung Pavel Nov\u00e1k, \u8a33\u8a5e: \u83c5\u5c3e \u9ebb\u7d00 (Maki Sugao) (1983) 26 Seiten ISMN 979-0-706554-03-7\" \/>\n<meta property=\"og:url\" content=\"https:\/\/lubosluka.com\/de\/prodej-not\/prag-tokio-kantate-fuer-kinderfrauenchor-und-klavier\/\" \/>\n<meta property=\"og:site_name\" content=\"Lubo\u0161 Sluka\" \/>\n<meta property=\"og:image\" content=\"https:\/\/lubosluka.com\/wp-content\/uploads\/2014\/10\/0068_obalka-1.png\" \/>\n\t<meta property=\"og:image:width\" content=\"1654\" \/>\n\t<meta property=\"og:image:height\" content=\"2339\" \/>\n\t<meta property=\"og:image:type\" content=\"image\/png\" \/>\n<script type=\"application\/ld+json\" class=\"yoast-schema-graph\">{\"@context\":\"https:\/\/schema.org\",\"@graph\":[{\"@type\":\"WebPage\",\"@id\":\"https:\/\/lubosluka.com\/de\/prodej-not\/prag-tokio-kantate-fuer-kinderfrauenchor-und-klavier\/\",\"url\":\"https:\/\/lubosluka.com\/de\/prodej-not\/prag-tokio-kantate-fuer-kinderfrauenchor-und-klavier\/\",\"name\":\"PRAG - TOKIO Kantate f\u00fcr Kinder(frauen)chor und Klavier | Lubo\u0161 Sluka\",\"isPartOf\":{\"@id\":\"https:\/\/lubosluka.com\/de\/#website\"},\"primaryImageOfPage\":{\"@id\":\"https:\/\/lubosluka.com\/de\/prodej-not\/prag-tokio-kantate-fuer-kinderfrauenchor-und-klavier\/#primaryimage\"},\"image\":{\"@id\":\"https:\/\/lubosluka.com\/de\/prodej-not\/prag-tokio-kantate-fuer-kinderfrauenchor-und-klavier\/#primaryimage\"},\"thumbnailUrl\":\"https:\/\/lubosluka.com\/wp-content\/uploads\/2014\/10\/0068_obalka-1.png\",\"datePublished\":\"2014-10-07T09:38:51+00:00\",\"breadcrumb\":{\"@id\":\"https:\/\/lubosluka.com\/de\/prodej-not\/prag-tokio-kantate-fuer-kinderfrauenchor-und-klavier\/#breadcrumb\"},\"inLanguage\":\"de\",\"potentialAction\":[{\"@type\":\"ReadAction\",\"target\":[\"https:\/\/lubosluka.com\/de\/prodej-not\/prag-tokio-kantate-fuer-kinderfrauenchor-und-klavier\/\"]}]},{\"@type\":\"ImageObject\",\"inLanguage\":\"de\",\"@id\":\"https:\/\/lubosluka.com\/de\/prodej-not\/prag-tokio-kantate-fuer-kinderfrauenchor-und-klavier\/#primaryimage\",\"url\":\"https:\/\/lubosluka.com\/wp-content\/uploads\/2014\/10\/0068_obalka-1.png\",\"contentUrl\":\"https:\/\/lubosluka.com\/wp-content\/uploads\/2014\/10\/0068_obalka-1.png\",\"width\":1654,\"height\":2339},{\"@type\":\"BreadcrumbList\",\"@id\":\"https:\/\/lubosluka.com\/de\/prodej-not\/prag-tokio-kantate-fuer-kinderfrauenchor-und-klavier\/#breadcrumb\",\"itemListElement\":[{\"@type\":\"ListItem\",\"position\":1,\"name\":\"Editio Musica Humana\",\"item\":\"https:\/\/lubosluka.com\/de\/editio-musica-humana\/\"},{\"@type\":\"ListItem\",\"position\":2,\"name\":\"Shop\",\"item\":\"https:\/\/lubosluka.com\/de\/shop\/\"},{\"@type\":\"ListItem\",\"position\":3,\"name\":\"PRAG &#8211; TOKIO Kantate f\u00fcr Kinder(frauen)chor und Klavier\"}]},{\"@type\":\"WebSite\",\"@id\":\"https:\/\/lubosluka.com\/de\/#website\",\"url\":\"https:\/\/lubosluka.com\/de\/\",\"name\":\"Lubo\u0161 Sluka\",\"description\":\"hudebn\u00ed skladatel\",\"potentialAction\":[{\"@type\":\"SearchAction\",\"target\":{\"@type\":\"EntryPoint\",\"urlTemplate\":\"https:\/\/lubosluka.com\/de\/?s={search_term_string}\"},\"query-input\":{\"@type\":\"PropertyValueSpecification\",\"valueRequired\":true,\"valueName\":\"search_term_string\"}}],\"inLanguage\":\"de\"}]}<\/script>\n<!-- \/ Yoast SEO plugin. -->","yoast_head_json":{"title":"PRAG - TOKIO Kantate f\u00fcr Kinder(frauen)chor und Klavier | Lubo\u0161 Sluka","robots":{"index":"index","follow":"follow","max-snippet":"max-snippet:-1","max-image-preview":"max-image-preview:large","max-video-preview":"max-video-preview:-1"},"canonical":"https:\/\/lubosluka.com\/de\/prodej-not\/prag-tokio-kantate-fuer-kinderfrauenchor-und-klavier\/","og_locale":"de_DE","og_type":"article","og_title":"PRAG - TOKIO Kantate f\u00fcr Kinder(frauen)chor und Klavier | Lubo\u0161 Sluka","og_description":"Kantate f\u00fcr Kinder(frauen)chor und Klavier \u30ab\u30f3\u30bf\u30fc\u30bf \u5b50\u4f9b\uff5b\u5973\u6027\uff5d\u306e\u305f\u3081\u306e\u5408\u5531 \u30d4\u30a2\u30ce\u4f34\u594f\u4ed8\u304d Japanische \u00dcbersetzung Pavel Nov\u00e1k, \u8a33\u8a5e: \u83c5\u5c3e \u9ebb\u7d00 (Maki Sugao) (1983) 26 Seiten ISMN 979-0-706554-03-7","og_url":"https:\/\/lubosluka.com\/de\/prodej-not\/prag-tokio-kantate-fuer-kinderfrauenchor-und-klavier\/","og_site_name":"Lubo\u0161 Sluka","og_image":[{"width":1654,"height":2339,"url":"https:\/\/lubosluka.com\/wp-content\/uploads\/2014\/10\/0068_obalka-1.png","type":"image\/png"}],"schema":{"@context":"https:\/\/schema.org","@graph":[{"@type":"WebPage","@id":"https:\/\/lubosluka.com\/de\/prodej-not\/prag-tokio-kantate-fuer-kinderfrauenchor-und-klavier\/","url":"https:\/\/lubosluka.com\/de\/prodej-not\/prag-tokio-kantate-fuer-kinderfrauenchor-und-klavier\/","name":"PRAG - TOKIO Kantate f\u00fcr Kinder(frauen)chor und Klavier | Lubo\u0161 Sluka","isPartOf":{"@id":"https:\/\/lubosluka.com\/de\/#website"},"primaryImageOfPage":{"@id":"https:\/\/lubosluka.com\/de\/prodej-not\/prag-tokio-kantate-fuer-kinderfrauenchor-und-klavier\/#primaryimage"},"image":{"@id":"https:\/\/lubosluka.com\/de\/prodej-not\/prag-tokio-kantate-fuer-kinderfrauenchor-und-klavier\/#primaryimage"},"thumbnailUrl":"https:\/\/lubosluka.com\/wp-content\/uploads\/2014\/10\/0068_obalka-1.png","datePublished":"2014-10-07T09:38:51+00:00","breadcrumb":{"@id":"https:\/\/lubosluka.com\/de\/prodej-not\/prag-tokio-kantate-fuer-kinderfrauenchor-und-klavier\/#breadcrumb"},"inLanguage":"de","potentialAction":[{"@type":"ReadAction","target":["https:\/\/lubosluka.com\/de\/prodej-not\/prag-tokio-kantate-fuer-kinderfrauenchor-und-klavier\/"]}]},{"@type":"ImageObject","inLanguage":"de","@id":"https:\/\/lubosluka.com\/de\/prodej-not\/prag-tokio-kantate-fuer-kinderfrauenchor-und-klavier\/#primaryimage","url":"https:\/\/lubosluka.com\/wp-content\/uploads\/2014\/10\/0068_obalka-1.png","contentUrl":"https:\/\/lubosluka.com\/wp-content\/uploads\/2014\/10\/0068_obalka-1.png","width":1654,"height":2339},{"@type":"BreadcrumbList","@id":"https:\/\/lubosluka.com\/de\/prodej-not\/prag-tokio-kantate-fuer-kinderfrauenchor-und-klavier\/#breadcrumb","itemListElement":[{"@type":"ListItem","position":1,"name":"Editio Musica Humana","item":"https:\/\/lubosluka.com\/de\/editio-musica-humana\/"},{"@type":"ListItem","position":2,"name":"Shop","item":"https:\/\/lubosluka.com\/de\/shop\/"},{"@type":"ListItem","position":3,"name":"PRAG &#8211; TOKIO Kantate f\u00fcr Kinder(frauen)chor und Klavier"}]},{"@type":"WebSite","@id":"https:\/\/lubosluka.com\/de\/#website","url":"https:\/\/lubosluka.com\/de\/","name":"Lubo\u0161 Sluka","description":"hudebn\u00ed skladatel","potentialAction":[{"@type":"SearchAction","target":{"@type":"EntryPoint","urlTemplate":"https:\/\/lubosluka.com\/de\/?s={search_term_string}"},"query-input":{"@type":"PropertyValueSpecification","valueRequired":true,"valueName":"search_term_string"}}],"inLanguage":"de"}]}},"jetpack_sharing_enabled":true,"_links":{"self":[{"href":"https:\/\/lubosluka.com\/de\/wp-json\/wp\/v2\/product\/9271","targetHints":{"allow":["GET"]}}],"collection":[{"href":"https:\/\/lubosluka.com\/de\/wp-json\/wp\/v2\/product"}],"about":[{"href":"https:\/\/lubosluka.com\/de\/wp-json\/wp\/v2\/types\/product"}],"version-history":[{"count":0,"href":"https:\/\/lubosluka.com\/de\/wp-json\/wp\/v2\/product\/9271\/revisions"}],"wp:featuredmedia":[{"embeddable":true,"href":"https:\/\/lubosluka.com\/de\/wp-json\/wp\/v2\/media\/5728"}],"wp:attachment":[{"href":"https:\/\/lubosluka.com\/de\/wp-json\/wp\/v2\/media?parent=9271"}],"wp:term":[{"taxonomy":"product_brand","embeddable":true,"href":"https:\/\/lubosluka.com\/de\/wp-json\/wp\/v2\/product_brand?post=9271"},{"taxonomy":"product_cat","embeddable":true,"href":"https:\/\/lubosluka.com\/de\/wp-json\/wp\/v2\/product_cat?post=9271"},{"taxonomy":"product_tag","embeddable":true,"href":"https:\/\/lubosluka.com\/de\/wp-json\/wp\/v2\/product_tag?post=9271"}],"curies":[{"name":"wp","href":"https:\/\/api.w.org\/{rel}","templated":true}]}}