{"id":9286,"date":"2014-10-03T15:40:31","date_gmt":"2014-10-03T14:40:31","guid":{"rendered":"https:\/\/lubosluka.com\/prodej-not\/singing-to-children-liederzyklus-fuer-hoehere-stimme-und-klavier\/"},"modified":"2014-10-03T15:40:31","modified_gmt":"2014-10-03T14:40:31","slug":"singing-to-children-liederzyklus-fuer-hoehere-stimme-und-klavier","status":"publish","type":"product","link":"https:\/\/lubosluka.com\/de\/prodej-not\/singing-to-children-liederzyklus-fuer-hoehere-stimme-und-klavier\/","title":{"rendered":"SINGING TO CHILDREN Liederzyklus f\u00fcr h\u00f6here Stimme und Klavier"},"content":{"rendered":"<h2>Liederzyklus f\u00fcr h\u00f6here Stimme und Klavier<\/h2>\n<p>mit den Worten von J. V. Sladek<\/p>\n<p>KINDLICH GESUNGEN<br \/>\nLiederzyklus f\u00fcr h\u00f6here Stimme und und Klavier<\/p>\n<p>(1952)<\/p>\n<p>I. Sie l\u00e4uteten<br \/>\nII. Mutter<br \/>\nIII. Geige<br \/>\nIV. Blaue Augen<br \/>\nV. Flip-Flops<\/p>\n<p>16 Seiten<\/p>\n<p>Tschechisch \/ Deutsch<\/p>\n<p>ISMN 979-0-706546-35-3<\/p>\n","protected":false},"excerpt":{"rendered":"<p>Liederzyklus f\u00fcr h\u00f6here Stimme und Klavier mit den Worten von J. V. Sladek KINDLICH GESUNGEN Liederzyklus f\u00fcr h\u00f6here Stimme und und Klavier (1952) I. Sie l\u00e4uteten II. Mutter III. Geige IV. Blaue Augen V. Flip-Flops 16 Seiten Tschechisch \/ Deutsch &hellip; <a href=\"https:\/\/lubosluka.com\/de\/prodej-not\/singing-to-children-liederzyklus-fuer-hoehere-stimme-und-klavier\/\">Continue reading <span class=\"meta-nav\">&rarr;<\/span><\/a><\/p>\n","protected":false},"featured_media":5642,"template":"","meta":{"jetpack_post_was_ever_published":false,"jetpack_publicize_message":"","jetpack_publicize_feature_enabled":true,"jetpack_social_post_already_shared":true,"jetpack_social_options":{"image_generator_settings":{"template":"highway","enabled":false},"version":2}},"product_brand":[],"product_cat":[90,103],"product_tag":[],"class_list":{"0":"post-9286","1":"product","2":"type-product","3":"status-publish","4":"has-post-thumbnail","6":"product_cat-klavier","7":"product_cat-singen","9":"first","10":"instock","11":"shipping-taxable","12":"purchasable","13":"product-type-variable"},"jetpack_publicize_connections":[],"yoast_head":"<!-- This site is optimized with the Yoast SEO plugin v25.1 - https:\/\/yoast.com\/wordpress\/plugins\/seo\/ -->\n<title>SINGING TO CHILDREN Liederzyklus f\u00fcr h\u00f6here Stimme und Klavier | Lubo\u0161 Sluka<\/title>\n<meta name=\"robots\" content=\"index, follow, max-snippet:-1, max-image-preview:large, max-video-preview:-1\" \/>\n<link rel=\"canonical\" href=\"https:\/\/lubosluka.com\/de\/prodej-not\/singing-to-children-liederzyklus-fuer-hoehere-stimme-und-klavier\/\" \/>\n<meta property=\"og:locale\" content=\"de_DE\" \/>\n<meta property=\"og:type\" content=\"article\" \/>\n<meta property=\"og:title\" content=\"SINGING TO CHILDREN Liederzyklus f\u00fcr h\u00f6here Stimme und Klavier | Lubo\u0161 Sluka\" \/>\n<meta property=\"og:description\" content=\"Liederzyklus f\u00fcr h\u00f6here Stimme und Klavier mit den Worten von J. V. Sladek KINDLICH GESUNGEN Liederzyklus f\u00fcr h\u00f6here Stimme und und Klavier (1952) I. Sie l\u00e4uteten II. Mutter III. Geige IV. Blaue Augen V. Flip-Flops 16 Seiten Tschechisch \/ Deutsch &hellip; Continue reading &rarr;\" \/>\n<meta property=\"og:url\" content=\"https:\/\/lubosluka.com\/de\/prodej-not\/singing-to-children-liederzyklus-fuer-hoehere-stimme-und-klavier\/\" \/>\n<meta property=\"og:site_name\" content=\"Lubo\u0161 Sluka\" \/>\n<meta property=\"og:image\" content=\"https:\/\/lubosluka.com\/wp-content\/uploads\/2014\/10\/0066a_obalka.png\" \/>\n\t<meta property=\"og:image:width\" content=\"2480\" \/>\n\t<meta property=\"og:image:height\" content=\"3509\" \/>\n\t<meta property=\"og:image:type\" content=\"image\/png\" \/>\n<script type=\"application\/ld+json\" class=\"yoast-schema-graph\">{\"@context\":\"https:\/\/schema.org\",\"@graph\":[{\"@type\":\"WebPage\",\"@id\":\"https:\/\/lubosluka.com\/de\/prodej-not\/singing-to-children-liederzyklus-fuer-hoehere-stimme-und-klavier\/\",\"url\":\"https:\/\/lubosluka.com\/de\/prodej-not\/singing-to-children-liederzyklus-fuer-hoehere-stimme-und-klavier\/\",\"name\":\"SINGING TO CHILDREN Liederzyklus f\u00fcr h\u00f6here Stimme und Klavier | Lubo\u0161 Sluka\",\"isPartOf\":{\"@id\":\"https:\/\/lubosluka.com\/de\/#website\"},\"primaryImageOfPage\":{\"@id\":\"https:\/\/lubosluka.com\/de\/prodej-not\/singing-to-children-liederzyklus-fuer-hoehere-stimme-und-klavier\/#primaryimage\"},\"image\":{\"@id\":\"https:\/\/lubosluka.com\/de\/prodej-not\/singing-to-children-liederzyklus-fuer-hoehere-stimme-und-klavier\/#primaryimage\"},\"thumbnailUrl\":\"https:\/\/lubosluka.com\/wp-content\/uploads\/2014\/10\/0066a_obalka.png\",\"datePublished\":\"2014-10-03T14:40:31+00:00\",\"breadcrumb\":{\"@id\":\"https:\/\/lubosluka.com\/de\/prodej-not\/singing-to-children-liederzyklus-fuer-hoehere-stimme-und-klavier\/#breadcrumb\"},\"inLanguage\":\"de\",\"potentialAction\":[{\"@type\":\"ReadAction\",\"target\":[\"https:\/\/lubosluka.com\/de\/prodej-not\/singing-to-children-liederzyklus-fuer-hoehere-stimme-und-klavier\/\"]}]},{\"@type\":\"ImageObject\",\"inLanguage\":\"de\",\"@id\":\"https:\/\/lubosluka.com\/de\/prodej-not\/singing-to-children-liederzyklus-fuer-hoehere-stimme-und-klavier\/#primaryimage\",\"url\":\"https:\/\/lubosluka.com\/wp-content\/uploads\/2014\/10\/0066a_obalka.png\",\"contentUrl\":\"https:\/\/lubosluka.com\/wp-content\/uploads\/2014\/10\/0066a_obalka.png\",\"width\":2480,\"height\":3509},{\"@type\":\"BreadcrumbList\",\"@id\":\"https:\/\/lubosluka.com\/de\/prodej-not\/singing-to-children-liederzyklus-fuer-hoehere-stimme-und-klavier\/#breadcrumb\",\"itemListElement\":[{\"@type\":\"ListItem\",\"position\":1,\"name\":\"Editio Musica Humana\",\"item\":\"https:\/\/lubosluka.com\/de\/editio-musica-humana\/\"},{\"@type\":\"ListItem\",\"position\":2,\"name\":\"Shop\",\"item\":\"https:\/\/lubosluka.com\/de\/shop\/\"},{\"@type\":\"ListItem\",\"position\":3,\"name\":\"SINGING TO CHILDREN Liederzyklus f\u00fcr h\u00f6here Stimme und Klavier\"}]},{\"@type\":\"WebSite\",\"@id\":\"https:\/\/lubosluka.com\/de\/#website\",\"url\":\"https:\/\/lubosluka.com\/de\/\",\"name\":\"Lubo\u0161 Sluka\",\"description\":\"hudebn\u00ed skladatel\",\"potentialAction\":[{\"@type\":\"SearchAction\",\"target\":{\"@type\":\"EntryPoint\",\"urlTemplate\":\"https:\/\/lubosluka.com\/de\/?s={search_term_string}\"},\"query-input\":{\"@type\":\"PropertyValueSpecification\",\"valueRequired\":true,\"valueName\":\"search_term_string\"}}],\"inLanguage\":\"de\"}]}<\/script>\n<!-- \/ Yoast SEO plugin. -->","yoast_head_json":{"title":"SINGING TO CHILDREN Liederzyklus f\u00fcr h\u00f6here Stimme und Klavier | Lubo\u0161 Sluka","robots":{"index":"index","follow":"follow","max-snippet":"max-snippet:-1","max-image-preview":"max-image-preview:large","max-video-preview":"max-video-preview:-1"},"canonical":"https:\/\/lubosluka.com\/de\/prodej-not\/singing-to-children-liederzyklus-fuer-hoehere-stimme-und-klavier\/","og_locale":"de_DE","og_type":"article","og_title":"SINGING TO CHILDREN Liederzyklus f\u00fcr h\u00f6here Stimme und Klavier | Lubo\u0161 Sluka","og_description":"Liederzyklus f\u00fcr h\u00f6here Stimme und Klavier mit den Worten von J. V. Sladek KINDLICH GESUNGEN Liederzyklus f\u00fcr h\u00f6here Stimme und und Klavier (1952) I. Sie l\u00e4uteten II. Mutter III. Geige IV. Blaue Augen V. Flip-Flops 16 Seiten Tschechisch \/ Deutsch &hellip; Continue reading &rarr;","og_url":"https:\/\/lubosluka.com\/de\/prodej-not\/singing-to-children-liederzyklus-fuer-hoehere-stimme-und-klavier\/","og_site_name":"Lubo\u0161 Sluka","og_image":[{"width":2480,"height":3509,"url":"https:\/\/lubosluka.com\/wp-content\/uploads\/2014\/10\/0066a_obalka.png","type":"image\/png"}],"schema":{"@context":"https:\/\/schema.org","@graph":[{"@type":"WebPage","@id":"https:\/\/lubosluka.com\/de\/prodej-not\/singing-to-children-liederzyklus-fuer-hoehere-stimme-und-klavier\/","url":"https:\/\/lubosluka.com\/de\/prodej-not\/singing-to-children-liederzyklus-fuer-hoehere-stimme-und-klavier\/","name":"SINGING TO CHILDREN Liederzyklus f\u00fcr h\u00f6here Stimme und Klavier | Lubo\u0161 Sluka","isPartOf":{"@id":"https:\/\/lubosluka.com\/de\/#website"},"primaryImageOfPage":{"@id":"https:\/\/lubosluka.com\/de\/prodej-not\/singing-to-children-liederzyklus-fuer-hoehere-stimme-und-klavier\/#primaryimage"},"image":{"@id":"https:\/\/lubosluka.com\/de\/prodej-not\/singing-to-children-liederzyklus-fuer-hoehere-stimme-und-klavier\/#primaryimage"},"thumbnailUrl":"https:\/\/lubosluka.com\/wp-content\/uploads\/2014\/10\/0066a_obalka.png","datePublished":"2014-10-03T14:40:31+00:00","breadcrumb":{"@id":"https:\/\/lubosluka.com\/de\/prodej-not\/singing-to-children-liederzyklus-fuer-hoehere-stimme-und-klavier\/#breadcrumb"},"inLanguage":"de","potentialAction":[{"@type":"ReadAction","target":["https:\/\/lubosluka.com\/de\/prodej-not\/singing-to-children-liederzyklus-fuer-hoehere-stimme-und-klavier\/"]}]},{"@type":"ImageObject","inLanguage":"de","@id":"https:\/\/lubosluka.com\/de\/prodej-not\/singing-to-children-liederzyklus-fuer-hoehere-stimme-und-klavier\/#primaryimage","url":"https:\/\/lubosluka.com\/wp-content\/uploads\/2014\/10\/0066a_obalka.png","contentUrl":"https:\/\/lubosluka.com\/wp-content\/uploads\/2014\/10\/0066a_obalka.png","width":2480,"height":3509},{"@type":"BreadcrumbList","@id":"https:\/\/lubosluka.com\/de\/prodej-not\/singing-to-children-liederzyklus-fuer-hoehere-stimme-und-klavier\/#breadcrumb","itemListElement":[{"@type":"ListItem","position":1,"name":"Editio Musica Humana","item":"https:\/\/lubosluka.com\/de\/editio-musica-humana\/"},{"@type":"ListItem","position":2,"name":"Shop","item":"https:\/\/lubosluka.com\/de\/shop\/"},{"@type":"ListItem","position":3,"name":"SINGING TO CHILDREN Liederzyklus f\u00fcr h\u00f6here Stimme und Klavier"}]},{"@type":"WebSite","@id":"https:\/\/lubosluka.com\/de\/#website","url":"https:\/\/lubosluka.com\/de\/","name":"Lubo\u0161 Sluka","description":"hudebn\u00ed skladatel","potentialAction":[{"@type":"SearchAction","target":{"@type":"EntryPoint","urlTemplate":"https:\/\/lubosluka.com\/de\/?s={search_term_string}"},"query-input":{"@type":"PropertyValueSpecification","valueRequired":true,"valueName":"search_term_string"}}],"inLanguage":"de"}]}},"jetpack_sharing_enabled":true,"_links":{"self":[{"href":"https:\/\/lubosluka.com\/de\/wp-json\/wp\/v2\/product\/9286","targetHints":{"allow":["GET"]}}],"collection":[{"href":"https:\/\/lubosluka.com\/de\/wp-json\/wp\/v2\/product"}],"about":[{"href":"https:\/\/lubosluka.com\/de\/wp-json\/wp\/v2\/types\/product"}],"version-history":[{"count":0,"href":"https:\/\/lubosluka.com\/de\/wp-json\/wp\/v2\/product\/9286\/revisions"}],"wp:featuredmedia":[{"embeddable":true,"href":"https:\/\/lubosluka.com\/de\/wp-json\/wp\/v2\/media\/5642"}],"wp:attachment":[{"href":"https:\/\/lubosluka.com\/de\/wp-json\/wp\/v2\/media?parent=9286"}],"wp:term":[{"taxonomy":"product_brand","embeddable":true,"href":"https:\/\/lubosluka.com\/de\/wp-json\/wp\/v2\/product_brand?post=9286"},{"taxonomy":"product_cat","embeddable":true,"href":"https:\/\/lubosluka.com\/de\/wp-json\/wp\/v2\/product_cat?post=9286"},{"taxonomy":"product_tag","embeddable":true,"href":"https:\/\/lubosluka.com\/de\/wp-json\/wp\/v2\/product_tag?post=9286"}],"curies":[{"name":"wp","href":"https:\/\/api.w.org\/{rel}","templated":true}]}}