{"id":9320,"date":"2014-10-03T13:37:34","date_gmt":"2014-10-03T12:37:34","guid":{"rendered":"https:\/\/lubosluka.com\/prodej-not\/plays-and-dreams-fuer-pianoforte\/"},"modified":"2014-10-03T13:37:34","modified_gmt":"2014-10-03T12:37:34","slug":"plays-and-dreams-fuer-pianoforte","status":"publish","type":"product","link":"https:\/\/lubosluka.com\/de\/prodej-not\/plays-and-dreams-fuer-pianoforte\/","title":{"rendered":"PLAYS AND DREAMS f\u00fcr Pianoforte"},"content":{"rendered":"<h2>per pianoforte<\/h2>\n<p><em>Singer und Tommy!<\/em><\/p>\n<p>(1963)<\/p>\n<p>I. Im Verborgenen<br \/>\nII. Auf der Schaukel<br \/>\nIII. Gute Nacht.<br \/>\nIV. Echo<br \/>\nV. D\u00e4mmerung<br \/>\nVI. Kuckuck<br \/>\nVII. Libelle<br \/>\nVIII. Glocken<\/p>\n<p>Pfr. Prof. Ema Dole\u017ealov\u00e1<\/p>\n<p>16 Seiten<\/p>\n<p>ISMN 979-0-706546-16-2<\/p>\n","protected":false},"excerpt":{"rendered":"<p>per pianoforte Singer und Tommy! (1963) I. Im Verborgenen II. Auf der Schaukel III. Gute Nacht. IV. Echo V. D\u00e4mmerung VI. Kuckuck VII. Libelle VIII. Glocken Pfr. Prof. Ema Dole\u017ealov\u00e1 16 Seiten ISMN 979-0-706546-16-2<\/p>\n","protected":false},"featured_media":5168,"template":"","meta":{"jetpack_post_was_ever_published":false,"jetpack_publicize_message":"","jetpack_publicize_feature_enabled":true,"jetpack_social_post_already_shared":true,"jetpack_social_options":{"image_generator_settings":{"template":"highway","enabled":false},"version":2}},"product_brand":[],"product_cat":[90,91],"product_tag":[],"class_list":{"0":"post-9320","1":"product","2":"type-product","3":"status-publish","4":"has-post-thumbnail","6":"product_cat-klavier","7":"product_cat-musikalische-fruherziehung","9":"first","10":"instock","11":"shipping-taxable","12":"purchasable","13":"product-type-variable"},"jetpack_publicize_connections":[],"yoast_head":"<!-- This site is optimized with the Yoast SEO plugin v25.1 - https:\/\/yoast.com\/wordpress\/plugins\/seo\/ -->\n<title>PLAYS AND DREAMS f\u00fcr Pianoforte | Lubo\u0161 Sluka<\/title>\n<meta name=\"robots\" content=\"index, follow, max-snippet:-1, max-image-preview:large, max-video-preview:-1\" \/>\n<link rel=\"canonical\" href=\"https:\/\/lubosluka.com\/de\/prodej-not\/plays-and-dreams-fuer-pianoforte\/\" \/>\n<meta property=\"og:locale\" content=\"de_DE\" \/>\n<meta property=\"og:type\" content=\"article\" \/>\n<meta property=\"og:title\" content=\"PLAYS AND DREAMS f\u00fcr Pianoforte | Lubo\u0161 Sluka\" \/>\n<meta property=\"og:description\" content=\"per pianoforte Singer und Tommy! (1963) I. Im Verborgenen II. Auf der Schaukel III. Gute Nacht. IV. Echo V. D\u00e4mmerung VI. Kuckuck VII. Libelle VIII. Glocken Pfr. Prof. Ema Dole\u017ealov\u00e1 16 Seiten ISMN 979-0-706546-16-2\" \/>\n<meta property=\"og:url\" content=\"https:\/\/lubosluka.com\/de\/prodej-not\/plays-and-dreams-fuer-pianoforte\/\" \/>\n<meta property=\"og:site_name\" content=\"Lubo\u0161 Sluka\" \/>\n<meta property=\"og:image\" content=\"https:\/\/lubosluka.com\/wp-content\/uploads\/2014\/10\/0049_obalka-725x1024.png\" \/>\n\t<meta property=\"og:image:width\" content=\"725\" \/>\n\t<meta property=\"og:image:height\" content=\"1024\" \/>\n\t<meta property=\"og:image:type\" content=\"image\/png\" \/>\n<script type=\"application\/ld+json\" class=\"yoast-schema-graph\">{\"@context\":\"https:\/\/schema.org\",\"@graph\":[{\"@type\":\"WebPage\",\"@id\":\"https:\/\/lubosluka.com\/de\/prodej-not\/plays-and-dreams-fuer-pianoforte\/\",\"url\":\"https:\/\/lubosluka.com\/de\/prodej-not\/plays-and-dreams-fuer-pianoforte\/\",\"name\":\"PLAYS AND DREAMS f\u00fcr Pianoforte | Lubo\u0161 Sluka\",\"isPartOf\":{\"@id\":\"https:\/\/lubosluka.com\/de\/#website\"},\"primaryImageOfPage\":{\"@id\":\"https:\/\/lubosluka.com\/de\/prodej-not\/plays-and-dreams-fuer-pianoforte\/#primaryimage\"},\"image\":{\"@id\":\"https:\/\/lubosluka.com\/de\/prodej-not\/plays-and-dreams-fuer-pianoforte\/#primaryimage\"},\"thumbnailUrl\":\"https:\/\/lubosluka.com\/wp-content\/uploads\/2014\/10\/0049_obalka.png\",\"datePublished\":\"2014-10-03T12:37:34+00:00\",\"breadcrumb\":{\"@id\":\"https:\/\/lubosluka.com\/de\/prodej-not\/plays-and-dreams-fuer-pianoforte\/#breadcrumb\"},\"inLanguage\":\"de\",\"potentialAction\":[{\"@type\":\"ReadAction\",\"target\":[\"https:\/\/lubosluka.com\/de\/prodej-not\/plays-and-dreams-fuer-pianoforte\/\"]}]},{\"@type\":\"ImageObject\",\"inLanguage\":\"de\",\"@id\":\"https:\/\/lubosluka.com\/de\/prodej-not\/plays-and-dreams-fuer-pianoforte\/#primaryimage\",\"url\":\"https:\/\/lubosluka.com\/wp-content\/uploads\/2014\/10\/0049_obalka.png\",\"contentUrl\":\"https:\/\/lubosluka.com\/wp-content\/uploads\/2014\/10\/0049_obalka.png\",\"width\":2486,\"height\":3509},{\"@type\":\"BreadcrumbList\",\"@id\":\"https:\/\/lubosluka.com\/de\/prodej-not\/plays-and-dreams-fuer-pianoforte\/#breadcrumb\",\"itemListElement\":[{\"@type\":\"ListItem\",\"position\":1,\"name\":\"Editio Musica Humana\",\"item\":\"https:\/\/lubosluka.com\/de\/editio-musica-humana\/\"},{\"@type\":\"ListItem\",\"position\":2,\"name\":\"Shop\",\"item\":\"https:\/\/lubosluka.com\/de\/shop\/\"},{\"@type\":\"ListItem\",\"position\":3,\"name\":\"PLAYS AND DREAMS f\u00fcr Pianoforte\"}]},{\"@type\":\"WebSite\",\"@id\":\"https:\/\/lubosluka.com\/de\/#website\",\"url\":\"https:\/\/lubosluka.com\/de\/\",\"name\":\"Lubo\u0161 Sluka\",\"description\":\"hudebn\u00ed skladatel\",\"potentialAction\":[{\"@type\":\"SearchAction\",\"target\":{\"@type\":\"EntryPoint\",\"urlTemplate\":\"https:\/\/lubosluka.com\/de\/?s={search_term_string}\"},\"query-input\":{\"@type\":\"PropertyValueSpecification\",\"valueRequired\":true,\"valueName\":\"search_term_string\"}}],\"inLanguage\":\"de\"}]}<\/script>\n<!-- \/ Yoast SEO plugin. -->","yoast_head_json":{"title":"PLAYS AND DREAMS f\u00fcr Pianoforte | Lubo\u0161 Sluka","robots":{"index":"index","follow":"follow","max-snippet":"max-snippet:-1","max-image-preview":"max-image-preview:large","max-video-preview":"max-video-preview:-1"},"canonical":"https:\/\/lubosluka.com\/de\/prodej-not\/plays-and-dreams-fuer-pianoforte\/","og_locale":"de_DE","og_type":"article","og_title":"PLAYS AND DREAMS f\u00fcr Pianoforte | Lubo\u0161 Sluka","og_description":"per pianoforte Singer und Tommy! (1963) I. Im Verborgenen II. Auf der Schaukel III. Gute Nacht. IV. Echo V. D\u00e4mmerung VI. Kuckuck VII. Libelle VIII. Glocken Pfr. Prof. Ema Dole\u017ealov\u00e1 16 Seiten ISMN 979-0-706546-16-2","og_url":"https:\/\/lubosluka.com\/de\/prodej-not\/plays-and-dreams-fuer-pianoforte\/","og_site_name":"Lubo\u0161 Sluka","og_image":[{"width":725,"height":1024,"url":"https:\/\/lubosluka.com\/wp-content\/uploads\/2014\/10\/0049_obalka-725x1024.png","type":"image\/png"}],"schema":{"@context":"https:\/\/schema.org","@graph":[{"@type":"WebPage","@id":"https:\/\/lubosluka.com\/de\/prodej-not\/plays-and-dreams-fuer-pianoforte\/","url":"https:\/\/lubosluka.com\/de\/prodej-not\/plays-and-dreams-fuer-pianoforte\/","name":"PLAYS AND DREAMS f\u00fcr Pianoforte | Lubo\u0161 Sluka","isPartOf":{"@id":"https:\/\/lubosluka.com\/de\/#website"},"primaryImageOfPage":{"@id":"https:\/\/lubosluka.com\/de\/prodej-not\/plays-and-dreams-fuer-pianoforte\/#primaryimage"},"image":{"@id":"https:\/\/lubosluka.com\/de\/prodej-not\/plays-and-dreams-fuer-pianoforte\/#primaryimage"},"thumbnailUrl":"https:\/\/lubosluka.com\/wp-content\/uploads\/2014\/10\/0049_obalka.png","datePublished":"2014-10-03T12:37:34+00:00","breadcrumb":{"@id":"https:\/\/lubosluka.com\/de\/prodej-not\/plays-and-dreams-fuer-pianoforte\/#breadcrumb"},"inLanguage":"de","potentialAction":[{"@type":"ReadAction","target":["https:\/\/lubosluka.com\/de\/prodej-not\/plays-and-dreams-fuer-pianoforte\/"]}]},{"@type":"ImageObject","inLanguage":"de","@id":"https:\/\/lubosluka.com\/de\/prodej-not\/plays-and-dreams-fuer-pianoforte\/#primaryimage","url":"https:\/\/lubosluka.com\/wp-content\/uploads\/2014\/10\/0049_obalka.png","contentUrl":"https:\/\/lubosluka.com\/wp-content\/uploads\/2014\/10\/0049_obalka.png","width":2486,"height":3509},{"@type":"BreadcrumbList","@id":"https:\/\/lubosluka.com\/de\/prodej-not\/plays-and-dreams-fuer-pianoforte\/#breadcrumb","itemListElement":[{"@type":"ListItem","position":1,"name":"Editio Musica Humana","item":"https:\/\/lubosluka.com\/de\/editio-musica-humana\/"},{"@type":"ListItem","position":2,"name":"Shop","item":"https:\/\/lubosluka.com\/de\/shop\/"},{"@type":"ListItem","position":3,"name":"PLAYS AND DREAMS f\u00fcr Pianoforte"}]},{"@type":"WebSite","@id":"https:\/\/lubosluka.com\/de\/#website","url":"https:\/\/lubosluka.com\/de\/","name":"Lubo\u0161 Sluka","description":"hudebn\u00ed skladatel","potentialAction":[{"@type":"SearchAction","target":{"@type":"EntryPoint","urlTemplate":"https:\/\/lubosluka.com\/de\/?s={search_term_string}"},"query-input":{"@type":"PropertyValueSpecification","valueRequired":true,"valueName":"search_term_string"}}],"inLanguage":"de"}]}},"jetpack_sharing_enabled":true,"_links":{"self":[{"href":"https:\/\/lubosluka.com\/de\/wp-json\/wp\/v2\/product\/9320","targetHints":{"allow":["GET"]}}],"collection":[{"href":"https:\/\/lubosluka.com\/de\/wp-json\/wp\/v2\/product"}],"about":[{"href":"https:\/\/lubosluka.com\/de\/wp-json\/wp\/v2\/types\/product"}],"version-history":[{"count":0,"href":"https:\/\/lubosluka.com\/de\/wp-json\/wp\/v2\/product\/9320\/revisions"}],"wp:featuredmedia":[{"embeddable":true,"href":"https:\/\/lubosluka.com\/de\/wp-json\/wp\/v2\/media\/5168"}],"wp:attachment":[{"href":"https:\/\/lubosluka.com\/de\/wp-json\/wp\/v2\/media?parent=9320"}],"wp:term":[{"taxonomy":"product_brand","embeddable":true,"href":"https:\/\/lubosluka.com\/de\/wp-json\/wp\/v2\/product_brand?post=9320"},{"taxonomy":"product_cat","embeddable":true,"href":"https:\/\/lubosluka.com\/de\/wp-json\/wp\/v2\/product_cat?post=9320"},{"taxonomy":"product_tag","embeddable":true,"href":"https:\/\/lubosluka.com\/de\/wp-json\/wp\/v2\/product_tag?post=9320"}],"curies":[{"name":"wp","href":"https:\/\/api.w.org\/{rel}","templated":true}]}}