{"id":9394,"date":"2014-10-03T15:34:39","date_gmt":"2014-10-03T14:34:39","guid":{"rendered":"https:\/\/lubosluka.com\/prodej-not\/erkennung-fuer-tiefe-stimme-und-streicher\/"},"modified":"2014-10-03T15:34:39","modified_gmt":"2014-10-03T14:34:39","slug":"erkennung-fuer-tiefe-stimme-und-streicher","status":"publish","type":"product","link":"https:\/\/lubosluka.com\/de\/prodej-not\/erkennung-fuer-tiefe-stimme-und-streicher\/","title":{"rendered":"Erkennung f\u00fcr tiefe Stimme und Streicher"},"content":{"rendered":"<h2>Monolog f\u00fcr tiefe Stimme und Streichorchester<\/h2>\n<p>mit den Worten von Michelangelo Buonarroti<\/p>\n<p><strong>f\u00fcr tiefe Stimme und Streichorchester<\/strong><\/p>\n<p>auf Worte des Michelangelo Buonarroti<\/p>\n<p>\u00fcbersetzt von Jan Vladislav<\/p>\n<p>Freie deutsche Nachdichtung zur gegebenen Musik von Helena Medkov\u00e1<\/p>\n<p>TSCHECHISCH \/ DEUTSCH<\/p>\n<p>Partitura<\/p>\n<p>ISMN 979-0-706546-32-2<\/p>\n<p><strong>Party als Leihgabe des Verlags<\/strong><\/p>\n","protected":false},"excerpt":{"rendered":"<p>Monolog f\u00fcr tiefe Stimme und Streichorchester mit den Worten von Michelangelo Buonarroti f\u00fcr tiefe Stimme und Streichorchester auf Worte des Michelangelo Buonarroti \u00fcbersetzt von Jan Vladislav Freie deutsche Nachdichtung zur gegebenen Musik von Helena Medkov\u00e1 TSCHECHISCH \/ DEUTSCH Partitura ISMN &hellip; <a href=\"https:\/\/lubosluka.com\/de\/prodej-not\/erkennung-fuer-tiefe-stimme-und-streicher\/\">Continue reading <span class=\"meta-nav\">&rarr;<\/span><\/a><\/p>\n","protected":false},"featured_media":5424,"template":"","meta":{"jetpack_post_was_ever_published":false,"jetpack_publicize_message":"","jetpack_publicize_feature_enabled":true,"jetpack_social_post_already_shared":true,"jetpack_social_options":{"image_generator_settings":{"template":"highway","enabled":false},"version":2}},"product_brand":[],"product_cat":[98,103],"product_tag":[],"class_list":{"0":"post-9394","1":"product","2":"type-product","3":"status-publish","4":"has-post-thumbnail","6":"product_cat-orchestrale-musik","7":"product_cat-singen","9":"first","10":"instock","11":"shipping-taxable","12":"purchasable","13":"product-type-variable"},"jetpack_publicize_connections":[],"yoast_head":"<!-- This site is optimized with the Yoast SEO plugin v25.1 - https:\/\/yoast.com\/wordpress\/plugins\/seo\/ -->\n<title>Erkennung f\u00fcr tiefe Stimme und Streicher | Lubo\u0161 Sluka<\/title>\n<meta name=\"robots\" content=\"index, follow, max-snippet:-1, max-image-preview:large, max-video-preview:-1\" \/>\n<link rel=\"canonical\" href=\"https:\/\/lubosluka.com\/de\/prodej-not\/erkennung-fuer-tiefe-stimme-und-streicher\/\" \/>\n<meta property=\"og:locale\" content=\"de_DE\" \/>\n<meta property=\"og:type\" content=\"article\" \/>\n<meta property=\"og:title\" content=\"Erkennung f\u00fcr tiefe Stimme und Streicher | Lubo\u0161 Sluka\" \/>\n<meta property=\"og:description\" content=\"Monolog f\u00fcr tiefe Stimme und Streichorchester mit den Worten von Michelangelo Buonarroti f\u00fcr tiefe Stimme und Streichorchester auf Worte des Michelangelo Buonarroti \u00fcbersetzt von Jan Vladislav Freie deutsche Nachdichtung zur gegebenen Musik von Helena Medkov\u00e1 TSCHECHISCH \/ DEUTSCH Partitura ISMN &hellip; Continue reading &rarr;\" \/>\n<meta property=\"og:url\" content=\"https:\/\/lubosluka.com\/de\/prodej-not\/erkennung-fuer-tiefe-stimme-und-streicher\/\" \/>\n<meta property=\"og:site_name\" content=\"Lubo\u0161 Sluka\" \/>\n<meta property=\"og:image\" content=\"https:\/\/lubosluka.com\/wp-content\/uploads\/2014\/10\/0064a_obalka-724x1024.png\" \/>\n\t<meta property=\"og:image:width\" content=\"724\" \/>\n\t<meta property=\"og:image:height\" content=\"1024\" \/>\n\t<meta property=\"og:image:type\" content=\"image\/png\" \/>\n<script type=\"application\/ld+json\" class=\"yoast-schema-graph\">{\"@context\":\"https:\/\/schema.org\",\"@graph\":[{\"@type\":\"WebPage\",\"@id\":\"https:\/\/lubosluka.com\/de\/prodej-not\/erkennung-fuer-tiefe-stimme-und-streicher\/\",\"url\":\"https:\/\/lubosluka.com\/de\/prodej-not\/erkennung-fuer-tiefe-stimme-und-streicher\/\",\"name\":\"Erkennung f\u00fcr tiefe Stimme und Streicher | Lubo\u0161 Sluka\",\"isPartOf\":{\"@id\":\"https:\/\/lubosluka.com\/de\/#website\"},\"primaryImageOfPage\":{\"@id\":\"https:\/\/lubosluka.com\/de\/prodej-not\/erkennung-fuer-tiefe-stimme-und-streicher\/#primaryimage\"},\"image\":{\"@id\":\"https:\/\/lubosluka.com\/de\/prodej-not\/erkennung-fuer-tiefe-stimme-und-streicher\/#primaryimage\"},\"thumbnailUrl\":\"https:\/\/lubosluka.com\/wp-content\/uploads\/2014\/10\/0064a_obalka.png\",\"datePublished\":\"2014-10-03T14:34:39+00:00\",\"breadcrumb\":{\"@id\":\"https:\/\/lubosluka.com\/de\/prodej-not\/erkennung-fuer-tiefe-stimme-und-streicher\/#breadcrumb\"},\"inLanguage\":\"de\",\"potentialAction\":[{\"@type\":\"ReadAction\",\"target\":[\"https:\/\/lubosluka.com\/de\/prodej-not\/erkennung-fuer-tiefe-stimme-und-streicher\/\"]}]},{\"@type\":\"ImageObject\",\"inLanguage\":\"de\",\"@id\":\"https:\/\/lubosluka.com\/de\/prodej-not\/erkennung-fuer-tiefe-stimme-und-streicher\/#primaryimage\",\"url\":\"https:\/\/lubosluka.com\/wp-content\/uploads\/2014\/10\/0064a_obalka.png\",\"contentUrl\":\"https:\/\/lubosluka.com\/wp-content\/uploads\/2014\/10\/0064a_obalka.png\",\"width\":2480,\"height\":3509},{\"@type\":\"BreadcrumbList\",\"@id\":\"https:\/\/lubosluka.com\/de\/prodej-not\/erkennung-fuer-tiefe-stimme-und-streicher\/#breadcrumb\",\"itemListElement\":[{\"@type\":\"ListItem\",\"position\":1,\"name\":\"Editio Musica Humana\",\"item\":\"https:\/\/lubosluka.com\/de\/editio-musica-humana\/\"},{\"@type\":\"ListItem\",\"position\":2,\"name\":\"Shop\",\"item\":\"https:\/\/lubosluka.com\/de\/shop\/\"},{\"@type\":\"ListItem\",\"position\":3,\"name\":\"Erkennung f\u00fcr tiefe Stimme und Streicher\"}]},{\"@type\":\"WebSite\",\"@id\":\"https:\/\/lubosluka.com\/de\/#website\",\"url\":\"https:\/\/lubosluka.com\/de\/\",\"name\":\"Lubo\u0161 Sluka\",\"description\":\"hudebn\u00ed skladatel\",\"potentialAction\":[{\"@type\":\"SearchAction\",\"target\":{\"@type\":\"EntryPoint\",\"urlTemplate\":\"https:\/\/lubosluka.com\/de\/?s={search_term_string}\"},\"query-input\":{\"@type\":\"PropertyValueSpecification\",\"valueRequired\":true,\"valueName\":\"search_term_string\"}}],\"inLanguage\":\"de\"}]}<\/script>\n<!-- \/ Yoast SEO plugin. -->","yoast_head_json":{"title":"Erkennung f\u00fcr tiefe Stimme und Streicher | Lubo\u0161 Sluka","robots":{"index":"index","follow":"follow","max-snippet":"max-snippet:-1","max-image-preview":"max-image-preview:large","max-video-preview":"max-video-preview:-1"},"canonical":"https:\/\/lubosluka.com\/de\/prodej-not\/erkennung-fuer-tiefe-stimme-und-streicher\/","og_locale":"de_DE","og_type":"article","og_title":"Erkennung f\u00fcr tiefe Stimme und Streicher | Lubo\u0161 Sluka","og_description":"Monolog f\u00fcr tiefe Stimme und Streichorchester mit den Worten von Michelangelo Buonarroti f\u00fcr tiefe Stimme und Streichorchester auf Worte des Michelangelo Buonarroti \u00fcbersetzt von Jan Vladislav Freie deutsche Nachdichtung zur gegebenen Musik von Helena Medkov\u00e1 TSCHECHISCH \/ DEUTSCH Partitura ISMN &hellip; Continue reading &rarr;","og_url":"https:\/\/lubosluka.com\/de\/prodej-not\/erkennung-fuer-tiefe-stimme-und-streicher\/","og_site_name":"Lubo\u0161 Sluka","og_image":[{"width":724,"height":1024,"url":"https:\/\/lubosluka.com\/wp-content\/uploads\/2014\/10\/0064a_obalka-724x1024.png","type":"image\/png"}],"schema":{"@context":"https:\/\/schema.org","@graph":[{"@type":"WebPage","@id":"https:\/\/lubosluka.com\/de\/prodej-not\/erkennung-fuer-tiefe-stimme-und-streicher\/","url":"https:\/\/lubosluka.com\/de\/prodej-not\/erkennung-fuer-tiefe-stimme-und-streicher\/","name":"Erkennung f\u00fcr tiefe Stimme und Streicher | Lubo\u0161 Sluka","isPartOf":{"@id":"https:\/\/lubosluka.com\/de\/#website"},"primaryImageOfPage":{"@id":"https:\/\/lubosluka.com\/de\/prodej-not\/erkennung-fuer-tiefe-stimme-und-streicher\/#primaryimage"},"image":{"@id":"https:\/\/lubosluka.com\/de\/prodej-not\/erkennung-fuer-tiefe-stimme-und-streicher\/#primaryimage"},"thumbnailUrl":"https:\/\/lubosluka.com\/wp-content\/uploads\/2014\/10\/0064a_obalka.png","datePublished":"2014-10-03T14:34:39+00:00","breadcrumb":{"@id":"https:\/\/lubosluka.com\/de\/prodej-not\/erkennung-fuer-tiefe-stimme-und-streicher\/#breadcrumb"},"inLanguage":"de","potentialAction":[{"@type":"ReadAction","target":["https:\/\/lubosluka.com\/de\/prodej-not\/erkennung-fuer-tiefe-stimme-und-streicher\/"]}]},{"@type":"ImageObject","inLanguage":"de","@id":"https:\/\/lubosluka.com\/de\/prodej-not\/erkennung-fuer-tiefe-stimme-und-streicher\/#primaryimage","url":"https:\/\/lubosluka.com\/wp-content\/uploads\/2014\/10\/0064a_obalka.png","contentUrl":"https:\/\/lubosluka.com\/wp-content\/uploads\/2014\/10\/0064a_obalka.png","width":2480,"height":3509},{"@type":"BreadcrumbList","@id":"https:\/\/lubosluka.com\/de\/prodej-not\/erkennung-fuer-tiefe-stimme-und-streicher\/#breadcrumb","itemListElement":[{"@type":"ListItem","position":1,"name":"Editio Musica Humana","item":"https:\/\/lubosluka.com\/de\/editio-musica-humana\/"},{"@type":"ListItem","position":2,"name":"Shop","item":"https:\/\/lubosluka.com\/de\/shop\/"},{"@type":"ListItem","position":3,"name":"Erkennung f\u00fcr tiefe Stimme und Streicher"}]},{"@type":"WebSite","@id":"https:\/\/lubosluka.com\/de\/#website","url":"https:\/\/lubosluka.com\/de\/","name":"Lubo\u0161 Sluka","description":"hudebn\u00ed skladatel","potentialAction":[{"@type":"SearchAction","target":{"@type":"EntryPoint","urlTemplate":"https:\/\/lubosluka.com\/de\/?s={search_term_string}"},"query-input":{"@type":"PropertyValueSpecification","valueRequired":true,"valueName":"search_term_string"}}],"inLanguage":"de"}]}},"jetpack_sharing_enabled":true,"_links":{"self":[{"href":"https:\/\/lubosluka.com\/de\/wp-json\/wp\/v2\/product\/9394","targetHints":{"allow":["GET"]}}],"collection":[{"href":"https:\/\/lubosluka.com\/de\/wp-json\/wp\/v2\/product"}],"about":[{"href":"https:\/\/lubosluka.com\/de\/wp-json\/wp\/v2\/types\/product"}],"version-history":[{"count":0,"href":"https:\/\/lubosluka.com\/de\/wp-json\/wp\/v2\/product\/9394\/revisions"}],"wp:featuredmedia":[{"embeddable":true,"href":"https:\/\/lubosluka.com\/de\/wp-json\/wp\/v2\/media\/5424"}],"wp:attachment":[{"href":"https:\/\/lubosluka.com\/de\/wp-json\/wp\/v2\/media?parent=9394"}],"wp:term":[{"taxonomy":"product_brand","embeddable":true,"href":"https:\/\/lubosluka.com\/de\/wp-json\/wp\/v2\/product_brand?post=9394"},{"taxonomy":"product_cat","embeddable":true,"href":"https:\/\/lubosluka.com\/de\/wp-json\/wp\/v2\/product_cat?post=9394"},{"taxonomy":"product_tag","embeddable":true,"href":"https:\/\/lubosluka.com\/de\/wp-json\/wp\/v2\/product_tag?post=9394"}],"curies":[{"name":"wp","href":"https:\/\/api.w.org\/{rel}","templated":true}]}}