{"id":9497,"date":"2014-10-02T20:48:36","date_gmt":"2014-10-02T19:48:36","guid":{"rendered":"https:\/\/lubosluka.com\/prodej-not\/d-s-h-c-fuer-bassklarinette-und-pianoforte\/"},"modified":"2024-03-17T16:37:21","modified_gmt":"2024-03-17T15:37:21","slug":"d-s-h-c-fuer-bassklarinette-und-pianoforte","status":"publish","type":"product","link":"https:\/\/lubosluka.com\/de\/prodej-not\/d-s-h-c-fuer-bassklarinette-und-pianoforte\/","title":{"rendered":"D-S-H-C f\u00fcr Bassklarinette und Pianoforte"},"content":{"rendered":"<h2>f\u00fcr Bassklarinette und Pianoforte<\/h2>\n<p><em>Gewidmet f\u00fcr DUE BOEMI DI PRAGA Josef Hor\u00e1k und Emma Kov\u00e1rnov\u00e1!<\/em><\/p>\n<p>(1976)<\/p>\n<p>(ZUM GEDENKEN AN DMITRI SCHOSTAKOWITSCH)<br \/>\n(IN MEMORIA DMITRI SCHOSTAKOWITSCH)<\/p>\n<p>Pfr. Prof. Josef Hor\u00e1k<\/p>\n<p>20 Seiten<\/p>\n<p>ISMN 979-0-706546-68-1<\/p>\n","protected":false},"excerpt":{"rendered":"<p>f\u00fcr Bassklarinette und Pianoforte Gewidmet f\u00fcr DUE BOEMI DI PRAGA Josef Hor\u00e1k und Emma Kov\u00e1rnov\u00e1! (1976) (ZUM GEDENKEN AN DMITRI SCHOSTAKOWITSCH) (IN MEMORIA DMITRI SCHOSTAKOWITSCH) Pfr. Prof. Josef Hor\u00e1k 20 Seiten ISMN 979-0-706546-68-1<\/p>\n","protected":false},"featured_media":4929,"template":"","meta":{"jetpack_post_was_ever_published":false,"jetpack_publicize_message":"","jetpack_publicize_feature_enabled":true,"jetpack_social_post_already_shared":true,"jetpack_social_options":{"image_generator_settings":{"template":"highway","enabled":false},"version":2}},"product_brand":[],"product_cat":[159,90,101],"product_tag":[],"class_list":{"0":"post-9497","1":"product","2":"type-product","3":"status-publish","4":"has-post-thumbnail","6":"product_cat-bassklarinette","7":"product_cat-klavier","8":"product_cat-solo-instrumente","10":"first","11":"instock","12":"shipping-taxable","13":"purchasable","14":"product-type-variable"},"jetpack_publicize_connections":[],"yoast_head":"<!-- This site is optimized with the Yoast SEO plugin v25.1 - https:\/\/yoast.com\/wordpress\/plugins\/seo\/ -->\n<title>D-S-H-C f\u00fcr Bassklarinette und Pianoforte | Lubo\u0161 Sluka<\/title>\n<meta name=\"robots\" content=\"index, follow, max-snippet:-1, max-image-preview:large, max-video-preview:-1\" \/>\n<link rel=\"canonical\" href=\"https:\/\/lubosluka.com\/de\/prodej-not\/d-s-h-c-fuer-bassklarinette-und-pianoforte\/\" \/>\n<meta property=\"og:locale\" content=\"de_DE\" \/>\n<meta property=\"og:type\" content=\"article\" \/>\n<meta property=\"og:title\" content=\"D-S-H-C f\u00fcr Bassklarinette und Pianoforte | Lubo\u0161 Sluka\" \/>\n<meta property=\"og:description\" content=\"f\u00fcr Bassklarinette und Pianoforte Gewidmet f\u00fcr DUE BOEMI DI PRAGA Josef Hor\u00e1k und Emma Kov\u00e1rnov\u00e1! (1976) (ZUM GEDENKEN AN DMITRI SCHOSTAKOWITSCH) (IN MEMORIA DMITRI SCHOSTAKOWITSCH) Pfr. Prof. Josef Hor\u00e1k 20 Seiten ISMN 979-0-706546-68-1\" \/>\n<meta property=\"og:url\" content=\"https:\/\/lubosluka.com\/de\/prodej-not\/d-s-h-c-fuer-bassklarinette-und-pianoforte\/\" \/>\n<meta property=\"og:site_name\" content=\"Lubo\u0161 Sluka\" \/>\n<meta property=\"article:modified_time\" content=\"2024-03-17T15:37:21+00:00\" \/>\n<meta property=\"og:image\" content=\"https:\/\/lubosluka.com\/wp-content\/uploads\/2014\/10\/0043_obalka.png\" \/>\n\t<meta property=\"og:image:width\" content=\"994\" \/>\n\t<meta property=\"og:image:height\" content=\"1403\" \/>\n\t<meta property=\"og:image:type\" content=\"image\/png\" \/>\n<script type=\"application\/ld+json\" class=\"yoast-schema-graph\">{\"@context\":\"https:\/\/schema.org\",\"@graph\":[{\"@type\":\"WebPage\",\"@id\":\"https:\/\/lubosluka.com\/de\/prodej-not\/d-s-h-c-fuer-bassklarinette-und-pianoforte\/\",\"url\":\"https:\/\/lubosluka.com\/de\/prodej-not\/d-s-h-c-fuer-bassklarinette-und-pianoforte\/\",\"name\":\"D-S-H-C f\u00fcr Bassklarinette und Pianoforte | Lubo\u0161 Sluka\",\"isPartOf\":{\"@id\":\"https:\/\/lubosluka.com\/de\/#website\"},\"primaryImageOfPage\":{\"@id\":\"https:\/\/lubosluka.com\/de\/prodej-not\/d-s-h-c-fuer-bassklarinette-und-pianoforte\/#primaryimage\"},\"image\":{\"@id\":\"https:\/\/lubosluka.com\/de\/prodej-not\/d-s-h-c-fuer-bassklarinette-und-pianoforte\/#primaryimage\"},\"thumbnailUrl\":\"https:\/\/lubosluka.com\/wp-content\/uploads\/2014\/10\/0043_obalka.png\",\"datePublished\":\"2014-10-02T19:48:36+00:00\",\"dateModified\":\"2024-03-17T15:37:21+00:00\",\"breadcrumb\":{\"@id\":\"https:\/\/lubosluka.com\/de\/prodej-not\/d-s-h-c-fuer-bassklarinette-und-pianoforte\/#breadcrumb\"},\"inLanguage\":\"de\",\"potentialAction\":[{\"@type\":\"ReadAction\",\"target\":[\"https:\/\/lubosluka.com\/de\/prodej-not\/d-s-h-c-fuer-bassklarinette-und-pianoforte\/\"]}]},{\"@type\":\"ImageObject\",\"inLanguage\":\"de\",\"@id\":\"https:\/\/lubosluka.com\/de\/prodej-not\/d-s-h-c-fuer-bassklarinette-und-pianoforte\/#primaryimage\",\"url\":\"https:\/\/lubosluka.com\/wp-content\/uploads\/2014\/10\/0043_obalka.png\",\"contentUrl\":\"https:\/\/lubosluka.com\/wp-content\/uploads\/2014\/10\/0043_obalka.png\",\"width\":994,\"height\":1403},{\"@type\":\"BreadcrumbList\",\"@id\":\"https:\/\/lubosluka.com\/de\/prodej-not\/d-s-h-c-fuer-bassklarinette-und-pianoforte\/#breadcrumb\",\"itemListElement\":[{\"@type\":\"ListItem\",\"position\":1,\"name\":\"Editio Musica Humana\",\"item\":\"https:\/\/lubosluka.com\/de\/editio-musica-humana\/\"},{\"@type\":\"ListItem\",\"position\":2,\"name\":\"Shop\",\"item\":\"https:\/\/lubosluka.com\/de\/shop\/\"},{\"@type\":\"ListItem\",\"position\":3,\"name\":\"Solo Instrumente\",\"item\":\"https:\/\/lubosluka.com\/de\/note\/solo-instrumente\/\"},{\"@type\":\"ListItem\",\"position\":4,\"name\":\"D-S-H-C f\u00fcr Bassklarinette und Pianoforte\"}]},{\"@type\":\"WebSite\",\"@id\":\"https:\/\/lubosluka.com\/de\/#website\",\"url\":\"https:\/\/lubosluka.com\/de\/\",\"name\":\"Lubo\u0161 Sluka\",\"description\":\"hudebn\u00ed skladatel\",\"potentialAction\":[{\"@type\":\"SearchAction\",\"target\":{\"@type\":\"EntryPoint\",\"urlTemplate\":\"https:\/\/lubosluka.com\/de\/?s={search_term_string}\"},\"query-input\":{\"@type\":\"PropertyValueSpecification\",\"valueRequired\":true,\"valueName\":\"search_term_string\"}}],\"inLanguage\":\"de\"}]}<\/script>\n<!-- \/ Yoast SEO plugin. -->","yoast_head_json":{"title":"D-S-H-C f\u00fcr Bassklarinette und Pianoforte | Lubo\u0161 Sluka","robots":{"index":"index","follow":"follow","max-snippet":"max-snippet:-1","max-image-preview":"max-image-preview:large","max-video-preview":"max-video-preview:-1"},"canonical":"https:\/\/lubosluka.com\/de\/prodej-not\/d-s-h-c-fuer-bassklarinette-und-pianoforte\/","og_locale":"de_DE","og_type":"article","og_title":"D-S-H-C f\u00fcr Bassklarinette und Pianoforte | Lubo\u0161 Sluka","og_description":"f\u00fcr Bassklarinette und Pianoforte Gewidmet f\u00fcr DUE BOEMI DI PRAGA Josef Hor\u00e1k und Emma Kov\u00e1rnov\u00e1! (1976) (ZUM GEDENKEN AN DMITRI SCHOSTAKOWITSCH) (IN MEMORIA DMITRI SCHOSTAKOWITSCH) Pfr. Prof. Josef Hor\u00e1k 20 Seiten ISMN 979-0-706546-68-1","og_url":"https:\/\/lubosluka.com\/de\/prodej-not\/d-s-h-c-fuer-bassklarinette-und-pianoforte\/","og_site_name":"Lubo\u0161 Sluka","article_modified_time":"2024-03-17T15:37:21+00:00","og_image":[{"width":994,"height":1403,"url":"https:\/\/lubosluka.com\/wp-content\/uploads\/2014\/10\/0043_obalka.png","type":"image\/png"}],"schema":{"@context":"https:\/\/schema.org","@graph":[{"@type":"WebPage","@id":"https:\/\/lubosluka.com\/de\/prodej-not\/d-s-h-c-fuer-bassklarinette-und-pianoforte\/","url":"https:\/\/lubosluka.com\/de\/prodej-not\/d-s-h-c-fuer-bassklarinette-und-pianoforte\/","name":"D-S-H-C f\u00fcr Bassklarinette und Pianoforte | Lubo\u0161 Sluka","isPartOf":{"@id":"https:\/\/lubosluka.com\/de\/#website"},"primaryImageOfPage":{"@id":"https:\/\/lubosluka.com\/de\/prodej-not\/d-s-h-c-fuer-bassklarinette-und-pianoforte\/#primaryimage"},"image":{"@id":"https:\/\/lubosluka.com\/de\/prodej-not\/d-s-h-c-fuer-bassklarinette-und-pianoforte\/#primaryimage"},"thumbnailUrl":"https:\/\/lubosluka.com\/wp-content\/uploads\/2014\/10\/0043_obalka.png","datePublished":"2014-10-02T19:48:36+00:00","dateModified":"2024-03-17T15:37:21+00:00","breadcrumb":{"@id":"https:\/\/lubosluka.com\/de\/prodej-not\/d-s-h-c-fuer-bassklarinette-und-pianoforte\/#breadcrumb"},"inLanguage":"de","potentialAction":[{"@type":"ReadAction","target":["https:\/\/lubosluka.com\/de\/prodej-not\/d-s-h-c-fuer-bassklarinette-und-pianoforte\/"]}]},{"@type":"ImageObject","inLanguage":"de","@id":"https:\/\/lubosluka.com\/de\/prodej-not\/d-s-h-c-fuer-bassklarinette-und-pianoforte\/#primaryimage","url":"https:\/\/lubosluka.com\/wp-content\/uploads\/2014\/10\/0043_obalka.png","contentUrl":"https:\/\/lubosluka.com\/wp-content\/uploads\/2014\/10\/0043_obalka.png","width":994,"height":1403},{"@type":"BreadcrumbList","@id":"https:\/\/lubosluka.com\/de\/prodej-not\/d-s-h-c-fuer-bassklarinette-und-pianoforte\/#breadcrumb","itemListElement":[{"@type":"ListItem","position":1,"name":"Editio Musica Humana","item":"https:\/\/lubosluka.com\/de\/editio-musica-humana\/"},{"@type":"ListItem","position":2,"name":"Shop","item":"https:\/\/lubosluka.com\/de\/shop\/"},{"@type":"ListItem","position":3,"name":"Solo Instrumente","item":"https:\/\/lubosluka.com\/de\/note\/solo-instrumente\/"},{"@type":"ListItem","position":4,"name":"D-S-H-C f\u00fcr Bassklarinette und Pianoforte"}]},{"@type":"WebSite","@id":"https:\/\/lubosluka.com\/de\/#website","url":"https:\/\/lubosluka.com\/de\/","name":"Lubo\u0161 Sluka","description":"hudebn\u00ed skladatel","potentialAction":[{"@type":"SearchAction","target":{"@type":"EntryPoint","urlTemplate":"https:\/\/lubosluka.com\/de\/?s={search_term_string}"},"query-input":{"@type":"PropertyValueSpecification","valueRequired":true,"valueName":"search_term_string"}}],"inLanguage":"de"}]}},"jetpack_sharing_enabled":true,"_links":{"self":[{"href":"https:\/\/lubosluka.com\/de\/wp-json\/wp\/v2\/product\/9497","targetHints":{"allow":["GET"]}}],"collection":[{"href":"https:\/\/lubosluka.com\/de\/wp-json\/wp\/v2\/product"}],"about":[{"href":"https:\/\/lubosluka.com\/de\/wp-json\/wp\/v2\/types\/product"}],"version-history":[{"count":1,"href":"https:\/\/lubosluka.com\/de\/wp-json\/wp\/v2\/product\/9497\/revisions"}],"predecessor-version":[{"id":9526,"href":"https:\/\/lubosluka.com\/de\/wp-json\/wp\/v2\/product\/9497\/revisions\/9526"}],"wp:featuredmedia":[{"embeddable":true,"href":"https:\/\/lubosluka.com\/de\/wp-json\/wp\/v2\/media\/4929"}],"wp:attachment":[{"href":"https:\/\/lubosluka.com\/de\/wp-json\/wp\/v2\/media?parent=9497"}],"wp:term":[{"taxonomy":"product_brand","embeddable":true,"href":"https:\/\/lubosluka.com\/de\/wp-json\/wp\/v2\/product_brand?post=9497"},{"taxonomy":"product_cat","embeddable":true,"href":"https:\/\/lubosluka.com\/de\/wp-json\/wp\/v2\/product_cat?post=9497"},{"taxonomy":"product_tag","embeddable":true,"href":"https:\/\/lubosluka.com\/de\/wp-json\/wp\/v2\/product_tag?post=9497"}],"curies":[{"name":"wp","href":"https:\/\/api.w.org\/{rel}","templated":true}]}}