{"id":3552,"date":"2012-04-14T12:38:28","date_gmt":"2012-04-14T11:38:28","guid":{"rendered":"https:\/\/lubosluka.com\/biography\/"},"modified":"2024-01-06T11:37:58","modified_gmt":"2024-01-06T10:37:58","slug":"biography","status":"publish","type":"page","link":"https:\/\/lubosluka.com\/en\/biography\/","title":{"rendered":"Biography"},"content":{"rendered":"<p style=\"text-align: justify;\">Czech composer, born 13. September 1928 in Opo\u010dno in East Bohemia.<br \/>\nAfter studying at the real grammar school in Rychnov nad Kn\u011b\u017enou. For six years he worked in his father&#8217;s&nbsp;printing house in Opo\u010dno. After its violent destruction in 1950, he went to the Prague Conservatory, where he obtained three diplomas in conducting under Prof. \u0160pidra and A. Kl\u00edma (1954), percussion under Prof. \u0160pa\u010dek and composition under Prof. F. P\u00edcha and M. Krej\u010d\u00ed (1955). He graduated from the Academy of Performing Arts in composition under Prof. J. \u0158\u00eddk\u00fd and P. Bo\u0159kovec and in film and stage music under Prof. V. Trojan in 1959.<\/p>\n<p>Although he spent most of his life as a&nbsp;freelance composer, he also served in several important capacities. He was the dramaturge of the \u010cs. television, editor-in-chief of Pantone, chairman of the Association of Music Artists and Scientists. Since 1994 he has been a&nbsp;member of the Mondays.<br \/>\nIn 1951 he was accepted in Paris by Arthur Honegger as his pupil, as well as by Georges Auric as his assistant. He was prevented from staying in Paris for political reasons. Sluk&#8217;s&nbsp;work is very extensive and varied in genre. It is dominated by chamber music (4 string quartets, duos, trios, sonatas, where the cello one in particular achieved worldwide acclaim, no doubt thanks to Pablo Casals, who performed it on his courses).<\/p>\n<p>Vocal works are represented by 14 song cycles, a&nbsp;number of choruses and four cantatas. His works for children and young people (Piano School, Games and Dreams, Piano Breviary, Returns) are highly acclaimed. Symphonic music is represented by 10 compositions (Orava Ballad, Journey of Healing, From East Bohemia, Sinfonietta, Lento affabile). 85 scores for films of all genres, 30 television productions, 6 TV series and more than 130 chansons and popular compositions only illustrate the wide spectrum of Sluka&#8217;s&nbsp;work. His compositions, especially from the field of classical music, are preserved on more than 25 gramophone records (also in Russia, USA, Japan, Germany), 18 CDs (in France, Japan, Germany, Canada, USA, Holland, Belgium, Switzerland) and a&nbsp;complete edition of Sluk&#8217;s&nbsp;entire work is being published by EDITIO MUSICA HUMANA (106 volumes have been published so far).A number of Sluka&#8217;s&nbsp;compositions have been awarded various prizes in the world (Moscow, Warsaw, Vienna, Cannes, La Plata, Milan) and at home (Prague Conservatory Prize, Czech Music Fund, Panton, Minister of Culture, etc.). In addition to musical awards, he was awarded the T. G. Masaryk Medal of Honour and in 2003 the International Astronomical Society named a&nbsp;newly discovered asteroid in his honour (LUBOSLUKA).<\/p>\n<p>The music of L. Sluka has never succumbed to any of the modern compositional techniques or trends, but, having learned from their existence, he consciously follows the best traditions of some of the classical composers of the 20th century. century, from the Czech ones especially the aesthetics and diction of Leo\u0161 Jan\u00e1\u010dek and the deep and genuine sensibility of Josef Suk and Bohuslav Martin\u016f. Sluka is also an artist and writer (he has published three collections of poetry in the classical Japanese haiku form).<\/p>\n","protected":false},"excerpt":{"rendered":"<p>Czech composer, born 13. September 1928 in Opo\u010dno in East Bohemia. After studying at the real grammar school in Rychnov nad Kn\u011b\u017enou. For six years he worked in his father&#8217;s&nbsp;printing house in Opo\u010dno. After its violent destruction in 1950, he &hellip; <a href=\"https:\/\/lubosluka.com\/en\/biography\/\">Continue reading <span class=\"meta-nav\">&rarr;<\/span><\/a><\/p>\n","protected":false},"author":6,"featured_media":0,"parent":0,"menu_order":0,"comment_status":"closed","ping_status":"open","template":"","meta":{"jetpack_post_was_ever_published":false,"footnotes":""},"class_list":["post-3552","page","type-page","status-publish","hentry"],"yoast_head":"<!-- This site is optimized with the Yoast SEO plugin v25.1 - https:\/\/yoast.com\/wordpress\/plugins\/seo\/ -->\n<title>Biography | Lubo\u0161 Sluka<\/title>\n<meta name=\"robots\" content=\"index, follow, max-snippet:-1, max-image-preview:large, max-video-preview:-1\" \/>\n<link rel=\"canonical\" href=\"https:\/\/lubosluka.com\/en\/biography\/\" \/>\n<meta property=\"og:locale\" content=\"en_US\" \/>\n<meta property=\"og:type\" content=\"article\" \/>\n<meta property=\"og:title\" content=\"Biography | Lubo\u0161 Sluka\" \/>\n<meta property=\"og:description\" content=\"Czech composer, born 13. September 1928 in Opo\u010dno in East Bohemia. After studying at the real grammar school in Rychnov nad Kn\u011b\u017enou. For six years he worked in his father&#8217;s&nbsp;printing house in Opo\u010dno. After its violent destruction in 1950, he &hellip; Continue reading &rarr;\" \/>\n<meta property=\"og:url\" content=\"https:\/\/lubosluka.com\/en\/biography\/\" \/>\n<meta property=\"og:site_name\" content=\"Lubo\u0161 Sluka\" \/>\n<meta property=\"article:modified_time\" content=\"2024-01-06T10:37:58+00:00\" \/>\n<meta name=\"twitter:label1\" content=\"Est. reading time\" \/>\n\t<meta name=\"twitter:data1\" content=\"2 minutes\" \/>\n<script type=\"application\/ld+json\" class=\"yoast-schema-graph\">{\"@context\":\"https:\/\/schema.org\",\"@graph\":[{\"@type\":\"WebPage\",\"@id\":\"https:\/\/lubosluka.com\/en\/biography\/\",\"url\":\"https:\/\/lubosluka.com\/en\/biography\/\",\"name\":\"Biography | Lubo\u0161 Sluka\",\"isPartOf\":{\"@id\":\"https:\/\/lubosluka.com\/en\/#website\"},\"datePublished\":\"2012-04-14T11:38:28+00:00\",\"dateModified\":\"2024-01-06T10:37:58+00:00\",\"breadcrumb\":{\"@id\":\"https:\/\/lubosluka.com\/en\/biography\/#breadcrumb\"},\"inLanguage\":\"en-US\",\"potentialAction\":[{\"@type\":\"ReadAction\",\"target\":[\"https:\/\/lubosluka.com\/en\/biography\/\"]}]},{\"@type\":\"BreadcrumbList\",\"@id\":\"https:\/\/lubosluka.com\/en\/biography\/#breadcrumb\",\"itemListElement\":[{\"@type\":\"ListItem\",\"position\":1,\"name\":\"Editio Musica Humana\",\"item\":\"https:\/\/lubosluka.com\/en\/editio-musica-humana\/\"},{\"@type\":\"ListItem\",\"position\":2,\"name\":\"Biography\"}]},{\"@type\":\"WebSite\",\"@id\":\"https:\/\/lubosluka.com\/en\/#website\",\"url\":\"https:\/\/lubosluka.com\/en\/\",\"name\":\"Lubo\u0161 Sluka\",\"description\":\"hudebn\u00ed skladatel\",\"potentialAction\":[{\"@type\":\"SearchAction\",\"target\":{\"@type\":\"EntryPoint\",\"urlTemplate\":\"https:\/\/lubosluka.com\/en\/?s={search_term_string}\"},\"query-input\":{\"@type\":\"PropertyValueSpecification\",\"valueRequired\":true,\"valueName\":\"search_term_string\"}}],\"inLanguage\":\"en-US\"}]}<\/script>\n<!-- \/ Yoast SEO plugin. -->","yoast_head_json":{"title":"Biography | Lubo\u0161 Sluka","robots":{"index":"index","follow":"follow","max-snippet":"max-snippet:-1","max-image-preview":"max-image-preview:large","max-video-preview":"max-video-preview:-1"},"canonical":"https:\/\/lubosluka.com\/en\/biography\/","og_locale":"en_US","og_type":"article","og_title":"Biography | Lubo\u0161 Sluka","og_description":"Czech composer, born 13. September 1928 in Opo\u010dno in East Bohemia. After studying at the real grammar school in Rychnov nad Kn\u011b\u017enou. For six years he worked in his father&#8217;s&nbsp;printing house in Opo\u010dno. After its violent destruction in 1950, he &hellip; Continue reading &rarr;","og_url":"https:\/\/lubosluka.com\/en\/biography\/","og_site_name":"Lubo\u0161 Sluka","article_modified_time":"2024-01-06T10:37:58+00:00","twitter_misc":{"Est. reading time":"2 minutes"},"schema":{"@context":"https:\/\/schema.org","@graph":[{"@type":"WebPage","@id":"https:\/\/lubosluka.com\/en\/biography\/","url":"https:\/\/lubosluka.com\/en\/biography\/","name":"Biography | Lubo\u0161 Sluka","isPartOf":{"@id":"https:\/\/lubosluka.com\/en\/#website"},"datePublished":"2012-04-14T11:38:28+00:00","dateModified":"2024-01-06T10:37:58+00:00","breadcrumb":{"@id":"https:\/\/lubosluka.com\/en\/biography\/#breadcrumb"},"inLanguage":"en-US","potentialAction":[{"@type":"ReadAction","target":["https:\/\/lubosluka.com\/en\/biography\/"]}]},{"@type":"BreadcrumbList","@id":"https:\/\/lubosluka.com\/en\/biography\/#breadcrumb","itemListElement":[{"@type":"ListItem","position":1,"name":"Editio Musica Humana","item":"https:\/\/lubosluka.com\/en\/editio-musica-humana\/"},{"@type":"ListItem","position":2,"name":"Biography"}]},{"@type":"WebSite","@id":"https:\/\/lubosluka.com\/en\/#website","url":"https:\/\/lubosluka.com\/en\/","name":"Lubo\u0161 Sluka","description":"hudebn\u00ed skladatel","potentialAction":[{"@type":"SearchAction","target":{"@type":"EntryPoint","urlTemplate":"https:\/\/lubosluka.com\/en\/?s={search_term_string}"},"query-input":{"@type":"PropertyValueSpecification","valueRequired":true,"valueName":"search_term_string"}}],"inLanguage":"en-US"}]}},"jetpack_shortlink":"https:\/\/wp.me\/P3sI4a-Vi","jetpack_sharing_enabled":true,"_links":{"self":[{"href":"https:\/\/lubosluka.com\/en\/wp-json\/wp\/v2\/pages\/3552","targetHints":{"allow":["GET"]}}],"collection":[{"href":"https:\/\/lubosluka.com\/en\/wp-json\/wp\/v2\/pages"}],"about":[{"href":"https:\/\/lubosluka.com\/en\/wp-json\/wp\/v2\/types\/page"}],"author":[{"embeddable":true,"href":"https:\/\/lubosluka.com\/en\/wp-json\/wp\/v2\/users\/6"}],"replies":[{"embeddable":true,"href":"https:\/\/lubosluka.com\/en\/wp-json\/wp\/v2\/comments?post=3552"}],"version-history":[{"count":2,"href":"https:\/\/lubosluka.com\/en\/wp-json\/wp\/v2\/pages\/3552\/revisions"}],"predecessor-version":[{"id":4421,"href":"https:\/\/lubosluka.com\/en\/wp-json\/wp\/v2\/pages\/3552\/revisions\/4421"}],"wp:attachment":[{"href":"https:\/\/lubosluka.com\/en\/wp-json\/wp\/v2\/media?parent=3552"}],"curies":[{"name":"wp","href":"https:\/\/api.w.org\/{rel}","templated":true}]}}