{"id":3566,"date":"2014-02-17T21:05:38","date_gmt":"2014-02-17T20:05:38","guid":{"rendered":"https:\/\/lubosluka.com\/obchodni-podminky\/"},"modified":"2014-02-17T21:05:38","modified_gmt":"2014-02-17T20:05:38","slug":"obchodni-podminky","status":"publish","type":"page","link":"https:\/\/lubosluka.com\/en\/obchodni-podminky\/","title":{"rendered":"Obchodn\u00ed podm\u00ednky"},"content":{"rendered":"<h2>1) V\u0160EOBECN\u00c1 USTANOVEN\u00cd<\/h2>\n<p>Kupuj\u00edc\u00ed u\u010din\u011bn\u00edm z\u00e1vazn\u00e9 objedn\u00e1vky stvrzuje, \u017ee akceptuje Obchodn\u00ed podm\u00ednky pro dod\u00e1vku zbo\u017e\u00ed vyhl\u00e1\u0161en\u00e9 prod\u00e1vaj\u00edc\u00edm. Vztahy mezi kupuj\u00edc\u00edm a&nbsp;prod\u00e1vaj\u00edc\u00edm se \u0159\u00edd\u00ed t\u011bmito obchodn\u00edmi podm\u00ednkami, kter\u00e9 jsou z\u00e1rove\u0148 pro ob\u011b strany z\u00e1vazn\u00e9. Platnost obchodn\u00edch podm\u00ednek od 1.&nbsp;1.&nbsp;2013<\/p>\n<h2>2) OBJEDN\u00c1N\u00cd ZBO\u017d\u00cd A&nbsp;SLU\u017dEB<\/h2>\n<p>Nab\u00edz\u00edme v\u00e1m mo\u017enost n\u00e1kupu p\u0159\u00edmo z&nbsp;Va\u0161eho domova, kde m\u016f\u017eete nakupovat nonstop. Objedn\u00e1vat si m\u016f\u017eete jednodu\u0161e a&nbsp;pohodln\u011b pomoc\u00ed n\u00e1kupn\u00edho ko\u0161\u00edku, telefonu, e-mailu, \u010di p\u00edsemn\u011b na na\u0161i adrese.<\/p>\n<p>P\u0159edm\u011btem smlouvy je pouze zbo\u017e\u00ed uveden\u00e9 v&nbsp;kupn\u00ed smlouv\u011b \u2013 objedn\u00e1vce.<br \/>\nZavazujeme se, \u017ee sv\u00fdm odb\u011bratel\u016fm budeme dod\u00e1vat jen zbo\u017e\u00ed v&nbsp;perfektn\u00edm stavu a&nbsp;v&nbsp;souladu se specifikacemi \u010di vlastnostmi obvykl\u00fdmi pro dan\u00fd druh zbo\u017e\u00ed vyhovuj\u00edc\u00edch dan\u00fdm norm\u00e1m, p\u0159edpis\u016fm a&nbsp;na\u0159\u00edzen\u00edm platn\u00fdm na \u00fazem\u00ed \u010cesk\u00e9 republiky.<\/p>\n<p>Podm\u00ednkou pro napln\u011bn\u00ed platnosti na\u0161\u00ed elektronick\u00e9 objedn\u00e1vky je vypln\u011bn\u00ed ve\u0161ker\u00fdch po\u017eadovan\u00fdch \u00fadaj\u016f a&nbsp;n\u00e1le\u017eitost\u00ed uveden\u00fdch v&nbsp;objedn\u00e1vkov\u00e9m formul\u00e1\u0159i. Objedn\u00e1vka je z\u00e1rove\u0148 n\u00e1vrhem kupn\u00ed smlouvy, kdy samotn\u00e1 kupn\u00ed smlouva posl\u00e9ze vznik\u00e1 samotn\u00fdm dod\u00e1n\u00edm zbo\u017e\u00ed. K&nbsp;uzav\u0159en\u00ed kupn\u00ed smlouvy se vy\u017eaduje form\u00e1ln\u00ed potvrzen\u00ed objedn\u00e1vky prod\u00e1vaj\u00edc\u00edm. V&nbsp;jednotliv\u00fdch, zejm\u00e9na cenov\u011b n\u00e1ro\u010dn\u011bj\u0161\u00edch p\u0159\u00edpadech, si prod\u00e1vaj\u00edc\u00ed vyhrazuje pr\u00e1vo k&nbsp;vzniku smlouvy potvrzen\u00edm objedn\u00e1vky nejl\u00e9pe osobn\u011b nebo telefonicky a&nbsp;\u00fahradu finan\u010dn\u00ed z\u00e1lohy kupuj\u00edc\u00edm.<\/p>\n<p>V p\u0159\u00edpad\u011b, \u017ee zbo\u017e\u00ed bude p\u0159ed\u00e1no p\u0159epravci (\u010cesk\u00e1 po\u0161ta, GLS, Ulo\u017eenka) a&nbsp;z\u00e1kazn\u00edk si jej nep\u0159evezme, bude po\u017eadov\u00e1n poplatek za vynalo\u017een\u00e9 n\u00e1klady tzv. Smluvn\u00ed pokuta (po\u0161tovn\u00e9 + baln\u00e9 + storno) ve v\u00fd\u0161i 150K\u010d (310K\u010d v&nbsp;p\u0159\u00edpad\u011b z\u00e1silky na Slovensko). V&nbsp;p\u0159\u00edpad\u011b nevyzvednut\u00ed z\u00e1silky z&nbsp;Ulo\u017eenky (osobn\u00ed odb\u011br), bude \u00fa\u010dtov\u00e1n poplatek ve v\u00fd\u0161i 50,-K\u010d.<\/p>\n<p><strong> UPOZORN\u011aN\u00cd:<\/strong> Ka\u017ed\u00e1 objedn\u00e1vka je z\u00e1vazn\u00e1 (Ob\u010dansk\u00fd z\u00e1kon\u00edk \u00a7 1724 -1730, Z\u00e1kon \u010d. 89\/2012 Sb) dle na\u0161ich obchodn\u00edch podm\u00ednek. Pokud nebude objedn\u00e1vka zaslan\u00e1 na dob\u00edrku z\u00e1kazn\u00edkem p\u0159evzata, budeme po\u017eadovat uhrazen\u00ed vznikl\u00fdch n\u00e1klad\u016f na odesl\u00e1n\u00ed zbo\u017e\u00ed a&nbsp;manipula\u010dn\u00ed poplatek (tzv. smluvn\u00ed pokuta) ve v\u00fd\u0161i a\u017e 350,- K\u010d. Odesl\u00e1n\u00edm objedn\u00e1vky SOUHLAS\u00cdTE s&nbsp;na\u0161imi obchodn\u00edmi podm\u00ednkami a&nbsp;smluvn\u00ed pokutou v&nbsp;t\u00e9to v\u00fd\u0161i. Upozor\u0148ujeme, \u017ee ve\u0161ker\u00e9 nesplacen\u00e9 pohled\u00e1vky (neuhrazen\u00e9 smluvn\u00ed pokuty), budou vym\u00e1h\u00e1ny, v\u010detn\u011b v\u0161ech n\u00e1klad\u016f s&nbsp;t\u00edm spojen\u00fdch. Jako dlu\u017en\u00edka v\u00e1s tak\u00e9 nech\u00e1me zapsat do Centr\u00e1ln\u00edho registru dlu\u017en\u00edk\u016f. D\u011bkujeme za pochopen\u00ed.<\/p>\n<h2>3) POTVRZEN\u00cd OBJEDN\u00c1VKY<\/h2>\n<p>Objedn\u00e1vka je p\u0159ijata do 24 hodin, potvrzen\u00ed objedn\u00e1vky v\u00e1m za\u0161leme e-mailem, o&nbsp;odesl\u00e1n\u00ed budete takt\u00e9\u017e informov\u00e1ni e-mailem. V&nbsp;p\u0159\u00edpad\u011b nejasnost\u00ed V\u00e1s budeme samoz\u0159ejm\u011b kontaktovat.<\/p>\n<h2>4) ZRU\u0160EN\u00cd OBJEDN\u00c1VKY<\/h2>\n<p>Ka\u017edou objedn\u00e1vku m\u016f\u017eete do 2 hodin zru\u0161it a&nbsp;to telefonicky, \u010di e-mailem a&nbsp;to bez ud\u00e1n\u00ed d\u016fvodu. Sta\u010d\u00ed uv\u00e9st jm\u00e9no, e-mail a&nbsp;popis objednan\u00e9ho zbo\u017e\u00ed \u010di slu\u017eby. V&nbsp;p\u0159\u00edpad\u011b zru\u0161en\u00ed objedn\u00e1vky po del\u0161\u00ed dob\u011b ne\u017e je 2 hodiny, m\u016f\u017ee eShop po\u017eadovat storno poplatek ve v\u00fd\u0161i 150,-.<\/p>\n<h2>5) BALN\u00c9 A&nbsp;PO\u0160TOVN\u00c9, PLATBA<\/h2>\n<p>Objednan\u00e9 zbo\u017e\u00ed v\u00e1m za\u0161leme prost\u0159ednictv\u00edm z\u00e1silkov\u00e9 slu\u017eby \u010ceskou po\u0161tou nebo vlastn\u00ed dopravou. Platba prob\u00edh\u00e1 dob\u00edrkou, on-line platbou nebo p\u0159edem na n\u00e1\u0161 \u00fa\u010det. Aktu\u00e1ln\u00ed mo\u017enosti dopravy a&nbsp;plateb naleznete zde.<\/p>\n<h2>6) DODAC\u00cd LH\u016eTA<\/h2>\n<p>Dodac\u00ed lh\u016fta je od 2 &#8211; 21 dn\u016f, nen\u00ed-li uvedeno jinak. Zbo\u017e\u00ed ozna\u010den\u00e9 skladem je expedov\u00e1no do 24 hodin (vyjma v\u00edkend\u016f a&nbsp;st\u00e1tn\u00edch sv\u00e1tk\u016f, p\u0159\u00edpadn\u00e9 dovolen\u00e9, jen\u017e je uvedeno na na\u0161ich str\u00e1nk\u00e1ch). Expedici se mysl\u00ed p\u0159ed\u00e1n\u00ed zbo\u017e\u00ed dopravci. Doba doru\u010den\u00ed z\u00e1vis\u00ed na zvolen\u00e9m zp\u016fsobu dopravy p\u0159\u00edpadn\u011b m\u00edst\u011b osobn\u00edho odb\u011bru.<\/p>\n<h2>7) V\u00ddM\u011aNA ZBO\u017d\u00cd<\/h2>\n<p>V p\u0159\u00edpad\u011b pot\u0159eby V\u00e1m nepou\u017eit\u00e9 a&nbsp;nepo\u0161kozen\u00e9 zbo\u017e\u00ed vym\u011bn\u00edme za jin\u00fd druh. Zbo\u017e\u00ed sta\u010d\u00ed zaslat doporu\u010den\u00fdm bal\u00edkem (ne na dob\u00edrku) na na\u0161i adresu spole\u010dn\u011b s&nbsp;origin\u00e1lem faktury. N\u00e1klady spojen\u00e9 s&nbsp;vym\u011b\u0148-ov\u00e1n\u00edm nese v&nbsp;pln\u00e9 v\u00fd\u0161i kupuj\u00edc\u00ed.<\/p>\n<h2>8) VR\u00c1CEN\u00cd PEN\u011aZ<\/h2>\n<p>Do 14 dn\u016f od data p\u0159evzet\u00ed z\u00e1silky m\u00e1te n\u00e1rok na vr\u00e1cen\u00ed cel\u00e9 \u010d\u00e1stky za zbo\u017e\u00ed. Zbo\u017e\u00ed sta\u010d\u00ed zaslat doporu\u010den\u00fdm bal\u00edkem (ne na dob\u00edrku) na na\u0161i adresu spole\u010dn\u011b s&nbsp;origin\u00e1lem faktury a&nbsp;\u010d\u00edslem bankovn\u00edho \u00fa\u010dtu na kter\u00fd m\u00e1 b\u00fdt \u010d\u00e1stka zasl\u00e1na.<\/p>\n<h2>9) REKLAMACE A&nbsp;Z\u00c1RUKA<\/h2>\n<p>P\u0159\u00edpadn\u00e9 reklamace vy\u0159\u00edd\u00edme k&nbsp;Va\u0161\u00ed spokojenosti individu\u00e1ln\u00ed dohodou s&nbsp;V\u00e1mi a&nbsp;v&nbsp;souladu s&nbsp;platn\u00fdm pr\u00e1vn\u00edm \u0159\u00e1dem. Kupuj\u00edc\u00ed je povinen zbo\u017e\u00ed po jeho p\u0159evzet\u00ed prohl\u00e9dnout tak, aby zjistil p\u0159\u00edpadn\u00e9 vady a&nbsp;po\u0161kozen\u00ed. P\u0159\u00edpadn\u00e9 vady je kupuj\u00edc\u00ed povinen neprodlen\u011b hl\u00e1sit na\u0161\u00ed firm\u011b. Za vady vznikl\u00e9 p\u0159epravcem neru\u010d\u00edme.<br \/>\nNa ve\u0161ker\u00e9 zbo\u017e\u00ed se vztahuje z\u00e1konn\u00e1 lh\u016fta 24 m\u011bs\u00edc\u016f, pokud nen\u00ed uvedeno jinak. Z\u00e1ruka se vztahuje pouze na v\u00fdrobn\u00ed vady.<br \/>\nZ\u00e1ruka se nevztahuje na:<br \/>\na) vady vznikl\u00e9 b\u011b\u017en\u00fdm pou\u017e\u00edv\u00e1n\u00edm<br \/>\nb) nespr\u00e1vn\u00fdm pou\u017eit\u00edm v\u00fdrobku<br \/>\nc) nespr\u00e1vn\u00fdm skladov\u00e1n\u00edm<\/p>\n<h3>POSTUP P\u0158I REKLAMACI:<\/h3>\n<p>1) informujte n\u00e1s o&nbsp;reklamaci telefonicky, e-mailem, \u010di p\u00edsemn\u011b<br \/>\n2) zbo\u017e\u00ed za\u0161lete jako doporu\u010den\u00fd bal\u00edk (ne na dob\u00edrku) na na\u0161i adresu<br \/>\n3) do z\u00e1silky uve\u010fte d\u016fvod reklamace, va\u0161i adresu<br \/>\n4) doklad o&nbsp;nabyt\u00ed reklamovan\u00e9ho zbo\u017e\u00ed v&nbsp;na\u0161em obchod\u011b<br \/>\nVa\u0161i reklamaci vy\u0159\u00edd\u00edme co nejrychleji, nejpozd\u011bji do 30 dn\u016f od jej\u00edho vzniku, tedy p\u0159evzet\u00ed zbo\u017e\u00ed na\u0161\u00ed firmou. V&nbsp;p\u0159\u00edpad\u011b del\u0161\u00edch reklamac\u00ed jako nap\u0159. notebooky, V\u00e1s budeme neprodlen\u011b informovat o&nbsp;stavu reklamace.<\/p>\n<h3>Z\u00e1kony a&nbsp;p\u0159edpisy:<\/h3>\n<p>&#8211; z\u00e1k. \u010d. 455\/1991 Sb., o&nbsp;\u017eivnostensk\u00e9m podnik\u00e1n\u00ed<br \/>\n&#8211; z\u00e1k. \u010d. 89\/2012 Sb., ob\u010dansk\u00fd z\u00e1kon\u00edk<br \/>\n&#8211; z\u00e1k. \u010d. 101\/2000 Sb. o&nbsp;ochran\u011b osobn\u00edch \u00fadaj\u016f<\/p>\n","protected":false},"excerpt":{"rendered":"<p>1) V\u0160EOBECN\u00c1 USTANOVEN\u00cd Kupuj\u00edc\u00ed u\u010din\u011bn\u00edm z\u00e1vazn\u00e9 objedn\u00e1vky stvrzuje, \u017ee akceptuje Obchodn\u00ed podm\u00ednky pro dod\u00e1vku zbo\u017e\u00ed vyhl\u00e1\u0161en\u00e9 prod\u00e1vaj\u00edc\u00edm. Vztahy mezi kupuj\u00edc\u00edm a&nbsp;prod\u00e1vaj\u00edc\u00edm se \u0159\u00edd\u00ed t\u011bmito obchodn\u00edmi podm\u00ednkami, kter\u00e9 jsou z\u00e1rove\u0148 pro ob\u011b strany z\u00e1vazn\u00e9. Platnost obchodn\u00edch podm\u00ednek od 1.&nbsp;1.&nbsp;2013&nbsp;2) OBJEDN\u00c1N\u00cd &hellip; <a href=\"https:\/\/lubosluka.com\/en\/obchodni-podminky\/\">Continue reading <span class=\"meta-nav\">&rarr;<\/span><\/a><\/p>\n","protected":false},"author":6,"featured_media":0,"parent":0,"menu_order":0,"comment_status":"closed","ping_status":"open","template":"sidebar-page.php","meta":{"jetpack_post_was_ever_published":false,"footnotes":""},"class_list":["post-3566","page","type-page","status-publish","hentry"],"yoast_head":"<!-- This site is optimized with the Yoast SEO plugin v25.1 - https:\/\/yoast.com\/wordpress\/plugins\/seo\/ -->\n<title>Obchodn\u00ed podm\u00ednky | Lubo\u0161 Sluka<\/title>\n<meta name=\"robots\" content=\"index, follow, max-snippet:-1, max-image-preview:large, max-video-preview:-1\" \/>\n<link rel=\"canonical\" href=\"https:\/\/lubosluka.com\/en\/obchodni-podminky\/\" \/>\n<meta property=\"og:locale\" content=\"en_US\" \/>\n<meta property=\"og:type\" content=\"article\" \/>\n<meta property=\"og:title\" content=\"Obchodn\u00ed podm\u00ednky | Lubo\u0161 Sluka\" \/>\n<meta property=\"og:description\" content=\"1) V\u0160EOBECN\u00c1 USTANOVEN\u00cd Kupuj\u00edc\u00ed u\u010din\u011bn\u00edm z\u00e1vazn\u00e9 objedn\u00e1vky stvrzuje, \u017ee akceptuje Obchodn\u00ed podm\u00ednky pro dod\u00e1vku zbo\u017e\u00ed vyhl\u00e1\u0161en\u00e9 prod\u00e1vaj\u00edc\u00edm. Vztahy mezi kupuj\u00edc\u00edm a&nbsp;prod\u00e1vaj\u00edc\u00edm se \u0159\u00edd\u00ed t\u011bmito obchodn\u00edmi podm\u00ednkami, kter\u00e9 jsou z\u00e1rove\u0148 pro ob\u011b strany z\u00e1vazn\u00e9. Platnost obchodn\u00edch podm\u00ednek od 1.&nbsp;1.&nbsp;2013 2) OBJEDN\u00c1N\u00cd &hellip; Continue reading &rarr;\" \/>\n<meta property=\"og:url\" content=\"https:\/\/lubosluka.com\/en\/obchodni-podminky\/\" \/>\n<meta property=\"og:site_name\" content=\"Lubo\u0161 Sluka\" \/>\n<meta name=\"twitter:label1\" content=\"Est. reading time\" \/>\n\t<meta name=\"twitter:data1\" content=\"5 minutes\" \/>\n<script type=\"application\/ld+json\" class=\"yoast-schema-graph\">{\"@context\":\"https:\/\/schema.org\",\"@graph\":[{\"@type\":\"WebPage\",\"@id\":\"https:\/\/lubosluka.com\/en\/obchodni-podminky\/\",\"url\":\"https:\/\/lubosluka.com\/en\/obchodni-podminky\/\",\"name\":\"Obchodn\u00ed podm\u00ednky | Lubo\u0161 Sluka\",\"isPartOf\":{\"@id\":\"https:\/\/lubosluka.com\/en\/#website\"},\"datePublished\":\"2014-02-17T20:05:38+00:00\",\"breadcrumb\":{\"@id\":\"https:\/\/lubosluka.com\/en\/obchodni-podminky\/#breadcrumb\"},\"inLanguage\":\"en-US\",\"potentialAction\":[{\"@type\":\"ReadAction\",\"target\":[\"https:\/\/lubosluka.com\/en\/obchodni-podminky\/\"]}]},{\"@type\":\"BreadcrumbList\",\"@id\":\"https:\/\/lubosluka.com\/en\/obchodni-podminky\/#breadcrumb\",\"itemListElement\":[{\"@type\":\"ListItem\",\"position\":1,\"name\":\"Editio Musica Humana\",\"item\":\"https:\/\/lubosluka.com\/en\/editio-musica-humana\/\"},{\"@type\":\"ListItem\",\"position\":2,\"name\":\"Obchodn\u00ed podm\u00ednky\"}]},{\"@type\":\"WebSite\",\"@id\":\"https:\/\/lubosluka.com\/en\/#website\",\"url\":\"https:\/\/lubosluka.com\/en\/\",\"name\":\"Lubo\u0161 Sluka\",\"description\":\"hudebn\u00ed skladatel\",\"potentialAction\":[{\"@type\":\"SearchAction\",\"target\":{\"@type\":\"EntryPoint\",\"urlTemplate\":\"https:\/\/lubosluka.com\/en\/?s={search_term_string}\"},\"query-input\":{\"@type\":\"PropertyValueSpecification\",\"valueRequired\":true,\"valueName\":\"search_term_string\"}}],\"inLanguage\":\"en-US\"}]}<\/script>\n<!-- \/ Yoast SEO plugin. -->","yoast_head_json":{"title":"Obchodn\u00ed podm\u00ednky | Lubo\u0161 Sluka","robots":{"index":"index","follow":"follow","max-snippet":"max-snippet:-1","max-image-preview":"max-image-preview:large","max-video-preview":"max-video-preview:-1"},"canonical":"https:\/\/lubosluka.com\/en\/obchodni-podminky\/","og_locale":"en_US","og_type":"article","og_title":"Obchodn\u00ed podm\u00ednky | Lubo\u0161 Sluka","og_description":"1) V\u0160EOBECN\u00c1 USTANOVEN\u00cd Kupuj\u00edc\u00ed u\u010din\u011bn\u00edm z\u00e1vazn\u00e9 objedn\u00e1vky stvrzuje, \u017ee akceptuje Obchodn\u00ed podm\u00ednky pro dod\u00e1vku zbo\u017e\u00ed vyhl\u00e1\u0161en\u00e9 prod\u00e1vaj\u00edc\u00edm. Vztahy mezi kupuj\u00edc\u00edm a&nbsp;prod\u00e1vaj\u00edc\u00edm se \u0159\u00edd\u00ed t\u011bmito obchodn\u00edmi podm\u00ednkami, kter\u00e9 jsou z\u00e1rove\u0148 pro ob\u011b strany z\u00e1vazn\u00e9. Platnost obchodn\u00edch podm\u00ednek od 1.&nbsp;1.&nbsp;2013 2) OBJEDN\u00c1N\u00cd &hellip; Continue reading &rarr;","og_url":"https:\/\/lubosluka.com\/en\/obchodni-podminky\/","og_site_name":"Lubo\u0161 Sluka","twitter_misc":{"Est. reading time":"5 minutes"},"schema":{"@context":"https:\/\/schema.org","@graph":[{"@type":"WebPage","@id":"https:\/\/lubosluka.com\/en\/obchodni-podminky\/","url":"https:\/\/lubosluka.com\/en\/obchodni-podminky\/","name":"Obchodn\u00ed podm\u00ednky | Lubo\u0161 Sluka","isPartOf":{"@id":"https:\/\/lubosluka.com\/en\/#website"},"datePublished":"2014-02-17T20:05:38+00:00","breadcrumb":{"@id":"https:\/\/lubosluka.com\/en\/obchodni-podminky\/#breadcrumb"},"inLanguage":"en-US","potentialAction":[{"@type":"ReadAction","target":["https:\/\/lubosluka.com\/en\/obchodni-podminky\/"]}]},{"@type":"BreadcrumbList","@id":"https:\/\/lubosluka.com\/en\/obchodni-podminky\/#breadcrumb","itemListElement":[{"@type":"ListItem","position":1,"name":"Editio Musica Humana","item":"https:\/\/lubosluka.com\/en\/editio-musica-humana\/"},{"@type":"ListItem","position":2,"name":"Obchodn\u00ed podm\u00ednky"}]},{"@type":"WebSite","@id":"https:\/\/lubosluka.com\/en\/#website","url":"https:\/\/lubosluka.com\/en\/","name":"Lubo\u0161 Sluka","description":"hudebn\u00ed skladatel","potentialAction":[{"@type":"SearchAction","target":{"@type":"EntryPoint","urlTemplate":"https:\/\/lubosluka.com\/en\/?s={search_term_string}"},"query-input":{"@type":"PropertyValueSpecification","valueRequired":true,"valueName":"search_term_string"}}],"inLanguage":"en-US"}]}},"jetpack_shortlink":"https:\/\/wp.me\/P3sI4a-Vw","jetpack_sharing_enabled":true,"_links":{"self":[{"href":"https:\/\/lubosluka.com\/en\/wp-json\/wp\/v2\/pages\/3566","targetHints":{"allow":["GET"]}}],"collection":[{"href":"https:\/\/lubosluka.com\/en\/wp-json\/wp\/v2\/pages"}],"about":[{"href":"https:\/\/lubosluka.com\/en\/wp-json\/wp\/v2\/types\/page"}],"author":[{"embeddable":true,"href":"https:\/\/lubosluka.com\/en\/wp-json\/wp\/v2\/users\/6"}],"replies":[{"embeddable":true,"href":"https:\/\/lubosluka.com\/en\/wp-json\/wp\/v2\/comments?post=3566"}],"version-history":[{"count":0,"href":"https:\/\/lubosluka.com\/en\/wp-json\/wp\/v2\/pages\/3566\/revisions"}],"wp:attachment":[{"href":"https:\/\/lubosluka.com\/en\/wp-json\/wp\/v2\/media?parent=3566"}],"curies":[{"name":"wp","href":"https:\/\/api.w.org\/{rel}","templated":true}]}}