{"id":2801,"date":"2019-07-29T11:11:36","date_gmt":"2019-07-29T10:11:36","guid":{"rendered":"https:\/\/lubosluka.com\/?post_type=product&#038;p=2801"},"modified":"2024-02-24T18:24:45","modified_gmt":"2024-02-24T17:24:45","slug":"sazikovy-pisnicky","status":"publish","type":"product","link":"https:\/\/lubosluka.com\/en\/prodej-not\/sazikovy-pisnicky\/","title":{"rendered":"SAZ\u00cdKOVY P\u00cdSNI\u010cKY pro d\u011btsk\u00fd sbor a&nbsp;klav\u00edr na slova Milon\u011b \u010cepelky"},"content":{"rendered":"<p>pro d\u011btsk\u00fd sbor a&nbsp;klav\u00edr na slova Milon\u011b \u010cepelky<\/p>\n<p>Obsah<br \/>\n1. Byl jeden kluk<br \/>\n2. J\u00e1 jsem Saz\u00edk<br \/>\n3. Komin\u00edk Sou\u010dek<br \/>\n4. U&nbsp;Kol\u00edna na poli<br \/>\n5. Kam jste se pod\u011bly<br \/>\n6. Jela d\u00edvka Karol\u00edna<br \/>\n7. Pavouku, pavouku<br \/>\n8. Kdy\u017e hraje muzika<br \/>\n9. Za kom\u00ednem<br \/>\n10 Hou, hou<br \/>\n11. Klapy, klapy<br \/>\n12. Kr\u00e1, kr\u00e1<br \/>\n13. Let\u011bla lehou\u010dk\u00e1 meluz\u00edna<\/p>\n<p>Durata cca 14 min.<\/p>\n<p>&nbsp;<\/p>\n<p>ISMN 979-0-706554-32-7<\/p>\n","protected":false},"excerpt":{"rendered":"<p>pro d\u011btsk\u00fd sbor a&nbsp;klav\u00edr na slova Milon\u011b \u010cepelky Obsah 1. Byl jeden kluk 2. J\u00e1 jsem Saz\u00edk 3. Komin\u00edk Sou\u010dek 4. U&nbsp;Kol\u00edna na poli 5. Kam jste se pod\u011bly 6. Jela d\u00edvka Karol\u00edna 7. Pavouku, pavouku 8. Kdy\u017e hraje muzika &hellip; <a href=\"https:\/\/lubosluka.com\/en\/prodej-not\/sazikovy-pisnicky\/\">Continue reading <span class=\"meta-nav\">&rarr;<\/span><\/a><\/p>\n","protected":false},"featured_media":7230,"template":"","meta":{"jetpack_post_was_ever_published":false,"jetpack_publicize_message":"","jetpack_publicize_feature_enabled":true,"jetpack_social_post_already_shared":true,"jetpack_social_options":{"image_generator_settings":{"template":"highway","enabled":false},"version":2}},"product_brand":[],"product_cat":[48,29],"product_tag":[],"class_list":{"0":"post-2801","1":"product","2":"type-product","3":"status-publish","4":"has-post-thumbnail","6":"product_cat-zpev","7":"product_cat-detsky-sbor","9":"first","10":"instock","11":"shipping-taxable","12":"purchasable","13":"product-type-variable"},"jetpack_publicize_connections":[],"yoast_head":"<!-- This site is optimized with the Yoast SEO plugin v25.1 - https:\/\/yoast.com\/wordpress\/plugins\/seo\/ -->\n<title>SAZ\u00cdKOVY P\u00cdSNI\u010cKY pro d\u011btsk\u00fd sbor a klav\u00edr na slova Milon\u011b \u010cepelky | Lubo\u0161 Sluka<\/title>\n<meta name=\"robots\" content=\"index, follow, max-snippet:-1, max-image-preview:large, max-video-preview:-1\" \/>\n<link rel=\"canonical\" href=\"https:\/\/lubosluka.com\/en\/prodej-not\/sazikovy-pisnicky\/\" \/>\n<meta property=\"og:locale\" content=\"en_US\" \/>\n<meta property=\"og:type\" content=\"article\" \/>\n<meta property=\"og:title\" content=\"SAZ\u00cdKOVY P\u00cdSNI\u010cKY pro d\u011btsk\u00fd sbor a klav\u00edr na slova Milon\u011b \u010cepelky | Lubo\u0161 Sluka\" \/>\n<meta property=\"og:description\" content=\"pro d\u011btsk\u00fd sbor a&nbsp;klav\u00edr na slova Milon\u011b \u010cepelky Obsah 1. Byl jeden kluk 2. J\u00e1 jsem Saz\u00edk 3. Komin\u00edk Sou\u010dek 4. U&nbsp;Kol\u00edna na poli 5. Kam jste se pod\u011bly 6. Jela d\u00edvka Karol\u00edna 7. Pavouku, pavouku 8. Kdy\u017e hraje muzika &hellip; Continue reading &rarr;\" \/>\n<meta property=\"og:url\" content=\"https:\/\/lubosluka.com\/en\/prodej-not\/sazikovy-pisnicky\/\" \/>\n<meta property=\"og:site_name\" content=\"Lubo\u0161 Sluka\" \/>\n<meta property=\"article:modified_time\" content=\"2024-02-24T17:24:45+00:00\" \/>\n<meta property=\"og:image\" content=\"https:\/\/lubosluka.com\/wp-content\/uploads\/2019\/07\/0128_obalka.png\" \/>\n\t<meta property=\"og:image:width\" content=\"2486\" \/>\n\t<meta property=\"og:image:height\" content=\"3509\" \/>\n\t<meta property=\"og:image:type\" content=\"image\/png\" \/>\n<meta name=\"twitter:label1\" content=\"Est. reading time\" \/>\n\t<meta name=\"twitter:data1\" content=\"1 minute\" \/>\n<script type=\"application\/ld+json\" class=\"yoast-schema-graph\">{\"@context\":\"https:\/\/schema.org\",\"@graph\":[{\"@type\":\"WebPage\",\"@id\":\"https:\/\/lubosluka.com\/en\/prodej-not\/sazikovy-pisnicky\/\",\"url\":\"https:\/\/lubosluka.com\/en\/prodej-not\/sazikovy-pisnicky\/\",\"name\":\"SAZ\u00cdKOVY P\u00cdSNI\u010cKY pro d\u011btsk\u00fd sbor a klav\u00edr na slova Milon\u011b \u010cepelky | Lubo\u0161 Sluka\",\"isPartOf\":{\"@id\":\"https:\/\/lubosluka.com\/en\/#website\"},\"primaryImageOfPage\":{\"@id\":\"https:\/\/lubosluka.com\/en\/prodej-not\/sazikovy-pisnicky\/#primaryimage\"},\"image\":{\"@id\":\"https:\/\/lubosluka.com\/en\/prodej-not\/sazikovy-pisnicky\/#primaryimage\"},\"thumbnailUrl\":\"https:\/\/lubosluka.com\/wp-content\/uploads\/2019\/07\/0128_obalka.png\",\"datePublished\":\"2019-07-29T10:11:36+00:00\",\"dateModified\":\"2024-02-24T17:24:45+00:00\",\"breadcrumb\":{\"@id\":\"https:\/\/lubosluka.com\/en\/prodej-not\/sazikovy-pisnicky\/#breadcrumb\"},\"inLanguage\":\"en-US\",\"potentialAction\":[{\"@type\":\"ReadAction\",\"target\":[\"https:\/\/lubosluka.com\/en\/prodej-not\/sazikovy-pisnicky\/\"]}]},{\"@type\":\"ImageObject\",\"inLanguage\":\"en-US\",\"@id\":\"https:\/\/lubosluka.com\/en\/prodej-not\/sazikovy-pisnicky\/#primaryimage\",\"url\":\"https:\/\/lubosluka.com\/wp-content\/uploads\/2019\/07\/0128_obalka.png\",\"contentUrl\":\"https:\/\/lubosluka.com\/wp-content\/uploads\/2019\/07\/0128_obalka.png\",\"width\":2486,\"height\":3509},{\"@type\":\"BreadcrumbList\",\"@id\":\"https:\/\/lubosluka.com\/en\/prodej-not\/sazikovy-pisnicky\/#breadcrumb\",\"itemListElement\":[{\"@type\":\"ListItem\",\"position\":1,\"name\":\"Editio Musica Humana\",\"item\":\"https:\/\/lubosluka.com\/en\/editio-musica-humana\/\"},{\"@type\":\"ListItem\",\"position\":2,\"name\":\"Shop\",\"item\":\"https:\/\/lubosluka.com\/en\/shop\/\"},{\"@type\":\"ListItem\",\"position\":3,\"name\":\"Singing\",\"item\":\"https:\/\/lubosluka.com\/en\/note\/singing\/\"},{\"@type\":\"ListItem\",\"position\":4,\"name\":\"SAZ\u00cdKOVY P\u00cdSNI\u010cKY pro d\u011btsk\u00fd sbor a klav\u00edr na slova Milon\u011b \u010cepelky\"}]},{\"@type\":\"WebSite\",\"@id\":\"https:\/\/lubosluka.com\/en\/#website\",\"url\":\"https:\/\/lubosluka.com\/en\/\",\"name\":\"Lubo\u0161 Sluka\",\"description\":\"hudebn\u00ed skladatel\",\"potentialAction\":[{\"@type\":\"SearchAction\",\"target\":{\"@type\":\"EntryPoint\",\"urlTemplate\":\"https:\/\/lubosluka.com\/en\/?s={search_term_string}\"},\"query-input\":{\"@type\":\"PropertyValueSpecification\",\"valueRequired\":true,\"valueName\":\"search_term_string\"}}],\"inLanguage\":\"en-US\"}]}<\/script>\n<!-- \/ Yoast SEO plugin. -->","yoast_head_json":{"title":"SAZ\u00cdKOVY P\u00cdSNI\u010cKY pro d\u011btsk\u00fd sbor a klav\u00edr na slova Milon\u011b \u010cepelky | Lubo\u0161 Sluka","robots":{"index":"index","follow":"follow","max-snippet":"max-snippet:-1","max-image-preview":"max-image-preview:large","max-video-preview":"max-video-preview:-1"},"canonical":"https:\/\/lubosluka.com\/en\/prodej-not\/sazikovy-pisnicky\/","og_locale":"en_US","og_type":"article","og_title":"SAZ\u00cdKOVY P\u00cdSNI\u010cKY pro d\u011btsk\u00fd sbor a klav\u00edr na slova Milon\u011b \u010cepelky | Lubo\u0161 Sluka","og_description":"pro d\u011btsk\u00fd sbor a&nbsp;klav\u00edr na slova Milon\u011b \u010cepelky Obsah 1. Byl jeden kluk 2. J\u00e1 jsem Saz\u00edk 3. Komin\u00edk Sou\u010dek 4. U&nbsp;Kol\u00edna na poli 5. Kam jste se pod\u011bly 6. Jela d\u00edvka Karol\u00edna 7. Pavouku, pavouku 8. Kdy\u017e hraje muzika &hellip; Continue reading &rarr;","og_url":"https:\/\/lubosluka.com\/en\/prodej-not\/sazikovy-pisnicky\/","og_site_name":"Lubo\u0161 Sluka","article_modified_time":"2024-02-24T17:24:45+00:00","og_image":[{"width":2486,"height":3509,"url":"https:\/\/lubosluka.com\/wp-content\/uploads\/2019\/07\/0128_obalka.png","type":"image\/png"}],"twitter_misc":{"Est. reading time":"1 minute"},"schema":{"@context":"https:\/\/schema.org","@graph":[{"@type":"WebPage","@id":"https:\/\/lubosluka.com\/en\/prodej-not\/sazikovy-pisnicky\/","url":"https:\/\/lubosluka.com\/en\/prodej-not\/sazikovy-pisnicky\/","name":"SAZ\u00cdKOVY P\u00cdSNI\u010cKY pro d\u011btsk\u00fd sbor a klav\u00edr na slova Milon\u011b \u010cepelky | Lubo\u0161 Sluka","isPartOf":{"@id":"https:\/\/lubosluka.com\/en\/#website"},"primaryImageOfPage":{"@id":"https:\/\/lubosluka.com\/en\/prodej-not\/sazikovy-pisnicky\/#primaryimage"},"image":{"@id":"https:\/\/lubosluka.com\/en\/prodej-not\/sazikovy-pisnicky\/#primaryimage"},"thumbnailUrl":"https:\/\/lubosluka.com\/wp-content\/uploads\/2019\/07\/0128_obalka.png","datePublished":"2019-07-29T10:11:36+00:00","dateModified":"2024-02-24T17:24:45+00:00","breadcrumb":{"@id":"https:\/\/lubosluka.com\/en\/prodej-not\/sazikovy-pisnicky\/#breadcrumb"},"inLanguage":"en-US","potentialAction":[{"@type":"ReadAction","target":["https:\/\/lubosluka.com\/en\/prodej-not\/sazikovy-pisnicky\/"]}]},{"@type":"ImageObject","inLanguage":"en-US","@id":"https:\/\/lubosluka.com\/en\/prodej-not\/sazikovy-pisnicky\/#primaryimage","url":"https:\/\/lubosluka.com\/wp-content\/uploads\/2019\/07\/0128_obalka.png","contentUrl":"https:\/\/lubosluka.com\/wp-content\/uploads\/2019\/07\/0128_obalka.png","width":2486,"height":3509},{"@type":"BreadcrumbList","@id":"https:\/\/lubosluka.com\/en\/prodej-not\/sazikovy-pisnicky\/#breadcrumb","itemListElement":[{"@type":"ListItem","position":1,"name":"Editio Musica Humana","item":"https:\/\/lubosluka.com\/en\/editio-musica-humana\/"},{"@type":"ListItem","position":2,"name":"Shop","item":"https:\/\/lubosluka.com\/en\/shop\/"},{"@type":"ListItem","position":3,"name":"Singing","item":"https:\/\/lubosluka.com\/en\/note\/singing\/"},{"@type":"ListItem","position":4,"name":"SAZ\u00cdKOVY P\u00cdSNI\u010cKY pro d\u011btsk\u00fd sbor a klav\u00edr na slova Milon\u011b \u010cepelky"}]},{"@type":"WebSite","@id":"https:\/\/lubosluka.com\/en\/#website","url":"https:\/\/lubosluka.com\/en\/","name":"Lubo\u0161 Sluka","description":"hudebn\u00ed skladatel","potentialAction":[{"@type":"SearchAction","target":{"@type":"EntryPoint","urlTemplate":"https:\/\/lubosluka.com\/en\/?s={search_term_string}"},"query-input":{"@type":"PropertyValueSpecification","valueRequired":true,"valueName":"search_term_string"}}],"inLanguage":"en-US"}]}},"jetpack_sharing_enabled":true,"_links":{"self":[{"href":"https:\/\/lubosluka.com\/en\/wp-json\/wp\/v2\/product\/2801","targetHints":{"allow":["GET"]}}],"collection":[{"href":"https:\/\/lubosluka.com\/en\/wp-json\/wp\/v2\/product"}],"about":[{"href":"https:\/\/lubosluka.com\/en\/wp-json\/wp\/v2\/types\/product"}],"version-history":[{"count":2,"href":"https:\/\/lubosluka.com\/en\/wp-json\/wp\/v2\/product\/2801\/revisions"}],"predecessor-version":[{"id":7244,"href":"https:\/\/lubosluka.com\/en\/wp-json\/wp\/v2\/product\/2801\/revisions\/7244"}],"wp:featuredmedia":[{"embeddable":true,"href":"https:\/\/lubosluka.com\/en\/wp-json\/wp\/v2\/media\/7230"}],"wp:attachment":[{"href":"https:\/\/lubosluka.com\/en\/wp-json\/wp\/v2\/media?parent=2801"}],"wp:term":[{"taxonomy":"product_brand","embeddable":true,"href":"https:\/\/lubosluka.com\/en\/wp-json\/wp\/v2\/product_brand?post=2801"},{"taxonomy":"product_cat","embeddable":true,"href":"https:\/\/lubosluka.com\/en\/wp-json\/wp\/v2\/product_cat?post=2801"},{"taxonomy":"product_tag","embeddable":true,"href":"https:\/\/lubosluka.com\/en\/wp-json\/wp\/v2\/product_tag?post=2801"}],"curies":[{"name":"wp","href":"https:\/\/api.w.org\/{rel}","templated":true}]}}