{"id":2822,"date":"2019-07-29T11:57:20","date_gmt":"2019-07-29T10:57:20","guid":{"rendered":"https:\/\/lubosluka.com\/?post_type=product&#038;p=2822"},"modified":"2024-02-24T19:08:23","modified_gmt":"2024-02-24T18:08:23","slug":"adventni-zpevy","status":"publish","type":"product","link":"https:\/\/lubosluka.com\/en\/prodej-not\/adventni-zpevy\/","title":{"rendered":"ADVENTN\u00cd ZP\u011aVY pro zp\u011bv, hoboj (nebo fl\u00e9tnu, trubku) a&nbsp;varhany"},"content":{"rendered":"<p>pro zp\u011bv, hoboj (nebo fl\u00e9tnu, trubku) a&nbsp;varhany<br \/>\nStaro\u010desk\u00e9 ror\u00e1tn\u00ed p\u00edsn\u011b v&nbsp;harmonizac\u00edch <strong>Ji\u0159\u00edho Strejce<\/strong><\/p>\n<p><em>Jakubovi Hrub\u00e9mu, Janu Thurimu, Petru Hostinsk\u00e9mu!<\/em><\/p>\n<p>(2015)<\/p>\n<p>30 stran<\/p>\n<p>ISMN 979-0-706554-35-8<\/p>\n","protected":false},"excerpt":{"rendered":"<p>pro zp\u011bv, hoboj (nebo fl\u00e9tnu, trubku) a&nbsp;varhany Staro\u010desk\u00e9 ror\u00e1tn\u00ed p\u00edsn\u011b v&nbsp;harmonizac\u00edch Ji\u0159\u00edho Strejce Jakubovi Hrub\u00e9mu, Janu Thurimu, Petru Hostinsk\u00e9mu! (2015) 30 stran ISMN 979-0-706554-35-8<\/p>\n","protected":false},"featured_media":7262,"template":"","meta":{"jetpack_post_was_ever_published":false,"jetpack_publicize_message":"","jetpack_publicize_feature_enabled":true,"jetpack_social_post_already_shared":true,"jetpack_social_options":{"image_generator_settings":{"template":"highway","enabled":false},"version":2}},"product_brand":[],"product_cat":[40,30,47,48],"product_tag":[],"class_list":{"0":"post-2822","1":"product","2":"type-product","3":"status-publish","4":"has-post-thumbnail","6":"product_cat-trubka","7":"product_cat-hoboj","8":"product_cat-varhany","9":"product_cat-zpev","11":"first","12":"instock","13":"shipping-taxable","14":"purchasable","15":"product-type-variable"},"jetpack_publicize_connections":[],"yoast_head":"<!-- This site is optimized with the Yoast SEO plugin v25.1 - https:\/\/yoast.com\/wordpress\/plugins\/seo\/ -->\n<title>ADVENTN\u00cd ZP\u011aVY pro zp\u011bv, hoboj (nebo fl\u00e9tnu, trubku) a varhany | Lubo\u0161 Sluka<\/title>\n<meta name=\"robots\" content=\"index, follow, max-snippet:-1, max-image-preview:large, max-video-preview:-1\" \/>\n<link rel=\"canonical\" href=\"https:\/\/lubosluka.com\/en\/prodej-not\/adventni-zpevy\/\" \/>\n<meta property=\"og:locale\" content=\"en_US\" \/>\n<meta property=\"og:type\" content=\"article\" \/>\n<meta property=\"og:title\" content=\"ADVENTN\u00cd ZP\u011aVY pro zp\u011bv, hoboj (nebo fl\u00e9tnu, trubku) a varhany | Lubo\u0161 Sluka\" \/>\n<meta property=\"og:description\" content=\"pro zp\u011bv, hoboj (nebo fl\u00e9tnu, trubku) a&nbsp;varhany Staro\u010desk\u00e9 ror\u00e1tn\u00ed p\u00edsn\u011b v&nbsp;harmonizac\u00edch Ji\u0159\u00edho Strejce Jakubovi Hrub\u00e9mu, Janu Thurimu, Petru Hostinsk\u00e9mu! (2015) 30 stran ISMN 979-0-706554-35-8\" \/>\n<meta property=\"og:url\" content=\"https:\/\/lubosluka.com\/en\/prodej-not\/adventni-zpevy\/\" \/>\n<meta property=\"og:site_name\" content=\"Lubo\u0161 Sluka\" \/>\n<meta property=\"article:modified_time\" content=\"2024-02-24T18:08:23+00:00\" \/>\n<meta property=\"og:image\" content=\"https:\/\/lubosluka.com\/wp-content\/uploads\/2019\/07\/0130_obalka.png\" \/>\n\t<meta property=\"og:image:width\" content=\"2486\" \/>\n\t<meta property=\"og:image:height\" content=\"3509\" \/>\n\t<meta property=\"og:image:type\" content=\"image\/png\" \/>\n<meta name=\"twitter:label1\" content=\"Est. reading time\" \/>\n\t<meta name=\"twitter:data1\" content=\"1 minute\" \/>\n<script type=\"application\/ld+json\" class=\"yoast-schema-graph\">{\"@context\":\"https:\/\/schema.org\",\"@graph\":[{\"@type\":\"WebPage\",\"@id\":\"https:\/\/lubosluka.com\/en\/prodej-not\/adventni-zpevy\/\",\"url\":\"https:\/\/lubosluka.com\/en\/prodej-not\/adventni-zpevy\/\",\"name\":\"ADVENTN\u00cd ZP\u011aVY pro zp\u011bv, hoboj (nebo fl\u00e9tnu, trubku) a varhany | Lubo\u0161 Sluka\",\"isPartOf\":{\"@id\":\"https:\/\/lubosluka.com\/en\/#website\"},\"primaryImageOfPage\":{\"@id\":\"https:\/\/lubosluka.com\/en\/prodej-not\/adventni-zpevy\/#primaryimage\"},\"image\":{\"@id\":\"https:\/\/lubosluka.com\/en\/prodej-not\/adventni-zpevy\/#primaryimage\"},\"thumbnailUrl\":\"https:\/\/lubosluka.com\/wp-content\/uploads\/2019\/07\/0130_obalka.png\",\"datePublished\":\"2019-07-29T10:57:20+00:00\",\"dateModified\":\"2024-02-24T18:08:23+00:00\",\"breadcrumb\":{\"@id\":\"https:\/\/lubosluka.com\/en\/prodej-not\/adventni-zpevy\/#breadcrumb\"},\"inLanguage\":\"en-US\",\"potentialAction\":[{\"@type\":\"ReadAction\",\"target\":[\"https:\/\/lubosluka.com\/en\/prodej-not\/adventni-zpevy\/\"]}]},{\"@type\":\"ImageObject\",\"inLanguage\":\"en-US\",\"@id\":\"https:\/\/lubosluka.com\/en\/prodej-not\/adventni-zpevy\/#primaryimage\",\"url\":\"https:\/\/lubosluka.com\/wp-content\/uploads\/2019\/07\/0130_obalka.png\",\"contentUrl\":\"https:\/\/lubosluka.com\/wp-content\/uploads\/2019\/07\/0130_obalka.png\",\"width\":2486,\"height\":3509},{\"@type\":\"BreadcrumbList\",\"@id\":\"https:\/\/lubosluka.com\/en\/prodej-not\/adventni-zpevy\/#breadcrumb\",\"itemListElement\":[{\"@type\":\"ListItem\",\"position\":1,\"name\":\"Editio Musica Humana\",\"item\":\"https:\/\/lubosluka.com\/en\/editio-musica-humana\/\"},{\"@type\":\"ListItem\",\"position\":2,\"name\":\"Shop\",\"item\":\"https:\/\/lubosluka.com\/en\/shop\/\"},{\"@type\":\"ListItem\",\"position\":3,\"name\":\"Singing\",\"item\":\"https:\/\/lubosluka.com\/en\/note\/singing\/\"},{\"@type\":\"ListItem\",\"position\":4,\"name\":\"ADVENTN\u00cd ZP\u011aVY pro zp\u011bv, hoboj (nebo fl\u00e9tnu, trubku) a varhany\"}]},{\"@type\":\"WebSite\",\"@id\":\"https:\/\/lubosluka.com\/en\/#website\",\"url\":\"https:\/\/lubosluka.com\/en\/\",\"name\":\"Lubo\u0161 Sluka\",\"description\":\"hudebn\u00ed skladatel\",\"potentialAction\":[{\"@type\":\"SearchAction\",\"target\":{\"@type\":\"EntryPoint\",\"urlTemplate\":\"https:\/\/lubosluka.com\/en\/?s={search_term_string}\"},\"query-input\":{\"@type\":\"PropertyValueSpecification\",\"valueRequired\":true,\"valueName\":\"search_term_string\"}}],\"inLanguage\":\"en-US\"}]}<\/script>\n<!-- \/ Yoast SEO plugin. -->","yoast_head_json":{"title":"ADVENTN\u00cd ZP\u011aVY pro zp\u011bv, hoboj (nebo fl\u00e9tnu, trubku) a varhany | Lubo\u0161 Sluka","robots":{"index":"index","follow":"follow","max-snippet":"max-snippet:-1","max-image-preview":"max-image-preview:large","max-video-preview":"max-video-preview:-1"},"canonical":"https:\/\/lubosluka.com\/en\/prodej-not\/adventni-zpevy\/","og_locale":"en_US","og_type":"article","og_title":"ADVENTN\u00cd ZP\u011aVY pro zp\u011bv, hoboj (nebo fl\u00e9tnu, trubku) a varhany | Lubo\u0161 Sluka","og_description":"pro zp\u011bv, hoboj (nebo fl\u00e9tnu, trubku) a&nbsp;varhany Staro\u010desk\u00e9 ror\u00e1tn\u00ed p\u00edsn\u011b v&nbsp;harmonizac\u00edch Ji\u0159\u00edho Strejce Jakubovi Hrub\u00e9mu, Janu Thurimu, Petru Hostinsk\u00e9mu! (2015) 30 stran ISMN 979-0-706554-35-8","og_url":"https:\/\/lubosluka.com\/en\/prodej-not\/adventni-zpevy\/","og_site_name":"Lubo\u0161 Sluka","article_modified_time":"2024-02-24T18:08:23+00:00","og_image":[{"width":2486,"height":3509,"url":"https:\/\/lubosluka.com\/wp-content\/uploads\/2019\/07\/0130_obalka.png","type":"image\/png"}],"twitter_misc":{"Est. reading time":"1 minute"},"schema":{"@context":"https:\/\/schema.org","@graph":[{"@type":"WebPage","@id":"https:\/\/lubosluka.com\/en\/prodej-not\/adventni-zpevy\/","url":"https:\/\/lubosluka.com\/en\/prodej-not\/adventni-zpevy\/","name":"ADVENTN\u00cd ZP\u011aVY pro zp\u011bv, hoboj (nebo fl\u00e9tnu, trubku) a varhany | Lubo\u0161 Sluka","isPartOf":{"@id":"https:\/\/lubosluka.com\/en\/#website"},"primaryImageOfPage":{"@id":"https:\/\/lubosluka.com\/en\/prodej-not\/adventni-zpevy\/#primaryimage"},"image":{"@id":"https:\/\/lubosluka.com\/en\/prodej-not\/adventni-zpevy\/#primaryimage"},"thumbnailUrl":"https:\/\/lubosluka.com\/wp-content\/uploads\/2019\/07\/0130_obalka.png","datePublished":"2019-07-29T10:57:20+00:00","dateModified":"2024-02-24T18:08:23+00:00","breadcrumb":{"@id":"https:\/\/lubosluka.com\/en\/prodej-not\/adventni-zpevy\/#breadcrumb"},"inLanguage":"en-US","potentialAction":[{"@type":"ReadAction","target":["https:\/\/lubosluka.com\/en\/prodej-not\/adventni-zpevy\/"]}]},{"@type":"ImageObject","inLanguage":"en-US","@id":"https:\/\/lubosluka.com\/en\/prodej-not\/adventni-zpevy\/#primaryimage","url":"https:\/\/lubosluka.com\/wp-content\/uploads\/2019\/07\/0130_obalka.png","contentUrl":"https:\/\/lubosluka.com\/wp-content\/uploads\/2019\/07\/0130_obalka.png","width":2486,"height":3509},{"@type":"BreadcrumbList","@id":"https:\/\/lubosluka.com\/en\/prodej-not\/adventni-zpevy\/#breadcrumb","itemListElement":[{"@type":"ListItem","position":1,"name":"Editio Musica Humana","item":"https:\/\/lubosluka.com\/en\/editio-musica-humana\/"},{"@type":"ListItem","position":2,"name":"Shop","item":"https:\/\/lubosluka.com\/en\/shop\/"},{"@type":"ListItem","position":3,"name":"Singing","item":"https:\/\/lubosluka.com\/en\/note\/singing\/"},{"@type":"ListItem","position":4,"name":"ADVENTN\u00cd ZP\u011aVY pro zp\u011bv, hoboj (nebo fl\u00e9tnu, trubku) a varhany"}]},{"@type":"WebSite","@id":"https:\/\/lubosluka.com\/en\/#website","url":"https:\/\/lubosluka.com\/en\/","name":"Lubo\u0161 Sluka","description":"hudebn\u00ed skladatel","potentialAction":[{"@type":"SearchAction","target":{"@type":"EntryPoint","urlTemplate":"https:\/\/lubosluka.com\/en\/?s={search_term_string}"},"query-input":{"@type":"PropertyValueSpecification","valueRequired":true,"valueName":"search_term_string"}}],"inLanguage":"en-US"}]}},"jetpack_sharing_enabled":true,"_links":{"self":[{"href":"https:\/\/lubosluka.com\/en\/wp-json\/wp\/v2\/product\/2822","targetHints":{"allow":["GET"]}}],"collection":[{"href":"https:\/\/lubosluka.com\/en\/wp-json\/wp\/v2\/product"}],"about":[{"href":"https:\/\/lubosluka.com\/en\/wp-json\/wp\/v2\/types\/product"}],"version-history":[{"count":1,"href":"https:\/\/lubosluka.com\/en\/wp-json\/wp\/v2\/product\/2822\/revisions"}],"predecessor-version":[{"id":7280,"href":"https:\/\/lubosluka.com\/en\/wp-json\/wp\/v2\/product\/2822\/revisions\/7280"}],"wp:featuredmedia":[{"embeddable":true,"href":"https:\/\/lubosluka.com\/en\/wp-json\/wp\/v2\/media\/7262"}],"wp:attachment":[{"href":"https:\/\/lubosluka.com\/en\/wp-json\/wp\/v2\/media?parent=2822"}],"wp:term":[{"taxonomy":"product_brand","embeddable":true,"href":"https:\/\/lubosluka.com\/en\/wp-json\/wp\/v2\/product_brand?post=2822"},{"taxonomy":"product_cat","embeddable":true,"href":"https:\/\/lubosluka.com\/en\/wp-json\/wp\/v2\/product_cat?post=2822"},{"taxonomy":"product_tag","embeddable":true,"href":"https:\/\/lubosluka.com\/en\/wp-json\/wp\/v2\/product_tag?post=2822"}],"curies":[{"name":"wp","href":"https:\/\/api.w.org\/{rel}","templated":true}]}}