{"id":2828,"date":"2019-07-29T12:31:56","date_gmt":"2019-07-29T11:31:56","guid":{"rendered":"https:\/\/lubosluka.com\/?post_type=product&#038;p=2828"},"modified":"2024-02-25T00:04:32","modified_gmt":"2024-02-24T23:04:32","slug":"vivat-ponrepo","status":"publish","type":"product","link":"https:\/\/lubosluka.com\/en\/prodej-not\/vivat-ponrepo\/","title":{"rendered":"VIVAT PONREPO per violino e&nbsp;pianoforte"},"content":{"rendered":"<p>per violino e&nbsp;pianoforte<\/p>\n<p><em>Prof. Ivanovi \u017denat\u00e9mu!<\/em><\/p>\n<p>Ze suity Na pam\u011b\u0165 Jaroslava Je\u017eka<br \/>\naus der Suite Dem Andenken von Jaroslav Je\u017eek<br \/>\nfrom the suite In Memory of Jaroslav Je\u017eek<\/p>\n<p>Arr. prof. Ivan \u017denat\u00fd<\/p>\n<p>(2017)<\/p>\n<p>ISMN 979-0-706554-40-2<\/p>\n","protected":false},"excerpt":{"rendered":"<p>per violino e&nbsp;pianoforte Prof. Ivanovi \u017denat\u00e9mu! Ze suity Na pam\u011b\u0165 Jaroslava Je\u017eka aus der Suite Dem Andenken von Jaroslav Je\u017eek from the suite In Memory of Jaroslav Je\u017eek Arr. prof. Ivan \u017denat\u00fd (2017) ISMN 979-0-706554-40-2<\/p>\n","protected":false},"featured_media":7356,"template":"","meta":{"jetpack_post_was_ever_published":false,"jetpack_publicize_message":"","jetpack_publicize_feature_enabled":true,"jetpack_social_post_already_shared":true,"jetpack_social_options":{"image_generator_settings":{"template":"highway","enabled":false},"version":2}},"product_brand":[],"product_cat":[26,33],"product_tag":[],"class_list":{"0":"post-2828","1":"product","2":"type-product","3":"status-publish","4":"has-post-thumbnail","6":"product_cat-komorni-tvorba","7":"product_cat-housle","9":"first","10":"instock","11":"shipping-taxable","12":"purchasable","13":"product-type-variable"},"jetpack_publicize_connections":[],"yoast_head":"<!-- This site is optimized with the Yoast SEO plugin v25.1 - https:\/\/yoast.com\/wordpress\/plugins\/seo\/ -->\n<title>VIVAT PONREPO per violino e pianoforte | Lubo\u0161 Sluka<\/title>\n<meta name=\"robots\" content=\"index, follow, max-snippet:-1, max-image-preview:large, max-video-preview:-1\" \/>\n<link rel=\"canonical\" href=\"https:\/\/lubosluka.com\/en\/prodej-not\/vivat-ponrepo\/\" \/>\n<meta property=\"og:locale\" content=\"en_US\" \/>\n<meta property=\"og:type\" content=\"article\" \/>\n<meta property=\"og:title\" content=\"VIVAT PONREPO per violino e pianoforte | Lubo\u0161 Sluka\" \/>\n<meta property=\"og:description\" content=\"per violino e&nbsp;pianoforte Prof. Ivanovi \u017denat\u00e9mu! Ze suity Na pam\u011b\u0165 Jaroslava Je\u017eka aus der Suite Dem Andenken von Jaroslav Je\u017eek from the suite In Memory of Jaroslav Je\u017eek Arr. prof. Ivan \u017denat\u00fd (2017) ISMN 979-0-706554-40-2\" \/>\n<meta property=\"og:url\" content=\"https:\/\/lubosluka.com\/en\/prodej-not\/vivat-ponrepo\/\" \/>\n<meta property=\"og:site_name\" content=\"Lubo\u0161 Sluka\" \/>\n<meta property=\"article:modified_time\" content=\"2024-02-24T23:04:32+00:00\" \/>\n<meta property=\"og:image\" content=\"https:\/\/lubosluka.com\/wp-content\/uploads\/2019\/07\/0135_obalka-725x1024.png\" \/>\n\t<meta property=\"og:image:width\" content=\"725\" \/>\n\t<meta property=\"og:image:height\" content=\"1024\" \/>\n\t<meta property=\"og:image:type\" content=\"image\/png\" \/>\n<meta name=\"twitter:label1\" content=\"Est. reading time\" \/>\n\t<meta name=\"twitter:data1\" content=\"1 minute\" \/>\n<script type=\"application\/ld+json\" class=\"yoast-schema-graph\">{\"@context\":\"https:\/\/schema.org\",\"@graph\":[{\"@type\":\"WebPage\",\"@id\":\"https:\/\/lubosluka.com\/en\/prodej-not\/vivat-ponrepo\/\",\"url\":\"https:\/\/lubosluka.com\/en\/prodej-not\/vivat-ponrepo\/\",\"name\":\"VIVAT PONREPO per violino e pianoforte | Lubo\u0161 Sluka\",\"isPartOf\":{\"@id\":\"https:\/\/lubosluka.com\/en\/#website\"},\"primaryImageOfPage\":{\"@id\":\"https:\/\/lubosluka.com\/en\/prodej-not\/vivat-ponrepo\/#primaryimage\"},\"image\":{\"@id\":\"https:\/\/lubosluka.com\/en\/prodej-not\/vivat-ponrepo\/#primaryimage\"},\"thumbnailUrl\":\"https:\/\/lubosluka.com\/wp-content\/uploads\/2019\/07\/0135_obalka.png\",\"datePublished\":\"2019-07-29T11:31:56+00:00\",\"dateModified\":\"2024-02-24T23:04:32+00:00\",\"breadcrumb\":{\"@id\":\"https:\/\/lubosluka.com\/en\/prodej-not\/vivat-ponrepo\/#breadcrumb\"},\"inLanguage\":\"en-US\",\"potentialAction\":[{\"@type\":\"ReadAction\",\"target\":[\"https:\/\/lubosluka.com\/en\/prodej-not\/vivat-ponrepo\/\"]}]},{\"@type\":\"ImageObject\",\"inLanguage\":\"en-US\",\"@id\":\"https:\/\/lubosluka.com\/en\/prodej-not\/vivat-ponrepo\/#primaryimage\",\"url\":\"https:\/\/lubosluka.com\/wp-content\/uploads\/2019\/07\/0135_obalka.png\",\"contentUrl\":\"https:\/\/lubosluka.com\/wp-content\/uploads\/2019\/07\/0135_obalka.png\",\"width\":2486,\"height\":3509},{\"@type\":\"BreadcrumbList\",\"@id\":\"https:\/\/lubosluka.com\/en\/prodej-not\/vivat-ponrepo\/#breadcrumb\",\"itemListElement\":[{\"@type\":\"ListItem\",\"position\":1,\"name\":\"Editio Musica Humana\",\"item\":\"https:\/\/lubosluka.com\/en\/editio-musica-humana\/\"},{\"@type\":\"ListItem\",\"position\":2,\"name\":\"Shop\",\"item\":\"https:\/\/lubosluka.com\/en\/shop\/\"},{\"@type\":\"ListItem\",\"position\":3,\"name\":\"Chamber music\",\"item\":\"https:\/\/lubosluka.com\/en\/note\/chamber-music\/\"},{\"@type\":\"ListItem\",\"position\":4,\"name\":\"VIVAT PONREPO per violino e pianoforte\"}]},{\"@type\":\"WebSite\",\"@id\":\"https:\/\/lubosluka.com\/en\/#website\",\"url\":\"https:\/\/lubosluka.com\/en\/\",\"name\":\"Lubo\u0161 Sluka\",\"description\":\"hudebn\u00ed skladatel\",\"potentialAction\":[{\"@type\":\"SearchAction\",\"target\":{\"@type\":\"EntryPoint\",\"urlTemplate\":\"https:\/\/lubosluka.com\/en\/?s={search_term_string}\"},\"query-input\":{\"@type\":\"PropertyValueSpecification\",\"valueRequired\":true,\"valueName\":\"search_term_string\"}}],\"inLanguage\":\"en-US\"}]}<\/script>\n<!-- \/ Yoast SEO plugin. -->","yoast_head_json":{"title":"VIVAT PONREPO per violino e pianoforte | Lubo\u0161 Sluka","robots":{"index":"index","follow":"follow","max-snippet":"max-snippet:-1","max-image-preview":"max-image-preview:large","max-video-preview":"max-video-preview:-1"},"canonical":"https:\/\/lubosluka.com\/en\/prodej-not\/vivat-ponrepo\/","og_locale":"en_US","og_type":"article","og_title":"VIVAT PONREPO per violino e pianoforte | Lubo\u0161 Sluka","og_description":"per violino e&nbsp;pianoforte Prof. Ivanovi \u017denat\u00e9mu! Ze suity Na pam\u011b\u0165 Jaroslava Je\u017eka aus der Suite Dem Andenken von Jaroslav Je\u017eek from the suite In Memory of Jaroslav Je\u017eek Arr. prof. Ivan \u017denat\u00fd (2017) ISMN 979-0-706554-40-2","og_url":"https:\/\/lubosluka.com\/en\/prodej-not\/vivat-ponrepo\/","og_site_name":"Lubo\u0161 Sluka","article_modified_time":"2024-02-24T23:04:32+00:00","og_image":[{"width":725,"height":1024,"url":"https:\/\/lubosluka.com\/wp-content\/uploads\/2019\/07\/0135_obalka-725x1024.png","type":"image\/png"}],"twitter_misc":{"Est. reading time":"1 minute"},"schema":{"@context":"https:\/\/schema.org","@graph":[{"@type":"WebPage","@id":"https:\/\/lubosluka.com\/en\/prodej-not\/vivat-ponrepo\/","url":"https:\/\/lubosluka.com\/en\/prodej-not\/vivat-ponrepo\/","name":"VIVAT PONREPO per violino e pianoforte | Lubo\u0161 Sluka","isPartOf":{"@id":"https:\/\/lubosluka.com\/en\/#website"},"primaryImageOfPage":{"@id":"https:\/\/lubosluka.com\/en\/prodej-not\/vivat-ponrepo\/#primaryimage"},"image":{"@id":"https:\/\/lubosluka.com\/en\/prodej-not\/vivat-ponrepo\/#primaryimage"},"thumbnailUrl":"https:\/\/lubosluka.com\/wp-content\/uploads\/2019\/07\/0135_obalka.png","datePublished":"2019-07-29T11:31:56+00:00","dateModified":"2024-02-24T23:04:32+00:00","breadcrumb":{"@id":"https:\/\/lubosluka.com\/en\/prodej-not\/vivat-ponrepo\/#breadcrumb"},"inLanguage":"en-US","potentialAction":[{"@type":"ReadAction","target":["https:\/\/lubosluka.com\/en\/prodej-not\/vivat-ponrepo\/"]}]},{"@type":"ImageObject","inLanguage":"en-US","@id":"https:\/\/lubosluka.com\/en\/prodej-not\/vivat-ponrepo\/#primaryimage","url":"https:\/\/lubosluka.com\/wp-content\/uploads\/2019\/07\/0135_obalka.png","contentUrl":"https:\/\/lubosluka.com\/wp-content\/uploads\/2019\/07\/0135_obalka.png","width":2486,"height":3509},{"@type":"BreadcrumbList","@id":"https:\/\/lubosluka.com\/en\/prodej-not\/vivat-ponrepo\/#breadcrumb","itemListElement":[{"@type":"ListItem","position":1,"name":"Editio Musica Humana","item":"https:\/\/lubosluka.com\/en\/editio-musica-humana\/"},{"@type":"ListItem","position":2,"name":"Shop","item":"https:\/\/lubosluka.com\/en\/shop\/"},{"@type":"ListItem","position":3,"name":"Chamber music","item":"https:\/\/lubosluka.com\/en\/note\/chamber-music\/"},{"@type":"ListItem","position":4,"name":"VIVAT PONREPO per violino e pianoforte"}]},{"@type":"WebSite","@id":"https:\/\/lubosluka.com\/en\/#website","url":"https:\/\/lubosluka.com\/en\/","name":"Lubo\u0161 Sluka","description":"hudebn\u00ed skladatel","potentialAction":[{"@type":"SearchAction","target":{"@type":"EntryPoint","urlTemplate":"https:\/\/lubosluka.com\/en\/?s={search_term_string}"},"query-input":{"@type":"PropertyValueSpecification","valueRequired":true,"valueName":"search_term_string"}}],"inLanguage":"en-US"}]}},"jetpack_sharing_enabled":true,"_links":{"self":[{"href":"https:\/\/lubosluka.com\/en\/wp-json\/wp\/v2\/product\/2828","targetHints":{"allow":["GET"]}}],"collection":[{"href":"https:\/\/lubosluka.com\/en\/wp-json\/wp\/v2\/product"}],"about":[{"href":"https:\/\/lubosluka.com\/en\/wp-json\/wp\/v2\/types\/product"}],"version-history":[{"count":2,"href":"https:\/\/lubosluka.com\/en\/wp-json\/wp\/v2\/product\/2828\/revisions"}],"predecessor-version":[{"id":7364,"href":"https:\/\/lubosluka.com\/en\/wp-json\/wp\/v2\/product\/2828\/revisions\/7364"}],"wp:featuredmedia":[{"embeddable":true,"href":"https:\/\/lubosluka.com\/en\/wp-json\/wp\/v2\/media\/7356"}],"wp:attachment":[{"href":"https:\/\/lubosluka.com\/en\/wp-json\/wp\/v2\/media?parent=2828"}],"wp:term":[{"taxonomy":"product_brand","embeddable":true,"href":"https:\/\/lubosluka.com\/en\/wp-json\/wp\/v2\/product_brand?post=2828"},{"taxonomy":"product_cat","embeddable":true,"href":"https:\/\/lubosluka.com\/en\/wp-json\/wp\/v2\/product_cat?post=2828"},{"taxonomy":"product_tag","embeddable":true,"href":"https:\/\/lubosluka.com\/en\/wp-json\/wp\/v2\/product_tag?post=2828"}],"curies":[{"name":"wp","href":"https:\/\/api.w.org\/{rel}","templated":true}]}}