{"id":8304,"date":"2023-12-28T16:44:48","date_gmt":"2023-12-28T15:44:48","guid":{"rendered":"https:\/\/lubosluka.com\/prodej-not\/quartetto-per-flauto-viola-and-violoncello\/"},"modified":"2023-12-28T16:44:48","modified_gmt":"2023-12-28T15:44:48","slug":"quartetto-per-flauto-viola-and-violoncello","status":"publish","type":"product","link":"https:\/\/lubosluka.com\/en\/prodej-not\/quartetto-per-flauto-viola-and-violoncello\/","title":{"rendered":"QUARTETTO per flauto, viola and violoncello"},"content":{"rendered":"<p><em>(Remembrance of J. A. Komensk\u00fd&#8217;s&nbsp;wanderings)<\/em><br \/>\n<em>(A&nbsp;Recollection of the wanderings by J. A. Komensk\u00fd)<\/em><\/p>\n<p>(1991-1992)<\/p>\n<p>SCORE AND PARTS<\/p>\n<p>63 pages<\/p>\n<p>ISMN 979-0-706554-24-2<\/p>\n","protected":false},"excerpt":{"rendered":"<p>(Remembrance of J. A. Komensk\u00fd&#8217;s&nbsp;wanderings) (A&nbsp;Recollection of the wanderings by J. A. Komensk\u00fd) (1991-1992) SCORE AND PARTS 63 pages ISMN 979-0-706554-24-2<\/p>\n","protected":false},"featured_media":4239,"template":"","meta":{"jetpack_post_was_ever_published":false,"jetpack_publicize_message":"","jetpack_publicize_feature_enabled":true,"jetpack_social_post_already_shared":true,"jetpack_social_options":{"image_generator_settings":{"template":"highway","enabled":false},"version":2}},"product_brand":[],"product_cat":[134,95,164,100,202],"product_tag":[],"class_list":{"0":"post-8304","1":"product","2":"type-product","3":"status-publish","4":"has-post-thumbnail","6":"product_cat-violoncello-en","7":"product_cat-chamber-music","8":"product_cat-flute","9":"product_cat-solo-instruments","10":"product_cat-viola-en","11":"pa_hudebni-nastroje-violoncello-en","12":"pa_hudebni-nastroje-soprano-flute","13":"pa_hudebni-nastroje-viola-en","15":"first","16":"instock","17":"shipping-taxable","18":"purchasable","19":"product-type-variable"},"jetpack_publicize_connections":[],"yoast_head":"<!-- This site is optimized with the Yoast SEO plugin v25.1 - https:\/\/yoast.com\/wordpress\/plugins\/seo\/ -->\n<title>QUARTETTO per flauto, viola and violoncello | Lubo\u0161 Sluka<\/title>\n<meta name=\"robots\" content=\"index, follow, max-snippet:-1, max-image-preview:large, max-video-preview:-1\" \/>\n<link rel=\"canonical\" href=\"https:\/\/lubosluka.com\/en\/prodej-not\/quartetto-per-flauto-viola-and-violoncello\/\" \/>\n<meta property=\"og:locale\" content=\"en_US\" \/>\n<meta property=\"og:type\" content=\"article\" \/>\n<meta property=\"og:title\" content=\"QUARTETTO per flauto, viola and violoncello | Lubo\u0161 Sluka\" \/>\n<meta property=\"og:description\" content=\"(Remembrance of J. A. Komensk\u00fd&#8217;s&nbsp;wanderings) (A&nbsp;Recollection of the wanderings by J. A. Komensk\u00fd) (1991-1992) SCORE AND PARTS 63 pages ISMN 979-0-706554-24-2\" \/>\n<meta property=\"og:url\" content=\"https:\/\/lubosluka.com\/en\/prodej-not\/quartetto-per-flauto-viola-and-violoncello\/\" \/>\n<meta property=\"og:site_name\" content=\"Lubo\u0161 Sluka\" \/>\n<meta property=\"og:image\" content=\"https:\/\/lubosluka.com\/wp-content\/uploads\/2023\/12\/0009_obalka.png\" \/>\n\t<meta property=\"og:image:width\" content=\"994\" \/>\n\t<meta property=\"og:image:height\" content=\"1403\" \/>\n\t<meta property=\"og:image:type\" content=\"image\/png\" \/>\n<script type=\"application\/ld+json\" class=\"yoast-schema-graph\">{\"@context\":\"https:\/\/schema.org\",\"@graph\":[{\"@type\":\"WebPage\",\"@id\":\"https:\/\/lubosluka.com\/en\/prodej-not\/quartetto-per-flauto-viola-and-violoncello\/\",\"url\":\"https:\/\/lubosluka.com\/en\/prodej-not\/quartetto-per-flauto-viola-and-violoncello\/\",\"name\":\"QUARTETTO per flauto, viola and violoncello | Lubo\u0161 Sluka\",\"isPartOf\":{\"@id\":\"https:\/\/lubosluka.com\/en\/#website\"},\"primaryImageOfPage\":{\"@id\":\"https:\/\/lubosluka.com\/en\/prodej-not\/quartetto-per-flauto-viola-and-violoncello\/#primaryimage\"},\"image\":{\"@id\":\"https:\/\/lubosluka.com\/en\/prodej-not\/quartetto-per-flauto-viola-and-violoncello\/#primaryimage\"},\"thumbnailUrl\":\"https:\/\/lubosluka.com\/wp-content\/uploads\/2023\/12\/0009_obalka.png\",\"datePublished\":\"2023-12-28T15:44:48+00:00\",\"breadcrumb\":{\"@id\":\"https:\/\/lubosluka.com\/en\/prodej-not\/quartetto-per-flauto-viola-and-violoncello\/#breadcrumb\"},\"inLanguage\":\"en-US\",\"potentialAction\":[{\"@type\":\"ReadAction\",\"target\":[\"https:\/\/lubosluka.com\/en\/prodej-not\/quartetto-per-flauto-viola-and-violoncello\/\"]}]},{\"@type\":\"ImageObject\",\"inLanguage\":\"en-US\",\"@id\":\"https:\/\/lubosluka.com\/en\/prodej-not\/quartetto-per-flauto-viola-and-violoncello\/#primaryimage\",\"url\":\"https:\/\/lubosluka.com\/wp-content\/uploads\/2023\/12\/0009_obalka.png\",\"contentUrl\":\"https:\/\/lubosluka.com\/wp-content\/uploads\/2023\/12\/0009_obalka.png\",\"width\":994,\"height\":1403},{\"@type\":\"BreadcrumbList\",\"@id\":\"https:\/\/lubosluka.com\/en\/prodej-not\/quartetto-per-flauto-viola-and-violoncello\/#breadcrumb\",\"itemListElement\":[{\"@type\":\"ListItem\",\"position\":1,\"name\":\"Editio Musica Humana\",\"item\":\"https:\/\/lubosluka.com\/en\/editio-musica-humana\/\"},{\"@type\":\"ListItem\",\"position\":2,\"name\":\"Shop\",\"item\":\"https:\/\/lubosluka.com\/en\/shop\/\"},{\"@type\":\"ListItem\",\"position\":3,\"name\":\"QUARTETTO per flauto, viola and violoncello\"}]},{\"@type\":\"WebSite\",\"@id\":\"https:\/\/lubosluka.com\/en\/#website\",\"url\":\"https:\/\/lubosluka.com\/en\/\",\"name\":\"Lubo\u0161 Sluka\",\"description\":\"hudebn\u00ed skladatel\",\"potentialAction\":[{\"@type\":\"SearchAction\",\"target\":{\"@type\":\"EntryPoint\",\"urlTemplate\":\"https:\/\/lubosluka.com\/en\/?s={search_term_string}\"},\"query-input\":{\"@type\":\"PropertyValueSpecification\",\"valueRequired\":true,\"valueName\":\"search_term_string\"}}],\"inLanguage\":\"en-US\"}]}<\/script>\n<!-- \/ Yoast SEO plugin. -->","yoast_head_json":{"title":"QUARTETTO per flauto, viola and violoncello | Lubo\u0161 Sluka","robots":{"index":"index","follow":"follow","max-snippet":"max-snippet:-1","max-image-preview":"max-image-preview:large","max-video-preview":"max-video-preview:-1"},"canonical":"https:\/\/lubosluka.com\/en\/prodej-not\/quartetto-per-flauto-viola-and-violoncello\/","og_locale":"en_US","og_type":"article","og_title":"QUARTETTO per flauto, viola and violoncello | Lubo\u0161 Sluka","og_description":"(Remembrance of J. A. Komensk\u00fd&#8217;s&nbsp;wanderings) (A&nbsp;Recollection of the wanderings by J. A. Komensk\u00fd) (1991-1992) SCORE AND PARTS 63 pages ISMN 979-0-706554-24-2","og_url":"https:\/\/lubosluka.com\/en\/prodej-not\/quartetto-per-flauto-viola-and-violoncello\/","og_site_name":"Lubo\u0161 Sluka","og_image":[{"width":994,"height":1403,"url":"https:\/\/lubosluka.com\/wp-content\/uploads\/2023\/12\/0009_obalka.png","type":"image\/png"}],"schema":{"@context":"https:\/\/schema.org","@graph":[{"@type":"WebPage","@id":"https:\/\/lubosluka.com\/en\/prodej-not\/quartetto-per-flauto-viola-and-violoncello\/","url":"https:\/\/lubosluka.com\/en\/prodej-not\/quartetto-per-flauto-viola-and-violoncello\/","name":"QUARTETTO per flauto, viola and violoncello | Lubo\u0161 Sluka","isPartOf":{"@id":"https:\/\/lubosluka.com\/en\/#website"},"primaryImageOfPage":{"@id":"https:\/\/lubosluka.com\/en\/prodej-not\/quartetto-per-flauto-viola-and-violoncello\/#primaryimage"},"image":{"@id":"https:\/\/lubosluka.com\/en\/prodej-not\/quartetto-per-flauto-viola-and-violoncello\/#primaryimage"},"thumbnailUrl":"https:\/\/lubosluka.com\/wp-content\/uploads\/2023\/12\/0009_obalka.png","datePublished":"2023-12-28T15:44:48+00:00","breadcrumb":{"@id":"https:\/\/lubosluka.com\/en\/prodej-not\/quartetto-per-flauto-viola-and-violoncello\/#breadcrumb"},"inLanguage":"en-US","potentialAction":[{"@type":"ReadAction","target":["https:\/\/lubosluka.com\/en\/prodej-not\/quartetto-per-flauto-viola-and-violoncello\/"]}]},{"@type":"ImageObject","inLanguage":"en-US","@id":"https:\/\/lubosluka.com\/en\/prodej-not\/quartetto-per-flauto-viola-and-violoncello\/#primaryimage","url":"https:\/\/lubosluka.com\/wp-content\/uploads\/2023\/12\/0009_obalka.png","contentUrl":"https:\/\/lubosluka.com\/wp-content\/uploads\/2023\/12\/0009_obalka.png","width":994,"height":1403},{"@type":"BreadcrumbList","@id":"https:\/\/lubosluka.com\/en\/prodej-not\/quartetto-per-flauto-viola-and-violoncello\/#breadcrumb","itemListElement":[{"@type":"ListItem","position":1,"name":"Editio Musica Humana","item":"https:\/\/lubosluka.com\/en\/editio-musica-humana\/"},{"@type":"ListItem","position":2,"name":"Shop","item":"https:\/\/lubosluka.com\/en\/shop\/"},{"@type":"ListItem","position":3,"name":"QUARTETTO per flauto, viola and violoncello"}]},{"@type":"WebSite","@id":"https:\/\/lubosluka.com\/en\/#website","url":"https:\/\/lubosluka.com\/en\/","name":"Lubo\u0161 Sluka","description":"hudebn\u00ed skladatel","potentialAction":[{"@type":"SearchAction","target":{"@type":"EntryPoint","urlTemplate":"https:\/\/lubosluka.com\/en\/?s={search_term_string}"},"query-input":{"@type":"PropertyValueSpecification","valueRequired":true,"valueName":"search_term_string"}}],"inLanguage":"en-US"}]}},"jetpack_sharing_enabled":true,"_links":{"self":[{"href":"https:\/\/lubosluka.com\/en\/wp-json\/wp\/v2\/product\/8304","targetHints":{"allow":["GET"]}}],"collection":[{"href":"https:\/\/lubosluka.com\/en\/wp-json\/wp\/v2\/product"}],"about":[{"href":"https:\/\/lubosluka.com\/en\/wp-json\/wp\/v2\/types\/product"}],"version-history":[{"count":0,"href":"https:\/\/lubosluka.com\/en\/wp-json\/wp\/v2\/product\/8304\/revisions"}],"wp:featuredmedia":[{"embeddable":true,"href":"https:\/\/lubosluka.com\/en\/wp-json\/wp\/v2\/media\/4239"}],"wp:attachment":[{"href":"https:\/\/lubosluka.com\/en\/wp-json\/wp\/v2\/media?parent=8304"}],"wp:term":[{"taxonomy":"product_brand","embeddable":true,"href":"https:\/\/lubosluka.com\/en\/wp-json\/wp\/v2\/product_brand?post=8304"},{"taxonomy":"product_cat","embeddable":true,"href":"https:\/\/lubosluka.com\/en\/wp-json\/wp\/v2\/product_cat?post=8304"},{"taxonomy":"product_tag","embeddable":true,"href":"https:\/\/lubosluka.com\/en\/wp-json\/wp\/v2\/product_tag?post=8304"}],"curies":[{"name":"wp","href":"https:\/\/api.w.org\/{rel}","templated":true}]}}