{"id":8347,"date":"2014-10-02T20:11:17","date_gmt":"2014-10-02T19:11:17","guid":{"rendered":"https:\/\/lubosluka.com\/prodej-not\/tre-composizioni-per-clarinetto-basso-e-pianoforte\/"},"modified":"2014-10-02T20:11:17","modified_gmt":"2014-10-02T19:11:17","slug":"tre-composizioni-per-clarinetto-basso-e-pianoforte","status":"publish","type":"product","link":"https:\/\/lubosluka.com\/en\/prodej-not\/tre-composizioni-per-clarinetto-basso-e-pianoforte\/","title":{"rendered":"TRE COMPOSIZIONI per clarinetto basso e&nbsp;pianoforte"},"content":{"rendered":"<h2>per clarinetto basso e&nbsp;pianoforte<\/h2>\n<p><em>Dedicated to Josef Hor\u00e1k and Emma Kov\u00e1rnov\u00e1 of the Czech Philharmonic Due Boemi di Praga!<\/em><\/p>\n<p>(1987)<\/p>\n<p>Rev. prof. Josef Hor\u00e1k<\/p>\n<p>I. Animato<br \/>\nII. Andante<br \/>\nIII. Allegretto<\/p>\n<p>Durata ca. 11 min.<\/p>\n<p>28 pages<\/p>\n<p>ISMN 979-0-706546-67-4<\/p>\n","protected":false},"excerpt":{"rendered":"<p>per clarinetto basso e&nbsp;pianoforte Dedicated to Josef Hor\u00e1k and Emma Kov\u00e1rnov\u00e1 of the Czech Philharmonic Due Boemi di Praga! (1987) Rev. prof. Josef Hor\u00e1k I. Animato II. Andante III. Allegretto Durata ca. 11 min. 28 pages ISMN 979-0-706546-67-4<\/p>\n","protected":false},"featured_media":4783,"template":"","meta":{"jetpack_post_was_ever_published":false,"jetpack_publicize_message":"","jetpack_publicize_feature_enabled":true,"jetpack_social_post_already_shared":false,"jetpack_social_options":{"image_generator_settings":{"template":"highway","enabled":false},"version":2}},"product_brand":[],"product_cat":[158,89,100],"product_tag":[],"class_list":{"0":"post-8347","1":"product","2":"type-product","3":"status-publish","4":"has-post-thumbnail","6":"product_cat-bass-clarinet","7":"product_cat-piano","8":"product_cat-solo-instruments","10":"first","11":"instock","12":"shipping-taxable","13":"purchasable","14":"product-type-variable"},"jetpack_publicize_connections":[],"yoast_head":"<!-- This site is optimized with the Yoast SEO plugin v25.1 - https:\/\/yoast.com\/wordpress\/plugins\/seo\/ -->\n<title>TRE COMPOSIZIONI per clarinetto basso e pianoforte | Lubo\u0161 Sluka<\/title>\n<meta name=\"robots\" content=\"index, follow, max-snippet:-1, max-image-preview:large, max-video-preview:-1\" \/>\n<link rel=\"canonical\" href=\"https:\/\/lubosluka.com\/en\/prodej-not\/tre-composizioni-per-clarinetto-basso-e-pianoforte\/\" \/>\n<meta property=\"og:locale\" content=\"en_US\" \/>\n<meta property=\"og:type\" content=\"article\" \/>\n<meta property=\"og:title\" content=\"TRE COMPOSIZIONI per clarinetto basso e pianoforte | Lubo\u0161 Sluka\" \/>\n<meta property=\"og:description\" content=\"per clarinetto basso e&nbsp;pianoforte Dedicated to Josef Hor\u00e1k and Emma Kov\u00e1rnov\u00e1 of the Czech Philharmonic Due Boemi di Praga! (1987) Rev. prof. Josef Hor\u00e1k I. Animato II. Andante III. Allegretto Durata ca. 11 min. 28 pages ISMN 979-0-706546-67-4\" \/>\n<meta property=\"og:url\" content=\"https:\/\/lubosluka.com\/en\/prodej-not\/tre-composizioni-per-clarinetto-basso-e-pianoforte\/\" \/>\n<meta property=\"og:site_name\" content=\"Lubo\u0161 Sluka\" \/>\n<meta property=\"og:image\" content=\"https:\/\/lubosluka.com\/wp-content\/uploads\/2014\/10\/0034_obalka-725x1024.png\" \/>\n\t<meta property=\"og:image:width\" content=\"725\" \/>\n\t<meta property=\"og:image:height\" content=\"1024\" \/>\n\t<meta property=\"og:image:type\" content=\"image\/png\" \/>\n<script type=\"application\/ld+json\" class=\"yoast-schema-graph\">{\"@context\":\"https:\/\/schema.org\",\"@graph\":[{\"@type\":\"WebPage\",\"@id\":\"https:\/\/lubosluka.com\/en\/prodej-not\/tre-composizioni-per-clarinetto-basso-e-pianoforte\/\",\"url\":\"https:\/\/lubosluka.com\/en\/prodej-not\/tre-composizioni-per-clarinetto-basso-e-pianoforte\/\",\"name\":\"TRE COMPOSIZIONI per clarinetto basso e pianoforte | Lubo\u0161 Sluka\",\"isPartOf\":{\"@id\":\"https:\/\/lubosluka.com\/en\/#website\"},\"primaryImageOfPage\":{\"@id\":\"https:\/\/lubosluka.com\/en\/prodej-not\/tre-composizioni-per-clarinetto-basso-e-pianoforte\/#primaryimage\"},\"image\":{\"@id\":\"https:\/\/lubosluka.com\/en\/prodej-not\/tre-composizioni-per-clarinetto-basso-e-pianoforte\/#primaryimage\"},\"thumbnailUrl\":\"https:\/\/lubosluka.com\/wp-content\/uploads\/2014\/10\/0034_obalka.png\",\"datePublished\":\"2014-10-02T19:11:17+00:00\",\"breadcrumb\":{\"@id\":\"https:\/\/lubosluka.com\/en\/prodej-not\/tre-composizioni-per-clarinetto-basso-e-pianoforte\/#breadcrumb\"},\"inLanguage\":\"en-US\",\"potentialAction\":[{\"@type\":\"ReadAction\",\"target\":[\"https:\/\/lubosluka.com\/en\/prodej-not\/tre-composizioni-per-clarinetto-basso-e-pianoforte\/\"]}]},{\"@type\":\"ImageObject\",\"inLanguage\":\"en-US\",\"@id\":\"https:\/\/lubosluka.com\/en\/prodej-not\/tre-composizioni-per-clarinetto-basso-e-pianoforte\/#primaryimage\",\"url\":\"https:\/\/lubosluka.com\/wp-content\/uploads\/2014\/10\/0034_obalka.png\",\"contentUrl\":\"https:\/\/lubosluka.com\/wp-content\/uploads\/2014\/10\/0034_obalka.png\",\"width\":2486,\"height\":3509},{\"@type\":\"BreadcrumbList\",\"@id\":\"https:\/\/lubosluka.com\/en\/prodej-not\/tre-composizioni-per-clarinetto-basso-e-pianoforte\/#breadcrumb\",\"itemListElement\":[{\"@type\":\"ListItem\",\"position\":1,\"name\":\"Editio Musica Humana\",\"item\":\"https:\/\/lubosluka.com\/en\/editio-musica-humana\/\"},{\"@type\":\"ListItem\",\"position\":2,\"name\":\"Shop\",\"item\":\"https:\/\/lubosluka.com\/en\/shop\/\"},{\"@type\":\"ListItem\",\"position\":3,\"name\":\"TRE COMPOSIZIONI per clarinetto basso e&nbsp;pianoforte\"}]},{\"@type\":\"WebSite\",\"@id\":\"https:\/\/lubosluka.com\/en\/#website\",\"url\":\"https:\/\/lubosluka.com\/en\/\",\"name\":\"Lubo\u0161 Sluka\",\"description\":\"hudebn\u00ed skladatel\",\"potentialAction\":[{\"@type\":\"SearchAction\",\"target\":{\"@type\":\"EntryPoint\",\"urlTemplate\":\"https:\/\/lubosluka.com\/en\/?s={search_term_string}\"},\"query-input\":{\"@type\":\"PropertyValueSpecification\",\"valueRequired\":true,\"valueName\":\"search_term_string\"}}],\"inLanguage\":\"en-US\"}]}<\/script>\n<!-- \/ Yoast SEO plugin. -->","yoast_head_json":{"title":"TRE COMPOSIZIONI per clarinetto basso e pianoforte | Lubo\u0161 Sluka","robots":{"index":"index","follow":"follow","max-snippet":"max-snippet:-1","max-image-preview":"max-image-preview:large","max-video-preview":"max-video-preview:-1"},"canonical":"https:\/\/lubosluka.com\/en\/prodej-not\/tre-composizioni-per-clarinetto-basso-e-pianoforte\/","og_locale":"en_US","og_type":"article","og_title":"TRE COMPOSIZIONI per clarinetto basso e pianoforte | Lubo\u0161 Sluka","og_description":"per clarinetto basso e&nbsp;pianoforte Dedicated to Josef Hor\u00e1k and Emma Kov\u00e1rnov\u00e1 of the Czech Philharmonic Due Boemi di Praga! (1987) Rev. prof. Josef Hor\u00e1k I. Animato II. Andante III. Allegretto Durata ca. 11 min. 28 pages ISMN 979-0-706546-67-4","og_url":"https:\/\/lubosluka.com\/en\/prodej-not\/tre-composizioni-per-clarinetto-basso-e-pianoforte\/","og_site_name":"Lubo\u0161 Sluka","og_image":[{"width":725,"height":1024,"url":"https:\/\/lubosluka.com\/wp-content\/uploads\/2014\/10\/0034_obalka-725x1024.png","type":"image\/png"}],"schema":{"@context":"https:\/\/schema.org","@graph":[{"@type":"WebPage","@id":"https:\/\/lubosluka.com\/en\/prodej-not\/tre-composizioni-per-clarinetto-basso-e-pianoforte\/","url":"https:\/\/lubosluka.com\/en\/prodej-not\/tre-composizioni-per-clarinetto-basso-e-pianoforte\/","name":"TRE COMPOSIZIONI per clarinetto basso e pianoforte | Lubo\u0161 Sluka","isPartOf":{"@id":"https:\/\/lubosluka.com\/en\/#website"},"primaryImageOfPage":{"@id":"https:\/\/lubosluka.com\/en\/prodej-not\/tre-composizioni-per-clarinetto-basso-e-pianoforte\/#primaryimage"},"image":{"@id":"https:\/\/lubosluka.com\/en\/prodej-not\/tre-composizioni-per-clarinetto-basso-e-pianoforte\/#primaryimage"},"thumbnailUrl":"https:\/\/lubosluka.com\/wp-content\/uploads\/2014\/10\/0034_obalka.png","datePublished":"2014-10-02T19:11:17+00:00","breadcrumb":{"@id":"https:\/\/lubosluka.com\/en\/prodej-not\/tre-composizioni-per-clarinetto-basso-e-pianoforte\/#breadcrumb"},"inLanguage":"en-US","potentialAction":[{"@type":"ReadAction","target":["https:\/\/lubosluka.com\/en\/prodej-not\/tre-composizioni-per-clarinetto-basso-e-pianoforte\/"]}]},{"@type":"ImageObject","inLanguage":"en-US","@id":"https:\/\/lubosluka.com\/en\/prodej-not\/tre-composizioni-per-clarinetto-basso-e-pianoforte\/#primaryimage","url":"https:\/\/lubosluka.com\/wp-content\/uploads\/2014\/10\/0034_obalka.png","contentUrl":"https:\/\/lubosluka.com\/wp-content\/uploads\/2014\/10\/0034_obalka.png","width":2486,"height":3509},{"@type":"BreadcrumbList","@id":"https:\/\/lubosluka.com\/en\/prodej-not\/tre-composizioni-per-clarinetto-basso-e-pianoforte\/#breadcrumb","itemListElement":[{"@type":"ListItem","position":1,"name":"Editio Musica Humana","item":"https:\/\/lubosluka.com\/en\/editio-musica-humana\/"},{"@type":"ListItem","position":2,"name":"Shop","item":"https:\/\/lubosluka.com\/en\/shop\/"},{"@type":"ListItem","position":3,"name":"TRE COMPOSIZIONI per clarinetto basso e&nbsp;pianoforte"}]},{"@type":"WebSite","@id":"https:\/\/lubosluka.com\/en\/#website","url":"https:\/\/lubosluka.com\/en\/","name":"Lubo\u0161 Sluka","description":"hudebn\u00ed skladatel","potentialAction":[{"@type":"SearchAction","target":{"@type":"EntryPoint","urlTemplate":"https:\/\/lubosluka.com\/en\/?s={search_term_string}"},"query-input":{"@type":"PropertyValueSpecification","valueRequired":true,"valueName":"search_term_string"}}],"inLanguage":"en-US"}]}},"jetpack_sharing_enabled":true,"_links":{"self":[{"href":"https:\/\/lubosluka.com\/en\/wp-json\/wp\/v2\/product\/8347","targetHints":{"allow":["GET"]}}],"collection":[{"href":"https:\/\/lubosluka.com\/en\/wp-json\/wp\/v2\/product"}],"about":[{"href":"https:\/\/lubosluka.com\/en\/wp-json\/wp\/v2\/types\/product"}],"version-history":[{"count":0,"href":"https:\/\/lubosluka.com\/en\/wp-json\/wp\/v2\/product\/8347\/revisions"}],"wp:featuredmedia":[{"embeddable":true,"href":"https:\/\/lubosluka.com\/en\/wp-json\/wp\/v2\/media\/4783"}],"wp:attachment":[{"href":"https:\/\/lubosluka.com\/en\/wp-json\/wp\/v2\/media?parent=8347"}],"wp:term":[{"taxonomy":"product_brand","embeddable":true,"href":"https:\/\/lubosluka.com\/en\/wp-json\/wp\/v2\/product_brand?post=8347"},{"taxonomy":"product_cat","embeddable":true,"href":"https:\/\/lubosluka.com\/en\/wp-json\/wp\/v2\/product_cat?post=8347"},{"taxonomy":"product_tag","embeddable":true,"href":"https:\/\/lubosluka.com\/en\/wp-json\/wp\/v2\/product_tag?post=8347"}],"curies":[{"name":"wp","href":"https:\/\/api.w.org\/{rel}","templated":true}]}}