{"id":8750,"date":"2019-07-25T14:00:20","date_gmt":"2019-07-25T13:00:20","guid":{"rendered":"https:\/\/lubosluka.com\/prodej-not\/martinek-and-the-kings-for-childrens-choir-and-piano-to-words-by-milona-cepelka\/"},"modified":"2019-07-25T14:00:20","modified_gmt":"2019-07-25T13:00:20","slug":"martinek-and-the-kings-for-childrens-choir-and-piano-to-words-by-milona-cepelka","status":"publish","type":"product","link":"https:\/\/lubosluka.com\/en\/prodej-not\/martinek-and-the-kings-for-childrens-choir-and-piano-to-words-by-milona-cepelka\/","title":{"rendered":"MART\u00cdNEK AND THE KINGS for children&#8217;s&nbsp;choir and piano to words by Milona \u010cepelka"},"content":{"rendered":"<p>for children&#8217;s&nbsp;choir and piano to words by Milona \u010cepelka<\/p>\n<p>CONTENTS<br \/>\n1. When it gets dark<br \/>\n2. What are you eating?<br \/>\n3. For heaven&#8217;s&nbsp;sake<br \/>\n4. Friday will be a&nbsp;big day<br \/>\n5. Mr. Voh\u00e1\u0148ka is angry<br \/>\n6. I&nbsp;have new rabbit friends<br \/>\n7. The robbers are already stealing<br \/>\n8. Word of Honour<br \/>\n9. Yolk, egg white<\/p>\n<p>34 pages<\/p>\n<p>ISMN 979-0-706554-26-6<\/p>\n","protected":false},"excerpt":{"rendered":"<p>for children&#8217;s&nbsp;choir and piano to words by Milona \u010cepelka CONTENTS 1. When it gets dark 2. What are you eating? 3. For heaven&#8217;s&nbsp;sake 4. Friday will be a&nbsp;big day 5. Mr. Voh\u00e1\u0148ka is angry 6. I&nbsp;have new rabbit friends 7. &hellip; <a href=\"https:\/\/lubosluka.com\/en\/prodej-not\/martinek-and-the-kings-for-childrens-choir-and-piano-to-words-by-milona-cepelka\/\">Continue reading <span class=\"meta-nav\">&rarr;<\/span><\/a><\/p>\n","protected":false},"featured_media":7167,"template":"","meta":{"jetpack_post_was_ever_published":false,"jetpack_publicize_message":"","jetpack_publicize_feature_enabled":true,"jetpack_social_post_already_shared":true,"jetpack_social_options":{"image_generator_settings":{"template":"highway","enabled":false},"version":2}},"product_brand":[],"product_cat":[195,102],"product_tag":[],"class_list":{"0":"post-8750","1":"product","2":"type-product","3":"status-publish","4":"has-post-thumbnail","6":"product_cat-childrens-choir","7":"product_cat-singing","9":"first","10":"instock","11":"shipping-taxable","12":"purchasable","13":"product-type-variable"},"jetpack_publicize_connections":[],"yoast_head":"<!-- This site is optimized with the Yoast SEO plugin v25.1 - https:\/\/yoast.com\/wordpress\/plugins\/seo\/ -->\n<title>MART\u00cdNEK AND THE KINGS for children&#039;s choir and piano to words by Milona \u010cepelka | Lubo\u0161 Sluka<\/title>\n<meta name=\"robots\" content=\"index, follow, max-snippet:-1, max-image-preview:large, max-video-preview:-1\" \/>\n<link rel=\"canonical\" href=\"https:\/\/lubosluka.com\/en\/prodej-not\/martinek-and-the-kings-for-childrens-choir-and-piano-to-words-by-milona-cepelka\/\" \/>\n<meta property=\"og:locale\" content=\"en_US\" \/>\n<meta property=\"og:type\" content=\"article\" \/>\n<meta property=\"og:title\" content=\"MART\u00cdNEK AND THE KINGS for children&#039;s choir and piano to words by Milona \u010cepelka | Lubo\u0161 Sluka\" \/>\n<meta property=\"og:description\" content=\"for children&#8217;s&nbsp;choir and piano to words by Milona \u010cepelka CONTENTS 1. When it gets dark 2. What are you eating? 3. For heaven&#8217;s&nbsp;sake 4. Friday will be a&nbsp;big day 5. Mr. Voh\u00e1\u0148ka is angry 6. I&nbsp;have new rabbit friends 7. &hellip; Continue reading &rarr;\" \/>\n<meta property=\"og:url\" content=\"https:\/\/lubosluka.com\/en\/prodej-not\/martinek-and-the-kings-for-childrens-choir-and-piano-to-words-by-milona-cepelka\/\" \/>\n<meta property=\"og:site_name\" content=\"Lubo\u0161 Sluka\" \/>\n<meta property=\"og:image\" content=\"https:\/\/lubosluka.com\/wp-content\/uploads\/2019\/07\/0124_obalka.png\" \/>\n\t<meta property=\"og:image:width\" content=\"2486\" \/>\n\t<meta property=\"og:image:height\" content=\"3509\" \/>\n\t<meta property=\"og:image:type\" content=\"image\/png\" \/>\n<script type=\"application\/ld+json\" class=\"yoast-schema-graph\">{\"@context\":\"https:\/\/schema.org\",\"@graph\":[{\"@type\":\"WebPage\",\"@id\":\"https:\/\/lubosluka.com\/en\/prodej-not\/martinek-and-the-kings-for-childrens-choir-and-piano-to-words-by-milona-cepelka\/\",\"url\":\"https:\/\/lubosluka.com\/en\/prodej-not\/martinek-and-the-kings-for-childrens-choir-and-piano-to-words-by-milona-cepelka\/\",\"name\":\"MART\u00cdNEK AND THE KINGS for children's choir and piano to words by Milona \u010cepelka | Lubo\u0161 Sluka\",\"isPartOf\":{\"@id\":\"https:\/\/lubosluka.com\/en\/#website\"},\"primaryImageOfPage\":{\"@id\":\"https:\/\/lubosluka.com\/en\/prodej-not\/martinek-and-the-kings-for-childrens-choir-and-piano-to-words-by-milona-cepelka\/#primaryimage\"},\"image\":{\"@id\":\"https:\/\/lubosluka.com\/en\/prodej-not\/martinek-and-the-kings-for-childrens-choir-and-piano-to-words-by-milona-cepelka\/#primaryimage\"},\"thumbnailUrl\":\"https:\/\/lubosluka.com\/wp-content\/uploads\/2019\/07\/0124_obalka.png\",\"datePublished\":\"2019-07-25T13:00:20+00:00\",\"breadcrumb\":{\"@id\":\"https:\/\/lubosluka.com\/en\/prodej-not\/martinek-and-the-kings-for-childrens-choir-and-piano-to-words-by-milona-cepelka\/#breadcrumb\"},\"inLanguage\":\"en-US\",\"potentialAction\":[{\"@type\":\"ReadAction\",\"target\":[\"https:\/\/lubosluka.com\/en\/prodej-not\/martinek-and-the-kings-for-childrens-choir-and-piano-to-words-by-milona-cepelka\/\"]}]},{\"@type\":\"ImageObject\",\"inLanguage\":\"en-US\",\"@id\":\"https:\/\/lubosluka.com\/en\/prodej-not\/martinek-and-the-kings-for-childrens-choir-and-piano-to-words-by-milona-cepelka\/#primaryimage\",\"url\":\"https:\/\/lubosluka.com\/wp-content\/uploads\/2019\/07\/0124_obalka.png\",\"contentUrl\":\"https:\/\/lubosluka.com\/wp-content\/uploads\/2019\/07\/0124_obalka.png\",\"width\":2486,\"height\":3509},{\"@type\":\"BreadcrumbList\",\"@id\":\"https:\/\/lubosluka.com\/en\/prodej-not\/martinek-and-the-kings-for-childrens-choir-and-piano-to-words-by-milona-cepelka\/#breadcrumb\",\"itemListElement\":[{\"@type\":\"ListItem\",\"position\":1,\"name\":\"Editio Musica Humana\",\"item\":\"https:\/\/lubosluka.com\/en\/editio-musica-humana\/\"},{\"@type\":\"ListItem\",\"position\":2,\"name\":\"Shop\",\"item\":\"https:\/\/lubosluka.com\/en\/shop\/\"},{\"@type\":\"ListItem\",\"position\":3,\"name\":\"MART\u00cdNEK AND THE KINGS for children&#8217;s&nbsp;choir and piano to words by Milona \u010cepelka\"}]},{\"@type\":\"WebSite\",\"@id\":\"https:\/\/lubosluka.com\/en\/#website\",\"url\":\"https:\/\/lubosluka.com\/en\/\",\"name\":\"Lubo\u0161 Sluka\",\"description\":\"hudebn\u00ed skladatel\",\"potentialAction\":[{\"@type\":\"SearchAction\",\"target\":{\"@type\":\"EntryPoint\",\"urlTemplate\":\"https:\/\/lubosluka.com\/en\/?s={search_term_string}\"},\"query-input\":{\"@type\":\"PropertyValueSpecification\",\"valueRequired\":true,\"valueName\":\"search_term_string\"}}],\"inLanguage\":\"en-US\"}]}<\/script>\n<!-- \/ Yoast SEO plugin. -->","yoast_head_json":{"title":"MART\u00cdNEK AND THE KINGS for children's choir and piano to words by Milona \u010cepelka | Lubo\u0161 Sluka","robots":{"index":"index","follow":"follow","max-snippet":"max-snippet:-1","max-image-preview":"max-image-preview:large","max-video-preview":"max-video-preview:-1"},"canonical":"https:\/\/lubosluka.com\/en\/prodej-not\/martinek-and-the-kings-for-childrens-choir-and-piano-to-words-by-milona-cepelka\/","og_locale":"en_US","og_type":"article","og_title":"MART\u00cdNEK AND THE KINGS for children's choir and piano to words by Milona \u010cepelka | Lubo\u0161 Sluka","og_description":"for children&#8217;s&nbsp;choir and piano to words by Milona \u010cepelka CONTENTS 1. When it gets dark 2. What are you eating? 3. For heaven&#8217;s&nbsp;sake 4. Friday will be a&nbsp;big day 5. Mr. Voh\u00e1\u0148ka is angry 6. I&nbsp;have new rabbit friends 7. &hellip; Continue reading &rarr;","og_url":"https:\/\/lubosluka.com\/en\/prodej-not\/martinek-and-the-kings-for-childrens-choir-and-piano-to-words-by-milona-cepelka\/","og_site_name":"Lubo\u0161 Sluka","og_image":[{"width":2486,"height":3509,"url":"https:\/\/lubosluka.com\/wp-content\/uploads\/2019\/07\/0124_obalka.png","type":"image\/png"}],"schema":{"@context":"https:\/\/schema.org","@graph":[{"@type":"WebPage","@id":"https:\/\/lubosluka.com\/en\/prodej-not\/martinek-and-the-kings-for-childrens-choir-and-piano-to-words-by-milona-cepelka\/","url":"https:\/\/lubosluka.com\/en\/prodej-not\/martinek-and-the-kings-for-childrens-choir-and-piano-to-words-by-milona-cepelka\/","name":"MART\u00cdNEK AND THE KINGS for children's choir and piano to words by Milona \u010cepelka | Lubo\u0161 Sluka","isPartOf":{"@id":"https:\/\/lubosluka.com\/en\/#website"},"primaryImageOfPage":{"@id":"https:\/\/lubosluka.com\/en\/prodej-not\/martinek-and-the-kings-for-childrens-choir-and-piano-to-words-by-milona-cepelka\/#primaryimage"},"image":{"@id":"https:\/\/lubosluka.com\/en\/prodej-not\/martinek-and-the-kings-for-childrens-choir-and-piano-to-words-by-milona-cepelka\/#primaryimage"},"thumbnailUrl":"https:\/\/lubosluka.com\/wp-content\/uploads\/2019\/07\/0124_obalka.png","datePublished":"2019-07-25T13:00:20+00:00","breadcrumb":{"@id":"https:\/\/lubosluka.com\/en\/prodej-not\/martinek-and-the-kings-for-childrens-choir-and-piano-to-words-by-milona-cepelka\/#breadcrumb"},"inLanguage":"en-US","potentialAction":[{"@type":"ReadAction","target":["https:\/\/lubosluka.com\/en\/prodej-not\/martinek-and-the-kings-for-childrens-choir-and-piano-to-words-by-milona-cepelka\/"]}]},{"@type":"ImageObject","inLanguage":"en-US","@id":"https:\/\/lubosluka.com\/en\/prodej-not\/martinek-and-the-kings-for-childrens-choir-and-piano-to-words-by-milona-cepelka\/#primaryimage","url":"https:\/\/lubosluka.com\/wp-content\/uploads\/2019\/07\/0124_obalka.png","contentUrl":"https:\/\/lubosluka.com\/wp-content\/uploads\/2019\/07\/0124_obalka.png","width":2486,"height":3509},{"@type":"BreadcrumbList","@id":"https:\/\/lubosluka.com\/en\/prodej-not\/martinek-and-the-kings-for-childrens-choir-and-piano-to-words-by-milona-cepelka\/#breadcrumb","itemListElement":[{"@type":"ListItem","position":1,"name":"Editio Musica Humana","item":"https:\/\/lubosluka.com\/en\/editio-musica-humana\/"},{"@type":"ListItem","position":2,"name":"Shop","item":"https:\/\/lubosluka.com\/en\/shop\/"},{"@type":"ListItem","position":3,"name":"MART\u00cdNEK AND THE KINGS for children&#8217;s&nbsp;choir and piano to words by Milona \u010cepelka"}]},{"@type":"WebSite","@id":"https:\/\/lubosluka.com\/en\/#website","url":"https:\/\/lubosluka.com\/en\/","name":"Lubo\u0161 Sluka","description":"hudebn\u00ed skladatel","potentialAction":[{"@type":"SearchAction","target":{"@type":"EntryPoint","urlTemplate":"https:\/\/lubosluka.com\/en\/?s={search_term_string}"},"query-input":{"@type":"PropertyValueSpecification","valueRequired":true,"valueName":"search_term_string"}}],"inLanguage":"en-US"}]}},"jetpack_sharing_enabled":true,"_links":{"self":[{"href":"https:\/\/lubosluka.com\/en\/wp-json\/wp\/v2\/product\/8750","targetHints":{"allow":["GET"]}}],"collection":[{"href":"https:\/\/lubosluka.com\/en\/wp-json\/wp\/v2\/product"}],"about":[{"href":"https:\/\/lubosluka.com\/en\/wp-json\/wp\/v2\/types\/product"}],"version-history":[{"count":0,"href":"https:\/\/lubosluka.com\/en\/wp-json\/wp\/v2\/product\/8750\/revisions"}],"wp:featuredmedia":[{"embeddable":true,"href":"https:\/\/lubosluka.com\/en\/wp-json\/wp\/v2\/media\/7167"}],"wp:attachment":[{"href":"https:\/\/lubosluka.com\/en\/wp-json\/wp\/v2\/media?parent=8750"}],"wp:term":[{"taxonomy":"product_brand","embeddable":true,"href":"https:\/\/lubosluka.com\/en\/wp-json\/wp\/v2\/product_brand?post=8750"},{"taxonomy":"product_cat","embeddable":true,"href":"https:\/\/lubosluka.com\/en\/wp-json\/wp\/v2\/product_cat?post=8750"},{"taxonomy":"product_tag","embeddable":true,"href":"https:\/\/lubosluka.com\/en\/wp-json\/wp\/v2\/product_tag?post=8750"}],"curies":[{"name":"wp","href":"https:\/\/api.w.org\/{rel}","templated":true}]}}