{"id":8759,"date":"2019-07-29T11:10:16","date_gmt":"2019-07-29T10:10:16","guid":{"rendered":"https:\/\/lubosluka.com\/prodej-not\/songs-of-love-for-middle-voice-and-piano\/"},"modified":"2024-03-10T09:04:33","modified_gmt":"2024-03-10T08:04:33","slug":"songs-of-love-for-middle-voice-and-piano","status":"publish","type":"product","link":"https:\/\/lubosluka.com\/en\/prodej-not\/songs-of-love-for-middle-voice-and-piano\/","title":{"rendered":"SONGS OF LOVE for middle voice and piano"},"content":{"rendered":"<p>for middle voice and piano<\/p>\n<p><em>Maru\u0161ka Mat\u011bjkov\u00e1!<\/em><\/p>\n<p>Content:<br \/>\n1) I&nbsp;wander the woods<br \/>\n2) Grass bed<br \/>\n3) They seemed, they seemed<br \/>\n4) Why this love is fickle<\/p>\n<p>Durata 16 min.<\/p>\n<p>(2017)<\/p>\n<p>18 pages<\/p>\n<p>ISMN 979-0-706554-30-3<\/p>\n","protected":false},"excerpt":{"rendered":"<p>for middle voice and piano Maru\u0161ka Mat\u011bjkov\u00e1! Content: 1) I&nbsp;wander the woods 2) Grass bed 3) They seemed, they seemed 4) Why this love is fickle Durata 16 min. (2017) 18 pages ISMN 979-0-706554-30-3<\/p>\n","protected":false},"featured_media":7203,"template":"","meta":{"jetpack_post_was_ever_published":false,"jetpack_publicize_message":"","jetpack_publicize_feature_enabled":true,"jetpack_social_post_already_shared":true,"jetpack_social_options":{"image_generator_settings":{"template":"highway","enabled":false},"version":2}},"product_brand":[],"product_cat":[102],"product_tag":[],"class_list":{"0":"post-8759","1":"product","2":"type-product","3":"status-publish","4":"has-post-thumbnail","6":"product_cat-singing","8":"first","9":"instock","10":"shipping-taxable","11":"purchasable","12":"product-type-variable"},"jetpack_publicize_connections":[],"yoast_head":"<!-- This site is optimized with the Yoast SEO plugin v25.1 - https:\/\/yoast.com\/wordpress\/plugins\/seo\/ -->\n<title>SONGS OF LOVE for middle voice and piano | Lubo\u0161 Sluka<\/title>\n<meta name=\"robots\" content=\"index, follow, max-snippet:-1, max-image-preview:large, max-video-preview:-1\" \/>\n<link rel=\"canonical\" href=\"https:\/\/lubosluka.com\/en\/prodej-not\/songs-of-love-for-middle-voice-and-piano\/\" \/>\n<meta property=\"og:locale\" content=\"en_US\" \/>\n<meta property=\"og:type\" content=\"article\" \/>\n<meta property=\"og:title\" content=\"SONGS OF LOVE for middle voice and piano | Lubo\u0161 Sluka\" \/>\n<meta property=\"og:description\" content=\"for middle voice and piano Maru\u0161ka Mat\u011bjkov\u00e1! Content: 1) I&nbsp;wander the woods 2) Grass bed 3) They seemed, they seemed 4) Why this love is fickle Durata 16 min. (2017) 18 pages ISMN 979-0-706554-30-3\" \/>\n<meta property=\"og:url\" content=\"https:\/\/lubosluka.com\/en\/prodej-not\/songs-of-love-for-middle-voice-and-piano\/\" \/>\n<meta property=\"og:site_name\" content=\"Lubo\u0161 Sluka\" \/>\n<meta property=\"article:modified_time\" content=\"2024-03-10T08:04:33+00:00\" \/>\n<meta property=\"og:image\" content=\"https:\/\/lubosluka.com\/wp-content\/uploads\/2019\/07\/0126_obalka.png\" \/>\n\t<meta property=\"og:image:width\" content=\"2486\" \/>\n\t<meta property=\"og:image:height\" content=\"3509\" \/>\n\t<meta property=\"og:image:type\" content=\"image\/png\" \/>\n<script type=\"application\/ld+json\" class=\"yoast-schema-graph\">{\"@context\":\"https:\/\/schema.org\",\"@graph\":[{\"@type\":\"WebPage\",\"@id\":\"https:\/\/lubosluka.com\/en\/prodej-not\/songs-of-love-for-middle-voice-and-piano\/\",\"url\":\"https:\/\/lubosluka.com\/en\/prodej-not\/songs-of-love-for-middle-voice-and-piano\/\",\"name\":\"SONGS OF LOVE for middle voice and piano | Lubo\u0161 Sluka\",\"isPartOf\":{\"@id\":\"https:\/\/lubosluka.com\/en\/#website\"},\"primaryImageOfPage\":{\"@id\":\"https:\/\/lubosluka.com\/en\/prodej-not\/songs-of-love-for-middle-voice-and-piano\/#primaryimage\"},\"image\":{\"@id\":\"https:\/\/lubosluka.com\/en\/prodej-not\/songs-of-love-for-middle-voice-and-piano\/#primaryimage\"},\"thumbnailUrl\":\"https:\/\/lubosluka.com\/wp-content\/uploads\/2019\/07\/0126_obalka.png\",\"datePublished\":\"2019-07-29T10:10:16+00:00\",\"dateModified\":\"2024-03-10T08:04:33+00:00\",\"breadcrumb\":{\"@id\":\"https:\/\/lubosluka.com\/en\/prodej-not\/songs-of-love-for-middle-voice-and-piano\/#breadcrumb\"},\"inLanguage\":\"en-US\",\"potentialAction\":[{\"@type\":\"ReadAction\",\"target\":[\"https:\/\/lubosluka.com\/en\/prodej-not\/songs-of-love-for-middle-voice-and-piano\/\"]}]},{\"@type\":\"ImageObject\",\"inLanguage\":\"en-US\",\"@id\":\"https:\/\/lubosluka.com\/en\/prodej-not\/songs-of-love-for-middle-voice-and-piano\/#primaryimage\",\"url\":\"https:\/\/lubosluka.com\/wp-content\/uploads\/2019\/07\/0126_obalka.png\",\"contentUrl\":\"https:\/\/lubosluka.com\/wp-content\/uploads\/2019\/07\/0126_obalka.png\",\"width\":2486,\"height\":3509},{\"@type\":\"BreadcrumbList\",\"@id\":\"https:\/\/lubosluka.com\/en\/prodej-not\/songs-of-love-for-middle-voice-and-piano\/#breadcrumb\",\"itemListElement\":[{\"@type\":\"ListItem\",\"position\":1,\"name\":\"Editio Musica Humana\",\"item\":\"https:\/\/lubosluka.com\/en\/editio-musica-humana\/\"},{\"@type\":\"ListItem\",\"position\":2,\"name\":\"Shop\",\"item\":\"https:\/\/lubosluka.com\/en\/shop\/\"},{\"@type\":\"ListItem\",\"position\":3,\"name\":\"Singing\",\"item\":\"https:\/\/lubosluka.com\/en\/note\/singing\/\"},{\"@type\":\"ListItem\",\"position\":4,\"name\":\"SONGS OF LOVE for middle voice and piano\"}]},{\"@type\":\"WebSite\",\"@id\":\"https:\/\/lubosluka.com\/en\/#website\",\"url\":\"https:\/\/lubosluka.com\/en\/\",\"name\":\"Lubo\u0161 Sluka\",\"description\":\"hudebn\u00ed skladatel\",\"potentialAction\":[{\"@type\":\"SearchAction\",\"target\":{\"@type\":\"EntryPoint\",\"urlTemplate\":\"https:\/\/lubosluka.com\/en\/?s={search_term_string}\"},\"query-input\":{\"@type\":\"PropertyValueSpecification\",\"valueRequired\":true,\"valueName\":\"search_term_string\"}}],\"inLanguage\":\"en-US\"}]}<\/script>\n<!-- \/ Yoast SEO plugin. -->","yoast_head_json":{"title":"SONGS OF LOVE for middle voice and piano | Lubo\u0161 Sluka","robots":{"index":"index","follow":"follow","max-snippet":"max-snippet:-1","max-image-preview":"max-image-preview:large","max-video-preview":"max-video-preview:-1"},"canonical":"https:\/\/lubosluka.com\/en\/prodej-not\/songs-of-love-for-middle-voice-and-piano\/","og_locale":"en_US","og_type":"article","og_title":"SONGS OF LOVE for middle voice and piano | Lubo\u0161 Sluka","og_description":"for middle voice and piano Maru\u0161ka Mat\u011bjkov\u00e1! Content: 1) I&nbsp;wander the woods 2) Grass bed 3) They seemed, they seemed 4) Why this love is fickle Durata 16 min. (2017) 18 pages ISMN 979-0-706554-30-3","og_url":"https:\/\/lubosluka.com\/en\/prodej-not\/songs-of-love-for-middle-voice-and-piano\/","og_site_name":"Lubo\u0161 Sluka","article_modified_time":"2024-03-10T08:04:33+00:00","og_image":[{"width":2486,"height":3509,"url":"https:\/\/lubosluka.com\/wp-content\/uploads\/2019\/07\/0126_obalka.png","type":"image\/png"}],"schema":{"@context":"https:\/\/schema.org","@graph":[{"@type":"WebPage","@id":"https:\/\/lubosluka.com\/en\/prodej-not\/songs-of-love-for-middle-voice-and-piano\/","url":"https:\/\/lubosluka.com\/en\/prodej-not\/songs-of-love-for-middle-voice-and-piano\/","name":"SONGS OF LOVE for middle voice and piano | Lubo\u0161 Sluka","isPartOf":{"@id":"https:\/\/lubosluka.com\/en\/#website"},"primaryImageOfPage":{"@id":"https:\/\/lubosluka.com\/en\/prodej-not\/songs-of-love-for-middle-voice-and-piano\/#primaryimage"},"image":{"@id":"https:\/\/lubosluka.com\/en\/prodej-not\/songs-of-love-for-middle-voice-and-piano\/#primaryimage"},"thumbnailUrl":"https:\/\/lubosluka.com\/wp-content\/uploads\/2019\/07\/0126_obalka.png","datePublished":"2019-07-29T10:10:16+00:00","dateModified":"2024-03-10T08:04:33+00:00","breadcrumb":{"@id":"https:\/\/lubosluka.com\/en\/prodej-not\/songs-of-love-for-middle-voice-and-piano\/#breadcrumb"},"inLanguage":"en-US","potentialAction":[{"@type":"ReadAction","target":["https:\/\/lubosluka.com\/en\/prodej-not\/songs-of-love-for-middle-voice-and-piano\/"]}]},{"@type":"ImageObject","inLanguage":"en-US","@id":"https:\/\/lubosluka.com\/en\/prodej-not\/songs-of-love-for-middle-voice-and-piano\/#primaryimage","url":"https:\/\/lubosluka.com\/wp-content\/uploads\/2019\/07\/0126_obalka.png","contentUrl":"https:\/\/lubosluka.com\/wp-content\/uploads\/2019\/07\/0126_obalka.png","width":2486,"height":3509},{"@type":"BreadcrumbList","@id":"https:\/\/lubosluka.com\/en\/prodej-not\/songs-of-love-for-middle-voice-and-piano\/#breadcrumb","itemListElement":[{"@type":"ListItem","position":1,"name":"Editio Musica Humana","item":"https:\/\/lubosluka.com\/en\/editio-musica-humana\/"},{"@type":"ListItem","position":2,"name":"Shop","item":"https:\/\/lubosluka.com\/en\/shop\/"},{"@type":"ListItem","position":3,"name":"Singing","item":"https:\/\/lubosluka.com\/en\/note\/singing\/"},{"@type":"ListItem","position":4,"name":"SONGS OF LOVE for middle voice and piano"}]},{"@type":"WebSite","@id":"https:\/\/lubosluka.com\/en\/#website","url":"https:\/\/lubosluka.com\/en\/","name":"Lubo\u0161 Sluka","description":"hudebn\u00ed skladatel","potentialAction":[{"@type":"SearchAction","target":{"@type":"EntryPoint","urlTemplate":"https:\/\/lubosluka.com\/en\/?s={search_term_string}"},"query-input":{"@type":"PropertyValueSpecification","valueRequired":true,"valueName":"search_term_string"}}],"inLanguage":"en-US"}]}},"jetpack_sharing_enabled":true,"_links":{"self":[{"href":"https:\/\/lubosluka.com\/en\/wp-json\/wp\/v2\/product\/8759","targetHints":{"allow":["GET"]}}],"collection":[{"href":"https:\/\/lubosluka.com\/en\/wp-json\/wp\/v2\/product"}],"about":[{"href":"https:\/\/lubosluka.com\/en\/wp-json\/wp\/v2\/types\/product"}],"version-history":[{"count":1,"href":"https:\/\/lubosluka.com\/en\/wp-json\/wp\/v2\/product\/8759\/revisions"}],"predecessor-version":[{"id":8776,"href":"https:\/\/lubosluka.com\/en\/wp-json\/wp\/v2\/product\/8759\/revisions\/8776"}],"wp:featuredmedia":[{"embeddable":true,"href":"https:\/\/lubosluka.com\/en\/wp-json\/wp\/v2\/media\/7203"}],"wp:attachment":[{"href":"https:\/\/lubosluka.com\/en\/wp-json\/wp\/v2\/media?parent=8759"}],"wp:term":[{"taxonomy":"product_brand","embeddable":true,"href":"https:\/\/lubosluka.com\/en\/wp-json\/wp\/v2\/product_brand?post=8759"},{"taxonomy":"product_cat","embeddable":true,"href":"https:\/\/lubosluka.com\/en\/wp-json\/wp\/v2\/product_cat?post=8759"},{"taxonomy":"product_tag","embeddable":true,"href":"https:\/\/lubosluka.com\/en\/wp-json\/wp\/v2\/product_tag?post=8759"}],"curies":[{"name":"wp","href":"https:\/\/api.w.org\/{rel}","templated":true}]}}