{"id":9250,"date":"2014-10-09T05:58:42","date_gmt":"2014-10-09T04:58:42","guid":{"rendered":"https:\/\/lubosluka.com\/prodej-not\/two-songs-for-middle-voice-cello-and-piano\/"},"modified":"2014-10-09T05:58:42","modified_gmt":"2014-10-09T04:58:42","slug":"two-songs-for-middle-voice-cello-and-piano","status":"publish","type":"product","link":"https:\/\/lubosluka.com\/en\/prodej-not\/two-songs-for-middle-voice-cello-and-piano\/","title":{"rendered":"TWO SONGS for middle voice, cello and piano"},"content":{"rendered":"<h2>for middle voice, cello and piano<\/h2>\n<p>WHEN MUSIC SOUNDS (2002)<br \/>\n<em>Milo\u0161 S\u00e1dl on the occasion of 90. Birthday<\/em><\/p>\n<p>OLD SONG (2010)<br \/>\n<em>To the bright memory of my friend Stanislav Apol\u00edn!<\/em><\/p>\n<p>14 pages<\/p>\n<p>ISMN 979-0-706546-49-0<\/p>\n","protected":false},"excerpt":{"rendered":"<p>for middle voice, cello and piano WHEN MUSIC SOUNDS (2002) Milo\u0161 S\u00e1dl on the occasion of 90. Birthday OLD SONG (2010) To the bright memory of my friend Stanislav Apol\u00edn! 14 pages ISMN 979-0-706546-49-0<\/p>\n","protected":false},"featured_media":6885,"template":"","meta":{"jetpack_post_was_ever_published":false,"jetpack_publicize_message":"","jetpack_publicize_feature_enabled":true,"jetpack_social_post_already_shared":true,"jetpack_social_options":{"image_generator_settings":{"template":"highway","enabled":false},"version":2}},"product_brand":[],"product_cat":[134,102],"product_tag":[],"class_list":{"0":"post-9250","1":"product","2":"type-product","3":"status-publish","4":"has-post-thumbnail","6":"product_cat-violoncello-en","7":"product_cat-singing","9":"first","10":"instock","11":"shipping-taxable","12":"purchasable","13":"product-type-variable"},"jetpack_publicize_connections":[],"yoast_head":"<!-- This site is optimized with the Yoast SEO plugin v25.1 - https:\/\/yoast.com\/wordpress\/plugins\/seo\/ -->\n<title>TWO SONGS for middle voice, cello and piano | Lubo\u0161 Sluka<\/title>\n<meta name=\"robots\" content=\"index, follow, max-snippet:-1, max-image-preview:large, max-video-preview:-1\" \/>\n<link rel=\"canonical\" href=\"https:\/\/lubosluka.com\/en\/prodej-not\/two-songs-for-middle-voice-cello-and-piano\/\" \/>\n<meta property=\"og:locale\" content=\"en_US\" \/>\n<meta property=\"og:type\" content=\"article\" \/>\n<meta property=\"og:title\" content=\"TWO SONGS for middle voice, cello and piano | Lubo\u0161 Sluka\" \/>\n<meta property=\"og:description\" content=\"for middle voice, cello and piano WHEN MUSIC SOUNDS (2002) Milo\u0161 S\u00e1dl on the occasion of 90. Birthday OLD SONG (2010) To the bright memory of my friend Stanislav Apol\u00edn! 14 pages ISMN 979-0-706546-49-0\" \/>\n<meta property=\"og:url\" content=\"https:\/\/lubosluka.com\/en\/prodej-not\/two-songs-for-middle-voice-cello-and-piano\/\" \/>\n<meta property=\"og:site_name\" content=\"Lubo\u0161 Sluka\" \/>\n<meta property=\"og:image\" content=\"https:\/\/lubosluka.com\/wp-content\/uploads\/2014\/10\/0111_obalka.png\" \/>\n\t<meta property=\"og:image:width\" content=\"2486\" \/>\n\t<meta property=\"og:image:height\" content=\"3509\" \/>\n\t<meta property=\"og:image:type\" content=\"image\/png\" \/>\n<script type=\"application\/ld+json\" class=\"yoast-schema-graph\">{\"@context\":\"https:\/\/schema.org\",\"@graph\":[{\"@type\":\"WebPage\",\"@id\":\"https:\/\/lubosluka.com\/en\/prodej-not\/two-songs-for-middle-voice-cello-and-piano\/\",\"url\":\"https:\/\/lubosluka.com\/en\/prodej-not\/two-songs-for-middle-voice-cello-and-piano\/\",\"name\":\"TWO SONGS for middle voice, cello and piano | Lubo\u0161 Sluka\",\"isPartOf\":{\"@id\":\"https:\/\/lubosluka.com\/en\/#website\"},\"primaryImageOfPage\":{\"@id\":\"https:\/\/lubosluka.com\/en\/prodej-not\/two-songs-for-middle-voice-cello-and-piano\/#primaryimage\"},\"image\":{\"@id\":\"https:\/\/lubosluka.com\/en\/prodej-not\/two-songs-for-middle-voice-cello-and-piano\/#primaryimage\"},\"thumbnailUrl\":\"https:\/\/lubosluka.com\/wp-content\/uploads\/2014\/10\/0111_obalka.png\",\"datePublished\":\"2014-10-09T04:58:42+00:00\",\"breadcrumb\":{\"@id\":\"https:\/\/lubosluka.com\/en\/prodej-not\/two-songs-for-middle-voice-cello-and-piano\/#breadcrumb\"},\"inLanguage\":\"en-US\",\"potentialAction\":[{\"@type\":\"ReadAction\",\"target\":[\"https:\/\/lubosluka.com\/en\/prodej-not\/two-songs-for-middle-voice-cello-and-piano\/\"]}]},{\"@type\":\"ImageObject\",\"inLanguage\":\"en-US\",\"@id\":\"https:\/\/lubosluka.com\/en\/prodej-not\/two-songs-for-middle-voice-cello-and-piano\/#primaryimage\",\"url\":\"https:\/\/lubosluka.com\/wp-content\/uploads\/2014\/10\/0111_obalka.png\",\"contentUrl\":\"https:\/\/lubosluka.com\/wp-content\/uploads\/2014\/10\/0111_obalka.png\",\"width\":2486,\"height\":3509},{\"@type\":\"BreadcrumbList\",\"@id\":\"https:\/\/lubosluka.com\/en\/prodej-not\/two-songs-for-middle-voice-cello-and-piano\/#breadcrumb\",\"itemListElement\":[{\"@type\":\"ListItem\",\"position\":1,\"name\":\"Editio Musica Humana\",\"item\":\"https:\/\/lubosluka.com\/en\/editio-musica-humana\/\"},{\"@type\":\"ListItem\",\"position\":2,\"name\":\"Shop\",\"item\":\"https:\/\/lubosluka.com\/en\/shop\/\"},{\"@type\":\"ListItem\",\"position\":3,\"name\":\"TWO SONGS for middle voice, cello and piano\"}]},{\"@type\":\"WebSite\",\"@id\":\"https:\/\/lubosluka.com\/en\/#website\",\"url\":\"https:\/\/lubosluka.com\/en\/\",\"name\":\"Lubo\u0161 Sluka\",\"description\":\"hudebn\u00ed skladatel\",\"potentialAction\":[{\"@type\":\"SearchAction\",\"target\":{\"@type\":\"EntryPoint\",\"urlTemplate\":\"https:\/\/lubosluka.com\/en\/?s={search_term_string}\"},\"query-input\":{\"@type\":\"PropertyValueSpecification\",\"valueRequired\":true,\"valueName\":\"search_term_string\"}}],\"inLanguage\":\"en-US\"}]}<\/script>\n<!-- \/ Yoast SEO plugin. -->","yoast_head_json":{"title":"TWO SONGS for middle voice, cello and piano | Lubo\u0161 Sluka","robots":{"index":"index","follow":"follow","max-snippet":"max-snippet:-1","max-image-preview":"max-image-preview:large","max-video-preview":"max-video-preview:-1"},"canonical":"https:\/\/lubosluka.com\/en\/prodej-not\/two-songs-for-middle-voice-cello-and-piano\/","og_locale":"en_US","og_type":"article","og_title":"TWO SONGS for middle voice, cello and piano | Lubo\u0161 Sluka","og_description":"for middle voice, cello and piano WHEN MUSIC SOUNDS (2002) Milo\u0161 S\u00e1dl on the occasion of 90. Birthday OLD SONG (2010) To the bright memory of my friend Stanislav Apol\u00edn! 14 pages ISMN 979-0-706546-49-0","og_url":"https:\/\/lubosluka.com\/en\/prodej-not\/two-songs-for-middle-voice-cello-and-piano\/","og_site_name":"Lubo\u0161 Sluka","og_image":[{"width":2486,"height":3509,"url":"https:\/\/lubosluka.com\/wp-content\/uploads\/2014\/10\/0111_obalka.png","type":"image\/png"}],"schema":{"@context":"https:\/\/schema.org","@graph":[{"@type":"WebPage","@id":"https:\/\/lubosluka.com\/en\/prodej-not\/two-songs-for-middle-voice-cello-and-piano\/","url":"https:\/\/lubosluka.com\/en\/prodej-not\/two-songs-for-middle-voice-cello-and-piano\/","name":"TWO SONGS for middle voice, cello and piano | Lubo\u0161 Sluka","isPartOf":{"@id":"https:\/\/lubosluka.com\/en\/#website"},"primaryImageOfPage":{"@id":"https:\/\/lubosluka.com\/en\/prodej-not\/two-songs-for-middle-voice-cello-and-piano\/#primaryimage"},"image":{"@id":"https:\/\/lubosluka.com\/en\/prodej-not\/two-songs-for-middle-voice-cello-and-piano\/#primaryimage"},"thumbnailUrl":"https:\/\/lubosluka.com\/wp-content\/uploads\/2014\/10\/0111_obalka.png","datePublished":"2014-10-09T04:58:42+00:00","breadcrumb":{"@id":"https:\/\/lubosluka.com\/en\/prodej-not\/two-songs-for-middle-voice-cello-and-piano\/#breadcrumb"},"inLanguage":"en-US","potentialAction":[{"@type":"ReadAction","target":["https:\/\/lubosluka.com\/en\/prodej-not\/two-songs-for-middle-voice-cello-and-piano\/"]}]},{"@type":"ImageObject","inLanguage":"en-US","@id":"https:\/\/lubosluka.com\/en\/prodej-not\/two-songs-for-middle-voice-cello-and-piano\/#primaryimage","url":"https:\/\/lubosluka.com\/wp-content\/uploads\/2014\/10\/0111_obalka.png","contentUrl":"https:\/\/lubosluka.com\/wp-content\/uploads\/2014\/10\/0111_obalka.png","width":2486,"height":3509},{"@type":"BreadcrumbList","@id":"https:\/\/lubosluka.com\/en\/prodej-not\/two-songs-for-middle-voice-cello-and-piano\/#breadcrumb","itemListElement":[{"@type":"ListItem","position":1,"name":"Editio Musica Humana","item":"https:\/\/lubosluka.com\/en\/editio-musica-humana\/"},{"@type":"ListItem","position":2,"name":"Shop","item":"https:\/\/lubosluka.com\/en\/shop\/"},{"@type":"ListItem","position":3,"name":"TWO SONGS for middle voice, cello and piano"}]},{"@type":"WebSite","@id":"https:\/\/lubosluka.com\/en\/#website","url":"https:\/\/lubosluka.com\/en\/","name":"Lubo\u0161 Sluka","description":"hudebn\u00ed skladatel","potentialAction":[{"@type":"SearchAction","target":{"@type":"EntryPoint","urlTemplate":"https:\/\/lubosluka.com\/en\/?s={search_term_string}"},"query-input":{"@type":"PropertyValueSpecification","valueRequired":true,"valueName":"search_term_string"}}],"inLanguage":"en-US"}]}},"jetpack_sharing_enabled":true,"_links":{"self":[{"href":"https:\/\/lubosluka.com\/en\/wp-json\/wp\/v2\/product\/9250","targetHints":{"allow":["GET"]}}],"collection":[{"href":"https:\/\/lubosluka.com\/en\/wp-json\/wp\/v2\/product"}],"about":[{"href":"https:\/\/lubosluka.com\/en\/wp-json\/wp\/v2\/types\/product"}],"version-history":[{"count":0,"href":"https:\/\/lubosluka.com\/en\/wp-json\/wp\/v2\/product\/9250\/revisions"}],"wp:featuredmedia":[{"embeddable":true,"href":"https:\/\/lubosluka.com\/en\/wp-json\/wp\/v2\/media\/6885"}],"wp:attachment":[{"href":"https:\/\/lubosluka.com\/en\/wp-json\/wp\/v2\/media?parent=9250"}],"wp:term":[{"taxonomy":"product_brand","embeddable":true,"href":"https:\/\/lubosluka.com\/en\/wp-json\/wp\/v2\/product_brand?post=9250"},{"taxonomy":"product_cat","embeddable":true,"href":"https:\/\/lubosluka.com\/en\/wp-json\/wp\/v2\/product_cat?post=9250"},{"taxonomy":"product_tag","embeddable":true,"href":"https:\/\/lubosluka.com\/en\/wp-json\/wp\/v2\/product_tag?post=9250"}],"curies":[{"name":"wp","href":"https:\/\/api.w.org\/{rel}","templated":true}]}}