{"id":2822,"date":"2019-07-29T11:57:20","date_gmt":"2019-07-29T10:57:20","guid":{"rendered":"https:\/\/lubosluka.com\/?post_type=product&#038;p=2822"},"modified":"2024-02-24T19:08:23","modified_gmt":"2024-02-24T18:08:23","slug":"adventni-zpevy","status":"publish","type":"product","link":"https:\/\/lubosluka.com\/ja\/prodej-not\/adventni-zpevy\/","title":{"rendered":"ADVENTN\u00cd ZP\u011aVY pro zp\u011bv, hoboj (nebo fl\u00e9tnu, trubku) a&nbsp;varhany"},"content":{"rendered":"<p>pro zp\u011bv, hoboj (nebo fl\u00e9tnu, trubku) a&nbsp;varhany<br \/>\nStaro\u010desk\u00e9 ror\u00e1tn\u00ed p\u00edsn\u011b v&nbsp;harmonizac\u00edch <strong>Ji\u0159\u00edho Strejce<\/strong><\/p>\n<p><em>Jakubovi Hrub\u00e9mu, Janu Thurimu, Petru Hostinsk\u00e9mu!<\/em><\/p>\n<p>(2015)<\/p>\n<p>30 stran<\/p>\n<p>ISMN 979-0-706554-35-8<\/p>\n","protected":false},"excerpt":{"rendered":"<p>pro zp\u011bv, hoboj (nebo fl\u00e9tnu, trubku) a&#038; &hellip; <a href=\"https:\/\/lubosluka.com\/ja\/prodej-not\/adventni-zpevy\/\">Continue reading <span class=\"meta-nav\">&rarr;<\/span><\/a><\/p>\n","protected":false},"featured_media":7262,"template":"","meta":{"jetpack_post_was_ever_published":false,"jetpack_publicize_message":"","jetpack_publicize_feature_enabled":true,"jetpack_social_post_already_shared":true,"jetpack_social_options":{"image_generator_settings":{"template":"highway","enabled":false},"version":2}},"product_brand":[],"product_cat":[40,30,47,48],"product_tag":[],"class_list":{"0":"post-2822","1":"product","2":"type-product","3":"status-publish","4":"has-post-thumbnail","6":"product_cat-trubka","7":"product_cat-hoboj","8":"product_cat-varhany","9":"product_cat-zpev","11":"first","12":"instock","13":"shipping-taxable","14":"purchasable","15":"product-type-variable"},"jetpack_publicize_connections":[],"yoast_head":"<!-- This site is optimized with the Yoast SEO plugin v25.1 - https:\/\/yoast.com\/wordpress\/plugins\/seo\/ -->\n<title>ADVENTN\u00cd ZP\u011aVY pro zp\u011bv, hoboj (nebo fl\u00e9tnu, trubku) a varhany | Lubo\u0161 Sluka<\/title>\n<meta name=\"robots\" content=\"index, follow, max-snippet:-1, max-image-preview:large, max-video-preview:-1\" \/>\n<link rel=\"canonical\" href=\"https:\/\/lubosluka.com\/ja\/prodej-not\/adventni-zpevy\/\" \/>\n<meta property=\"og:locale\" content=\"ja_JP\" \/>\n<meta property=\"og:type\" content=\"article\" \/>\n<meta property=\"og:title\" content=\"ADVENTN\u00cd ZP\u011aVY pro zp\u011bv, hoboj (nebo fl\u00e9tnu, trubku) a varhany | Lubo\u0161 Sluka\" \/>\n<meta property=\"og:description\" content=\"pro zp\u011bv, hoboj (nebo fl\u00e9tnu, trubku) a&amp; &hellip; Continue reading &rarr;\" \/>\n<meta property=\"og:url\" content=\"https:\/\/lubosluka.com\/ja\/prodej-not\/adventni-zpevy\/\" \/>\n<meta property=\"og:site_name\" content=\"Lubo\u0161 Sluka\" \/>\n<meta property=\"article:modified_time\" content=\"2024-02-24T18:08:23+00:00\" \/>\n<meta property=\"og:image\" content=\"https:\/\/lubosluka.com\/wp-content\/uploads\/2019\/07\/0130_obalka.png\" \/>\n\t<meta property=\"og:image:width\" content=\"2486\" \/>\n\t<meta property=\"og:image:height\" content=\"3509\" \/>\n\t<meta property=\"og:image:type\" content=\"image\/png\" \/>\n<meta name=\"twitter:label1\" content=\"\u63a8\u5b9a\u8aad\u307f\u53d6\u308a\u6642\u9593\" \/>\n\t<meta name=\"twitter:data1\" content=\"1\u5206\" \/>\n<script type=\"application\/ld+json\" class=\"yoast-schema-graph\">{\"@context\":\"https:\/\/schema.org\",\"@graph\":[{\"@type\":\"WebPage\",\"@id\":\"https:\/\/lubosluka.com\/ja\/prodej-not\/adventni-zpevy\/\",\"url\":\"https:\/\/lubosluka.com\/ja\/prodej-not\/adventni-zpevy\/\",\"name\":\"ADVENTN\u00cd ZP\u011aVY pro zp\u011bv, hoboj (nebo fl\u00e9tnu, trubku) a varhany | Lubo\u0161 Sluka\",\"isPartOf\":{\"@id\":\"https:\/\/lubosluka.com\/ja\/#website\"},\"primaryImageOfPage\":{\"@id\":\"https:\/\/lubosluka.com\/ja\/prodej-not\/adventni-zpevy\/#primaryimage\"},\"image\":{\"@id\":\"https:\/\/lubosluka.com\/ja\/prodej-not\/adventni-zpevy\/#primaryimage\"},\"thumbnailUrl\":\"https:\/\/lubosluka.com\/wp-content\/uploads\/2019\/07\/0130_obalka.png\",\"datePublished\":\"2019-07-29T10:57:20+00:00\",\"dateModified\":\"2024-02-24T18:08:23+00:00\",\"breadcrumb\":{\"@id\":\"https:\/\/lubosluka.com\/ja\/prodej-not\/adventni-zpevy\/#breadcrumb\"},\"inLanguage\":\"ja\",\"potentialAction\":[{\"@type\":\"ReadAction\",\"target\":[\"https:\/\/lubosluka.com\/ja\/prodej-not\/adventni-zpevy\/\"]}]},{\"@type\":\"ImageObject\",\"inLanguage\":\"ja\",\"@id\":\"https:\/\/lubosluka.com\/ja\/prodej-not\/adventni-zpevy\/#primaryimage\",\"url\":\"https:\/\/lubosluka.com\/wp-content\/uploads\/2019\/07\/0130_obalka.png\",\"contentUrl\":\"https:\/\/lubosluka.com\/wp-content\/uploads\/2019\/07\/0130_obalka.png\",\"width\":2486,\"height\":3509},{\"@type\":\"BreadcrumbList\",\"@id\":\"https:\/\/lubosluka.com\/ja\/prodej-not\/adventni-zpevy\/#breadcrumb\",\"itemListElement\":[{\"@type\":\"ListItem\",\"position\":1,\"name\":\"Editio Musica Humana\",\"item\":\"https:\/\/lubosluka.com\/ja\/%e3%82%a8%e3%83%87%e3%82%a3%e3%82%b7%e3%82%aa%e3%83%bb%e3%83%a0%e3%82%b8%e3%82%ab%e3%83%bb%e3%83%95%e3%83%9e%e3%83%bc%e3%83%8a\/\"},{\"@type\":\"ListItem\",\"position\":2,\"name\":\"\u30b7\u30e7\u30c3\u30d7\",\"item\":\"https:\/\/lubosluka.com\/ja\/%e3%82%b7%e3%83%a7%e3%83%83%e3%83%97\/\"},{\"@type\":\"ListItem\",\"position\":3,\"name\":\"\u6b4c\u3046\",\"item\":\"https:\/\/lubosluka.com\/ja\/\u5099\u8003\/%e6%ad%8c%e3%81%86\/\"},{\"@type\":\"ListItem\",\"position\":4,\"name\":\"ADVENTN\u00cd ZP\u011aVY pro zp\u011bv, hoboj (nebo fl\u00e9tnu, trubku) a varhany\"}]},{\"@type\":\"WebSite\",\"@id\":\"https:\/\/lubosluka.com\/ja\/#website\",\"url\":\"https:\/\/lubosluka.com\/ja\/\",\"name\":\"Lubo\u0161 Sluka\",\"description\":\"hudebn\u00ed skladatel\",\"potentialAction\":[{\"@type\":\"SearchAction\",\"target\":{\"@type\":\"EntryPoint\",\"urlTemplate\":\"https:\/\/lubosluka.com\/ja\/?s={search_term_string}\"},\"query-input\":{\"@type\":\"PropertyValueSpecification\",\"valueRequired\":true,\"valueName\":\"search_term_string\"}}],\"inLanguage\":\"ja\"}]}<\/script>\n<!-- \/ Yoast SEO plugin. -->","yoast_head_json":{"title":"ADVENTN\u00cd ZP\u011aVY pro zp\u011bv, hoboj (nebo fl\u00e9tnu, trubku) a varhany | Lubo\u0161 Sluka","robots":{"index":"index","follow":"follow","max-snippet":"max-snippet:-1","max-image-preview":"max-image-preview:large","max-video-preview":"max-video-preview:-1"},"canonical":"https:\/\/lubosluka.com\/ja\/prodej-not\/adventni-zpevy\/","og_locale":"ja_JP","og_type":"article","og_title":"ADVENTN\u00cd ZP\u011aVY pro zp\u011bv, hoboj (nebo fl\u00e9tnu, trubku) a varhany | Lubo\u0161 Sluka","og_description":"pro zp\u011bv, hoboj (nebo fl\u00e9tnu, trubku) a& &hellip; Continue reading &rarr;","og_url":"https:\/\/lubosluka.com\/ja\/prodej-not\/adventni-zpevy\/","og_site_name":"Lubo\u0161 Sluka","article_modified_time":"2024-02-24T18:08:23+00:00","og_image":[{"width":2486,"height":3509,"url":"https:\/\/lubosluka.com\/wp-content\/uploads\/2019\/07\/0130_obalka.png","type":"image\/png"}],"twitter_misc":{"\u63a8\u5b9a\u8aad\u307f\u53d6\u308a\u6642\u9593":"1\u5206"},"schema":{"@context":"https:\/\/schema.org","@graph":[{"@type":"WebPage","@id":"https:\/\/lubosluka.com\/ja\/prodej-not\/adventni-zpevy\/","url":"https:\/\/lubosluka.com\/ja\/prodej-not\/adventni-zpevy\/","name":"ADVENTN\u00cd ZP\u011aVY pro zp\u011bv, hoboj (nebo fl\u00e9tnu, trubku) a varhany | Lubo\u0161 Sluka","isPartOf":{"@id":"https:\/\/lubosluka.com\/ja\/#website"},"primaryImageOfPage":{"@id":"https:\/\/lubosluka.com\/ja\/prodej-not\/adventni-zpevy\/#primaryimage"},"image":{"@id":"https:\/\/lubosluka.com\/ja\/prodej-not\/adventni-zpevy\/#primaryimage"},"thumbnailUrl":"https:\/\/lubosluka.com\/wp-content\/uploads\/2019\/07\/0130_obalka.png","datePublished":"2019-07-29T10:57:20+00:00","dateModified":"2024-02-24T18:08:23+00:00","breadcrumb":{"@id":"https:\/\/lubosluka.com\/ja\/prodej-not\/adventni-zpevy\/#breadcrumb"},"inLanguage":"ja","potentialAction":[{"@type":"ReadAction","target":["https:\/\/lubosluka.com\/ja\/prodej-not\/adventni-zpevy\/"]}]},{"@type":"ImageObject","inLanguage":"ja","@id":"https:\/\/lubosluka.com\/ja\/prodej-not\/adventni-zpevy\/#primaryimage","url":"https:\/\/lubosluka.com\/wp-content\/uploads\/2019\/07\/0130_obalka.png","contentUrl":"https:\/\/lubosluka.com\/wp-content\/uploads\/2019\/07\/0130_obalka.png","width":2486,"height":3509},{"@type":"BreadcrumbList","@id":"https:\/\/lubosluka.com\/ja\/prodej-not\/adventni-zpevy\/#breadcrumb","itemListElement":[{"@type":"ListItem","position":1,"name":"Editio Musica Humana","item":"https:\/\/lubosluka.com\/ja\/%e3%82%a8%e3%83%87%e3%82%a3%e3%82%b7%e3%82%aa%e3%83%bb%e3%83%a0%e3%82%b8%e3%82%ab%e3%83%bb%e3%83%95%e3%83%9e%e3%83%bc%e3%83%8a\/"},{"@type":"ListItem","position":2,"name":"\u30b7\u30e7\u30c3\u30d7","item":"https:\/\/lubosluka.com\/ja\/%e3%82%b7%e3%83%a7%e3%83%83%e3%83%97\/"},{"@type":"ListItem","position":3,"name":"\u6b4c\u3046","item":"https:\/\/lubosluka.com\/ja\/\u5099\u8003\/%e6%ad%8c%e3%81%86\/"},{"@type":"ListItem","position":4,"name":"ADVENTN\u00cd ZP\u011aVY pro zp\u011bv, hoboj (nebo fl\u00e9tnu, trubku) a varhany"}]},{"@type":"WebSite","@id":"https:\/\/lubosluka.com\/ja\/#website","url":"https:\/\/lubosluka.com\/ja\/","name":"Lubo\u0161 Sluka","description":"hudebn\u00ed skladatel","potentialAction":[{"@type":"SearchAction","target":{"@type":"EntryPoint","urlTemplate":"https:\/\/lubosluka.com\/ja\/?s={search_term_string}"},"query-input":{"@type":"PropertyValueSpecification","valueRequired":true,"valueName":"search_term_string"}}],"inLanguage":"ja"}]}},"jetpack_sharing_enabled":true,"_links":{"self":[{"href":"https:\/\/lubosluka.com\/ja\/wp-json\/wp\/v2\/product\/2822","targetHints":{"allow":["GET"]}}],"collection":[{"href":"https:\/\/lubosluka.com\/ja\/wp-json\/wp\/v2\/product"}],"about":[{"href":"https:\/\/lubosluka.com\/ja\/wp-json\/wp\/v2\/types\/product"}],"version-history":[{"count":1,"href":"https:\/\/lubosluka.com\/ja\/wp-json\/wp\/v2\/product\/2822\/revisions"}],"predecessor-version":[{"id":7280,"href":"https:\/\/lubosluka.com\/ja\/wp-json\/wp\/v2\/product\/2822\/revisions\/7280"}],"wp:featuredmedia":[{"embeddable":true,"href":"https:\/\/lubosluka.com\/ja\/wp-json\/wp\/v2\/media\/7262"}],"wp:attachment":[{"href":"https:\/\/lubosluka.com\/ja\/wp-json\/wp\/v2\/media?parent=2822"}],"wp:term":[{"taxonomy":"product_brand","embeddable":true,"href":"https:\/\/lubosluka.com\/ja\/wp-json\/wp\/v2\/product_brand?post=2822"},{"taxonomy":"product_cat","embeddable":true,"href":"https:\/\/lubosluka.com\/ja\/wp-json\/wp\/v2\/product_cat?post=2822"},{"taxonomy":"product_tag","embeddable":true,"href":"https:\/\/lubosluka.com\/ja\/wp-json\/wp\/v2\/product_tag?post=2822"}],"curies":[{"name":"wp","href":"https:\/\/api.w.org\/{rel}","templated":true}]}}