{"id":2823,"date":"2019-07-29T12:15:04","date_gmt":"2019-07-29T11:15:04","guid":{"rendered":"https:\/\/lubosluka.com\/?post_type=product&#038;p=2823"},"modified":"2024-02-24T19:45:43","modified_gmt":"2024-02-24T18:45:43","slug":"suite","status":"publish","type":"product","link":"https:\/\/lubosluka.com\/ja\/prodej-not\/suite\/","title":{"rendered":"SUITE per oboe (ossia flauto), violoncello (ossia viola) e&nbsp;arpa (ossia pianoforte)"},"content":{"rendered":"<p>per oboe (ossia flauto), violoncello (ossia viola) e&nbsp;arpa (ossia pianoforte)<\/p>\n<p><em>Kate\u0159in\u011b Englichov\u00e9, Vil\u00e9movi Veverkovi a&nbsp;Petrovi Nouzovsk\u00e9mu!<\/em><\/p>\n<p>(2017)<\/p>\n<p>36 stran<\/p>\n<p>ISMN 979-0-706554-36-5<\/p>\n","protected":false},"excerpt":{"rendered":"<p>per oboe (ossia flauto), violoncello (os &hellip; <a href=\"https:\/\/lubosluka.com\/ja\/prodej-not\/suite\/\">Continue reading <span class=\"meta-nav\">&rarr;<\/span><\/a><\/p>\n","protected":false},"featured_media":7282,"template":"","meta":{"jetpack_post_was_ever_published":false,"jetpack_publicize_message":"","jetpack_publicize_feature_enabled":true,"jetpack_social_post_already_shared":true,"jetpack_social_options":{"image_generator_settings":{"template":"highway","enabled":false},"version":2}},"product_brand":[],"product_cat":[31,30,34,32],"product_tag":[],"class_list":{"0":"post-2823","1":"product","2":"type-product","3":"status-publish","4":"has-post-thumbnail","6":"product_cat-fletna","7":"product_cat-hoboj","8":"product_cat-viola","9":"product_cat-violoncello","11":"first","12":"instock","13":"shipping-taxable","14":"purchasable","15":"product-type-variable"},"jetpack_publicize_connections":[],"yoast_head":"<!-- This site is optimized with the Yoast SEO plugin v25.1 - https:\/\/yoast.com\/wordpress\/plugins\/seo\/ -->\n<title>SUITE per oboe (ossia flauto), violoncello (ossia viola) e arpa (ossia pianoforte) | Lubo\u0161 Sluka<\/title>\n<meta name=\"robots\" content=\"index, follow, max-snippet:-1, max-image-preview:large, max-video-preview:-1\" \/>\n<link rel=\"canonical\" href=\"https:\/\/lubosluka.com\/ja\/prodej-not\/suite\/\" \/>\n<meta property=\"og:locale\" content=\"ja_JP\" \/>\n<meta property=\"og:type\" content=\"article\" \/>\n<meta property=\"og:title\" content=\"SUITE per oboe (ossia flauto), violoncello (ossia viola) e arpa (ossia pianoforte) | Lubo\u0161 Sluka\" \/>\n<meta property=\"og:description\" content=\"per oboe (ossia flauto), violoncello (os &hellip; Continue reading &rarr;\" \/>\n<meta property=\"og:url\" content=\"https:\/\/lubosluka.com\/ja\/prodej-not\/suite\/\" \/>\n<meta property=\"og:site_name\" content=\"Lubo\u0161 Sluka\" \/>\n<meta property=\"article:modified_time\" content=\"2024-02-24T18:45:43+00:00\" \/>\n<meta property=\"og:image\" content=\"https:\/\/lubosluka.com\/wp-content\/uploads\/2019\/07\/0131_obalka-725x1024.png\" \/>\n\t<meta property=\"og:image:width\" content=\"725\" \/>\n\t<meta property=\"og:image:height\" content=\"1024\" \/>\n\t<meta property=\"og:image:type\" content=\"image\/png\" \/>\n<meta name=\"twitter:label1\" content=\"\u63a8\u5b9a\u8aad\u307f\u53d6\u308a\u6642\u9593\" \/>\n\t<meta name=\"twitter:data1\" content=\"1\u5206\" \/>\n<script type=\"application\/ld+json\" class=\"yoast-schema-graph\">{\"@context\":\"https:\/\/schema.org\",\"@graph\":[{\"@type\":\"WebPage\",\"@id\":\"https:\/\/lubosluka.com\/ja\/prodej-not\/suite\/\",\"url\":\"https:\/\/lubosluka.com\/ja\/prodej-not\/suite\/\",\"name\":\"SUITE per oboe (ossia flauto), violoncello (ossia viola) e arpa (ossia pianoforte) | Lubo\u0161 Sluka\",\"isPartOf\":{\"@id\":\"https:\/\/lubosluka.com\/ja\/#website\"},\"primaryImageOfPage\":{\"@id\":\"https:\/\/lubosluka.com\/ja\/prodej-not\/suite\/#primaryimage\"},\"image\":{\"@id\":\"https:\/\/lubosluka.com\/ja\/prodej-not\/suite\/#primaryimage\"},\"thumbnailUrl\":\"https:\/\/lubosluka.com\/wp-content\/uploads\/2019\/07\/0131_obalka.png\",\"datePublished\":\"2019-07-29T11:15:04+00:00\",\"dateModified\":\"2024-02-24T18:45:43+00:00\",\"breadcrumb\":{\"@id\":\"https:\/\/lubosluka.com\/ja\/prodej-not\/suite\/#breadcrumb\"},\"inLanguage\":\"ja\",\"potentialAction\":[{\"@type\":\"ReadAction\",\"target\":[\"https:\/\/lubosluka.com\/ja\/prodej-not\/suite\/\"]}]},{\"@type\":\"ImageObject\",\"inLanguage\":\"ja\",\"@id\":\"https:\/\/lubosluka.com\/ja\/prodej-not\/suite\/#primaryimage\",\"url\":\"https:\/\/lubosluka.com\/wp-content\/uploads\/2019\/07\/0131_obalka.png\",\"contentUrl\":\"https:\/\/lubosluka.com\/wp-content\/uploads\/2019\/07\/0131_obalka.png\",\"width\":2486,\"height\":3509},{\"@type\":\"BreadcrumbList\",\"@id\":\"https:\/\/lubosluka.com\/ja\/prodej-not\/suite\/#breadcrumb\",\"itemListElement\":[{\"@type\":\"ListItem\",\"position\":1,\"name\":\"Editio Musica Humana\",\"item\":\"https:\/\/lubosluka.com\/ja\/%e3%82%a8%e3%83%87%e3%82%a3%e3%82%b7%e3%82%aa%e3%83%bb%e3%83%a0%e3%82%b8%e3%82%ab%e3%83%bb%e3%83%95%e3%83%9e%e3%83%bc%e3%83%8a\/\"},{\"@type\":\"ListItem\",\"position\":2,\"name\":\"\u30b7\u30e7\u30c3\u30d7\",\"item\":\"https:\/\/lubosluka.com\/ja\/%e3%82%b7%e3%83%a7%e3%83%83%e3%83%97\/\"},{\"@type\":\"ListItem\",\"position\":3,\"name\":\"\u30bd\u30ed\u697d\u5668\",\"item\":\"https:\/\/lubosluka.com\/ja\/\u5099\u8003\/%e3%82%bd%e3%83%ad%e6%a5%bd%e5%99%a8\/\"},{\"@type\":\"ListItem\",\"position\":4,\"name\":\"\u7b1b\",\"item\":\"https:\/\/lubosluka.com\/ja\/\u5099\u8003\/%e3%82%bd%e3%83%ad%e6%a5%bd%e5%99%a8\/%e7%ac%9b\/\"},{\"@type\":\"ListItem\",\"position\":5,\"name\":\"SUITE per oboe (ossia flauto), violoncello (ossia viola) e arpa (ossia pianoforte)\"}]},{\"@type\":\"WebSite\",\"@id\":\"https:\/\/lubosluka.com\/ja\/#website\",\"url\":\"https:\/\/lubosluka.com\/ja\/\",\"name\":\"Lubo\u0161 Sluka\",\"description\":\"hudebn\u00ed skladatel\",\"potentialAction\":[{\"@type\":\"SearchAction\",\"target\":{\"@type\":\"EntryPoint\",\"urlTemplate\":\"https:\/\/lubosluka.com\/ja\/?s={search_term_string}\"},\"query-input\":{\"@type\":\"PropertyValueSpecification\",\"valueRequired\":true,\"valueName\":\"search_term_string\"}}],\"inLanguage\":\"ja\"}]}<\/script>\n<!-- \/ Yoast SEO plugin. -->","yoast_head_json":{"title":"SUITE per oboe (ossia flauto), violoncello (ossia viola) e arpa (ossia pianoforte) | Lubo\u0161 Sluka","robots":{"index":"index","follow":"follow","max-snippet":"max-snippet:-1","max-image-preview":"max-image-preview:large","max-video-preview":"max-video-preview:-1"},"canonical":"https:\/\/lubosluka.com\/ja\/prodej-not\/suite\/","og_locale":"ja_JP","og_type":"article","og_title":"SUITE per oboe (ossia flauto), violoncello (ossia viola) e arpa (ossia pianoforte) | Lubo\u0161 Sluka","og_description":"per oboe (ossia flauto), violoncello (os &hellip; Continue reading &rarr;","og_url":"https:\/\/lubosluka.com\/ja\/prodej-not\/suite\/","og_site_name":"Lubo\u0161 Sluka","article_modified_time":"2024-02-24T18:45:43+00:00","og_image":[{"width":725,"height":1024,"url":"https:\/\/lubosluka.com\/wp-content\/uploads\/2019\/07\/0131_obalka-725x1024.png","type":"image\/png"}],"twitter_misc":{"\u63a8\u5b9a\u8aad\u307f\u53d6\u308a\u6642\u9593":"1\u5206"},"schema":{"@context":"https:\/\/schema.org","@graph":[{"@type":"WebPage","@id":"https:\/\/lubosluka.com\/ja\/prodej-not\/suite\/","url":"https:\/\/lubosluka.com\/ja\/prodej-not\/suite\/","name":"SUITE per oboe (ossia flauto), violoncello (ossia viola) e arpa (ossia pianoforte) | Lubo\u0161 Sluka","isPartOf":{"@id":"https:\/\/lubosluka.com\/ja\/#website"},"primaryImageOfPage":{"@id":"https:\/\/lubosluka.com\/ja\/prodej-not\/suite\/#primaryimage"},"image":{"@id":"https:\/\/lubosluka.com\/ja\/prodej-not\/suite\/#primaryimage"},"thumbnailUrl":"https:\/\/lubosluka.com\/wp-content\/uploads\/2019\/07\/0131_obalka.png","datePublished":"2019-07-29T11:15:04+00:00","dateModified":"2024-02-24T18:45:43+00:00","breadcrumb":{"@id":"https:\/\/lubosluka.com\/ja\/prodej-not\/suite\/#breadcrumb"},"inLanguage":"ja","potentialAction":[{"@type":"ReadAction","target":["https:\/\/lubosluka.com\/ja\/prodej-not\/suite\/"]}]},{"@type":"ImageObject","inLanguage":"ja","@id":"https:\/\/lubosluka.com\/ja\/prodej-not\/suite\/#primaryimage","url":"https:\/\/lubosluka.com\/wp-content\/uploads\/2019\/07\/0131_obalka.png","contentUrl":"https:\/\/lubosluka.com\/wp-content\/uploads\/2019\/07\/0131_obalka.png","width":2486,"height":3509},{"@type":"BreadcrumbList","@id":"https:\/\/lubosluka.com\/ja\/prodej-not\/suite\/#breadcrumb","itemListElement":[{"@type":"ListItem","position":1,"name":"Editio Musica Humana","item":"https:\/\/lubosluka.com\/ja\/%e3%82%a8%e3%83%87%e3%82%a3%e3%82%b7%e3%82%aa%e3%83%bb%e3%83%a0%e3%82%b8%e3%82%ab%e3%83%bb%e3%83%95%e3%83%9e%e3%83%bc%e3%83%8a\/"},{"@type":"ListItem","position":2,"name":"\u30b7\u30e7\u30c3\u30d7","item":"https:\/\/lubosluka.com\/ja\/%e3%82%b7%e3%83%a7%e3%83%83%e3%83%97\/"},{"@type":"ListItem","position":3,"name":"\u30bd\u30ed\u697d\u5668","item":"https:\/\/lubosluka.com\/ja\/\u5099\u8003\/%e3%82%bd%e3%83%ad%e6%a5%bd%e5%99%a8\/"},{"@type":"ListItem","position":4,"name":"\u7b1b","item":"https:\/\/lubosluka.com\/ja\/\u5099\u8003\/%e3%82%bd%e3%83%ad%e6%a5%bd%e5%99%a8\/%e7%ac%9b\/"},{"@type":"ListItem","position":5,"name":"SUITE per oboe (ossia flauto), violoncello (ossia viola) e arpa (ossia pianoforte)"}]},{"@type":"WebSite","@id":"https:\/\/lubosluka.com\/ja\/#website","url":"https:\/\/lubosluka.com\/ja\/","name":"Lubo\u0161 Sluka","description":"hudebn\u00ed skladatel","potentialAction":[{"@type":"SearchAction","target":{"@type":"EntryPoint","urlTemplate":"https:\/\/lubosluka.com\/ja\/?s={search_term_string}"},"query-input":{"@type":"PropertyValueSpecification","valueRequired":true,"valueName":"search_term_string"}}],"inLanguage":"ja"}]}},"jetpack_sharing_enabled":true,"_links":{"self":[{"href":"https:\/\/lubosluka.com\/ja\/wp-json\/wp\/v2\/product\/2823","targetHints":{"allow":["GET"]}}],"collection":[{"href":"https:\/\/lubosluka.com\/ja\/wp-json\/wp\/v2\/product"}],"about":[{"href":"https:\/\/lubosluka.com\/ja\/wp-json\/wp\/v2\/types\/product"}],"version-history":[{"count":2,"href":"https:\/\/lubosluka.com\/ja\/wp-json\/wp\/v2\/product\/2823\/revisions"}],"predecessor-version":[{"id":7296,"href":"https:\/\/lubosluka.com\/ja\/wp-json\/wp\/v2\/product\/2823\/revisions\/7296"}],"wp:featuredmedia":[{"embeddable":true,"href":"https:\/\/lubosluka.com\/ja\/wp-json\/wp\/v2\/media\/7282"}],"wp:attachment":[{"href":"https:\/\/lubosluka.com\/ja\/wp-json\/wp\/v2\/media?parent=2823"}],"wp:term":[{"taxonomy":"product_brand","embeddable":true,"href":"https:\/\/lubosluka.com\/ja\/wp-json\/wp\/v2\/product_brand?post=2823"},{"taxonomy":"product_cat","embeddable":true,"href":"https:\/\/lubosluka.com\/ja\/wp-json\/wp\/v2\/product_cat?post=2823"},{"taxonomy":"product_tag","embeddable":true,"href":"https:\/\/lubosluka.com\/ja\/wp-json\/wp\/v2\/product_tag?post=2823"}],"curies":[{"name":"wp","href":"https:\/\/api.w.org\/{rel}","templated":true}]}}