{"id":2829,"date":"2019-07-29T12:32:08","date_gmt":"2019-07-29T11:32:08","guid":{"rendered":"https:\/\/lubosluka.com\/?post_type=product&#038;p=2829"},"modified":"2024-02-26T14:49:06","modified_gmt":"2024-02-26T13:49:06","slug":"rozjimani-meditazione","status":"publish","type":"product","link":"https:\/\/lubosluka.com\/ja\/prodej-not\/rozjimani-meditazione\/","title":{"rendered":"ROZJ\u00cdM\u00c1N\u00cd &#8211; MEDITAZIONE composizioni per pianoforte (ossia mano sinistra solo)"},"content":{"rendered":"<p>pro klav\u00edr (nebo jen pro levou ruku)<br \/>\ncomposizioni per pianoforte (ossia mano sinistra solo)<\/p>\n<p><em>Kdy\u017e ruka ztrat\u00ed svoji funk\u010dnost, nebo dokonce o&nbsp;ni p\u0159ijdeme, je to tragick\u00e9. Za\u017eil <\/em><em>jsem to, kdy\u017e mi po mozkov\u00e9 p\u0159\u00edhod\u011b ochrnula prav\u00e1 ruka. T\u00edm se zm\u011bnilo mnoho <\/em><em>v\u011bc\u00ed. Nemohl jsem t\u0159eba ps\u00e1t, ale nemohl jsem tak\u00e9 hr\u00e1t na klav\u00edr.<\/em><br \/>\n<em>Dlouho jsem uva\u017eoval o&nbsp;tom, zdali bych se nem\u011bl pokusit vytvo\u0159it n\u011bjakou skladbu <\/em><em>pro tu zdravou, opu\u0161t\u011bnou ruku. Letos v&nbsp;l\u00e9t\u011b pak vzniklo toto Rozj\u00edm\u00e1n\u00ed pro levou <\/em><em>ruku. Lze je ov\u0161em hr\u00e1t i&nbsp;ob\u011bma.<\/em><br \/>\n<em>Jsou to skladby prost\u00e9, ale velice senzibiln\u00ed, tak\u017ee nab\u00edzej\u00ed r\u016fzn\u00e1 interpreta\u010dn\u00ed <\/em><em>pojet\u00ed. Necht\u011bl jsem je proto spoutat do jedin\u011b mo\u017en\u00e9ho tvaru. Nep\u0159edpisuji <\/em><em>dynamiku, agogiku ani fr\u00e1zov\u00e1n\u00ed. Jenom interpretova invence a&nbsp;fantazie odhal\u00ed, <\/em><em>do jak\u00e9 m\u00edry se mu poda\u0159\u00ed stroh\u00fd notov\u00fd z\u00e1pis ozvl\u00e1\u0161tnit.<\/em><\/p>\n<p>(2017)<\/p>\n<p>12 stran<\/p>\n<p>ISMN 979-0-706554-41-9<\/p>\n","protected":false},"excerpt":{"rendered":"<p>pro klav\u00edr (nebo jen pro levou ruku) com &hellip; <a href=\"https:\/\/lubosluka.com\/ja\/prodej-not\/rozjimani-meditazione\/\">Continue reading <span class=\"meta-nav\">&rarr;<\/span><\/a><\/p>\n","protected":false},"featured_media":7379,"template":"","meta":{"jetpack_post_was_ever_published":false,"jetpack_publicize_message":"","jetpack_publicize_feature_enabled":true,"jetpack_social_post_already_shared":true,"jetpack_social_options":{"image_generator_settings":{"template":"highway","enabled":false},"version":2}},"product_brand":[],"product_cat":[45],"product_tag":[],"class_list":{"0":"post-2829","1":"product","2":"type-product","3":"status-publish","4":"has-post-thumbnail","6":"product_cat-klavir","8":"first","9":"instock","10":"shipping-taxable","11":"purchasable","12":"product-type-variable"},"jetpack_publicize_connections":[],"yoast_head":"<!-- This site is optimized with the Yoast SEO plugin v25.1 - https:\/\/yoast.com\/wordpress\/plugins\/seo\/ -->\n<title>ROZJ\u00cdM\u00c1N\u00cd - MEDITAZIONE composizioni per pianoforte (ossia mano sinistra solo) | Lubo\u0161 Sluka<\/title>\n<meta name=\"robots\" content=\"index, follow, max-snippet:-1, max-image-preview:large, max-video-preview:-1\" \/>\n<link rel=\"canonical\" href=\"https:\/\/lubosluka.com\/ja\/prodej-not\/rozjimani-meditazione\/\" \/>\n<meta property=\"og:locale\" content=\"ja_JP\" \/>\n<meta property=\"og:type\" content=\"article\" \/>\n<meta property=\"og:title\" content=\"ROZJ\u00cdM\u00c1N\u00cd - MEDITAZIONE composizioni per pianoforte (ossia mano sinistra solo) | Lubo\u0161 Sluka\" \/>\n<meta property=\"og:description\" content=\"pro klav\u00edr (nebo jen pro levou ruku) com &hellip; Continue reading &rarr;\" \/>\n<meta property=\"og:url\" content=\"https:\/\/lubosluka.com\/ja\/prodej-not\/rozjimani-meditazione\/\" \/>\n<meta property=\"og:site_name\" content=\"Lubo\u0161 Sluka\" \/>\n<meta property=\"article:modified_time\" content=\"2024-02-26T13:49:06+00:00\" \/>\n<meta property=\"og:image\" content=\"https:\/\/lubosluka.com\/wp-content\/uploads\/2019\/07\/0136_obalka-725x1024.png\" \/>\n\t<meta property=\"og:image:width\" content=\"725\" \/>\n\t<meta property=\"og:image:height\" content=\"1024\" \/>\n\t<meta property=\"og:image:type\" content=\"image\/png\" \/>\n<meta name=\"twitter:label1\" content=\"\u63a8\u5b9a\u8aad\u307f\u53d6\u308a\u6642\u9593\" \/>\n\t<meta name=\"twitter:data1\" content=\"1\u5206\" \/>\n<script type=\"application\/ld+json\" class=\"yoast-schema-graph\">{\"@context\":\"https:\/\/schema.org\",\"@graph\":[{\"@type\":\"WebPage\",\"@id\":\"https:\/\/lubosluka.com\/ja\/prodej-not\/rozjimani-meditazione\/\",\"url\":\"https:\/\/lubosluka.com\/ja\/prodej-not\/rozjimani-meditazione\/\",\"name\":\"ROZJ\u00cdM\u00c1N\u00cd - MEDITAZIONE composizioni per pianoforte (ossia mano sinistra solo) | Lubo\u0161 Sluka\",\"isPartOf\":{\"@id\":\"https:\/\/lubosluka.com\/ja\/#website\"},\"primaryImageOfPage\":{\"@id\":\"https:\/\/lubosluka.com\/ja\/prodej-not\/rozjimani-meditazione\/#primaryimage\"},\"image\":{\"@id\":\"https:\/\/lubosluka.com\/ja\/prodej-not\/rozjimani-meditazione\/#primaryimage\"},\"thumbnailUrl\":\"https:\/\/lubosluka.com\/wp-content\/uploads\/2019\/07\/0136_obalka.png\",\"datePublished\":\"2019-07-29T11:32:08+00:00\",\"dateModified\":\"2024-02-26T13:49:06+00:00\",\"breadcrumb\":{\"@id\":\"https:\/\/lubosluka.com\/ja\/prodej-not\/rozjimani-meditazione\/#breadcrumb\"},\"inLanguage\":\"ja\",\"potentialAction\":[{\"@type\":\"ReadAction\",\"target\":[\"https:\/\/lubosluka.com\/ja\/prodej-not\/rozjimani-meditazione\/\"]}]},{\"@type\":\"ImageObject\",\"inLanguage\":\"ja\",\"@id\":\"https:\/\/lubosluka.com\/ja\/prodej-not\/rozjimani-meditazione\/#primaryimage\",\"url\":\"https:\/\/lubosluka.com\/wp-content\/uploads\/2019\/07\/0136_obalka.png\",\"contentUrl\":\"https:\/\/lubosluka.com\/wp-content\/uploads\/2019\/07\/0136_obalka.png\",\"width\":2486,\"height\":3509},{\"@type\":\"BreadcrumbList\",\"@id\":\"https:\/\/lubosluka.com\/ja\/prodej-not\/rozjimani-meditazione\/#breadcrumb\",\"itemListElement\":[{\"@type\":\"ListItem\",\"position\":1,\"name\":\"Editio Musica Humana\",\"item\":\"https:\/\/lubosluka.com\/ja\/%e3%82%a8%e3%83%87%e3%82%a3%e3%82%b7%e3%82%aa%e3%83%bb%e3%83%a0%e3%82%b8%e3%82%ab%e3%83%bb%e3%83%95%e3%83%9e%e3%83%bc%e3%83%8a\/\"},{\"@type\":\"ListItem\",\"position\":2,\"name\":\"\u30b7\u30e7\u30c3\u30d7\",\"item\":\"https:\/\/lubosluka.com\/ja\/%e3%82%b7%e3%83%a7%e3%83%83%e3%83%97\/\"},{\"@type\":\"ListItem\",\"position\":3,\"name\":\"\u30d4\u30a2\u30ce\",\"item\":\"https:\/\/lubosluka.com\/ja\/\u5099\u8003\/%e3%83%94%e3%82%a2%e3%83%8e\/\"},{\"@type\":\"ListItem\",\"position\":4,\"name\":\"ROZJ\u00cdM\u00c1N\u00cd &#8211; MEDITAZIONE composizioni per pianoforte (ossia mano sinistra solo)\"}]},{\"@type\":\"WebSite\",\"@id\":\"https:\/\/lubosluka.com\/ja\/#website\",\"url\":\"https:\/\/lubosluka.com\/ja\/\",\"name\":\"Lubo\u0161 Sluka\",\"description\":\"hudebn\u00ed skladatel\",\"potentialAction\":[{\"@type\":\"SearchAction\",\"target\":{\"@type\":\"EntryPoint\",\"urlTemplate\":\"https:\/\/lubosluka.com\/ja\/?s={search_term_string}\"},\"query-input\":{\"@type\":\"PropertyValueSpecification\",\"valueRequired\":true,\"valueName\":\"search_term_string\"}}],\"inLanguage\":\"ja\"}]}<\/script>\n<!-- \/ Yoast SEO plugin. -->","yoast_head_json":{"title":"ROZJ\u00cdM\u00c1N\u00cd - MEDITAZIONE composizioni per pianoforte (ossia mano sinistra solo) | Lubo\u0161 Sluka","robots":{"index":"index","follow":"follow","max-snippet":"max-snippet:-1","max-image-preview":"max-image-preview:large","max-video-preview":"max-video-preview:-1"},"canonical":"https:\/\/lubosluka.com\/ja\/prodej-not\/rozjimani-meditazione\/","og_locale":"ja_JP","og_type":"article","og_title":"ROZJ\u00cdM\u00c1N\u00cd - MEDITAZIONE composizioni per pianoforte (ossia mano sinistra solo) | Lubo\u0161 Sluka","og_description":"pro klav\u00edr (nebo jen pro levou ruku) com &hellip; Continue reading &rarr;","og_url":"https:\/\/lubosluka.com\/ja\/prodej-not\/rozjimani-meditazione\/","og_site_name":"Lubo\u0161 Sluka","article_modified_time":"2024-02-26T13:49:06+00:00","og_image":[{"width":725,"height":1024,"url":"https:\/\/lubosluka.com\/wp-content\/uploads\/2019\/07\/0136_obalka-725x1024.png","type":"image\/png"}],"twitter_misc":{"\u63a8\u5b9a\u8aad\u307f\u53d6\u308a\u6642\u9593":"1\u5206"},"schema":{"@context":"https:\/\/schema.org","@graph":[{"@type":"WebPage","@id":"https:\/\/lubosluka.com\/ja\/prodej-not\/rozjimani-meditazione\/","url":"https:\/\/lubosluka.com\/ja\/prodej-not\/rozjimani-meditazione\/","name":"ROZJ\u00cdM\u00c1N\u00cd - MEDITAZIONE composizioni per pianoforte (ossia mano sinistra solo) | Lubo\u0161 Sluka","isPartOf":{"@id":"https:\/\/lubosluka.com\/ja\/#website"},"primaryImageOfPage":{"@id":"https:\/\/lubosluka.com\/ja\/prodej-not\/rozjimani-meditazione\/#primaryimage"},"image":{"@id":"https:\/\/lubosluka.com\/ja\/prodej-not\/rozjimani-meditazione\/#primaryimage"},"thumbnailUrl":"https:\/\/lubosluka.com\/wp-content\/uploads\/2019\/07\/0136_obalka.png","datePublished":"2019-07-29T11:32:08+00:00","dateModified":"2024-02-26T13:49:06+00:00","breadcrumb":{"@id":"https:\/\/lubosluka.com\/ja\/prodej-not\/rozjimani-meditazione\/#breadcrumb"},"inLanguage":"ja","potentialAction":[{"@type":"ReadAction","target":["https:\/\/lubosluka.com\/ja\/prodej-not\/rozjimani-meditazione\/"]}]},{"@type":"ImageObject","inLanguage":"ja","@id":"https:\/\/lubosluka.com\/ja\/prodej-not\/rozjimani-meditazione\/#primaryimage","url":"https:\/\/lubosluka.com\/wp-content\/uploads\/2019\/07\/0136_obalka.png","contentUrl":"https:\/\/lubosluka.com\/wp-content\/uploads\/2019\/07\/0136_obalka.png","width":2486,"height":3509},{"@type":"BreadcrumbList","@id":"https:\/\/lubosluka.com\/ja\/prodej-not\/rozjimani-meditazione\/#breadcrumb","itemListElement":[{"@type":"ListItem","position":1,"name":"Editio Musica Humana","item":"https:\/\/lubosluka.com\/ja\/%e3%82%a8%e3%83%87%e3%82%a3%e3%82%b7%e3%82%aa%e3%83%bb%e3%83%a0%e3%82%b8%e3%82%ab%e3%83%bb%e3%83%95%e3%83%9e%e3%83%bc%e3%83%8a\/"},{"@type":"ListItem","position":2,"name":"\u30b7\u30e7\u30c3\u30d7","item":"https:\/\/lubosluka.com\/ja\/%e3%82%b7%e3%83%a7%e3%83%83%e3%83%97\/"},{"@type":"ListItem","position":3,"name":"\u30d4\u30a2\u30ce","item":"https:\/\/lubosluka.com\/ja\/\u5099\u8003\/%e3%83%94%e3%82%a2%e3%83%8e\/"},{"@type":"ListItem","position":4,"name":"ROZJ\u00cdM\u00c1N\u00cd &#8211; MEDITAZIONE composizioni per pianoforte (ossia mano sinistra solo)"}]},{"@type":"WebSite","@id":"https:\/\/lubosluka.com\/ja\/#website","url":"https:\/\/lubosluka.com\/ja\/","name":"Lubo\u0161 Sluka","description":"hudebn\u00ed skladatel","potentialAction":[{"@type":"SearchAction","target":{"@type":"EntryPoint","urlTemplate":"https:\/\/lubosluka.com\/ja\/?s={search_term_string}"},"query-input":{"@type":"PropertyValueSpecification","valueRequired":true,"valueName":"search_term_string"}}],"inLanguage":"ja"}]}},"jetpack_sharing_enabled":true,"_links":{"self":[{"href":"https:\/\/lubosluka.com\/ja\/wp-json\/wp\/v2\/product\/2829","targetHints":{"allow":["GET"]}}],"collection":[{"href":"https:\/\/lubosluka.com\/ja\/wp-json\/wp\/v2\/product"}],"about":[{"href":"https:\/\/lubosluka.com\/ja\/wp-json\/wp\/v2\/types\/product"}],"version-history":[{"count":1,"href":"https:\/\/lubosluka.com\/ja\/wp-json\/wp\/v2\/product\/2829\/revisions"}],"predecessor-version":[{"id":7387,"href":"https:\/\/lubosluka.com\/ja\/wp-json\/wp\/v2\/product\/2829\/revisions\/7387"}],"wp:featuredmedia":[{"embeddable":true,"href":"https:\/\/lubosluka.com\/ja\/wp-json\/wp\/v2\/media\/7379"}],"wp:attachment":[{"href":"https:\/\/lubosluka.com\/ja\/wp-json\/wp\/v2\/media?parent=2829"}],"wp:term":[{"taxonomy":"product_brand","embeddable":true,"href":"https:\/\/lubosluka.com\/ja\/wp-json\/wp\/v2\/product_brand?post=2829"},{"taxonomy":"product_cat","embeddable":true,"href":"https:\/\/lubosluka.com\/ja\/wp-json\/wp\/v2\/product_cat?post=2829"},{"taxonomy":"product_tag","embeddable":true,"href":"https:\/\/lubosluka.com\/ja\/wp-json\/wp\/v2\/product_tag?post=2829"}],"curies":[{"name":"wp","href":"https:\/\/api.w.org\/{rel}","templated":true}]}}