{"id":8156,"date":"2024-02-26T20:37:14","date_gmt":"2024-02-26T19:37:14","guid":{"rendered":"https:\/\/lubosluka.com\/prodej-not\/%e8%81%96%e6%9b%b8%e3%81%ae%e6%ad%8c%ef%bc%88%e4%b8%ad%e5%a3%b0%e3%81%a8%e3%82%aa%e3%83%ab%e3%82%ac%e3%83%b3%ef%bc%88%e3%81%be%e3%81%9f%e3%81%af%e3%83%94%e3%82%a2%e3%83%8e%ef%bc%89%e3%81%ae%e3%81%9f\/"},"modified":"2024-03-22T20:10:05","modified_gmt":"2024-03-22T19:10:05","slug":"%e8%81%96%e6%9b%b8%e3%81%ae%e6%ad%8c%ef%bc%88%e4%b8%ad%e5%a3%b0%e3%81%a8%e3%82%aa%e3%83%ab%e3%82%ac%e3%83%b3%ef%bc%88%e3%81%be%e3%81%9f%e3%81%af%e3%83%94%e3%82%a2%e3%83%8e%ef%bc%89%e3%81%ae%e3%81%9f","status":"publish","type":"product","link":"https:\/\/lubosluka.com\/ja\/prodej-not\/%e8%81%96%e6%9b%b8%e3%81%ae%e6%ad%8c%ef%bc%88%e4%b8%ad%e5%a3%b0%e3%81%a8%e3%82%aa%e3%83%ab%e3%82%ac%e3%83%b3%ef%bc%88%e3%81%be%e3%81%9f%e3%81%af%e3%83%94%e3%82%a2%e3%83%8e%ef%bc%89%e3%81%ae%e3%81%9f\/","title":{"rendered":"BIBLICK\u00c9 P\u00cdSN\u011a pro st\u0159edn\u00ed hlas a&nbsp;varhany (nebo klav\u00edr)"},"content":{"rendered":"<p>\u4e2d\u58f0\u3068\u30aa\u30eb\u30ac\u30f3\uff08\u307e\u305f\u306f\u30d4\u30a2\u30ce\uff09\u306e\u305f\u3081\u306e<\/p>\n<p><em>\u30cf\u30f3\u30ac\u30ea\u30fc\u738b\u56fd\u306e\u30af\u30ea\u30b9\u30c1\u30e3\u30f3\u30fb\u30f4\u30a1\u30eb\u30cf\u30cb\u30fc\u300f\u30d5\u30a7\u30b9\u30c6\u30a3\u30d0\u30eb\u306e\u305f\u3081\u306b\u66f8\u304d\u4e0b\u308d\u3055\u308c\u305f\uff01<\/em><\/p>\n<p>(2022)<\/p>\n<p>12\u30da\u30fc\u30b8<\/p>\n<p>ISMN 979-0-706554-57-0<\/p>\n","protected":false},"excerpt":{"rendered":"<p>\u4e2d\u58f0\u3068\u30aa\u30eb\u30ac\u30f3\uff08\u307e\u305f\u306f\u30d4\u30a2\u30ce\uff09\u306e\u305f\u3081\u306e \u30cf\u30f3\u30ac\u30ea\u30fc\u738b\u56fd\u306e\u30af\u30ea\u30b9\u30c1\u30e3\u30f3\u30fb\u30f4\u30a1\u30eb\u30cf\u30cb &hellip; <a href=\"https:\/\/lubosluka.com\/ja\/prodej-not\/%e8%81%96%e6%9b%b8%e3%81%ae%e6%ad%8c%ef%bc%88%e4%b8%ad%e5%a3%b0%e3%81%a8%e3%82%aa%e3%83%ab%e3%82%ac%e3%83%b3%ef%bc%88%e3%81%be%e3%81%9f%e3%81%af%e3%83%94%e3%82%a2%e3%83%8e%ef%bc%89%e3%81%ae%e3%81%9f\/\">Continue reading <span class=\"meta-nav\">&rarr;<\/span><\/a><\/p>\n","protected":false},"featured_media":7659,"template":"","meta":{"jetpack_post_was_ever_published":false,"jetpack_publicize_message":"","jetpack_publicize_feature_enabled":true,"jetpack_social_post_already_shared":true,"jetpack_social_options":{"image_generator_settings":{"template":"highway","enabled":false},"version":2}},"product_brand":[],"product_cat":[151,194],"product_tag":[],"class_list":{"0":"post-8156","1":"product","2":"type-product","3":"status-publish","4":"has-post-thumbnail","6":"product_cat-151","7":"product_cat-194","9":"first","10":"instock","11":"shipping-taxable","12":"purchasable","13":"product-type-variable"},"jetpack_publicize_connections":[],"yoast_head":"<!-- This site is optimized with the Yoast SEO plugin v25.1 - https:\/\/yoast.com\/wordpress\/plugins\/seo\/ -->\n<title>BIBLICK\u00c9 P\u00cdSN\u011a pro st\u0159edn\u00ed hlas a varhany (nebo klav\u00edr) | Lubo\u0161 Sluka<\/title>\n<meta name=\"robots\" content=\"index, follow, max-snippet:-1, max-image-preview:large, max-video-preview:-1\" \/>\n<link rel=\"canonical\" href=\"https:\/\/lubosluka.com\/ja\/prodej-not\/%e8%81%96%e6%9b%b8%e3%81%ae%e6%ad%8c%ef%bc%88%e4%b8%ad%e5%a3%b0%e3%81%a8%e3%82%aa%e3%83%ab%e3%82%ac%e3%83%b3%ef%bc%88%e3%81%be%e3%81%9f%e3%81%af%e3%83%94%e3%82%a2%e3%83%8e%ef%bc%89%e3%81%ae%e3%81%9f\/\" \/>\n<meta property=\"og:locale\" content=\"ja_JP\" \/>\n<meta property=\"og:type\" content=\"article\" \/>\n<meta property=\"og:title\" content=\"BIBLICK\u00c9 P\u00cdSN\u011a pro st\u0159edn\u00ed hlas a varhany (nebo klav\u00edr) | Lubo\u0161 Sluka\" \/>\n<meta property=\"og:description\" content=\"\u4e2d\u58f0\u3068\u30aa\u30eb\u30ac\u30f3\uff08\u307e\u305f\u306f\u30d4\u30a2\u30ce\uff09\u306e\u305f\u3081\u306e \u30cf\u30f3\u30ac\u30ea\u30fc\u738b\u56fd\u306e\u30af\u30ea\u30b9\u30c1\u30e3\u30f3\u30fb\u30f4\u30a1\u30eb\u30cf\u30cb &hellip; Continue reading &rarr;\" \/>\n<meta property=\"og:url\" content=\"https:\/\/lubosluka.com\/ja\/prodej-not\/%e8%81%96%e6%9b%b8%e3%81%ae%e6%ad%8c%ef%bc%88%e4%b8%ad%e5%a3%b0%e3%81%a8%e3%82%aa%e3%83%ab%e3%82%ac%e3%83%b3%ef%bc%88%e3%81%be%e3%81%9f%e3%81%af%e3%83%94%e3%82%a2%e3%83%8e%ef%bc%89%e3%81%ae%e3%81%9f\/\" \/>\n<meta property=\"og:site_name\" content=\"Lubo\u0161 Sluka\" \/>\n<meta property=\"article:modified_time\" content=\"2024-03-22T19:10:05+00:00\" \/>\n<meta property=\"og:image\" content=\"https:\/\/lubosluka.com\/wp-content\/uploads\/2024\/02\/0150_obalka_Z.png\" \/>\n\t<meta property=\"og:image:width\" content=\"2480\" \/>\n\t<meta property=\"og:image:height\" content=\"3509\" \/>\n\t<meta property=\"og:image:type\" content=\"image\/png\" \/>\n<script type=\"application\/ld+json\" class=\"yoast-schema-graph\">{\"@context\":\"https:\/\/schema.org\",\"@graph\":[{\"@type\":\"WebPage\",\"@id\":\"https:\/\/lubosluka.com\/ja\/prodej-not\/%e8%81%96%e6%9b%b8%e3%81%ae%e6%ad%8c%ef%bc%88%e4%b8%ad%e5%a3%b0%e3%81%a8%e3%82%aa%e3%83%ab%e3%82%ac%e3%83%b3%ef%bc%88%e3%81%be%e3%81%9f%e3%81%af%e3%83%94%e3%82%a2%e3%83%8e%ef%bc%89%e3%81%ae%e3%81%9f\/\",\"url\":\"https:\/\/lubosluka.com\/ja\/prodej-not\/%e8%81%96%e6%9b%b8%e3%81%ae%e6%ad%8c%ef%bc%88%e4%b8%ad%e5%a3%b0%e3%81%a8%e3%82%aa%e3%83%ab%e3%82%ac%e3%83%b3%ef%bc%88%e3%81%be%e3%81%9f%e3%81%af%e3%83%94%e3%82%a2%e3%83%8e%ef%bc%89%e3%81%ae%e3%81%9f\/\",\"name\":\"BIBLICK\u00c9 P\u00cdSN\u011a pro st\u0159edn\u00ed hlas a varhany (nebo klav\u00edr) | Lubo\u0161 Sluka\",\"isPartOf\":{\"@id\":\"https:\/\/lubosluka.com\/ja\/#website\"},\"primaryImageOfPage\":{\"@id\":\"https:\/\/lubosluka.com\/ja\/prodej-not\/%e8%81%96%e6%9b%b8%e3%81%ae%e6%ad%8c%ef%bc%88%e4%b8%ad%e5%a3%b0%e3%81%a8%e3%82%aa%e3%83%ab%e3%82%ac%e3%83%b3%ef%bc%88%e3%81%be%e3%81%9f%e3%81%af%e3%83%94%e3%82%a2%e3%83%8e%ef%bc%89%e3%81%ae%e3%81%9f\/#primaryimage\"},\"image\":{\"@id\":\"https:\/\/lubosluka.com\/ja\/prodej-not\/%e8%81%96%e6%9b%b8%e3%81%ae%e6%ad%8c%ef%bc%88%e4%b8%ad%e5%a3%b0%e3%81%a8%e3%82%aa%e3%83%ab%e3%82%ac%e3%83%b3%ef%bc%88%e3%81%be%e3%81%9f%e3%81%af%e3%83%94%e3%82%a2%e3%83%8e%ef%bc%89%e3%81%ae%e3%81%9f\/#primaryimage\"},\"thumbnailUrl\":\"https:\/\/lubosluka.com\/wp-content\/uploads\/2024\/02\/0150_obalka_Z.png\",\"datePublished\":\"2024-02-26T19:37:14+00:00\",\"dateModified\":\"2024-03-22T19:10:05+00:00\",\"breadcrumb\":{\"@id\":\"https:\/\/lubosluka.com\/ja\/prodej-not\/%e8%81%96%e6%9b%b8%e3%81%ae%e6%ad%8c%ef%bc%88%e4%b8%ad%e5%a3%b0%e3%81%a8%e3%82%aa%e3%83%ab%e3%82%ac%e3%83%b3%ef%bc%88%e3%81%be%e3%81%9f%e3%81%af%e3%83%94%e3%82%a2%e3%83%8e%ef%bc%89%e3%81%ae%e3%81%9f\/#breadcrumb\"},\"inLanguage\":\"ja\",\"potentialAction\":[{\"@type\":\"ReadAction\",\"target\":[\"https:\/\/lubosluka.com\/ja\/prodej-not\/%e8%81%96%e6%9b%b8%e3%81%ae%e6%ad%8c%ef%bc%88%e4%b8%ad%e5%a3%b0%e3%81%a8%e3%82%aa%e3%83%ab%e3%82%ac%e3%83%b3%ef%bc%88%e3%81%be%e3%81%9f%e3%81%af%e3%83%94%e3%82%a2%e3%83%8e%ef%bc%89%e3%81%ae%e3%81%9f\/\"]}]},{\"@type\":\"ImageObject\",\"inLanguage\":\"ja\",\"@id\":\"https:\/\/lubosluka.com\/ja\/prodej-not\/%e8%81%96%e6%9b%b8%e3%81%ae%e6%ad%8c%ef%bc%88%e4%b8%ad%e5%a3%b0%e3%81%a8%e3%82%aa%e3%83%ab%e3%82%ac%e3%83%b3%ef%bc%88%e3%81%be%e3%81%9f%e3%81%af%e3%83%94%e3%82%a2%e3%83%8e%ef%bc%89%e3%81%ae%e3%81%9f\/#primaryimage\",\"url\":\"https:\/\/lubosluka.com\/wp-content\/uploads\/2024\/02\/0150_obalka_Z.png\",\"contentUrl\":\"https:\/\/lubosluka.com\/wp-content\/uploads\/2024\/02\/0150_obalka_Z.png\",\"width\":2480,\"height\":3509},{\"@type\":\"BreadcrumbList\",\"@id\":\"https:\/\/lubosluka.com\/ja\/prodej-not\/%e8%81%96%e6%9b%b8%e3%81%ae%e6%ad%8c%ef%bc%88%e4%b8%ad%e5%a3%b0%e3%81%a8%e3%82%aa%e3%83%ab%e3%82%ac%e3%83%b3%ef%bc%88%e3%81%be%e3%81%9f%e3%81%af%e3%83%94%e3%82%a2%e3%83%8e%ef%bc%89%e3%81%ae%e3%81%9f\/#breadcrumb\",\"itemListElement\":[{\"@type\":\"ListItem\",\"position\":1,\"name\":\"Editio Musica Humana\",\"item\":\"https:\/\/lubosluka.com\/ja\/%e3%82%a8%e3%83%87%e3%82%a3%e3%82%b7%e3%82%aa%e3%83%bb%e3%83%a0%e3%82%b8%e3%82%ab%e3%83%bb%e3%83%95%e3%83%9e%e3%83%bc%e3%83%8a\/\"},{\"@type\":\"ListItem\",\"position\":2,\"name\":\"\u30b7\u30e7\u30c3\u30d7\",\"item\":\"https:\/\/lubosluka.com\/ja\/%e3%82%b7%e3%83%a7%e3%83%83%e3%83%97\/\"},{\"@type\":\"ListItem\",\"position\":3,\"name\":\"\u6b4c\u3046\",\"item\":\"https:\/\/lubosluka.com\/ja\/\u5099\u8003\/%e6%ad%8c%e3%81%86\/\"},{\"@type\":\"ListItem\",\"position\":4,\"name\":\"BIBLICK\u00c9 P\u00cdSN\u011a pro st\u0159edn\u00ed hlas a&nbsp;varhany (nebo klav\u00edr)\"}]},{\"@type\":\"WebSite\",\"@id\":\"https:\/\/lubosluka.com\/ja\/#website\",\"url\":\"https:\/\/lubosluka.com\/ja\/\",\"name\":\"Lubo\u0161 Sluka\",\"description\":\"hudebn\u00ed skladatel\",\"potentialAction\":[{\"@type\":\"SearchAction\",\"target\":{\"@type\":\"EntryPoint\",\"urlTemplate\":\"https:\/\/lubosluka.com\/ja\/?s={search_term_string}\"},\"query-input\":{\"@type\":\"PropertyValueSpecification\",\"valueRequired\":true,\"valueName\":\"search_term_string\"}}],\"inLanguage\":\"ja\"}]}<\/script>\n<!-- \/ Yoast SEO plugin. -->","yoast_head_json":{"title":"BIBLICK\u00c9 P\u00cdSN\u011a pro st\u0159edn\u00ed hlas a varhany (nebo klav\u00edr) | Lubo\u0161 Sluka","robots":{"index":"index","follow":"follow","max-snippet":"max-snippet:-1","max-image-preview":"max-image-preview:large","max-video-preview":"max-video-preview:-1"},"canonical":"https:\/\/lubosluka.com\/ja\/prodej-not\/%e8%81%96%e6%9b%b8%e3%81%ae%e6%ad%8c%ef%bc%88%e4%b8%ad%e5%a3%b0%e3%81%a8%e3%82%aa%e3%83%ab%e3%82%ac%e3%83%b3%ef%bc%88%e3%81%be%e3%81%9f%e3%81%af%e3%83%94%e3%82%a2%e3%83%8e%ef%bc%89%e3%81%ae%e3%81%9f\/","og_locale":"ja_JP","og_type":"article","og_title":"BIBLICK\u00c9 P\u00cdSN\u011a pro st\u0159edn\u00ed hlas a varhany (nebo klav\u00edr) | Lubo\u0161 Sluka","og_description":"\u4e2d\u58f0\u3068\u30aa\u30eb\u30ac\u30f3\uff08\u307e\u305f\u306f\u30d4\u30a2\u30ce\uff09\u306e\u305f\u3081\u306e \u30cf\u30f3\u30ac\u30ea\u30fc\u738b\u56fd\u306e\u30af\u30ea\u30b9\u30c1\u30e3\u30f3\u30fb\u30f4\u30a1\u30eb\u30cf\u30cb &hellip; Continue reading &rarr;","og_url":"https:\/\/lubosluka.com\/ja\/prodej-not\/%e8%81%96%e6%9b%b8%e3%81%ae%e6%ad%8c%ef%bc%88%e4%b8%ad%e5%a3%b0%e3%81%a8%e3%82%aa%e3%83%ab%e3%82%ac%e3%83%b3%ef%bc%88%e3%81%be%e3%81%9f%e3%81%af%e3%83%94%e3%82%a2%e3%83%8e%ef%bc%89%e3%81%ae%e3%81%9f\/","og_site_name":"Lubo\u0161 Sluka","article_modified_time":"2024-03-22T19:10:05+00:00","og_image":[{"width":2480,"height":3509,"url":"https:\/\/lubosluka.com\/wp-content\/uploads\/2024\/02\/0150_obalka_Z.png","type":"image\/png"}],"schema":{"@context":"https:\/\/schema.org","@graph":[{"@type":"WebPage","@id":"https:\/\/lubosluka.com\/ja\/prodej-not\/%e8%81%96%e6%9b%b8%e3%81%ae%e6%ad%8c%ef%bc%88%e4%b8%ad%e5%a3%b0%e3%81%a8%e3%82%aa%e3%83%ab%e3%82%ac%e3%83%b3%ef%bc%88%e3%81%be%e3%81%9f%e3%81%af%e3%83%94%e3%82%a2%e3%83%8e%ef%bc%89%e3%81%ae%e3%81%9f\/","url":"https:\/\/lubosluka.com\/ja\/prodej-not\/%e8%81%96%e6%9b%b8%e3%81%ae%e6%ad%8c%ef%bc%88%e4%b8%ad%e5%a3%b0%e3%81%a8%e3%82%aa%e3%83%ab%e3%82%ac%e3%83%b3%ef%bc%88%e3%81%be%e3%81%9f%e3%81%af%e3%83%94%e3%82%a2%e3%83%8e%ef%bc%89%e3%81%ae%e3%81%9f\/","name":"BIBLICK\u00c9 P\u00cdSN\u011a pro st\u0159edn\u00ed hlas a varhany (nebo klav\u00edr) | Lubo\u0161 Sluka","isPartOf":{"@id":"https:\/\/lubosluka.com\/ja\/#website"},"primaryImageOfPage":{"@id":"https:\/\/lubosluka.com\/ja\/prodej-not\/%e8%81%96%e6%9b%b8%e3%81%ae%e6%ad%8c%ef%bc%88%e4%b8%ad%e5%a3%b0%e3%81%a8%e3%82%aa%e3%83%ab%e3%82%ac%e3%83%b3%ef%bc%88%e3%81%be%e3%81%9f%e3%81%af%e3%83%94%e3%82%a2%e3%83%8e%ef%bc%89%e3%81%ae%e3%81%9f\/#primaryimage"},"image":{"@id":"https:\/\/lubosluka.com\/ja\/prodej-not\/%e8%81%96%e6%9b%b8%e3%81%ae%e6%ad%8c%ef%bc%88%e4%b8%ad%e5%a3%b0%e3%81%a8%e3%82%aa%e3%83%ab%e3%82%ac%e3%83%b3%ef%bc%88%e3%81%be%e3%81%9f%e3%81%af%e3%83%94%e3%82%a2%e3%83%8e%ef%bc%89%e3%81%ae%e3%81%9f\/#primaryimage"},"thumbnailUrl":"https:\/\/lubosluka.com\/wp-content\/uploads\/2024\/02\/0150_obalka_Z.png","datePublished":"2024-02-26T19:37:14+00:00","dateModified":"2024-03-22T19:10:05+00:00","breadcrumb":{"@id":"https:\/\/lubosluka.com\/ja\/prodej-not\/%e8%81%96%e6%9b%b8%e3%81%ae%e6%ad%8c%ef%bc%88%e4%b8%ad%e5%a3%b0%e3%81%a8%e3%82%aa%e3%83%ab%e3%82%ac%e3%83%b3%ef%bc%88%e3%81%be%e3%81%9f%e3%81%af%e3%83%94%e3%82%a2%e3%83%8e%ef%bc%89%e3%81%ae%e3%81%9f\/#breadcrumb"},"inLanguage":"ja","potentialAction":[{"@type":"ReadAction","target":["https:\/\/lubosluka.com\/ja\/prodej-not\/%e8%81%96%e6%9b%b8%e3%81%ae%e6%ad%8c%ef%bc%88%e4%b8%ad%e5%a3%b0%e3%81%a8%e3%82%aa%e3%83%ab%e3%82%ac%e3%83%b3%ef%bc%88%e3%81%be%e3%81%9f%e3%81%af%e3%83%94%e3%82%a2%e3%83%8e%ef%bc%89%e3%81%ae%e3%81%9f\/"]}]},{"@type":"ImageObject","inLanguage":"ja","@id":"https:\/\/lubosluka.com\/ja\/prodej-not\/%e8%81%96%e6%9b%b8%e3%81%ae%e6%ad%8c%ef%bc%88%e4%b8%ad%e5%a3%b0%e3%81%a8%e3%82%aa%e3%83%ab%e3%82%ac%e3%83%b3%ef%bc%88%e3%81%be%e3%81%9f%e3%81%af%e3%83%94%e3%82%a2%e3%83%8e%ef%bc%89%e3%81%ae%e3%81%9f\/#primaryimage","url":"https:\/\/lubosluka.com\/wp-content\/uploads\/2024\/02\/0150_obalka_Z.png","contentUrl":"https:\/\/lubosluka.com\/wp-content\/uploads\/2024\/02\/0150_obalka_Z.png","width":2480,"height":3509},{"@type":"BreadcrumbList","@id":"https:\/\/lubosluka.com\/ja\/prodej-not\/%e8%81%96%e6%9b%b8%e3%81%ae%e6%ad%8c%ef%bc%88%e4%b8%ad%e5%a3%b0%e3%81%a8%e3%82%aa%e3%83%ab%e3%82%ac%e3%83%b3%ef%bc%88%e3%81%be%e3%81%9f%e3%81%af%e3%83%94%e3%82%a2%e3%83%8e%ef%bc%89%e3%81%ae%e3%81%9f\/#breadcrumb","itemListElement":[{"@type":"ListItem","position":1,"name":"Editio Musica Humana","item":"https:\/\/lubosluka.com\/ja\/%e3%82%a8%e3%83%87%e3%82%a3%e3%82%b7%e3%82%aa%e3%83%bb%e3%83%a0%e3%82%b8%e3%82%ab%e3%83%bb%e3%83%95%e3%83%9e%e3%83%bc%e3%83%8a\/"},{"@type":"ListItem","position":2,"name":"\u30b7\u30e7\u30c3\u30d7","item":"https:\/\/lubosluka.com\/ja\/%e3%82%b7%e3%83%a7%e3%83%83%e3%83%97\/"},{"@type":"ListItem","position":3,"name":"\u6b4c\u3046","item":"https:\/\/lubosluka.com\/ja\/\u5099\u8003\/%e6%ad%8c%e3%81%86\/"},{"@type":"ListItem","position":4,"name":"BIBLICK\u00c9 P\u00cdSN\u011a pro st\u0159edn\u00ed hlas a&nbsp;varhany (nebo klav\u00edr)"}]},{"@type":"WebSite","@id":"https:\/\/lubosluka.com\/ja\/#website","url":"https:\/\/lubosluka.com\/ja\/","name":"Lubo\u0161 Sluka","description":"hudebn\u00ed skladatel","potentialAction":[{"@type":"SearchAction","target":{"@type":"EntryPoint","urlTemplate":"https:\/\/lubosluka.com\/ja\/?s={search_term_string}"},"query-input":{"@type":"PropertyValueSpecification","valueRequired":true,"valueName":"search_term_string"}}],"inLanguage":"ja"}]}},"jetpack_sharing_enabled":true,"_links":{"self":[{"href":"https:\/\/lubosluka.com\/ja\/wp-json\/wp\/v2\/product\/8156","targetHints":{"allow":["GET"]}}],"collection":[{"href":"https:\/\/lubosluka.com\/ja\/wp-json\/wp\/v2\/product"}],"about":[{"href":"https:\/\/lubosluka.com\/ja\/wp-json\/wp\/v2\/types\/product"}],"version-history":[{"count":1,"href":"https:\/\/lubosluka.com\/ja\/wp-json\/wp\/v2\/product\/8156\/revisions"}],"predecessor-version":[{"id":9560,"href":"https:\/\/lubosluka.com\/ja\/wp-json\/wp\/v2\/product\/8156\/revisions\/9560"}],"wp:featuredmedia":[{"embeddable":true,"href":"https:\/\/lubosluka.com\/ja\/wp-json\/wp\/v2\/media\/7659"}],"wp:attachment":[{"href":"https:\/\/lubosluka.com\/ja\/wp-json\/wp\/v2\/media?parent=8156"}],"wp:term":[{"taxonomy":"product_brand","embeddable":true,"href":"https:\/\/lubosluka.com\/ja\/wp-json\/wp\/v2\/product_brand?post=8156"},{"taxonomy":"product_cat","embeddable":true,"href":"https:\/\/lubosluka.com\/ja\/wp-json\/wp\/v2\/product_cat?post=8156"},{"taxonomy":"product_tag","embeddable":true,"href":"https:\/\/lubosluka.com\/ja\/wp-json\/wp\/v2\/product_tag?post=8156"}],"curies":[{"name":"wp","href":"https:\/\/api.w.org\/{rel}","templated":true}]}}