{"id":8218,"date":"2024-02-26T20:13:51","date_gmt":"2024-02-26T19:13:51","guid":{"rendered":"https:\/\/lubosluka.com\/prodej-not\/%e5%b0%8f%e3%81%95%e3%81%aa%e6%ad%8c-il-canto-del-cigno%ef%bc%88%e3%83%88%e3%83%ad%e3%83%b3%e3%83%90%e3%81%a8%e3%82%aa%e3%83%ab%e3%82%ac%e3%83%b3%e3%81%ae%e3%81%9f%e3%82%81%e3%81%ae\/"},"modified":"2024-03-24T15:42:54","modified_gmt":"2024-03-24T14:42:54","slug":"%e5%b0%8f%e3%81%95%e3%81%aa%e6%ad%8c-il-canto-del-cigno%ef%bc%88%e3%83%88%e3%83%ad%e3%83%b3%e3%83%90%e3%81%a8%e3%82%aa%e3%83%ab%e3%82%ac%e3%83%b3%e3%81%ae%e3%81%9f%e3%82%81%e3%81%ae","status":"publish","type":"product","link":"https:\/\/lubosluka.com\/ja\/prodej-not\/%e5%b0%8f%e3%81%95%e3%81%aa%e6%ad%8c-il-canto-del-cigno%ef%bc%88%e3%83%88%e3%83%ad%e3%83%b3%e3%83%90%e3%81%a8%e3%82%aa%e3%83%ab%e3%82%ac%e3%83%b3%e3%81%ae%e3%81%9f%e3%82%81%e3%81%ae\/","title":{"rendered":"LABUT\u00cd P\u00cdSE\u0147 \/ IL CANTO DEL CIGNO\uff08\u30c8\u30ed\u30f3\u30d0\u3068\u30aa\u30eb\u30ac\u30f3\u306e\u305f\u3081\u306e"},"content":{"rendered":"<p>\u30c8\u30ed\u30f3\u30d0\u3068\u30aa\u30eb\u30ac\u30f3\u306b\u3088\u308b<\/p>\n<p><em>\u30df\u30ed\u30b9\u30e9\u30d5\u30fb\u30b1\u30a4\u30de\u30eb<\/em><\/p>\n<p>(2021)<\/p>\n<p>16\u30da\u30fc\u30b8<\/p>\n<p>ISMN 979-0-706554-56-3<\/p>\n","protected":false},"excerpt":{"rendered":"<p>\u30c8\u30ed\u30f3\u30d0\u3068\u30aa\u30eb\u30ac\u30f3\u306b\u3088\u308b \u30df\u30ed\u30b9\u30e9\u30d5\u30fb\u30b1\u30a4\u30de\u30eb (2021) 16\u30da\u30fc\u30b8 ISM &hellip; <a href=\"https:\/\/lubosluka.com\/ja\/prodej-not\/%e5%b0%8f%e3%81%95%e3%81%aa%e6%ad%8c-il-canto-del-cigno%ef%bc%88%e3%83%88%e3%83%ad%e3%83%b3%e3%83%90%e3%81%a8%e3%82%aa%e3%83%ab%e3%82%ac%e3%83%b3%e3%81%ae%e3%81%9f%e3%82%81%e3%81%ae\/\">Continue reading <span class=\"meta-nav\">&rarr;<\/span><\/a><\/p>\n","protected":false},"featured_media":7628,"template":"","meta":{"jetpack_post_was_ever_published":false,"jetpack_publicize_message":"","jetpack_publicize_feature_enabled":true,"jetpack_social_post_already_shared":true,"jetpack_social_options":{"image_generator_settings":{"template":"highway","enabled":false},"version":2}},"product_brand":[],"product_cat":[198,201],"product_tag":[],"class_list":{"0":"post-8218","1":"product","2":"type-product","3":"status-publish","4":"has-post-thumbnail","6":"product_cat-198","7":"product_cat-201","9":"first","10":"instock","11":"shipping-taxable","12":"purchasable","13":"product-type-variable"},"jetpack_publicize_connections":[],"yoast_head":"<!-- This site is optimized with the Yoast SEO plugin v25.1 - https:\/\/yoast.com\/wordpress\/plugins\/seo\/ -->\n<title>LABUT\u00cd P\u00cdSE\u0147 \/ IL CANTO DEL CIGNO\uff08\u30c8\u30ed\u30f3\u30d0\u3068\u30aa\u30eb\u30ac\u30f3\u306e\u305f\u3081\u306e | Lubo\u0161 Sluka<\/title>\n<meta name=\"robots\" content=\"index, follow, max-snippet:-1, max-image-preview:large, max-video-preview:-1\" \/>\n<link rel=\"canonical\" href=\"https:\/\/lubosluka.com\/ja\/prodej-not\/%e5%b0%8f%e3%81%95%e3%81%aa%e6%ad%8c-il-canto-del-cigno%ef%bc%88%e3%83%88%e3%83%ad%e3%83%b3%e3%83%90%e3%81%a8%e3%82%aa%e3%83%ab%e3%82%ac%e3%83%b3%e3%81%ae%e3%81%9f%e3%82%81%e3%81%ae\/\" \/>\n<meta property=\"og:locale\" content=\"ja_JP\" \/>\n<meta property=\"og:type\" content=\"article\" \/>\n<meta property=\"og:title\" content=\"LABUT\u00cd P\u00cdSE\u0147 \/ IL CANTO DEL CIGNO\uff08\u30c8\u30ed\u30f3\u30d0\u3068\u30aa\u30eb\u30ac\u30f3\u306e\u305f\u3081\u306e | Lubo\u0161 Sluka\" \/>\n<meta property=\"og:description\" content=\"\u30c8\u30ed\u30f3\u30d0\u3068\u30aa\u30eb\u30ac\u30f3\u306b\u3088\u308b \u30df\u30ed\u30b9\u30e9\u30d5\u30fb\u30b1\u30a4\u30de\u30eb (2021) 16\u30da\u30fc\u30b8 ISM &hellip; Continue reading &rarr;\" \/>\n<meta property=\"og:url\" content=\"https:\/\/lubosluka.com\/ja\/prodej-not\/%e5%b0%8f%e3%81%95%e3%81%aa%e6%ad%8c-il-canto-del-cigno%ef%bc%88%e3%83%88%e3%83%ad%e3%83%b3%e3%83%90%e3%81%a8%e3%82%aa%e3%83%ab%e3%82%ac%e3%83%b3%e3%81%ae%e3%81%9f%e3%82%81%e3%81%ae\/\" \/>\n<meta property=\"og:site_name\" content=\"Lubo\u0161 Sluka\" \/>\n<meta property=\"article:modified_time\" content=\"2024-03-24T14:42:54+00:00\" \/>\n<meta property=\"og:image\" content=\"https:\/\/lubosluka.com\/wp-content\/uploads\/2024\/02\/0149_obalka-725x1024.png\" \/>\n\t<meta property=\"og:image:width\" content=\"725\" \/>\n\t<meta property=\"og:image:height\" content=\"1024\" \/>\n\t<meta property=\"og:image:type\" content=\"image\/png\" \/>\n<script type=\"application\/ld+json\" class=\"yoast-schema-graph\">{\"@context\":\"https:\/\/schema.org\",\"@graph\":[{\"@type\":\"WebPage\",\"@id\":\"https:\/\/lubosluka.com\/ja\/prodej-not\/%e5%b0%8f%e3%81%95%e3%81%aa%e6%ad%8c-il-canto-del-cigno%ef%bc%88%e3%83%88%e3%83%ad%e3%83%b3%e3%83%90%e3%81%a8%e3%82%aa%e3%83%ab%e3%82%ac%e3%83%b3%e3%81%ae%e3%81%9f%e3%82%81%e3%81%ae\/\",\"url\":\"https:\/\/lubosluka.com\/ja\/prodej-not\/%e5%b0%8f%e3%81%95%e3%81%aa%e6%ad%8c-il-canto-del-cigno%ef%bc%88%e3%83%88%e3%83%ad%e3%83%b3%e3%83%90%e3%81%a8%e3%82%aa%e3%83%ab%e3%82%ac%e3%83%b3%e3%81%ae%e3%81%9f%e3%82%81%e3%81%ae\/\",\"name\":\"LABUT\u00cd P\u00cdSE\u0147 \/ IL CANTO DEL CIGNO\uff08\u30c8\u30ed\u30f3\u30d0\u3068\u30aa\u30eb\u30ac\u30f3\u306e\u305f\u3081\u306e | Lubo\u0161 Sluka\",\"isPartOf\":{\"@id\":\"https:\/\/lubosluka.com\/ja\/#website\"},\"primaryImageOfPage\":{\"@id\":\"https:\/\/lubosluka.com\/ja\/prodej-not\/%e5%b0%8f%e3%81%95%e3%81%aa%e6%ad%8c-il-canto-del-cigno%ef%bc%88%e3%83%88%e3%83%ad%e3%83%b3%e3%83%90%e3%81%a8%e3%82%aa%e3%83%ab%e3%82%ac%e3%83%b3%e3%81%ae%e3%81%9f%e3%82%81%e3%81%ae\/#primaryimage\"},\"image\":{\"@id\":\"https:\/\/lubosluka.com\/ja\/prodej-not\/%e5%b0%8f%e3%81%95%e3%81%aa%e6%ad%8c-il-canto-del-cigno%ef%bc%88%e3%83%88%e3%83%ad%e3%83%b3%e3%83%90%e3%81%a8%e3%82%aa%e3%83%ab%e3%82%ac%e3%83%b3%e3%81%ae%e3%81%9f%e3%82%81%e3%81%ae\/#primaryimage\"},\"thumbnailUrl\":\"https:\/\/lubosluka.com\/wp-content\/uploads\/2024\/02\/0149_obalka.png\",\"datePublished\":\"2024-02-26T19:13:51+00:00\",\"dateModified\":\"2024-03-24T14:42:54+00:00\",\"breadcrumb\":{\"@id\":\"https:\/\/lubosluka.com\/ja\/prodej-not\/%e5%b0%8f%e3%81%95%e3%81%aa%e6%ad%8c-il-canto-del-cigno%ef%bc%88%e3%83%88%e3%83%ad%e3%83%b3%e3%83%90%e3%81%a8%e3%82%aa%e3%83%ab%e3%82%ac%e3%83%b3%e3%81%ae%e3%81%9f%e3%82%81%e3%81%ae\/#breadcrumb\"},\"inLanguage\":\"ja\",\"potentialAction\":[{\"@type\":\"ReadAction\",\"target\":[\"https:\/\/lubosluka.com\/ja\/prodej-not\/%e5%b0%8f%e3%81%95%e3%81%aa%e6%ad%8c-il-canto-del-cigno%ef%bc%88%e3%83%88%e3%83%ad%e3%83%b3%e3%83%90%e3%81%a8%e3%82%aa%e3%83%ab%e3%82%ac%e3%83%b3%e3%81%ae%e3%81%9f%e3%82%81%e3%81%ae\/\"]}]},{\"@type\":\"ImageObject\",\"inLanguage\":\"ja\",\"@id\":\"https:\/\/lubosluka.com\/ja\/prodej-not\/%e5%b0%8f%e3%81%95%e3%81%aa%e6%ad%8c-il-canto-del-cigno%ef%bc%88%e3%83%88%e3%83%ad%e3%83%b3%e3%83%90%e3%81%a8%e3%82%aa%e3%83%ab%e3%82%ac%e3%83%b3%e3%81%ae%e3%81%9f%e3%82%81%e3%81%ae\/#primaryimage\",\"url\":\"https:\/\/lubosluka.com\/wp-content\/uploads\/2024\/02\/0149_obalka.png\",\"contentUrl\":\"https:\/\/lubosluka.com\/wp-content\/uploads\/2024\/02\/0149_obalka.png\",\"width\":2486,\"height\":3509},{\"@type\":\"BreadcrumbList\",\"@id\":\"https:\/\/lubosluka.com\/ja\/prodej-not\/%e5%b0%8f%e3%81%95%e3%81%aa%e6%ad%8c-il-canto-del-cigno%ef%bc%88%e3%83%88%e3%83%ad%e3%83%b3%e3%83%90%e3%81%a8%e3%82%aa%e3%83%ab%e3%82%ac%e3%83%b3%e3%81%ae%e3%81%9f%e3%82%81%e3%81%ae\/#breadcrumb\",\"itemListElement\":[{\"@type\":\"ListItem\",\"position\":1,\"name\":\"Editio Musica Humana\",\"item\":\"https:\/\/lubosluka.com\/ja\/%e3%82%a8%e3%83%87%e3%82%a3%e3%82%b7%e3%82%aa%e3%83%bb%e3%83%a0%e3%82%b8%e3%82%ab%e3%83%bb%e3%83%95%e3%83%9e%e3%83%bc%e3%83%8a\/\"},{\"@type\":\"ListItem\",\"position\":2,\"name\":\"\u30b7\u30e7\u30c3\u30d7\",\"item\":\"https:\/\/lubosluka.com\/ja\/%e3%82%b7%e3%83%a7%e3%83%83%e3%83%97\/\"},{\"@type\":\"ListItem\",\"position\":3,\"name\":\"\u30aa\u30eb\u30ac\u30f3\",\"item\":\"https:\/\/lubosluka.com\/ja\/\u5099\u8003\/%e3%82%aa%e3%83%ab%e3%82%ac%e3%83%b3\/\"},{\"@type\":\"ListItem\",\"position\":4,\"name\":\"LABUT\u00cd P\u00cdSE\u0147 \/ IL CANTO DEL CIGNO\uff08\u30c8\u30ed\u30f3\u30d0\u3068\u30aa\u30eb\u30ac\u30f3\u306e\u305f\u3081\u306e\"}]},{\"@type\":\"WebSite\",\"@id\":\"https:\/\/lubosluka.com\/ja\/#website\",\"url\":\"https:\/\/lubosluka.com\/ja\/\",\"name\":\"Lubo\u0161 Sluka\",\"description\":\"hudebn\u00ed skladatel\",\"potentialAction\":[{\"@type\":\"SearchAction\",\"target\":{\"@type\":\"EntryPoint\",\"urlTemplate\":\"https:\/\/lubosluka.com\/ja\/?s={search_term_string}\"},\"query-input\":{\"@type\":\"PropertyValueSpecification\",\"valueRequired\":true,\"valueName\":\"search_term_string\"}}],\"inLanguage\":\"ja\"}]}<\/script>\n<!-- \/ Yoast SEO plugin. -->","yoast_head_json":{"title":"LABUT\u00cd P\u00cdSE\u0147 \/ IL CANTO DEL CIGNO\uff08\u30c8\u30ed\u30f3\u30d0\u3068\u30aa\u30eb\u30ac\u30f3\u306e\u305f\u3081\u306e | Lubo\u0161 Sluka","robots":{"index":"index","follow":"follow","max-snippet":"max-snippet:-1","max-image-preview":"max-image-preview:large","max-video-preview":"max-video-preview:-1"},"canonical":"https:\/\/lubosluka.com\/ja\/prodej-not\/%e5%b0%8f%e3%81%95%e3%81%aa%e6%ad%8c-il-canto-del-cigno%ef%bc%88%e3%83%88%e3%83%ad%e3%83%b3%e3%83%90%e3%81%a8%e3%82%aa%e3%83%ab%e3%82%ac%e3%83%b3%e3%81%ae%e3%81%9f%e3%82%81%e3%81%ae\/","og_locale":"ja_JP","og_type":"article","og_title":"LABUT\u00cd P\u00cdSE\u0147 \/ IL CANTO DEL CIGNO\uff08\u30c8\u30ed\u30f3\u30d0\u3068\u30aa\u30eb\u30ac\u30f3\u306e\u305f\u3081\u306e | Lubo\u0161 Sluka","og_description":"\u30c8\u30ed\u30f3\u30d0\u3068\u30aa\u30eb\u30ac\u30f3\u306b\u3088\u308b \u30df\u30ed\u30b9\u30e9\u30d5\u30fb\u30b1\u30a4\u30de\u30eb (2021) 16\u30da\u30fc\u30b8 ISM &hellip; Continue reading &rarr;","og_url":"https:\/\/lubosluka.com\/ja\/prodej-not\/%e5%b0%8f%e3%81%95%e3%81%aa%e6%ad%8c-il-canto-del-cigno%ef%bc%88%e3%83%88%e3%83%ad%e3%83%b3%e3%83%90%e3%81%a8%e3%82%aa%e3%83%ab%e3%82%ac%e3%83%b3%e3%81%ae%e3%81%9f%e3%82%81%e3%81%ae\/","og_site_name":"Lubo\u0161 Sluka","article_modified_time":"2024-03-24T14:42:54+00:00","og_image":[{"width":725,"height":1024,"url":"https:\/\/lubosluka.com\/wp-content\/uploads\/2024\/02\/0149_obalka-725x1024.png","type":"image\/png"}],"schema":{"@context":"https:\/\/schema.org","@graph":[{"@type":"WebPage","@id":"https:\/\/lubosluka.com\/ja\/prodej-not\/%e5%b0%8f%e3%81%95%e3%81%aa%e6%ad%8c-il-canto-del-cigno%ef%bc%88%e3%83%88%e3%83%ad%e3%83%b3%e3%83%90%e3%81%a8%e3%82%aa%e3%83%ab%e3%82%ac%e3%83%b3%e3%81%ae%e3%81%9f%e3%82%81%e3%81%ae\/","url":"https:\/\/lubosluka.com\/ja\/prodej-not\/%e5%b0%8f%e3%81%95%e3%81%aa%e6%ad%8c-il-canto-del-cigno%ef%bc%88%e3%83%88%e3%83%ad%e3%83%b3%e3%83%90%e3%81%a8%e3%82%aa%e3%83%ab%e3%82%ac%e3%83%b3%e3%81%ae%e3%81%9f%e3%82%81%e3%81%ae\/","name":"LABUT\u00cd P\u00cdSE\u0147 \/ IL CANTO DEL CIGNO\uff08\u30c8\u30ed\u30f3\u30d0\u3068\u30aa\u30eb\u30ac\u30f3\u306e\u305f\u3081\u306e | Lubo\u0161 Sluka","isPartOf":{"@id":"https:\/\/lubosluka.com\/ja\/#website"},"primaryImageOfPage":{"@id":"https:\/\/lubosluka.com\/ja\/prodej-not\/%e5%b0%8f%e3%81%95%e3%81%aa%e6%ad%8c-il-canto-del-cigno%ef%bc%88%e3%83%88%e3%83%ad%e3%83%b3%e3%83%90%e3%81%a8%e3%82%aa%e3%83%ab%e3%82%ac%e3%83%b3%e3%81%ae%e3%81%9f%e3%82%81%e3%81%ae\/#primaryimage"},"image":{"@id":"https:\/\/lubosluka.com\/ja\/prodej-not\/%e5%b0%8f%e3%81%95%e3%81%aa%e6%ad%8c-il-canto-del-cigno%ef%bc%88%e3%83%88%e3%83%ad%e3%83%b3%e3%83%90%e3%81%a8%e3%82%aa%e3%83%ab%e3%82%ac%e3%83%b3%e3%81%ae%e3%81%9f%e3%82%81%e3%81%ae\/#primaryimage"},"thumbnailUrl":"https:\/\/lubosluka.com\/wp-content\/uploads\/2024\/02\/0149_obalka.png","datePublished":"2024-02-26T19:13:51+00:00","dateModified":"2024-03-24T14:42:54+00:00","breadcrumb":{"@id":"https:\/\/lubosluka.com\/ja\/prodej-not\/%e5%b0%8f%e3%81%95%e3%81%aa%e6%ad%8c-il-canto-del-cigno%ef%bc%88%e3%83%88%e3%83%ad%e3%83%b3%e3%83%90%e3%81%a8%e3%82%aa%e3%83%ab%e3%82%ac%e3%83%b3%e3%81%ae%e3%81%9f%e3%82%81%e3%81%ae\/#breadcrumb"},"inLanguage":"ja","potentialAction":[{"@type":"ReadAction","target":["https:\/\/lubosluka.com\/ja\/prodej-not\/%e5%b0%8f%e3%81%95%e3%81%aa%e6%ad%8c-il-canto-del-cigno%ef%bc%88%e3%83%88%e3%83%ad%e3%83%b3%e3%83%90%e3%81%a8%e3%82%aa%e3%83%ab%e3%82%ac%e3%83%b3%e3%81%ae%e3%81%9f%e3%82%81%e3%81%ae\/"]}]},{"@type":"ImageObject","inLanguage":"ja","@id":"https:\/\/lubosluka.com\/ja\/prodej-not\/%e5%b0%8f%e3%81%95%e3%81%aa%e6%ad%8c-il-canto-del-cigno%ef%bc%88%e3%83%88%e3%83%ad%e3%83%b3%e3%83%90%e3%81%a8%e3%82%aa%e3%83%ab%e3%82%ac%e3%83%b3%e3%81%ae%e3%81%9f%e3%82%81%e3%81%ae\/#primaryimage","url":"https:\/\/lubosluka.com\/wp-content\/uploads\/2024\/02\/0149_obalka.png","contentUrl":"https:\/\/lubosluka.com\/wp-content\/uploads\/2024\/02\/0149_obalka.png","width":2486,"height":3509},{"@type":"BreadcrumbList","@id":"https:\/\/lubosluka.com\/ja\/prodej-not\/%e5%b0%8f%e3%81%95%e3%81%aa%e6%ad%8c-il-canto-del-cigno%ef%bc%88%e3%83%88%e3%83%ad%e3%83%b3%e3%83%90%e3%81%a8%e3%82%aa%e3%83%ab%e3%82%ac%e3%83%b3%e3%81%ae%e3%81%9f%e3%82%81%e3%81%ae\/#breadcrumb","itemListElement":[{"@type":"ListItem","position":1,"name":"Editio Musica Humana","item":"https:\/\/lubosluka.com\/ja\/%e3%82%a8%e3%83%87%e3%82%a3%e3%82%b7%e3%82%aa%e3%83%bb%e3%83%a0%e3%82%b8%e3%82%ab%e3%83%bb%e3%83%95%e3%83%9e%e3%83%bc%e3%83%8a\/"},{"@type":"ListItem","position":2,"name":"\u30b7\u30e7\u30c3\u30d7","item":"https:\/\/lubosluka.com\/ja\/%e3%82%b7%e3%83%a7%e3%83%83%e3%83%97\/"},{"@type":"ListItem","position":3,"name":"\u30aa\u30eb\u30ac\u30f3","item":"https:\/\/lubosluka.com\/ja\/\u5099\u8003\/%e3%82%aa%e3%83%ab%e3%82%ac%e3%83%b3\/"},{"@type":"ListItem","position":4,"name":"LABUT\u00cd P\u00cdSE\u0147 \/ IL CANTO DEL CIGNO\uff08\u30c8\u30ed\u30f3\u30d0\u3068\u30aa\u30eb\u30ac\u30f3\u306e\u305f\u3081\u306e"}]},{"@type":"WebSite","@id":"https:\/\/lubosluka.com\/ja\/#website","url":"https:\/\/lubosluka.com\/ja\/","name":"Lubo\u0161 Sluka","description":"hudebn\u00ed skladatel","potentialAction":[{"@type":"SearchAction","target":{"@type":"EntryPoint","urlTemplate":"https:\/\/lubosluka.com\/ja\/?s={search_term_string}"},"query-input":{"@type":"PropertyValueSpecification","valueRequired":true,"valueName":"search_term_string"}}],"inLanguage":"ja"}]}},"jetpack_sharing_enabled":true,"_links":{"self":[{"href":"https:\/\/lubosluka.com\/ja\/wp-json\/wp\/v2\/product\/8218","targetHints":{"allow":["GET"]}}],"collection":[{"href":"https:\/\/lubosluka.com\/ja\/wp-json\/wp\/v2\/product"}],"about":[{"href":"https:\/\/lubosluka.com\/ja\/wp-json\/wp\/v2\/types\/product"}],"version-history":[{"count":2,"href":"https:\/\/lubosluka.com\/ja\/wp-json\/wp\/v2\/product\/8218\/revisions"}],"predecessor-version":[{"id":9585,"href":"https:\/\/lubosluka.com\/ja\/wp-json\/wp\/v2\/product\/8218\/revisions\/9585"}],"wp:featuredmedia":[{"embeddable":true,"href":"https:\/\/lubosluka.com\/ja\/wp-json\/wp\/v2\/media\/7628"}],"wp:attachment":[{"href":"https:\/\/lubosluka.com\/ja\/wp-json\/wp\/v2\/media?parent=8218"}],"wp:term":[{"taxonomy":"product_brand","embeddable":true,"href":"https:\/\/lubosluka.com\/ja\/wp-json\/wp\/v2\/product_brand?post=8218"},{"taxonomy":"product_cat","embeddable":true,"href":"https:\/\/lubosluka.com\/ja\/wp-json\/wp\/v2\/product_cat?post=8218"},{"taxonomy":"product_tag","embeddable":true,"href":"https:\/\/lubosluka.com\/ja\/wp-json\/wp\/v2\/product_tag?post=8218"}],"curies":[{"name":"wp","href":"https:\/\/api.w.org\/{rel}","templated":true}]}}