{"id":8994,"date":"2015-11-19T18:12:08","date_gmt":"2015-11-19T17:12:08","guid":{"rendered":"https:\/\/lubosluka.com\/prodej-not\/%e3%82%a8%e3%83%b4%e3%82%a1%e3%83%b3%e3%82%b2%e3%83%aa%e3%82%a6%e3%83%a0sv-%e3%83%9e%e3%83%86%e3%83%a5%e3%83%bc%ef%bc%88%e4%b8%ad%e5%a3%b0%e3%80%81%e3%82%aa%e3%83%bc%e3%83%9c%e3%82%a8%e3%81%a8\/"},"modified":"2015-11-19T18:12:08","modified_gmt":"2015-11-19T17:12:08","slug":"%e3%82%a8%e3%83%b4%e3%82%a1%e3%83%b3%e3%82%b2%e3%83%aa%e3%82%a6%e3%83%a0sv-%e3%83%9e%e3%83%86%e3%83%a5%e3%83%bc%ef%bc%88%e4%b8%ad%e5%a3%b0%e3%80%81%e3%82%aa%e3%83%bc%e3%83%9c%e3%82%a8%e3%81%a8","status":"publish","type":"product","link":"https:\/\/lubosluka.com\/ja\/prodej-not\/%e3%82%a8%e3%83%b4%e3%82%a1%e3%83%b3%e3%82%b2%e3%83%aa%e3%82%a6%e3%83%a0sv-%e3%83%9e%e3%83%86%e3%83%a5%e3%83%bc%ef%bc%88%e4%b8%ad%e5%a3%b0%e3%80%81%e3%82%aa%e3%83%bc%e3%83%9c%e3%82%a8%e3%81%a8\/","title":{"rendered":"\u30a8\u30f4\u30a1\u30f3\u30b2\u30ea\u30a6\u30e0SV. \u30de\u30c6\u30e5\u30fc\uff08\u4e2d\u58f0\u3001\u30aa\u30fc\u30dc\u30a8\u3068\u5f26\u697d\u56db\u91cd\u594f\uff08\u307e\u305f\u306f\u7ba1\u5f26\u697d\uff09\u306e\u305f\u3081\u306e"},"content":{"rendered":"<p>\u4e2d\u58f0\u3001\u30aa\u30fc\u30dc\u30a8\u3068\u5f26\u697d\u56db\u91cd\u594f\uff08\u307e\u305f\u306f\u7ba1\u5f26\u697d\uff09\u306e\u305f\u3081\u306e<\/p>\n<p><em>\u3053\u306e\u66f2\u306f\u3001\u8352\u5ec3\u3057\u305f\u8056\u6559\u4f1a\u306e\u5fa9\u6d3b\u306b\u6367\u3052\u3089\u308c\u3066\u3044\u308b\u3002 Matthew in De\u0161tn\u00e9 v&nbsp;Orlick\u00fdch hor\u00e1ch\uff01<\/em><\/p>\n<p>\u30d1\u30fc\u30c6\u30a3\u3068\u30d1\u30fc\u30c6\u30a3<\/p>\n<p>42\u30da\u30fc\u30b8<\/p>\n<p>ISBN 979-0-706554-06-8<\/p>\n","protected":false},"excerpt":{"rendered":"<p>\u4e2d\u58f0\u3001\u30aa\u30fc\u30dc\u30a8\u3068\u5f26\u697d\u56db\u91cd\u594f\uff08\u307e\u305f\u306f\u7ba1\u5f26\u697d\uff09\u306e\u305f\u3081\u306e \u3053\u306e\u66f2\u306f\u3001\u8352\u5ec3\u3057\u305f\u8056\u6559\u4f1a\u306e\u5fa9 &hellip; <a href=\"https:\/\/lubosluka.com\/ja\/prodej-not\/%e3%82%a8%e3%83%b4%e3%82%a1%e3%83%b3%e3%82%b2%e3%83%aa%e3%82%a6%e3%83%a0sv-%e3%83%9e%e3%83%86%e3%83%a5%e3%83%bc%ef%bc%88%e4%b8%ad%e5%a3%b0%e3%80%81%e3%82%aa%e3%83%bc%e3%83%9c%e3%82%a8%e3%81%a8\/\">Continue reading <span class=\"meta-nav\">&rarr;<\/span><\/a><\/p>\n","protected":false},"featured_media":7108,"template":"","meta":{"jetpack_post_was_ever_published":false,"jetpack_publicize_message":"","jetpack_publicize_feature_enabled":true,"jetpack_social_post_already_shared":true,"jetpack_social_options":{"image_generator_settings":{"template":"highway","enabled":false},"version":2}},"product_brand":[],"product_cat":[151,153,194],"product_tag":[],"class_list":{"0":"post-8994","1":"product","2":"type-product","3":"status-publish","4":"has-post-thumbnail","6":"product_cat-151","7":"product_cat-153","8":"product_cat-194","10":"first","11":"instock","12":"shipping-taxable","13":"purchasable","14":"product-type-variable"},"jetpack_publicize_connections":[],"yoast_head":"<!-- This site is optimized with the Yoast SEO plugin v25.1 - https:\/\/yoast.com\/wordpress\/plugins\/seo\/ -->\n<title>\u30a8\u30f4\u30a1\u30f3\u30b2\u30ea\u30a6\u30e0SV. \u30de\u30c6\u30e5\u30fc\uff08\u4e2d\u58f0\u3001\u30aa\u30fc\u30dc\u30a8\u3068\u5f26\u697d\u56db\u91cd\u594f\uff08\u307e\u305f\u306f\u7ba1\u5f26\u697d\uff09\u306e\u305f\u3081\u306e | Lubo\u0161 Sluka<\/title>\n<meta name=\"robots\" content=\"index, follow, max-snippet:-1, max-image-preview:large, max-video-preview:-1\" \/>\n<link rel=\"canonical\" href=\"https:\/\/lubosluka.com\/ja\/prodej-not\/%e3%82%a8%e3%83%b4%e3%82%a1%e3%83%b3%e3%82%b2%e3%83%aa%e3%82%a6%e3%83%a0sv-%e3%83%9e%e3%83%86%e3%83%a5%e3%83%bc%ef%bc%88%e4%b8%ad%e5%a3%b0%e3%80%81%e3%82%aa%e3%83%bc%e3%83%9c%e3%82%a8%e3%81%a8\/\" \/>\n<meta property=\"og:locale\" content=\"ja_JP\" \/>\n<meta property=\"og:type\" content=\"article\" \/>\n<meta property=\"og:title\" content=\"\u30a8\u30f4\u30a1\u30f3\u30b2\u30ea\u30a6\u30e0SV. \u30de\u30c6\u30e5\u30fc\uff08\u4e2d\u58f0\u3001\u30aa\u30fc\u30dc\u30a8\u3068\u5f26\u697d\u56db\u91cd\u594f\uff08\u307e\u305f\u306f\u7ba1\u5f26\u697d\uff09\u306e\u305f\u3081\u306e | Lubo\u0161 Sluka\" \/>\n<meta property=\"og:description\" content=\"\u4e2d\u58f0\u3001\u30aa\u30fc\u30dc\u30a8\u3068\u5f26\u697d\u56db\u91cd\u594f\uff08\u307e\u305f\u306f\u7ba1\u5f26\u697d\uff09\u306e\u305f\u3081\u306e \u3053\u306e\u66f2\u306f\u3001\u8352\u5ec3\u3057\u305f\u8056\u6559\u4f1a\u306e\u5fa9 &hellip; Continue reading &rarr;\" \/>\n<meta property=\"og:url\" content=\"https:\/\/lubosluka.com\/ja\/prodej-not\/%e3%82%a8%e3%83%b4%e3%82%a1%e3%83%b3%e3%82%b2%e3%83%aa%e3%82%a6%e3%83%a0sv-%e3%83%9e%e3%83%86%e3%83%a5%e3%83%bc%ef%bc%88%e4%b8%ad%e5%a3%b0%e3%80%81%e3%82%aa%e3%83%bc%e3%83%9c%e3%82%a8%e3%81%a8\/\" \/>\n<meta property=\"og:site_name\" content=\"Lubo\u0161 Sluka\" \/>\n<meta property=\"og:image\" content=\"https:\/\/lubosluka.com\/wp-content\/uploads\/2015\/11\/0121_obalka.png\" \/>\n\t<meta property=\"og:image:width\" content=\"2480\" \/>\n\t<meta property=\"og:image:height\" content=\"3509\" \/>\n\t<meta property=\"og:image:type\" content=\"image\/png\" \/>\n<script type=\"application\/ld+json\" class=\"yoast-schema-graph\">{\"@context\":\"https:\/\/schema.org\",\"@graph\":[{\"@type\":\"WebPage\",\"@id\":\"https:\/\/lubosluka.com\/ja\/prodej-not\/%e3%82%a8%e3%83%b4%e3%82%a1%e3%83%b3%e3%82%b2%e3%83%aa%e3%82%a6%e3%83%a0sv-%e3%83%9e%e3%83%86%e3%83%a5%e3%83%bc%ef%bc%88%e4%b8%ad%e5%a3%b0%e3%80%81%e3%82%aa%e3%83%bc%e3%83%9c%e3%82%a8%e3%81%a8\/\",\"url\":\"https:\/\/lubosluka.com\/ja\/prodej-not\/%e3%82%a8%e3%83%b4%e3%82%a1%e3%83%b3%e3%82%b2%e3%83%aa%e3%82%a6%e3%83%a0sv-%e3%83%9e%e3%83%86%e3%83%a5%e3%83%bc%ef%bc%88%e4%b8%ad%e5%a3%b0%e3%80%81%e3%82%aa%e3%83%bc%e3%83%9c%e3%82%a8%e3%81%a8\/\",\"name\":\"\u30a8\u30f4\u30a1\u30f3\u30b2\u30ea\u30a6\u30e0SV. \u30de\u30c6\u30e5\u30fc\uff08\u4e2d\u58f0\u3001\u30aa\u30fc\u30dc\u30a8\u3068\u5f26\u697d\u56db\u91cd\u594f\uff08\u307e\u305f\u306f\u7ba1\u5f26\u697d\uff09\u306e\u305f\u3081\u306e | Lubo\u0161 Sluka\",\"isPartOf\":{\"@id\":\"https:\/\/lubosluka.com\/ja\/#website\"},\"primaryImageOfPage\":{\"@id\":\"https:\/\/lubosluka.com\/ja\/prodej-not\/%e3%82%a8%e3%83%b4%e3%82%a1%e3%83%b3%e3%82%b2%e3%83%aa%e3%82%a6%e3%83%a0sv-%e3%83%9e%e3%83%86%e3%83%a5%e3%83%bc%ef%bc%88%e4%b8%ad%e5%a3%b0%e3%80%81%e3%82%aa%e3%83%bc%e3%83%9c%e3%82%a8%e3%81%a8\/#primaryimage\"},\"image\":{\"@id\":\"https:\/\/lubosluka.com\/ja\/prodej-not\/%e3%82%a8%e3%83%b4%e3%82%a1%e3%83%b3%e3%82%b2%e3%83%aa%e3%82%a6%e3%83%a0sv-%e3%83%9e%e3%83%86%e3%83%a5%e3%83%bc%ef%bc%88%e4%b8%ad%e5%a3%b0%e3%80%81%e3%82%aa%e3%83%bc%e3%83%9c%e3%82%a8%e3%81%a8\/#primaryimage\"},\"thumbnailUrl\":\"https:\/\/lubosluka.com\/wp-content\/uploads\/2015\/11\/0121_obalka.png\",\"datePublished\":\"2015-11-19T17:12:08+00:00\",\"breadcrumb\":{\"@id\":\"https:\/\/lubosluka.com\/ja\/prodej-not\/%e3%82%a8%e3%83%b4%e3%82%a1%e3%83%b3%e3%82%b2%e3%83%aa%e3%82%a6%e3%83%a0sv-%e3%83%9e%e3%83%86%e3%83%a5%e3%83%bc%ef%bc%88%e4%b8%ad%e5%a3%b0%e3%80%81%e3%82%aa%e3%83%bc%e3%83%9c%e3%82%a8%e3%81%a8\/#breadcrumb\"},\"inLanguage\":\"ja\",\"potentialAction\":[{\"@type\":\"ReadAction\",\"target\":[\"https:\/\/lubosluka.com\/ja\/prodej-not\/%e3%82%a8%e3%83%b4%e3%82%a1%e3%83%b3%e3%82%b2%e3%83%aa%e3%82%a6%e3%83%a0sv-%e3%83%9e%e3%83%86%e3%83%a5%e3%83%bc%ef%bc%88%e4%b8%ad%e5%a3%b0%e3%80%81%e3%82%aa%e3%83%bc%e3%83%9c%e3%82%a8%e3%81%a8\/\"]}]},{\"@type\":\"ImageObject\",\"inLanguage\":\"ja\",\"@id\":\"https:\/\/lubosluka.com\/ja\/prodej-not\/%e3%82%a8%e3%83%b4%e3%82%a1%e3%83%b3%e3%82%b2%e3%83%aa%e3%82%a6%e3%83%a0sv-%e3%83%9e%e3%83%86%e3%83%a5%e3%83%bc%ef%bc%88%e4%b8%ad%e5%a3%b0%e3%80%81%e3%82%aa%e3%83%bc%e3%83%9c%e3%82%a8%e3%81%a8\/#primaryimage\",\"url\":\"https:\/\/lubosluka.com\/wp-content\/uploads\/2015\/11\/0121_obalka.png\",\"contentUrl\":\"https:\/\/lubosluka.com\/wp-content\/uploads\/2015\/11\/0121_obalka.png\",\"width\":2480,\"height\":3509},{\"@type\":\"BreadcrumbList\",\"@id\":\"https:\/\/lubosluka.com\/ja\/prodej-not\/%e3%82%a8%e3%83%b4%e3%82%a1%e3%83%b3%e3%82%b2%e3%83%aa%e3%82%a6%e3%83%a0sv-%e3%83%9e%e3%83%86%e3%83%a5%e3%83%bc%ef%bc%88%e4%b8%ad%e5%a3%b0%e3%80%81%e3%82%aa%e3%83%bc%e3%83%9c%e3%82%a8%e3%81%a8\/#breadcrumb\",\"itemListElement\":[{\"@type\":\"ListItem\",\"position\":1,\"name\":\"Editio Musica Humana\",\"item\":\"https:\/\/lubosluka.com\/ja\/%e3%82%a8%e3%83%87%e3%82%a3%e3%82%b7%e3%82%aa%e3%83%bb%e3%83%a0%e3%82%b8%e3%82%ab%e3%83%bb%e3%83%95%e3%83%9e%e3%83%bc%e3%83%8a\/\"},{\"@type\":\"ListItem\",\"position\":2,\"name\":\"\u30b7\u30e7\u30c3\u30d7\",\"item\":\"https:\/\/lubosluka.com\/ja\/%e3%82%b7%e3%83%a7%e3%83%83%e3%83%97\/\"},{\"@type\":\"ListItem\",\"position\":3,\"name\":\"\u30a8\u30f4\u30a1\u30f3\u30b2\u30ea\u30a6\u30e0SV. \u30de\u30c6\u30e5\u30fc\uff08\u4e2d\u58f0\u3001\u30aa\u30fc\u30dc\u30a8\u3068\u5f26\u697d\u56db\u91cd\u594f\uff08\u307e\u305f\u306f\u7ba1\u5f26\u697d\uff09\u306e\u305f\u3081\u306e\"}]},{\"@type\":\"WebSite\",\"@id\":\"https:\/\/lubosluka.com\/ja\/#website\",\"url\":\"https:\/\/lubosluka.com\/ja\/\",\"name\":\"Lubo\u0161 Sluka\",\"description\":\"hudebn\u00ed skladatel\",\"potentialAction\":[{\"@type\":\"SearchAction\",\"target\":{\"@type\":\"EntryPoint\",\"urlTemplate\":\"https:\/\/lubosluka.com\/ja\/?s={search_term_string}\"},\"query-input\":{\"@type\":\"PropertyValueSpecification\",\"valueRequired\":true,\"valueName\":\"search_term_string\"}}],\"inLanguage\":\"ja\"}]}<\/script>\n<!-- \/ Yoast SEO plugin. -->","yoast_head_json":{"title":"\u30a8\u30f4\u30a1\u30f3\u30b2\u30ea\u30a6\u30e0SV. \u30de\u30c6\u30e5\u30fc\uff08\u4e2d\u58f0\u3001\u30aa\u30fc\u30dc\u30a8\u3068\u5f26\u697d\u56db\u91cd\u594f\uff08\u307e\u305f\u306f\u7ba1\u5f26\u697d\uff09\u306e\u305f\u3081\u306e | Lubo\u0161 Sluka","robots":{"index":"index","follow":"follow","max-snippet":"max-snippet:-1","max-image-preview":"max-image-preview:large","max-video-preview":"max-video-preview:-1"},"canonical":"https:\/\/lubosluka.com\/ja\/prodej-not\/%e3%82%a8%e3%83%b4%e3%82%a1%e3%83%b3%e3%82%b2%e3%83%aa%e3%82%a6%e3%83%a0sv-%e3%83%9e%e3%83%86%e3%83%a5%e3%83%bc%ef%bc%88%e4%b8%ad%e5%a3%b0%e3%80%81%e3%82%aa%e3%83%bc%e3%83%9c%e3%82%a8%e3%81%a8\/","og_locale":"ja_JP","og_type":"article","og_title":"\u30a8\u30f4\u30a1\u30f3\u30b2\u30ea\u30a6\u30e0SV. \u30de\u30c6\u30e5\u30fc\uff08\u4e2d\u58f0\u3001\u30aa\u30fc\u30dc\u30a8\u3068\u5f26\u697d\u56db\u91cd\u594f\uff08\u307e\u305f\u306f\u7ba1\u5f26\u697d\uff09\u306e\u305f\u3081\u306e | Lubo\u0161 Sluka","og_description":"\u4e2d\u58f0\u3001\u30aa\u30fc\u30dc\u30a8\u3068\u5f26\u697d\u56db\u91cd\u594f\uff08\u307e\u305f\u306f\u7ba1\u5f26\u697d\uff09\u306e\u305f\u3081\u306e \u3053\u306e\u66f2\u306f\u3001\u8352\u5ec3\u3057\u305f\u8056\u6559\u4f1a\u306e\u5fa9 &hellip; Continue reading &rarr;","og_url":"https:\/\/lubosluka.com\/ja\/prodej-not\/%e3%82%a8%e3%83%b4%e3%82%a1%e3%83%b3%e3%82%b2%e3%83%aa%e3%82%a6%e3%83%a0sv-%e3%83%9e%e3%83%86%e3%83%a5%e3%83%bc%ef%bc%88%e4%b8%ad%e5%a3%b0%e3%80%81%e3%82%aa%e3%83%bc%e3%83%9c%e3%82%a8%e3%81%a8\/","og_site_name":"Lubo\u0161 Sluka","og_image":[{"width":2480,"height":3509,"url":"https:\/\/lubosluka.com\/wp-content\/uploads\/2015\/11\/0121_obalka.png","type":"image\/png"}],"schema":{"@context":"https:\/\/schema.org","@graph":[{"@type":"WebPage","@id":"https:\/\/lubosluka.com\/ja\/prodej-not\/%e3%82%a8%e3%83%b4%e3%82%a1%e3%83%b3%e3%82%b2%e3%83%aa%e3%82%a6%e3%83%a0sv-%e3%83%9e%e3%83%86%e3%83%a5%e3%83%bc%ef%bc%88%e4%b8%ad%e5%a3%b0%e3%80%81%e3%82%aa%e3%83%bc%e3%83%9c%e3%82%a8%e3%81%a8\/","url":"https:\/\/lubosluka.com\/ja\/prodej-not\/%e3%82%a8%e3%83%b4%e3%82%a1%e3%83%b3%e3%82%b2%e3%83%aa%e3%82%a6%e3%83%a0sv-%e3%83%9e%e3%83%86%e3%83%a5%e3%83%bc%ef%bc%88%e4%b8%ad%e5%a3%b0%e3%80%81%e3%82%aa%e3%83%bc%e3%83%9c%e3%82%a8%e3%81%a8\/","name":"\u30a8\u30f4\u30a1\u30f3\u30b2\u30ea\u30a6\u30e0SV. \u30de\u30c6\u30e5\u30fc\uff08\u4e2d\u58f0\u3001\u30aa\u30fc\u30dc\u30a8\u3068\u5f26\u697d\u56db\u91cd\u594f\uff08\u307e\u305f\u306f\u7ba1\u5f26\u697d\uff09\u306e\u305f\u3081\u306e | Lubo\u0161 Sluka","isPartOf":{"@id":"https:\/\/lubosluka.com\/ja\/#website"},"primaryImageOfPage":{"@id":"https:\/\/lubosluka.com\/ja\/prodej-not\/%e3%82%a8%e3%83%b4%e3%82%a1%e3%83%b3%e3%82%b2%e3%83%aa%e3%82%a6%e3%83%a0sv-%e3%83%9e%e3%83%86%e3%83%a5%e3%83%bc%ef%bc%88%e4%b8%ad%e5%a3%b0%e3%80%81%e3%82%aa%e3%83%bc%e3%83%9c%e3%82%a8%e3%81%a8\/#primaryimage"},"image":{"@id":"https:\/\/lubosluka.com\/ja\/prodej-not\/%e3%82%a8%e3%83%b4%e3%82%a1%e3%83%b3%e3%82%b2%e3%83%aa%e3%82%a6%e3%83%a0sv-%e3%83%9e%e3%83%86%e3%83%a5%e3%83%bc%ef%bc%88%e4%b8%ad%e5%a3%b0%e3%80%81%e3%82%aa%e3%83%bc%e3%83%9c%e3%82%a8%e3%81%a8\/#primaryimage"},"thumbnailUrl":"https:\/\/lubosluka.com\/wp-content\/uploads\/2015\/11\/0121_obalka.png","datePublished":"2015-11-19T17:12:08+00:00","breadcrumb":{"@id":"https:\/\/lubosluka.com\/ja\/prodej-not\/%e3%82%a8%e3%83%b4%e3%82%a1%e3%83%b3%e3%82%b2%e3%83%aa%e3%82%a6%e3%83%a0sv-%e3%83%9e%e3%83%86%e3%83%a5%e3%83%bc%ef%bc%88%e4%b8%ad%e5%a3%b0%e3%80%81%e3%82%aa%e3%83%bc%e3%83%9c%e3%82%a8%e3%81%a8\/#breadcrumb"},"inLanguage":"ja","potentialAction":[{"@type":"ReadAction","target":["https:\/\/lubosluka.com\/ja\/prodej-not\/%e3%82%a8%e3%83%b4%e3%82%a1%e3%83%b3%e3%82%b2%e3%83%aa%e3%82%a6%e3%83%a0sv-%e3%83%9e%e3%83%86%e3%83%a5%e3%83%bc%ef%bc%88%e4%b8%ad%e5%a3%b0%e3%80%81%e3%82%aa%e3%83%bc%e3%83%9c%e3%82%a8%e3%81%a8\/"]}]},{"@type":"ImageObject","inLanguage":"ja","@id":"https:\/\/lubosluka.com\/ja\/prodej-not\/%e3%82%a8%e3%83%b4%e3%82%a1%e3%83%b3%e3%82%b2%e3%83%aa%e3%82%a6%e3%83%a0sv-%e3%83%9e%e3%83%86%e3%83%a5%e3%83%bc%ef%bc%88%e4%b8%ad%e5%a3%b0%e3%80%81%e3%82%aa%e3%83%bc%e3%83%9c%e3%82%a8%e3%81%a8\/#primaryimage","url":"https:\/\/lubosluka.com\/wp-content\/uploads\/2015\/11\/0121_obalka.png","contentUrl":"https:\/\/lubosluka.com\/wp-content\/uploads\/2015\/11\/0121_obalka.png","width":2480,"height":3509},{"@type":"BreadcrumbList","@id":"https:\/\/lubosluka.com\/ja\/prodej-not\/%e3%82%a8%e3%83%b4%e3%82%a1%e3%83%b3%e3%82%b2%e3%83%aa%e3%82%a6%e3%83%a0sv-%e3%83%9e%e3%83%86%e3%83%a5%e3%83%bc%ef%bc%88%e4%b8%ad%e5%a3%b0%e3%80%81%e3%82%aa%e3%83%bc%e3%83%9c%e3%82%a8%e3%81%a8\/#breadcrumb","itemListElement":[{"@type":"ListItem","position":1,"name":"Editio Musica Humana","item":"https:\/\/lubosluka.com\/ja\/%e3%82%a8%e3%83%87%e3%82%a3%e3%82%b7%e3%82%aa%e3%83%bb%e3%83%a0%e3%82%b8%e3%82%ab%e3%83%bb%e3%83%95%e3%83%9e%e3%83%bc%e3%83%8a\/"},{"@type":"ListItem","position":2,"name":"\u30b7\u30e7\u30c3\u30d7","item":"https:\/\/lubosluka.com\/ja\/%e3%82%b7%e3%83%a7%e3%83%83%e3%83%97\/"},{"@type":"ListItem","position":3,"name":"\u30a8\u30f4\u30a1\u30f3\u30b2\u30ea\u30a6\u30e0SV. \u30de\u30c6\u30e5\u30fc\uff08\u4e2d\u58f0\u3001\u30aa\u30fc\u30dc\u30a8\u3068\u5f26\u697d\u56db\u91cd\u594f\uff08\u307e\u305f\u306f\u7ba1\u5f26\u697d\uff09\u306e\u305f\u3081\u306e"}]},{"@type":"WebSite","@id":"https:\/\/lubosluka.com\/ja\/#website","url":"https:\/\/lubosluka.com\/ja\/","name":"Lubo\u0161 Sluka","description":"hudebn\u00ed skladatel","potentialAction":[{"@type":"SearchAction","target":{"@type":"EntryPoint","urlTemplate":"https:\/\/lubosluka.com\/ja\/?s={search_term_string}"},"query-input":{"@type":"PropertyValueSpecification","valueRequired":true,"valueName":"search_term_string"}}],"inLanguage":"ja"}]}},"jetpack_sharing_enabled":true,"_links":{"self":[{"href":"https:\/\/lubosluka.com\/ja\/wp-json\/wp\/v2\/product\/8994","targetHints":{"allow":["GET"]}}],"collection":[{"href":"https:\/\/lubosluka.com\/ja\/wp-json\/wp\/v2\/product"}],"about":[{"href":"https:\/\/lubosluka.com\/ja\/wp-json\/wp\/v2\/types\/product"}],"version-history":[{"count":0,"href":"https:\/\/lubosluka.com\/ja\/wp-json\/wp\/v2\/product\/8994\/revisions"}],"wp:featuredmedia":[{"embeddable":true,"href":"https:\/\/lubosluka.com\/ja\/wp-json\/wp\/v2\/media\/7108"}],"wp:attachment":[{"href":"https:\/\/lubosluka.com\/ja\/wp-json\/wp\/v2\/media?parent=8994"}],"wp:term":[{"taxonomy":"product_brand","embeddable":true,"href":"https:\/\/lubosluka.com\/ja\/wp-json\/wp\/v2\/product_brand?post=8994"},{"taxonomy":"product_cat","embeddable":true,"href":"https:\/\/lubosluka.com\/ja\/wp-json\/wp\/v2\/product_cat?post=8994"},{"taxonomy":"product_tag","embeddable":true,"href":"https:\/\/lubosluka.com\/ja\/wp-json\/wp\/v2\/product_tag?post=8994"}],"curies":[{"name":"wp","href":"https:\/\/api.w.org\/{rel}","templated":true}]}}